{"id":1160,"date":"2022-05-23T11:12:34","date_gmt":"2022-05-23T09:12:34","guid":{"rendered":"https:\/\/www.dinardopeningfestival.fr\/?page_id=1160"},"modified":"2022-06-23T15:15:59","modified_gmt":"2022-06-23T13:15:59","slug":"barry-douglas","status":"publish","type":"page","link":"https:\/\/www.dinardopeningfestival.fr\/index.php\/barry-douglas\/","title":{"rendered":"Barry Douglas"},"content":{"rendered":"\n<figure class=\"wp-block-image size-large\"><img loading=\"lazy\" decoding=\"async\" width=\"1024\" height=\"683\" src=\"http:\/\/www.dinardopeningfestival.fr\/wp-content\/uploads\/2022\/05\/Barry-Douglas-Benjamin-Ealovega-c-min-1-1024x683.jpg\" alt=\"\" class=\"wp-image-1163\" srcset=\"https:\/\/www.dinardopeningfestival.fr\/wp-content\/uploads\/2022\/05\/Barry-Douglas-Benjamin-Ealovega-c-min-1-1024x683.jpg 1024w, https:\/\/www.dinardopeningfestival.fr\/wp-content\/uploads\/2022\/05\/Barry-Douglas-Benjamin-Ealovega-c-min-1-300x200.jpg 300w, https:\/\/www.dinardopeningfestival.fr\/wp-content\/uploads\/2022\/05\/Barry-Douglas-Benjamin-Ealovega-c-min-1-768x512.jpg 768w, https:\/\/www.dinardopeningfestival.fr\/wp-content\/uploads\/2022\/05\/Barry-Douglas-Benjamin-Ealovega-c-min-1-1536x1024.jpg 1536w\" sizes=\"auto, (max-width: 1024px) 100vw, 1024px\" \/><figcaption>\u00a9 Benjamin Ealovega<\/figcaption><\/figure>\n\n\n\n<h3 class=\"has-text-align-right wp-block-heading\">Samedi 6 ao\u00fbt 2022 &#8211; 20 h 30 &#8211; Th\u00e9\u00e2tre Debussy<br><a href=\"https:\/\/indiv.themisweb.fr\/0534\/fListeManifs.aspx?idstructure=0534\">ACHETEZ VOTRE BILLET<\/a><\/h3>\n\n\n\n<p class=\"has-text-align-center\"><br>Pianiste aux \u00ab moyens colossaux et \u00e0 l\u2019esprit musical int\u00e8gre \u00bb, le grand interpr\u00e8te nord-irlandais<strong> Barry Douglas<\/strong> jouera des \u0153uvres de ses compatriotes, le classique John Field et le compositeur et chanteur contemporain Sean Doherty, et se permettra une incartade bienvenue dans l\u2019univers schubertien.<br><br>Directeur artistique de la Camerata Ireland et du Clandeboye Festival, Barry Douglas vit \u00e0 Paris et m\u00e8ne une carri\u00e8re internationale. Sensibilit\u00e9, \u00e9clat du jeu, technique foudroyante seront au rendez-vous.<br><br>Barry Douglas se produit en r\u00e9cital sur toutes les grandes sc\u00e8nes du monde. Il est l\u2019invit\u00e9 r\u00e9gulier de prestigieux orchestres tels que le BBC Scottish Symphony, London Symphony, Gewandhausorchester Leipzig, Orchestre National de France, les Orchestres symphoniques de Saint-P\u00e9tersbourg, Cincinnati, Singapour, Seattle, Melbourne, le Royal Liverpool Philharmonic, Hong Kong Philharmonic, Tokyo NHK, Staatskapelle Berlin et le RundfunkSinfonieorchester de Berlin. Barry Douglas a fond\u00e9 en 1999 la Camerata Ireland constitu\u00e9e de musiciens du Nord et de la R\u00e9publique d\u2019Irlande, et qui se produit chaque \u00e9t\u00e9 au Clandeboye Festival. <br><br>Cr\u00e9\u00e9 dans le but de soutenir et valoriser les jeunes talents irlandais, l\u2019ensemble s\u2019est aussi donn\u00e9 pour mission de contribuer au dialogue et \u00e0 la paix, par l\u2019\u00e9laboration de programmes \u00e9ducatifs. Barry Douglas a enregistr\u00e9 l\u2019int\u00e9grale des \u0153uvres pour piano seul de Brahms et Schubert largement acclam\u00e9e par la critique. <br><br>En 2014 et 2016 paraissent deux albums \u201cCeltic Reflections\u201d, qui regroupent des arrangements de m\u00e9lodies traditionnelles irlandaises et de chansons de compositeurs contemporains. En 2002, Barry Douglas a \u00e9t\u00e9 fait membre de l\u2019Order of British Empire pour son engagement au service de la musique.<\/p>\n\n\n\n<hr class=\"wp-block-separator is-style-wide\"\/>\n\n\n\n<h3 class=\"wp-block-heading\">Barry Douglas, piano<\/h3>\n\n\n\n<hr class=\"wp-block-separator\"\/>\n\n\n\n<h4 class=\"wp-block-heading\">PROGRAMME<\/h4>\n\n\n\n<h4 class=\"wp-block-heading\"><strong>Se\u00e1n DOHERTY<\/strong> &gt; Clandeboye Overture (arr. pour piano solo par le compositeur)<br><strong>John FIELD <\/strong>&gt; Nocturnes en Mi mineur et Si b\u00e9mol majeur<br><strong>Franz SCHUBERT<\/strong> &gt; 4 Impromptus Op. 142<br><strong>Sergei PROKOFIEV<\/strong> &gt; Romeo et Juliette (version compl\u00e8te)<\/h4>\n\n\n\n<ul class=\"wp-block-social-links aligncenter is-layout-flex wp-block-social-links-is-layout-flex\"><li class=\"wp-social-link wp-social-link-chain  wp-block-social-link\"><a href=\"http:\/\/www.barrydouglas.com\/\" class=\"wp-block-social-link-anchor\"><svg width=\"24\" height=\"24\" viewBox=\"0 0 24 24\" version=\"1.1\" xmlns=\"http:\/\/www.w3.org\/2000\/svg\" aria-hidden=\"true\" focusable=\"false\"><path d=\"M15.6,7.2H14v1.5h1.6c2,0,3.7,1.7,3.7,3.7s-1.7,3.7-3.7,3.7H14v1.5h1.6c2.8,0,5.2-2.3,5.2-5.2,0-2.9-2.3-5.2-5.2-5.2zM4.7,12.4c0-2,1.7-3.7,3.7-3.7H10V7.2H8.4c-2.9,0-5.2,2.3-5.2,5.2,0,2.9,2.3,5.2,5.2,5.2H10v-1.5H8.4c-2,0-3.7-1.7-3.7-3.7zm4.6.9h5.3v-1.5H9.3v1.5z\"><\/path><\/svg><span class=\"wp-block-social-link-label screen-reader-text\">Lien<\/span><\/a><\/li>\n\n<li class=\"wp-social-link wp-social-link-facebook  wp-block-social-link\"><a href=\"https:\/\/www.facebook.com\/Barry-Douglas-338869632907404\/\" class=\"wp-block-social-link-anchor\"><svg width=\"24\" height=\"24\" viewBox=\"0 0 24 24\" version=\"1.1\" xmlns=\"http:\/\/www.w3.org\/2000\/svg\" aria-hidden=\"true\" focusable=\"false\"><path d=\"M12 2C6.5 2 2 6.5 2 12c0 5 3.7 9.1 8.4 9.9v-7H7.9V12h2.5V9.8c0-2.5 1.5-3.9 3.8-3.9 1.1 0 2.2.2 2.2.2v2.5h-1.3c-1.2 0-1.6.8-1.6 1.6V12h2.8l-.4 2.9h-2.3v7C18.3 21.1 22 17 22 12c0-5.5-4.5-10-10-10z\"><\/path><\/svg><span class=\"wp-block-social-link-label screen-reader-text\">Facebook<\/span><\/a><\/li>\n\n<li class=\"wp-social-link wp-social-link-youtube  wp-block-social-link\"><a href=\"https:\/\/www.youtube.com\/user\/BarryDouglasOfficial\" class=\"wp-block-social-link-anchor\"><svg width=\"24\" height=\"24\" viewBox=\"0 0 24 24\" version=\"1.1\" xmlns=\"http:\/\/www.w3.org\/2000\/svg\" aria-hidden=\"true\" focusable=\"false\"><path d=\"M21.8,8.001c0,0-0.195-1.378-0.795-1.985c-0.76-0.797-1.613-0.801-2.004-0.847c-2.799-0.202-6.997-0.202-6.997-0.202 h-0.009c0,0-4.198,0-6.997,0.202C4.608,5.216,3.756,5.22,2.995,6.016C2.395,6.623,2.2,8.001,2.2,8.001S2,9.62,2,11.238v1.517 c0,1.618,0.2,3.237,0.2,3.237s0.195,1.378,0.795,1.985c0.761,0.797,1.76,0.771,2.205,0.855c1.6,0.153,6.8,0.201,6.8,0.201 s4.203-0.006,7.001-0.209c0.391-0.047,1.243-0.051,2.004-0.847c0.6-0.607,0.795-1.985,0.795-1.985s0.2-1.618,0.2-3.237v-1.517 C22,9.62,21.8,8.001,21.8,8.001z M9.935,14.594l-0.001-5.62l5.404,2.82L9.935,14.594z\"><\/path><\/svg><span class=\"wp-block-social-link-label screen-reader-text\">YouTube<\/span><\/a><\/li><\/ul>\n","protected":false},"excerpt":{"rendered":"<p>Samedi 6 ao\u00fbt 2022 &#8211; 20 h 30 &#8211; Th\u00e9\u00e2tre DebussyACHETEZ VOTRE BILLET Pianiste aux \u00ab moyens colossaux et \u00e0 l\u2019esprit musical int\u00e8gre \u00bb, le grand interpr\u00e8te nord-irlandais Barry Douglas jouera des \u0153uvres de ses compatriotes, le classique John Field et le compositeur et chanteur contemporain Sean Doherty, et se permettra une incartade bienvenue dans [&hellip;]<\/p>\n","protected":false},"author":1,"featured_media":0,"parent":0,"menu_order":0,"comment_status":"closed","ping_status":"closed","template":"","meta":{"footnotes":""},"class_list":["post-1160","page","type-page","status-publish","hentry"],"yoast_head":"<!-- This site is optimized with the Yoast SEO plugin v19.2 - https:\/\/yoast.com\/wordpress\/plugins\/seo\/ -->\n<title>Barry Douglas - Festival Dinard Opening<\/title>\n<meta name=\"robots\" content=\"index, follow, max-snippet:-1, max-image-preview:large, max-video-preview:-1\" \/>\n<link rel=\"canonical\" href=\"http:\/\/www.dinardopeningfestival.fr\/index.php\/barry-douglas\/\" \/>\n<meta property=\"og:locale\" content=\"fr_FR\" \/>\n<meta property=\"og:type\" content=\"article\" \/>\n<meta property=\"og:title\" content=\"Barry Douglas - Festival Dinard Opening\" \/>\n<meta property=\"og:description\" content=\"Samedi 6 ao\u00fbt 2022 &#8211; 20 h 30 &#8211; Th\u00e9\u00e2tre DebussyACHETEZ VOTRE BILLET Pianiste aux \u00ab moyens colossaux et \u00e0 l\u2019esprit musical int\u00e8gre \u00bb, le grand interpr\u00e8te nord-irlandais Barry Douglas jouera des \u0153uvres de ses compatriotes, le classique John Field et le compositeur et chanteur contemporain Sean Doherty, et se permettra une incartade bienvenue dans [&hellip;]\" \/>\n<meta property=\"og:url\" content=\"http:\/\/www.dinardopeningfestival.fr\/index.php\/barry-douglas\/\" \/>\n<meta property=\"og:site_name\" content=\"Festival Dinard Opening\" \/>\n<meta property=\"article:publisher\" content=\"https:\/\/www.facebook.com\/DinardOpeningFestival\" \/>\n<meta property=\"article:modified_time\" content=\"2022-06-23T13:15:59+00:00\" \/>\n<meta property=\"og:image\" content=\"http:\/\/www.dinardopeningfestival.fr\/wp-content\/uploads\/2022\/05\/Barry-Douglas-Benjamin-Ealovega-c-min-1-1024x683.jpg\" \/>\n<meta name=\"author\" content=\"admin4235\" \/>\n<meta name=\"twitter:card\" content=\"summary_large_image\" \/>\n<meta name=\"twitter:label1\" content=\"Dur\u00e9e de lecture estim\u00e9e\" \/>\n\t<meta name=\"twitter:data1\" content=\"2 minutes\" \/>\n<script type=\"application\/ld+json\" class=\"yoast-schema-graph\">{\"@context\":\"https:\/\/schema.org\",\"@graph\":[{\"@type\":\"Organization\",\"@id\":\"http:\/\/www.dinardopeningfestival.fr\/#organization\",\"name\":\"Festival Dinard Opening\",\"url\":\"http:\/\/www.dinardopeningfestival.fr\/\",\"sameAs\":[\"https:\/\/www.instagram.com\/dinardopening\/\",\"https:\/\/www.facebook.com\/DinardOpeningFestival\"],\"logo\":{\"@type\":\"ImageObject\",\"inLanguage\":\"fr-FR\",\"@id\":\"http:\/\/www.dinardopeningfestival.fr\/#\/schema\/logo\/image\/\",\"url\":\"https:\/\/www.dinardopeningfestival.fr\/wp-content\/uploads\/2021\/06\/Logo-Dinard-bleu-opening-rouge-1-scaled.jpg\",\"contentUrl\":\"https:\/\/www.dinardopeningfestival.fr\/wp-content\/uploads\/2021\/06\/Logo-Dinard-bleu-opening-rouge-1-scaled.jpg\",\"width\":2560,\"height\":1810,\"caption\":\"Festival Dinard Opening\"},\"image\":{\"@id\":\"http:\/\/www.dinardopeningfestival.fr\/#\/schema\/logo\/image\/\"}},{\"@type\":\"WebSite\",\"@id\":\"http:\/\/www.dinardopeningfestival.fr\/#website\",\"url\":\"http:\/\/www.dinardopeningfestival.fr\/\",\"name\":\"Festival Dinard Opening\",\"description\":\"Le Festival des Musiques Britanniques\",\"publisher\":{\"@id\":\"http:\/\/www.dinardopeningfestival.fr\/#organization\"},\"potentialAction\":[{\"@type\":\"SearchAction\",\"target\":{\"@type\":\"EntryPoint\",\"urlTemplate\":\"http:\/\/www.dinardopeningfestival.fr\/?s={search_term_string}\"},\"query-input\":\"required name=search_term_string\"}],\"inLanguage\":\"fr-FR\"},{\"@type\":\"ImageObject\",\"inLanguage\":\"fr-FR\",\"@id\":\"http:\/\/www.dinardopeningfestival.fr\/index.php\/barry-douglas\/#primaryimage\",\"url\":\"http:\/\/www.dinardopeningfestival.fr\/wp-content\/uploads\/2022\/05\/Barry-Douglas-Benjamin-Ealovega-c-min-1-1024x683.jpg\",\"contentUrl\":\"http:\/\/www.dinardopeningfestival.fr\/wp-content\/uploads\/2022\/05\/Barry-Douglas-Benjamin-Ealovega-c-min-1-1024x683.jpg\"},{\"@type\":\"WebPage\",\"@id\":\"http:\/\/www.dinardopeningfestival.fr\/index.php\/barry-douglas\/#webpage\",\"url\":\"http:\/\/www.dinardopeningfestival.fr\/index.php\/barry-douglas\/\",\"name\":\"Barry Douglas - Festival Dinard Opening\",\"isPartOf\":{\"@id\":\"http:\/\/www.dinardopeningfestival.fr\/#website\"},\"primaryImageOfPage\":{\"@id\":\"http:\/\/www.dinardopeningfestival.fr\/index.php\/barry-douglas\/#primaryimage\"},\"datePublished\":\"2022-05-23T09:12:34+00:00\",\"dateModified\":\"2022-06-23T13:15:59+00:00\",\"breadcrumb\":{\"@id\":\"http:\/\/www.dinardopeningfestival.fr\/index.php\/barry-douglas\/#breadcrumb\"},\"inLanguage\":\"fr-FR\",\"potentialAction\":[{\"@type\":\"ReadAction\",\"target\":[\"http:\/\/www.dinardopeningfestival.fr\/index.php\/barry-douglas\/\"]}]},{\"@type\":\"BreadcrumbList\",\"@id\":\"http:\/\/www.dinardopeningfestival.fr\/index.php\/barry-douglas\/#breadcrumb\",\"itemListElement\":[{\"@type\":\"ListItem\",\"position\":1,\"name\":\"Accueil\",\"item\":\"http:\/\/www.dinardopeningfestival.fr\/\"},{\"@type\":\"ListItem\",\"position\":2,\"name\":\"Barry Douglas\"}]}]}<\/script>\n<!-- \/ Yoast SEO plugin. -->","yoast_head_json":{"title":"Barry Douglas - Festival Dinard Opening","robots":{"index":"index","follow":"follow","max-snippet":"max-snippet:-1","max-image-preview":"max-image-preview:large","max-video-preview":"max-video-preview:-1"},"canonical":"http:\/\/www.dinardopeningfestival.fr\/index.php\/barry-douglas\/","og_locale":"fr_FR","og_type":"article","og_title":"Barry Douglas - Festival Dinard Opening","og_description":"Samedi 6 ao\u00fbt 2022 &#8211; 20 h 30 &#8211; Th\u00e9\u00e2tre DebussyACHETEZ VOTRE BILLET Pianiste aux \u00ab moyens colossaux et \u00e0 l\u2019esprit musical int\u00e8gre \u00bb, le grand interpr\u00e8te nord-irlandais Barry Douglas jouera des \u0153uvres de ses compatriotes, le classique John Field et le compositeur et chanteur contemporain Sean Doherty, et se permettra une incartade bienvenue dans [&hellip;]","og_url":"http:\/\/www.dinardopeningfestival.fr\/index.php\/barry-douglas\/","og_site_name":"Festival Dinard Opening","article_publisher":"https:\/\/www.facebook.com\/DinardOpeningFestival","article_modified_time":"2022-06-23T13:15:59+00:00","og_image":[{"url":"http:\/\/www.dinardopeningfestival.fr\/wp-content\/uploads\/2022\/05\/Barry-Douglas-Benjamin-Ealovega-c-min-1-1024x683.jpg"}],"author":"admin4235","twitter_card":"summary_large_image","twitter_misc":{"Dur\u00e9e de lecture estim\u00e9e":"2 minutes"},"schema":{"@context":"https:\/\/schema.org","@graph":[{"@type":"Organization","@id":"http:\/\/www.dinardopeningfestival.fr\/#organization","name":"Festival Dinard Opening","url":"http:\/\/www.dinardopeningfestival.fr\/","sameAs":["https:\/\/www.instagram.com\/dinardopening\/","https:\/\/www.facebook.com\/DinardOpeningFestival"],"logo":{"@type":"ImageObject","inLanguage":"fr-FR","@id":"http:\/\/www.dinardopeningfestival.fr\/#\/schema\/logo\/image\/","url":"https:\/\/www.dinardopeningfestival.fr\/wp-content\/uploads\/2021\/06\/Logo-Dinard-bleu-opening-rouge-1-scaled.jpg","contentUrl":"https:\/\/www.dinardopeningfestival.fr\/wp-content\/uploads\/2021\/06\/Logo-Dinard-bleu-opening-rouge-1-scaled.jpg","width":2560,"height":1810,"caption":"Festival Dinard Opening"},"image":{"@id":"http:\/\/www.dinardopeningfestival.fr\/#\/schema\/logo\/image\/"}},{"@type":"WebSite","@id":"http:\/\/www.dinardopeningfestival.fr\/#website","url":"http:\/\/www.dinardopeningfestival.fr\/","name":"Festival Dinard Opening","description":"Le Festival des Musiques Britanniques","publisher":{"@id":"http:\/\/www.dinardopeningfestival.fr\/#organization"},"potentialAction":[{"@type":"SearchAction","target":{"@type":"EntryPoint","urlTemplate":"http:\/\/www.dinardopeningfestival.fr\/?s={search_term_string}"},"query-input":"required name=search_term_string"}],"inLanguage":"fr-FR"},{"@type":"ImageObject","inLanguage":"fr-FR","@id":"http:\/\/www.dinardopeningfestival.fr\/index.php\/barry-douglas\/#primaryimage","url":"http:\/\/www.dinardopeningfestival.fr\/wp-content\/uploads\/2022\/05\/Barry-Douglas-Benjamin-Ealovega-c-min-1-1024x683.jpg","contentUrl":"http:\/\/www.dinardopeningfestival.fr\/wp-content\/uploads\/2022\/05\/Barry-Douglas-Benjamin-Ealovega-c-min-1-1024x683.jpg"},{"@type":"WebPage","@id":"http:\/\/www.dinardopeningfestival.fr\/index.php\/barry-douglas\/#webpage","url":"http:\/\/www.dinardopeningfestival.fr\/index.php\/barry-douglas\/","name":"Barry Douglas - Festival Dinard Opening","isPartOf":{"@id":"http:\/\/www.dinardopeningfestival.fr\/#website"},"primaryImageOfPage":{"@id":"http:\/\/www.dinardopeningfestival.fr\/index.php\/barry-douglas\/#primaryimage"},"datePublished":"2022-05-23T09:12:34+00:00","dateModified":"2022-06-23T13:15:59+00:00","breadcrumb":{"@id":"http:\/\/www.dinardopeningfestival.fr\/index.php\/barry-douglas\/#breadcrumb"},"inLanguage":"fr-FR","potentialAction":[{"@type":"ReadAction","target":["http:\/\/www.dinardopeningfestival.fr\/index.php\/barry-douglas\/"]}]},{"@type":"BreadcrumbList","@id":"http:\/\/www.dinardopeningfestival.fr\/index.php\/barry-douglas\/#breadcrumb","itemListElement":[{"@type":"ListItem","position":1,"name":"Accueil","item":"http:\/\/www.dinardopeningfestival.fr\/"},{"@type":"ListItem","position":2,"name":"Barry Douglas"}]}]}},"_links":{"self":[{"href":"https:\/\/www.dinardopeningfestival.fr\/index.php\/wp-json\/wp\/v2\/pages\/1160","targetHints":{"allow":["GET"]}}],"collection":[{"href":"https:\/\/www.dinardopeningfestival.fr\/index.php\/wp-json\/wp\/v2\/pages"}],"about":[{"href":"https:\/\/www.dinardopeningfestival.fr\/index.php\/wp-json\/wp\/v2\/types\/page"}],"author":[{"embeddable":true,"href":"https:\/\/www.dinardopeningfestival.fr\/index.php\/wp-json\/wp\/v2\/users\/1"}],"replies":[{"embeddable":true,"href":"https:\/\/www.dinardopeningfestival.fr\/index.php\/wp-json\/wp\/v2\/comments?post=1160"}],"version-history":[{"count":9,"href":"https:\/\/www.dinardopeningfestival.fr\/index.php\/wp-json\/wp\/v2\/pages\/1160\/revisions"}],"predecessor-version":[{"id":1335,"href":"https:\/\/www.dinardopeningfestival.fr\/index.php\/wp-json\/wp\/v2\/pages\/1160\/revisions\/1335"}],"wp:attachment":[{"href":"https:\/\/www.dinardopeningfestival.fr\/index.php\/wp-json\/wp\/v2\/media?parent=1160"}],"curies":[{"name":"wp","href":"https:\/\/api.w.org\/{rel}","templated":true}]}}