{"id":1168,"date":"2022-05-23T11:25:17","date_gmt":"2022-05-23T09:25:17","guid":{"rendered":"https:\/\/www.dinardopeningfestival.fr\/?page_id=1168"},"modified":"2022-06-23T15:08:13","modified_gmt":"2022-06-23T13:08:13","slug":"the-kings-singers","status":"publish","type":"page","link":"https:\/\/www.dinardopeningfestival.fr\/index.php\/the-kings-singers\/","title":{"rendered":"The King\u2019s Singers"},"content":{"rendered":"\n<figure class=\"wp-block-image size-large\"><img loading=\"lazy\" decoding=\"async\" width=\"1024\" height=\"683\" src=\"https:\/\/www.dinardopeningfestival.fr\/wp-content\/uploads\/2022\/05\/The-Kings-Singers-15_credit-Rebecca-Reid-1024x683.jpg\" alt=\"\" class=\"wp-image-1169\" srcset=\"https:\/\/www.dinardopeningfestival.fr\/wp-content\/uploads\/2022\/05\/The-Kings-Singers-15_credit-Rebecca-Reid-1024x683.jpg 1024w, https:\/\/www.dinardopeningfestival.fr\/wp-content\/uploads\/2022\/05\/The-Kings-Singers-15_credit-Rebecca-Reid-300x200.jpg 300w, https:\/\/www.dinardopeningfestival.fr\/wp-content\/uploads\/2022\/05\/The-Kings-Singers-15_credit-Rebecca-Reid-768x512.jpg 768w, https:\/\/www.dinardopeningfestival.fr\/wp-content\/uploads\/2022\/05\/The-Kings-Singers-15_credit-Rebecca-Reid-1536x1024.jpg 1536w, https:\/\/www.dinardopeningfestival.fr\/wp-content\/uploads\/2022\/05\/The-Kings-Singers-15_credit-Rebecca-Reid-2048x1365.jpg 2048w, https:\/\/www.dinardopeningfestival.fr\/wp-content\/uploads\/2022\/05\/The-Kings-Singers-15_credit-Rebecca-Reid-24x16.jpg 24w, https:\/\/www.dinardopeningfestival.fr\/wp-content\/uploads\/2022\/05\/The-Kings-Singers-15_credit-Rebecca-Reid-36x24.jpg 36w, https:\/\/www.dinardopeningfestival.fr\/wp-content\/uploads\/2022\/05\/The-Kings-Singers-15_credit-Rebecca-Reid-48x32.jpg 48w\" sizes=\"auto, (max-width: 1024px) 100vw, 1024px\" \/><figcaption>\u00a9 Rebecca Reid<\/figcaption><\/figure>\n\n\n\n<h3 class=\"has-text-align-right wp-block-heading\">Dimanche 7 ao\u00fbt 2022 &#8211; 20 h 30 &#8211; Th\u00e9\u00e2tre Debussy<br><a href=\"https:\/\/indiv.themisweb.fr\/0534\/fListeManifs.aspx?idstructure=0534\">ACHETEZ VOTRE BILLET<\/a><\/h3>\n\n\n\n<p class=\"has-text-align-center\"><br>Difficile d\u2019imaginer un festival britannique sans convier un ensemble vocal, dans la tradition anglaise la plus pure. R\u00e9f\u00e9rence en mati\u00e8re de chant a cappella sur les plus grandes sc\u00e8nes du monde, connus pour leur r\u00e9pertoire renaissance et baroque, <br>les <strong>King\u2019s Singers <\/strong>reviennent avec un programme \u00e9labor\u00e9 dans un esprit d\u2019ouverture, qui couvre des si\u00e8cles de musique et traverse les continents, multipliant les arrangements de chansons issues d\u2019esth\u00e9tiques vari\u00e9es.<br><br>Les King\u2019s Singers groupe cr\u00e9\u00e9 en 1968 par six jeunes choristes du King\u2019s College de Cambridge, compos\u00e9 de deux contre-t\u00e9nors, d\u2019un t\u00e9nor, de deux barytons et d\u2019une basse, a maintenu cette formation depuis ses d\u00e9buts.<br><br>Depuis plus de cinquante ans, les King\u2019s Singers se produisent sur les plus grandes sc\u00e8nes du monde. Ils sont r\u00e9put\u00e9s pour leur technique in\u00e9gal\u00e9e, leur polyvalence et leur talent d\u2019interpr\u00e8te, ainsi que pour leur musicalit\u00e9 irr\u00e9prochable, s\u2019appuyant \u00e0 la fois sur le riche h\u00e9ritage du groupe et sur son esprit pionnier pour cr\u00e9er une extraordinaire richesse d\u2019\u0153uvres originales et de collaborations uniques.<br><br>La vaste discographie des King\u2019s Singers leur a valu de nombreuses r\u00e9compenses, dont deux Grammy Awards, un Emmy Award et une place dans le Hall of Fame inaugural du magazine Gramophone\u2026<\/p>\n\n\n\n<hr class=\"wp-block-separator is-style-wide\"\/>\n\n\n\n<h3 class=\"wp-block-heading\">Patrick Dunachie, contre-t\u00e9nor<br>Edward Button, contre-t\u00e9nor<br>Julian Gregory, t\u00e9nor<br>Christopher Bruerton, baryton<br>Nick Ashby, baryton<br>Jonathan Howard, basse<\/h3>\n\n\n\n<hr class=\"wp-block-separator\"\/>\n\n\n\n<h4 class=\"wp-block-heading\">PROGRAMME<br><strong><br>William BYRD, Thomas TALLIS, Ralph Vaughan WILLIAMS, Paul PATTERSON, Joby TALBOT, Paul DRAYTON\u2026<\/strong><\/h4>\n\n\n\n<ul class=\"wp-block-social-links aligncenter is-layout-flex wp-block-social-links-is-layout-flex\"><li class=\"wp-social-link wp-social-link-chain  wp-block-social-link\"><a href=\"https:\/\/www.kingssingers.com\/\" class=\"wp-block-social-link-anchor\"><svg width=\"24\" height=\"24\" viewBox=\"0 0 24 24\" version=\"1.1\" xmlns=\"http:\/\/www.w3.org\/2000\/svg\" aria-hidden=\"true\" focusable=\"false\"><path d=\"M15.6,7.2H14v1.5h1.6c2,0,3.7,1.7,3.7,3.7s-1.7,3.7-3.7,3.7H14v1.5h1.6c2.8,0,5.2-2.3,5.2-5.2,0-2.9-2.3-5.2-5.2-5.2zM4.7,12.4c0-2,1.7-3.7,3.7-3.7H10V7.2H8.4c-2.9,0-5.2,2.3-5.2,5.2,0,2.9,2.3,5.2,5.2,5.2H10v-1.5H8.4c-2,0-3.7-1.7-3.7-3.7zm4.6.9h5.3v-1.5H9.3v1.5z\"><\/path><\/svg><span class=\"wp-block-social-link-label screen-reader-text\">Lien<\/span><\/a><\/li>\n\n<li class=\"wp-social-link wp-social-link-facebook  wp-block-social-link\"><a href=\"https:\/\/www.facebook.com\/kingssingers\" class=\"wp-block-social-link-anchor\"><svg width=\"24\" height=\"24\" viewBox=\"0 0 24 24\" version=\"1.1\" xmlns=\"http:\/\/www.w3.org\/2000\/svg\" aria-hidden=\"true\" focusable=\"false\"><path d=\"M12 2C6.5 2 2 6.5 2 12c0 5 3.7 9.1 8.4 9.9v-7H7.9V12h2.5V9.8c0-2.5 1.5-3.9 3.8-3.9 1.1 0 2.2.2 2.2.2v2.5h-1.3c-1.2 0-1.6.8-1.6 1.6V12h2.8l-.4 2.9h-2.3v7C18.3 21.1 22 17 22 12c0-5.5-4.5-10-10-10z\"><\/path><\/svg><span class=\"wp-block-social-link-label screen-reader-text\">Facebook<\/span><\/a><\/li>\n\n<li class=\"wp-social-link wp-social-link-instagram  wp-block-social-link\"><a href=\"https:\/\/www.instagram.com\/kingssingers\/\" class=\"wp-block-social-link-anchor\"><svg width=\"24\" height=\"24\" viewBox=\"0 0 24 24\" version=\"1.1\" xmlns=\"http:\/\/www.w3.org\/2000\/svg\" aria-hidden=\"true\" focusable=\"false\"><path d=\"M12,4.622c2.403,0,2.688,0.009,3.637,0.052c0.877,0.04,1.354,0.187,1.671,0.31c0.42,0.163,0.72,0.358,1.035,0.673 c0.315,0.315,0.51,0.615,0.673,1.035c0.123,0.317,0.27,0.794,0.31,1.671c0.043,0.949,0.052,1.234,0.052,3.637 s-0.009,2.688-0.052,3.637c-0.04,0.877-0.187,1.354-0.31,1.671c-0.163,0.42-0.358,0.72-0.673,1.035 c-0.315,0.315-0.615,0.51-1.035,0.673c-0.317,0.123-0.794,0.27-1.671,0.31c-0.949,0.043-1.233,0.052-3.637,0.052 s-2.688-0.009-3.637-0.052c-0.877-0.04-1.354-0.187-1.671-0.31c-0.42-0.163-0.72-0.358-1.035-0.673 c-0.315-0.315-0.51-0.615-0.673-1.035c-0.123-0.317-0.27-0.794-0.31-1.671C4.631,14.688,4.622,14.403,4.622,12 s0.009-2.688,0.052-3.637c0.04-0.877,0.187-1.354,0.31-1.671c0.163-0.42,0.358-0.72,0.673-1.035 c0.315-0.315,0.615-0.51,1.035-0.673c0.317-0.123,0.794-0.27,1.671-0.31C9.312,4.631,9.597,4.622,12,4.622 M12,3 C9.556,3,9.249,3.01,8.289,3.054C7.331,3.098,6.677,3.25,6.105,3.472C5.513,3.702,5.011,4.01,4.511,4.511 c-0.5,0.5-0.808,1.002-1.038,1.594C3.25,6.677,3.098,7.331,3.054,8.289C3.01,9.249,3,9.556,3,12c0,2.444,0.01,2.751,0.054,3.711 c0.044,0.958,0.196,1.612,0.418,2.185c0.23,0.592,0.538,1.094,1.038,1.594c0.5,0.5,1.002,0.808,1.594,1.038 c0.572,0.222,1.227,0.375,2.185,0.418C9.249,20.99,9.556,21,12,21s2.751-0.01,3.711-0.054c0.958-0.044,1.612-0.196,2.185-0.418 c0.592-0.23,1.094-0.538,1.594-1.038c0.5-0.5,0.808-1.002,1.038-1.594c0.222-0.572,0.375-1.227,0.418-2.185 C20.99,14.751,21,14.444,21,12s-0.01-2.751-0.054-3.711c-0.044-0.958-0.196-1.612-0.418-2.185c-0.23-0.592-0.538-1.094-1.038-1.594 c-0.5-0.5-1.002-0.808-1.594-1.038c-0.572-0.222-1.227-0.375-2.185-0.418C14.751,3.01,14.444,3,12,3L12,3z M12,7.378 c-2.552,0-4.622,2.069-4.622,4.622S9.448,16.622,12,16.622s4.622-2.069,4.622-4.622S14.552,7.378,12,7.378z M12,15 c-1.657,0-3-1.343-3-3s1.343-3,3-3s3,1.343,3,3S13.657,15,12,15z M16.804,6.116c-0.596,0-1.08,0.484-1.08,1.08 s0.484,1.08,1.08,1.08c0.596,0,1.08-0.484,1.08-1.08S17.401,6.116,16.804,6.116z\"><\/path><\/svg><span class=\"wp-block-social-link-label screen-reader-text\">Instagram<\/span><\/a><\/li>\n\n<li class=\"wp-social-link wp-social-link-twitter  wp-block-social-link\"><a href=\"https:\/\/twitter.com\/kingssingers\" class=\"wp-block-social-link-anchor\"><svg width=\"24\" height=\"24\" viewBox=\"0 0 24 24\" version=\"1.1\" xmlns=\"http:\/\/www.w3.org\/2000\/svg\" aria-hidden=\"true\" focusable=\"false\"><path d=\"M22.23,5.924c-0.736,0.326-1.527,0.547-2.357,0.646c0.847-0.508,1.498-1.312,1.804-2.27 c-0.793,0.47-1.671,0.812-2.606,0.996C18.324,4.498,17.257,4,16.077,4c-2.266,0-4.103,1.837-4.103,4.103 c0,0.322,0.036,0.635,0.106,0.935C8.67,8.867,5.647,7.234,3.623,4.751C3.27,5.357,3.067,6.062,3.067,6.814 c0,1.424,0.724,2.679,1.825,3.415c-0.673-0.021-1.305-0.206-1.859-0.513c0,0.017,0,0.034,0,0.052c0,1.988,1.414,3.647,3.292,4.023 c-0.344,0.094-0.707,0.144-1.081,0.144c-0.264,0-0.521-0.026-0.772-0.074c0.522,1.63,2.038,2.816,3.833,2.85 c-1.404,1.1-3.174,1.756-5.096,1.756c-0.331,0-0.658-0.019-0.979-0.057c1.816,1.164,3.973,1.843,6.29,1.843 c7.547,0,11.675-6.252,11.675-11.675c0-0.178-0.004-0.355-0.012-0.531C20.985,7.47,21.68,6.747,22.23,5.924z\"><\/path><\/svg><span class=\"wp-block-social-link-label screen-reader-text\">Twitter<\/span><\/a><\/li>\n\n<li class=\"wp-social-link wp-social-link-youtube  wp-block-social-link\"><a href=\"https:\/\/www.youtube.com\/user\/kingssingersvideos\" class=\"wp-block-social-link-anchor\"><svg width=\"24\" height=\"24\" viewBox=\"0 0 24 24\" version=\"1.1\" xmlns=\"http:\/\/www.w3.org\/2000\/svg\" aria-hidden=\"true\" focusable=\"false\"><path d=\"M21.8,8.001c0,0-0.195-1.378-0.795-1.985c-0.76-0.797-1.613-0.801-2.004-0.847c-2.799-0.202-6.997-0.202-6.997-0.202 h-0.009c0,0-4.198,0-6.997,0.202C4.608,5.216,3.756,5.22,2.995,6.016C2.395,6.623,2.2,8.001,2.2,8.001S2,9.62,2,11.238v1.517 c0,1.618,0.2,3.237,0.2,3.237s0.195,1.378,0.795,1.985c0.761,0.797,1.76,0.771,2.205,0.855c1.6,0.153,6.8,0.201,6.8,0.201 s4.203-0.006,7.001-0.209c0.391-0.047,1.243-0.051,2.004-0.847c0.6-0.607,0.795-1.985,0.795-1.985s0.2-1.618,0.2-3.237v-1.517 C22,9.62,21.8,8.001,21.8,8.001z M9.935,14.594l-0.001-5.62l5.404,2.82L9.935,14.594z\"><\/path><\/svg><span class=\"wp-block-social-link-label screen-reader-text\">YouTube<\/span><\/a><\/li><\/ul>\n","protected":false},"excerpt":{"rendered":"<p>Dimanche 7 ao\u00fbt 2022 &#8211; 20 h 30 &#8211; Th\u00e9\u00e2tre DebussyACHETEZ VOTRE BILLET Difficile d\u2019imaginer un festival britannique sans convier un ensemble vocal, dans la tradition anglaise la plus pure. R\u00e9f\u00e9rence en mati\u00e8re de chant a cappella sur les plus grandes sc\u00e8nes du monde, connus pour leur r\u00e9pertoire renaissance et baroque, les King\u2019s Singers reviennent [&hellip;]<\/p>\n","protected":false},"author":1,"featured_media":0,"parent":0,"menu_order":0,"comment_status":"closed","ping_status":"closed","template":"","meta":{"footnotes":""},"class_list":["post-1168","page","type-page","status-publish","hentry"],"yoast_head":"<!-- This site is optimized with the Yoast SEO plugin v19.2 - https:\/\/yoast.com\/wordpress\/plugins\/seo\/ -->\n<title>The King\u2019s Singers - Festival Dinard Opening<\/title>\n<meta name=\"robots\" content=\"index, follow, max-snippet:-1, max-image-preview:large, max-video-preview:-1\" \/>\n<link rel=\"canonical\" href=\"https:\/\/www.dinardopeningfestival.fr\/index.php\/the-kings-singers\/\" \/>\n<meta property=\"og:locale\" content=\"fr_FR\" \/>\n<meta property=\"og:type\" content=\"article\" \/>\n<meta property=\"og:title\" content=\"The King\u2019s Singers - Festival Dinard Opening\" \/>\n<meta property=\"og:description\" content=\"Dimanche 7 ao\u00fbt 2022 &#8211; 20 h 30 &#8211; Th\u00e9\u00e2tre DebussyACHETEZ VOTRE BILLET Difficile d\u2019imaginer un festival britannique sans convier un ensemble vocal, dans la tradition anglaise la plus pure. R\u00e9f\u00e9rence en mati\u00e8re de chant a cappella sur les plus grandes sc\u00e8nes du monde, connus pour leur r\u00e9pertoire renaissance et baroque, les King\u2019s Singers reviennent [&hellip;]\" \/>\n<meta property=\"og:url\" content=\"https:\/\/www.dinardopeningfestival.fr\/index.php\/the-kings-singers\/\" \/>\n<meta property=\"og:site_name\" content=\"Festival Dinard Opening\" \/>\n<meta property=\"article:publisher\" content=\"https:\/\/www.facebook.com\/DinardOpeningFestival\" \/>\n<meta property=\"article:modified_time\" content=\"2022-06-23T13:08:13+00:00\" \/>\n<meta property=\"og:image\" content=\"https:\/\/www.dinardopeningfestival.fr\/wp-content\/uploads\/2022\/05\/The-Kings-Singers-15_credit-Rebecca-Reid-1024x683.jpg\" \/>\n<meta name=\"author\" content=\"admin4235\" \/>\n<meta name=\"twitter:card\" content=\"summary_large_image\" \/>\n<meta name=\"twitter:label1\" content=\"Dur\u00e9e de lecture estim\u00e9e\" \/>\n\t<meta name=\"twitter:data1\" content=\"1 minute\" \/>\n<script type=\"application\/ld+json\" class=\"yoast-schema-graph\">{\"@context\":\"https:\/\/schema.org\",\"@graph\":[{\"@type\":\"Organization\",\"@id\":\"http:\/\/www.dinardopeningfestival.fr\/#organization\",\"name\":\"Festival Dinard Opening\",\"url\":\"http:\/\/www.dinardopeningfestival.fr\/\",\"sameAs\":[\"https:\/\/www.instagram.com\/dinardopening\/\",\"https:\/\/www.facebook.com\/DinardOpeningFestival\"],\"logo\":{\"@type\":\"ImageObject\",\"inLanguage\":\"fr-FR\",\"@id\":\"http:\/\/www.dinardopeningfestival.fr\/#\/schema\/logo\/image\/\",\"url\":\"https:\/\/www.dinardopeningfestival.fr\/wp-content\/uploads\/2021\/06\/Logo-Dinard-bleu-opening-rouge-1-scaled.jpg\",\"contentUrl\":\"https:\/\/www.dinardopeningfestival.fr\/wp-content\/uploads\/2021\/06\/Logo-Dinard-bleu-opening-rouge-1-scaled.jpg\",\"width\":2560,\"height\":1810,\"caption\":\"Festival Dinard Opening\"},\"image\":{\"@id\":\"http:\/\/www.dinardopeningfestival.fr\/#\/schema\/logo\/image\/\"}},{\"@type\":\"WebSite\",\"@id\":\"http:\/\/www.dinardopeningfestival.fr\/#website\",\"url\":\"http:\/\/www.dinardopeningfestival.fr\/\",\"name\":\"Festival Dinard Opening\",\"description\":\"Le Festival des Musiques Britanniques\",\"publisher\":{\"@id\":\"http:\/\/www.dinardopeningfestival.fr\/#organization\"},\"potentialAction\":[{\"@type\":\"SearchAction\",\"target\":{\"@type\":\"EntryPoint\",\"urlTemplate\":\"http:\/\/www.dinardopeningfestival.fr\/?s={search_term_string}\"},\"query-input\":\"required name=search_term_string\"}],\"inLanguage\":\"fr-FR\"},{\"@type\":\"ImageObject\",\"inLanguage\":\"fr-FR\",\"@id\":\"https:\/\/www.dinardopeningfestival.fr\/index.php\/the-kings-singers\/#primaryimage\",\"url\":\"https:\/\/www.dinardopeningfestival.fr\/wp-content\/uploads\/2022\/05\/The-Kings-Singers-15_credit-Rebecca-Reid-1024x683.jpg\",\"contentUrl\":\"https:\/\/www.dinardopeningfestival.fr\/wp-content\/uploads\/2022\/05\/The-Kings-Singers-15_credit-Rebecca-Reid-1024x683.jpg\"},{\"@type\":\"WebPage\",\"@id\":\"https:\/\/www.dinardopeningfestival.fr\/index.php\/the-kings-singers\/#webpage\",\"url\":\"https:\/\/www.dinardopeningfestival.fr\/index.php\/the-kings-singers\/\",\"name\":\"The King\u2019s Singers - Festival Dinard Opening\",\"isPartOf\":{\"@id\":\"http:\/\/www.dinardopeningfestival.fr\/#website\"},\"primaryImageOfPage\":{\"@id\":\"https:\/\/www.dinardopeningfestival.fr\/index.php\/the-kings-singers\/#primaryimage\"},\"datePublished\":\"2022-05-23T09:25:17+00:00\",\"dateModified\":\"2022-06-23T13:08:13+00:00\",\"breadcrumb\":{\"@id\":\"https:\/\/www.dinardopeningfestival.fr\/index.php\/the-kings-singers\/#breadcrumb\"},\"inLanguage\":\"fr-FR\",\"potentialAction\":[{\"@type\":\"ReadAction\",\"target\":[\"https:\/\/www.dinardopeningfestival.fr\/index.php\/the-kings-singers\/\"]}]},{\"@type\":\"BreadcrumbList\",\"@id\":\"https:\/\/www.dinardopeningfestival.fr\/index.php\/the-kings-singers\/#breadcrumb\",\"itemListElement\":[{\"@type\":\"ListItem\",\"position\":1,\"name\":\"Accueil\",\"item\":\"http:\/\/www.dinardopeningfestival.fr\/\"},{\"@type\":\"ListItem\",\"position\":2,\"name\":\"The King\u2019s Singers\"}]}]}<\/script>\n<!-- \/ Yoast SEO plugin. -->","yoast_head_json":{"title":"The King\u2019s Singers - Festival Dinard Opening","robots":{"index":"index","follow":"follow","max-snippet":"max-snippet:-1","max-image-preview":"max-image-preview:large","max-video-preview":"max-video-preview:-1"},"canonical":"https:\/\/www.dinardopeningfestival.fr\/index.php\/the-kings-singers\/","og_locale":"fr_FR","og_type":"article","og_title":"The King\u2019s Singers - Festival Dinard Opening","og_description":"Dimanche 7 ao\u00fbt 2022 &#8211; 20 h 30 &#8211; Th\u00e9\u00e2tre DebussyACHETEZ VOTRE BILLET Difficile d\u2019imaginer un festival britannique sans convier un ensemble vocal, dans la tradition anglaise la plus pure. R\u00e9f\u00e9rence en mati\u00e8re de chant a cappella sur les plus grandes sc\u00e8nes du monde, connus pour leur r\u00e9pertoire renaissance et baroque, les King\u2019s Singers reviennent [&hellip;]","og_url":"https:\/\/www.dinardopeningfestival.fr\/index.php\/the-kings-singers\/","og_site_name":"Festival Dinard Opening","article_publisher":"https:\/\/www.facebook.com\/DinardOpeningFestival","article_modified_time":"2022-06-23T13:08:13+00:00","og_image":[{"url":"https:\/\/www.dinardopeningfestival.fr\/wp-content\/uploads\/2022\/05\/The-Kings-Singers-15_credit-Rebecca-Reid-1024x683.jpg"}],"author":"admin4235","twitter_card":"summary_large_image","twitter_misc":{"Dur\u00e9e de lecture estim\u00e9e":"1 minute"},"schema":{"@context":"https:\/\/schema.org","@graph":[{"@type":"Organization","@id":"http:\/\/www.dinardopeningfestival.fr\/#organization","name":"Festival Dinard Opening","url":"http:\/\/www.dinardopeningfestival.fr\/","sameAs":["https:\/\/www.instagram.com\/dinardopening\/","https:\/\/www.facebook.com\/DinardOpeningFestival"],"logo":{"@type":"ImageObject","inLanguage":"fr-FR","@id":"http:\/\/www.dinardopeningfestival.fr\/#\/schema\/logo\/image\/","url":"https:\/\/www.dinardopeningfestival.fr\/wp-content\/uploads\/2021\/06\/Logo-Dinard-bleu-opening-rouge-1-scaled.jpg","contentUrl":"https:\/\/www.dinardopeningfestival.fr\/wp-content\/uploads\/2021\/06\/Logo-Dinard-bleu-opening-rouge-1-scaled.jpg","width":2560,"height":1810,"caption":"Festival Dinard Opening"},"image":{"@id":"http:\/\/www.dinardopeningfestival.fr\/#\/schema\/logo\/image\/"}},{"@type":"WebSite","@id":"http:\/\/www.dinardopeningfestival.fr\/#website","url":"http:\/\/www.dinardopeningfestival.fr\/","name":"Festival Dinard Opening","description":"Le Festival des Musiques Britanniques","publisher":{"@id":"http:\/\/www.dinardopeningfestival.fr\/#organization"},"potentialAction":[{"@type":"SearchAction","target":{"@type":"EntryPoint","urlTemplate":"http:\/\/www.dinardopeningfestival.fr\/?s={search_term_string}"},"query-input":"required name=search_term_string"}],"inLanguage":"fr-FR"},{"@type":"ImageObject","inLanguage":"fr-FR","@id":"https:\/\/www.dinardopeningfestival.fr\/index.php\/the-kings-singers\/#primaryimage","url":"https:\/\/www.dinardopeningfestival.fr\/wp-content\/uploads\/2022\/05\/The-Kings-Singers-15_credit-Rebecca-Reid-1024x683.jpg","contentUrl":"https:\/\/www.dinardopeningfestival.fr\/wp-content\/uploads\/2022\/05\/The-Kings-Singers-15_credit-Rebecca-Reid-1024x683.jpg"},{"@type":"WebPage","@id":"https:\/\/www.dinardopeningfestival.fr\/index.php\/the-kings-singers\/#webpage","url":"https:\/\/www.dinardopeningfestival.fr\/index.php\/the-kings-singers\/","name":"The King\u2019s Singers - Festival Dinard Opening","isPartOf":{"@id":"http:\/\/www.dinardopeningfestival.fr\/#website"},"primaryImageOfPage":{"@id":"https:\/\/www.dinardopeningfestival.fr\/index.php\/the-kings-singers\/#primaryimage"},"datePublished":"2022-05-23T09:25:17+00:00","dateModified":"2022-06-23T13:08:13+00:00","breadcrumb":{"@id":"https:\/\/www.dinardopeningfestival.fr\/index.php\/the-kings-singers\/#breadcrumb"},"inLanguage":"fr-FR","potentialAction":[{"@type":"ReadAction","target":["https:\/\/www.dinardopeningfestival.fr\/index.php\/the-kings-singers\/"]}]},{"@type":"BreadcrumbList","@id":"https:\/\/www.dinardopeningfestival.fr\/index.php\/the-kings-singers\/#breadcrumb","itemListElement":[{"@type":"ListItem","position":1,"name":"Accueil","item":"http:\/\/www.dinardopeningfestival.fr\/"},{"@type":"ListItem","position":2,"name":"The King\u2019s Singers"}]}]}},"_links":{"self":[{"href":"https:\/\/www.dinardopeningfestival.fr\/index.php\/wp-json\/wp\/v2\/pages\/1168","targetHints":{"allow":["GET"]}}],"collection":[{"href":"https:\/\/www.dinardopeningfestival.fr\/index.php\/wp-json\/wp\/v2\/pages"}],"about":[{"href":"https:\/\/www.dinardopeningfestival.fr\/index.php\/wp-json\/wp\/v2\/types\/page"}],"author":[{"embeddable":true,"href":"https:\/\/www.dinardopeningfestival.fr\/index.php\/wp-json\/wp\/v2\/users\/1"}],"replies":[{"embeddable":true,"href":"https:\/\/www.dinardopeningfestival.fr\/index.php\/wp-json\/wp\/v2\/comments?post=1168"}],"version-history":[{"count":5,"href":"https:\/\/www.dinardopeningfestival.fr\/index.php\/wp-json\/wp\/v2\/pages\/1168\/revisions"}],"predecessor-version":[{"id":1328,"href":"https:\/\/www.dinardopeningfestival.fr\/index.php\/wp-json\/wp\/v2\/pages\/1168\/revisions\/1328"}],"wp:attachment":[{"href":"https:\/\/www.dinardopeningfestival.fr\/index.php\/wp-json\/wp\/v2\/media?parent=1168"}],"curies":[{"name":"wp","href":"https:\/\/api.w.org\/{rel}","templated":true}]}}