{"id":1181,"date":"2022-05-23T11:49:28","date_gmt":"2022-05-23T09:49:28","guid":{"rendered":"https:\/\/www.dinardopeningfestival.fr\/?page_id=1181"},"modified":"2022-06-21T16:11:26","modified_gmt":"2022-06-21T14:11:26","slug":"hal-keyvan-chemirani","status":"publish","type":"page","link":"https:\/\/www.dinardopeningfestival.fr\/index.php\/hal-keyvan-chemirani\/","title":{"rendered":"H\u00e2l &#8211; Keyvan Chemirani"},"content":{"rendered":"\n<figure class=\"wp-block-image size-large\"><img loading=\"lazy\" decoding=\"async\" width=\"1024\" height=\"683\" src=\"https:\/\/www.dinardopeningfestival.fr\/wp-content\/uploads\/2022\/05\/HAL-credit-REMI-HOSTEKIND_1081-1024x683.jpg\" alt=\"\" class=\"wp-image-1182\" srcset=\"https:\/\/www.dinardopeningfestival.fr\/wp-content\/uploads\/2022\/05\/HAL-credit-REMI-HOSTEKIND_1081-1024x683.jpg 1024w, https:\/\/www.dinardopeningfestival.fr\/wp-content\/uploads\/2022\/05\/HAL-credit-REMI-HOSTEKIND_1081-300x200.jpg 300w, https:\/\/www.dinardopeningfestival.fr\/wp-content\/uploads\/2022\/05\/HAL-credit-REMI-HOSTEKIND_1081-768x512.jpg 768w, https:\/\/www.dinardopeningfestival.fr\/wp-content\/uploads\/2022\/05\/HAL-credit-REMI-HOSTEKIND_1081-1536x1024.jpg 1536w, https:\/\/www.dinardopeningfestival.fr\/wp-content\/uploads\/2022\/05\/HAL-credit-REMI-HOSTEKIND_1081-2048x1365.jpg 2048w, https:\/\/www.dinardopeningfestival.fr\/wp-content\/uploads\/2022\/05\/HAL-credit-REMI-HOSTEKIND_1081-24x16.jpg 24w, https:\/\/www.dinardopeningfestival.fr\/wp-content\/uploads\/2022\/05\/HAL-credit-REMI-HOSTEKIND_1081-36x24.jpg 36w, https:\/\/www.dinardopeningfestival.fr\/wp-content\/uploads\/2022\/05\/HAL-credit-REMI-HOSTEKIND_1081-48x32.jpg 48w\" sizes=\"auto, (max-width: 1024px) 100vw, 1024px\" \/><figcaption>\u00a9 Remi Hostekind<\/figcaption><\/figure>\n\n\n\n<h3 class=\"has-text-align-right wp-block-heading\">Mercredi 10 ao\u00fbt 2022 &#8211; 20 h 30 &#8211; Th\u00e9\u00e2tre Debussy<br><a href=\"https:\/\/indiv.themisweb.fr\/0534\/fListeManifs.aspx?idstructure=0534\">ACHETEZ VOTRE BILLET<\/a><br><\/h3>\n\n\n\n<p class=\"has-text-align-center\"><br>\u00c0 la crois\u00e9e des musiques iranienne, indienne et irlandaise, <strong>H\u00e2l &#8211; Keyvan Chemirani <\/strong>vient d\u2019enregistrer un album nomm\u00e9 H\u00e2l, un voyage amoureux dont tous les textes, qu\u2019ils soient chant\u00e9s en anglais ou en persan, sont des po\u00e8mes d\u2019amour. Le h\u00e2l est le moment o\u00f9 l\u2019on se laisse aller, cet \u00e9tat extatique entre \u00e9veil et oubli de soi. <\/p>\n\n\n\n<p class=\"has-text-align-center\">Ce groupe est une envol\u00e9e humaine par-del\u00e0 les fronti\u00e8res, mais aussi une histoire de famille, puisqu\u2019il r\u00e9unit Keyvan, virtuose du zarb et des percussions, Bijan, expert du luth saz et percussionniste, et leur s\u0153ur Maryam, chanteuse mais aussi infirmi\u00e8re, d\u2019abord en Inde sur les pas de m\u00e8re Teresa, puis dans les Alpes de Haute-Provence. Keyvan a imagin\u00e9 ce programme pour elle et pour sa voix chaude et profond\u00e9ment g\u00e9n\u00e9reuse.<br><br>\u00ab Ma route est sur le chemin qu\u2019a emprunt\u00e9 mon coeur \u00bb dit Saadi, le philosophe persan, mettant l\u2019amour en exergue comme philosophie de vie ! Puissions-nous ensemble nous rapprocher du \u00abh\u00e2l\u00bb, que l\u2019on recherche dans les musiques savantes orientales ! \u00bb Keyvan Chemirani Une id\u00e9e uniquement orientale ? Non !<br><br>Nous sommes en ce XXIe si\u00e8cle qui assume l\u2019abolition des fronti\u00e8res culturelles, qui revendique la transculturalit\u00e9. Et rien n\u2019arr\u00eate les Chemirani puisqu\u2019ils vont puiser dans le folk celtique, comme dans cette ballade irlandaise Lord Baker, o\u00f9 un artistocrate britannique, prisonnier en Turquie, s\u2019\u00e9prend de la fille du roi, laquelle le lib\u00e8rera &#8211; d\u00e9j\u00e0, la rencontre de deux mondes.<\/p>\n\n\n\n<hr class=\"wp-block-separator is-style-wide\"\/>\n\n\n\n<h3 class=\"wp-block-heading\">Maryam Chemirani, chant<br>Sylvain Barou, fl\u00fbtes celtiques, bansouri, duduk, neyanban<br>Bijan Chemirani, zarb, percussions, saz<br>Keyvan Chemirani, zarb, percussions, santur<\/h3>\n\n\n\n<p><\/p>\n","protected":false},"excerpt":{"rendered":"<p>Mercredi 10 ao\u00fbt 2022 &#8211; 20 h 30 &#8211; Th\u00e9\u00e2tre DebussyACHETEZ VOTRE BILLET \u00c0 la crois\u00e9e des musiques iranienne, indienne et irlandaise, H\u00e2l &#8211; Keyvan Chemirani vient d\u2019enregistrer un album nomm\u00e9 H\u00e2l, un voyage amoureux dont tous les textes, qu\u2019ils soient chant\u00e9s en anglais ou en persan, sont des po\u00e8mes d\u2019amour. Le h\u00e2l est le [&hellip;]<\/p>\n","protected":false},"author":1,"featured_media":0,"parent":0,"menu_order":0,"comment_status":"closed","ping_status":"closed","template":"","meta":{"footnotes":""},"class_list":["post-1181","page","type-page","status-publish","hentry"],"yoast_head":"<!-- This site is optimized with the Yoast SEO plugin v19.2 - https:\/\/yoast.com\/wordpress\/plugins\/seo\/ -->\n<title>H\u00e2l - Keyvan Chemirani - Festival Dinard Opening<\/title>\n<meta name=\"robots\" content=\"index, follow, max-snippet:-1, max-image-preview:large, max-video-preview:-1\" \/>\n<link rel=\"canonical\" href=\"https:\/\/www.dinardopeningfestival.fr\/index.php\/hal-keyvan-chemirani\/\" \/>\n<meta property=\"og:locale\" content=\"fr_FR\" \/>\n<meta property=\"og:type\" content=\"article\" \/>\n<meta property=\"og:title\" content=\"H\u00e2l - Keyvan Chemirani - Festival Dinard Opening\" \/>\n<meta property=\"og:description\" content=\"Mercredi 10 ao\u00fbt 2022 &#8211; 20 h 30 &#8211; Th\u00e9\u00e2tre DebussyACHETEZ VOTRE BILLET \u00c0 la crois\u00e9e des musiques iranienne, indienne et irlandaise, H\u00e2l &#8211; Keyvan Chemirani vient d\u2019enregistrer un album nomm\u00e9 H\u00e2l, un voyage amoureux dont tous les textes, qu\u2019ils soient chant\u00e9s en anglais ou en persan, sont des po\u00e8mes d\u2019amour. Le h\u00e2l est le [&hellip;]\" \/>\n<meta property=\"og:url\" content=\"https:\/\/www.dinardopeningfestival.fr\/index.php\/hal-keyvan-chemirani\/\" \/>\n<meta property=\"og:site_name\" content=\"Festival Dinard Opening\" \/>\n<meta property=\"article:publisher\" content=\"https:\/\/www.facebook.com\/DinardOpeningFestival\" \/>\n<meta property=\"article:modified_time\" content=\"2022-06-21T14:11:26+00:00\" \/>\n<meta property=\"og:image\" content=\"https:\/\/www.dinardopeningfestival.fr\/wp-content\/uploads\/2022\/05\/HAL-credit-REMI-HOSTEKIND_1081-1024x683.jpg\" \/>\n<meta name=\"author\" content=\"admin4235\" \/>\n<meta name=\"twitter:card\" content=\"summary_large_image\" \/>\n<meta name=\"twitter:label1\" content=\"Dur\u00e9e de lecture estim\u00e9e\" \/>\n\t<meta name=\"twitter:data1\" content=\"1 minute\" \/>\n<script type=\"application\/ld+json\" class=\"yoast-schema-graph\">{\"@context\":\"https:\/\/schema.org\",\"@graph\":[{\"@type\":\"Organization\",\"@id\":\"http:\/\/www.dinardopeningfestival.fr\/#organization\",\"name\":\"Festival Dinard Opening\",\"url\":\"http:\/\/www.dinardopeningfestival.fr\/\",\"sameAs\":[\"https:\/\/www.instagram.com\/dinardopening\/\",\"https:\/\/www.facebook.com\/DinardOpeningFestival\"],\"logo\":{\"@type\":\"ImageObject\",\"inLanguage\":\"fr-FR\",\"@id\":\"http:\/\/www.dinardopeningfestival.fr\/#\/schema\/logo\/image\/\",\"url\":\"https:\/\/www.dinardopeningfestival.fr\/wp-content\/uploads\/2021\/06\/Logo-Dinard-bleu-opening-rouge-1-scaled.jpg\",\"contentUrl\":\"https:\/\/www.dinardopeningfestival.fr\/wp-content\/uploads\/2021\/06\/Logo-Dinard-bleu-opening-rouge-1-scaled.jpg\",\"width\":2560,\"height\":1810,\"caption\":\"Festival Dinard Opening\"},\"image\":{\"@id\":\"http:\/\/www.dinardopeningfestival.fr\/#\/schema\/logo\/image\/\"}},{\"@type\":\"WebSite\",\"@id\":\"http:\/\/www.dinardopeningfestival.fr\/#website\",\"url\":\"http:\/\/www.dinardopeningfestival.fr\/\",\"name\":\"Festival Dinard Opening\",\"description\":\"Le Festival des Musiques Britanniques\",\"publisher\":{\"@id\":\"http:\/\/www.dinardopeningfestival.fr\/#organization\"},\"potentialAction\":[{\"@type\":\"SearchAction\",\"target\":{\"@type\":\"EntryPoint\",\"urlTemplate\":\"http:\/\/www.dinardopeningfestival.fr\/?s={search_term_string}\"},\"query-input\":\"required name=search_term_string\"}],\"inLanguage\":\"fr-FR\"},{\"@type\":\"ImageObject\",\"inLanguage\":\"fr-FR\",\"@id\":\"https:\/\/www.dinardopeningfestival.fr\/index.php\/hal-keyvan-chemirani\/#primaryimage\",\"url\":\"https:\/\/www.dinardopeningfestival.fr\/wp-content\/uploads\/2022\/05\/HAL-credit-REMI-HOSTEKIND_1081-1024x683.jpg\",\"contentUrl\":\"https:\/\/www.dinardopeningfestival.fr\/wp-content\/uploads\/2022\/05\/HAL-credit-REMI-HOSTEKIND_1081-1024x683.jpg\"},{\"@type\":\"WebPage\",\"@id\":\"https:\/\/www.dinardopeningfestival.fr\/index.php\/hal-keyvan-chemirani\/#webpage\",\"url\":\"https:\/\/www.dinardopeningfestival.fr\/index.php\/hal-keyvan-chemirani\/\",\"name\":\"H\u00e2l - Keyvan Chemirani - Festival Dinard Opening\",\"isPartOf\":{\"@id\":\"http:\/\/www.dinardopeningfestival.fr\/#website\"},\"primaryImageOfPage\":{\"@id\":\"https:\/\/www.dinardopeningfestival.fr\/index.php\/hal-keyvan-chemirani\/#primaryimage\"},\"datePublished\":\"2022-05-23T09:49:28+00:00\",\"dateModified\":\"2022-06-21T14:11:26+00:00\",\"breadcrumb\":{\"@id\":\"https:\/\/www.dinardopeningfestival.fr\/index.php\/hal-keyvan-chemirani\/#breadcrumb\"},\"inLanguage\":\"fr-FR\",\"potentialAction\":[{\"@type\":\"ReadAction\",\"target\":[\"https:\/\/www.dinardopeningfestival.fr\/index.php\/hal-keyvan-chemirani\/\"]}]},{\"@type\":\"BreadcrumbList\",\"@id\":\"https:\/\/www.dinardopeningfestival.fr\/index.php\/hal-keyvan-chemirani\/#breadcrumb\",\"itemListElement\":[{\"@type\":\"ListItem\",\"position\":1,\"name\":\"Accueil\",\"item\":\"http:\/\/www.dinardopeningfestival.fr\/\"},{\"@type\":\"ListItem\",\"position\":2,\"name\":\"H\u00e2l &#8211; Keyvan Chemirani\"}]}]}<\/script>\n<!-- \/ Yoast SEO plugin. -->","yoast_head_json":{"title":"H\u00e2l - Keyvan Chemirani - Festival Dinard Opening","robots":{"index":"index","follow":"follow","max-snippet":"max-snippet:-1","max-image-preview":"max-image-preview:large","max-video-preview":"max-video-preview:-1"},"canonical":"https:\/\/www.dinardopeningfestival.fr\/index.php\/hal-keyvan-chemirani\/","og_locale":"fr_FR","og_type":"article","og_title":"H\u00e2l - Keyvan Chemirani - Festival Dinard Opening","og_description":"Mercredi 10 ao\u00fbt 2022 &#8211; 20 h 30 &#8211; Th\u00e9\u00e2tre DebussyACHETEZ VOTRE BILLET \u00c0 la crois\u00e9e des musiques iranienne, indienne et irlandaise, H\u00e2l &#8211; Keyvan Chemirani vient d\u2019enregistrer un album nomm\u00e9 H\u00e2l, un voyage amoureux dont tous les textes, qu\u2019ils soient chant\u00e9s en anglais ou en persan, sont des po\u00e8mes d\u2019amour. Le h\u00e2l est le [&hellip;]","og_url":"https:\/\/www.dinardopeningfestival.fr\/index.php\/hal-keyvan-chemirani\/","og_site_name":"Festival Dinard Opening","article_publisher":"https:\/\/www.facebook.com\/DinardOpeningFestival","article_modified_time":"2022-06-21T14:11:26+00:00","og_image":[{"url":"https:\/\/www.dinardopeningfestival.fr\/wp-content\/uploads\/2022\/05\/HAL-credit-REMI-HOSTEKIND_1081-1024x683.jpg"}],"author":"admin4235","twitter_card":"summary_large_image","twitter_misc":{"Dur\u00e9e de lecture estim\u00e9e":"1 minute"},"schema":{"@context":"https:\/\/schema.org","@graph":[{"@type":"Organization","@id":"http:\/\/www.dinardopeningfestival.fr\/#organization","name":"Festival Dinard Opening","url":"http:\/\/www.dinardopeningfestival.fr\/","sameAs":["https:\/\/www.instagram.com\/dinardopening\/","https:\/\/www.facebook.com\/DinardOpeningFestival"],"logo":{"@type":"ImageObject","inLanguage":"fr-FR","@id":"http:\/\/www.dinardopeningfestival.fr\/#\/schema\/logo\/image\/","url":"https:\/\/www.dinardopeningfestival.fr\/wp-content\/uploads\/2021\/06\/Logo-Dinard-bleu-opening-rouge-1-scaled.jpg","contentUrl":"https:\/\/www.dinardopeningfestival.fr\/wp-content\/uploads\/2021\/06\/Logo-Dinard-bleu-opening-rouge-1-scaled.jpg","width":2560,"height":1810,"caption":"Festival Dinard Opening"},"image":{"@id":"http:\/\/www.dinardopeningfestival.fr\/#\/schema\/logo\/image\/"}},{"@type":"WebSite","@id":"http:\/\/www.dinardopeningfestival.fr\/#website","url":"http:\/\/www.dinardopeningfestival.fr\/","name":"Festival Dinard Opening","description":"Le Festival des Musiques Britanniques","publisher":{"@id":"http:\/\/www.dinardopeningfestival.fr\/#organization"},"potentialAction":[{"@type":"SearchAction","target":{"@type":"EntryPoint","urlTemplate":"http:\/\/www.dinardopeningfestival.fr\/?s={search_term_string}"},"query-input":"required name=search_term_string"}],"inLanguage":"fr-FR"},{"@type":"ImageObject","inLanguage":"fr-FR","@id":"https:\/\/www.dinardopeningfestival.fr\/index.php\/hal-keyvan-chemirani\/#primaryimage","url":"https:\/\/www.dinardopeningfestival.fr\/wp-content\/uploads\/2022\/05\/HAL-credit-REMI-HOSTEKIND_1081-1024x683.jpg","contentUrl":"https:\/\/www.dinardopeningfestival.fr\/wp-content\/uploads\/2022\/05\/HAL-credit-REMI-HOSTEKIND_1081-1024x683.jpg"},{"@type":"WebPage","@id":"https:\/\/www.dinardopeningfestival.fr\/index.php\/hal-keyvan-chemirani\/#webpage","url":"https:\/\/www.dinardopeningfestival.fr\/index.php\/hal-keyvan-chemirani\/","name":"H\u00e2l - Keyvan Chemirani - Festival Dinard Opening","isPartOf":{"@id":"http:\/\/www.dinardopeningfestival.fr\/#website"},"primaryImageOfPage":{"@id":"https:\/\/www.dinardopeningfestival.fr\/index.php\/hal-keyvan-chemirani\/#primaryimage"},"datePublished":"2022-05-23T09:49:28+00:00","dateModified":"2022-06-21T14:11:26+00:00","breadcrumb":{"@id":"https:\/\/www.dinardopeningfestival.fr\/index.php\/hal-keyvan-chemirani\/#breadcrumb"},"inLanguage":"fr-FR","potentialAction":[{"@type":"ReadAction","target":["https:\/\/www.dinardopeningfestival.fr\/index.php\/hal-keyvan-chemirani\/"]}]},{"@type":"BreadcrumbList","@id":"https:\/\/www.dinardopeningfestival.fr\/index.php\/hal-keyvan-chemirani\/#breadcrumb","itemListElement":[{"@type":"ListItem","position":1,"name":"Accueil","item":"http:\/\/www.dinardopeningfestival.fr\/"},{"@type":"ListItem","position":2,"name":"H\u00e2l &#8211; Keyvan Chemirani"}]}]}},"_links":{"self":[{"href":"https:\/\/www.dinardopeningfestival.fr\/index.php\/wp-json\/wp\/v2\/pages\/1181","targetHints":{"allow":["GET"]}}],"collection":[{"href":"https:\/\/www.dinardopeningfestival.fr\/index.php\/wp-json\/wp\/v2\/pages"}],"about":[{"href":"https:\/\/www.dinardopeningfestival.fr\/index.php\/wp-json\/wp\/v2\/types\/page"}],"author":[{"embeddable":true,"href":"https:\/\/www.dinardopeningfestival.fr\/index.php\/wp-json\/wp\/v2\/users\/1"}],"replies":[{"embeddable":true,"href":"https:\/\/www.dinardopeningfestival.fr\/index.php\/wp-json\/wp\/v2\/comments?post=1181"}],"version-history":[{"count":5,"href":"https:\/\/www.dinardopeningfestival.fr\/index.php\/wp-json\/wp\/v2\/pages\/1181\/revisions"}],"predecessor-version":[{"id":1300,"href":"https:\/\/www.dinardopeningfestival.fr\/index.php\/wp-json\/wp\/v2\/pages\/1181\/revisions\/1300"}],"wp:attachment":[{"href":"https:\/\/www.dinardopeningfestival.fr\/index.php\/wp-json\/wp\/v2\/media?parent=1181"}],"curies":[{"name":"wp","href":"https:\/\/api.w.org\/{rel}","templated":true}]}}