{"id":1204,"date":"2022-05-24T11:16:00","date_gmt":"2022-05-24T09:16:00","guid":{"rendered":"http:\/\/www.dinardopeningfestival.fr\/?page_id=1204"},"modified":"2023-02-16T14:48:19","modified_gmt":"2023-02-16T13:48:19","slug":"2022-2","status":"publish","type":"page","link":"https:\/\/www.dinardopeningfestival.fr\/index.php\/2022-2\/","title":{"rendered":"2022"},"content":{"rendered":"\n<figure class=\"wp-block-embed aligncenter is-type-video is-provider-youtube wp-block-embed-youtube wp-embed-aspect-16-9 wp-has-aspect-ratio\"><div class=\"wp-block-embed__wrapper\">\n<iframe loading=\"lazy\" title=\"Dinard Opening Festival - Teaser 2022\" width=\"720\" height=\"405\" src=\"https:\/\/www.youtube.com\/embed\/YZ1cEaWFguI?feature=oembed\" frameborder=\"0\" allow=\"accelerometer; autoplay; clipboard-write; encrypted-media; gyroscope; picture-in-picture; web-share\" allowfullscreen><\/iframe>\n<\/div><\/figure>\n\n\n\n<h3 class=\"has-text-align-center wp-block-heading\"><br><a href=\"http:\/\/www.dinardopeningfestival.fr\/index.php\/felicity-lott-jacqueline-bourges-maunoury-lambert-wilson\/\"><strong>Lambert Wilson, Felicity Lott, Jacqueline Bourg\u00e8s-Maunoury<\/strong> &#8211; R\u00e9cital<\/a><\/h3>\n\n\n\n<h3 class=\"has-text-align-center wp-block-heading\"><br><a href=\"http:\/\/www.dinardopeningfestival.fr\/index.php\/fiona-monbet\/\"><strong>Fiona Monbet<\/strong> &#8211; Jazz<\/a><\/h3>\n\n\n\n<h3 class=\"has-text-align-center wp-block-heading\"><br><a href=\"http:\/\/www.dinardopeningfestival.fr\/index.php\/barry-douglas\/\"><strong>Barry Douglas<\/strong> &#8211; R\u00e9cital de piano<\/a><\/h3>\n\n\n\n<h3 class=\"has-text-align-center wp-block-heading\"><br><a href=\"http:\/\/www.dinardopeningfestival.fr\/index.php\/the-kings-singers\/\"><strong>The King\u2019s Singers<\/strong> &#8211; Ensemble vocal<\/a><\/h3>\n\n\n\n<h3 class=\"has-text-align-center wp-block-heading\"><br><a href=\"http:\/\/www.dinardopeningfestival.fr\/index.php\/hal-keyvan-chemirani\/\"><strong>H\u00e2l \u2013 Keyvan Chemirani<\/strong> &#8211; Musique du monde<\/a><br><\/h3>\n\n\n\n<h3 class=\"has-text-align-center wp-block-heading\"><br><a href=\"http:\/\/www.dinardopeningfestival.fr\/index.php\/big-love-bord-de-mer\/\"><strong>Big love &#8211; Bord de mer<\/strong> &#8211; \u00c9lectro<\/a><\/h3>\n\n\n\n<h3 class=\"has-text-align-center wp-block-heading\"><br><a href=\"http:\/\/www.dinardopeningfestival.fr\/index.php\/gunwood\/\"><strong>Gunwood<\/strong> &#8211; Folk \/ Rock<\/a><\/h3>\n\n\n\n<h3 class=\"has-text-align-center wp-block-heading\"><br><strong><a href=\"http:\/\/www.dinardopeningfestival.fr\/index.php\/ensemble-renard\/\">Ensemble Renard de la Royal Academy of Music<\/a><\/strong><\/h3>\n\n\n\n<h3 class=\"has-text-align-center wp-block-heading\"><br><a href=\"http:\/\/www.dinardopeningfestival.fr\/index.php\/tankus-the-henge\/\"><strong>Tankus the Henge<\/strong> &#8211; Rock<\/a><\/h3>\n\n\n\n<h3 class=\"has-text-align-center wp-block-heading\"><br><a href=\"http:\/\/www.dinardopeningfestival.fr\/index.php\/stacey-kent\/\"><strong>Stacey Kent<\/strong> &#8211; Jazz<\/a><\/h3>\n","protected":false},"excerpt":{"rendered":"<p>Lambert Wilson, Felicity Lott, Jacqueline Bourg\u00e8s-Maunoury &#8211; R\u00e9cital Fiona Monbet &#8211; Jazz Barry Douglas &#8211; R\u00e9cital de piano The King\u2019s Singers &#8211; Ensemble vocal H\u00e2l \u2013 Keyvan Chemirani &#8211; Musique du monde Big love &#8211; Bord de mer &#8211; \u00c9lectro Gunwood &#8211; Folk \/ Rock Ensemble Renard de la Royal Academy of Music Tankus the [&hellip;]<\/p>\n","protected":false},"author":1,"featured_media":0,"parent":0,"menu_order":0,"comment_status":"closed","ping_status":"closed","template":"","meta":{"footnotes":""},"class_list":["post-1204","page","type-page","status-publish","hentry"],"yoast_head":"<!-- This site is optimized with the Yoast SEO plugin v19.2 - https:\/\/yoast.com\/wordpress\/plugins\/seo\/ -->\n<title>2022 - Festival Dinard Opening<\/title>\n<meta name=\"description\" content=\"M\u00ealant tous les genres musicaux (baroque, classique, folk, rock\u2026), ce que les Britanniques savent faire \u00e0 merveille, \u00ab ouvert \u00bb \u00e0 toutes les influences, le festival Dinard Opening rassemble et donne du bonheur \u00e0 tous les publics.Il irriguera chaque soir la ville, en salles, sur des sc\u00e8nes ext\u00e9rieures, et dans des lieux insolites \u2013 \u00e9glise, hall d\u2019h\u00f4tel, jardins\u2026\" \/>\n<meta name=\"robots\" content=\"index, follow, max-snippet:-1, max-image-preview:large, max-video-preview:-1\" \/>\n<link rel=\"canonical\" href=\"https:\/\/www.dinardopeningfestival.fr\/index.php\/2022-2\/\" \/>\n<meta property=\"og:locale\" content=\"fr_FR\" \/>\n<meta property=\"og:type\" content=\"article\" \/>\n<meta property=\"og:title\" content=\"2022 - Festival Dinard Opening\" \/>\n<meta property=\"og:description\" content=\"M\u00ealant tous les genres musicaux (baroque, classique, folk, rock\u2026), ce que les Britanniques savent faire \u00e0 merveille, \u00ab ouvert \u00bb \u00e0 toutes les influences, le festival Dinard Opening rassemble et donne du bonheur \u00e0 tous les publics.Il irriguera chaque soir la ville, en salles, sur des sc\u00e8nes ext\u00e9rieures, et dans des lieux insolites \u2013 \u00e9glise, hall d\u2019h\u00f4tel, jardins\u2026\" \/>\n<meta property=\"og:url\" content=\"https:\/\/www.dinardopeningfestival.fr\/index.php\/2022-2\/\" \/>\n<meta property=\"og:site_name\" content=\"Festival Dinard Opening\" \/>\n<meta property=\"article:publisher\" content=\"https:\/\/www.facebook.com\/DinardOpeningFestival\" \/>\n<meta property=\"article:modified_time\" content=\"2023-02-16T13:48:19+00:00\" \/>\n<meta name=\"author\" content=\"admin4235\" \/>\n<meta name=\"twitter:card\" content=\"summary_large_image\" \/>\n<meta name=\"twitter:label1\" content=\"Dur\u00e9e de lecture estim\u00e9e\" \/>\n\t<meta name=\"twitter:data1\" content=\"1 minute\" \/>\n<script type=\"application\/ld+json\" class=\"yoast-schema-graph\">{\"@context\":\"https:\/\/schema.org\",\"@graph\":[{\"@type\":\"Organization\",\"@id\":\"http:\/\/www.dinardopeningfestival.fr\/#organization\",\"name\":\"Festival Dinard Opening\",\"url\":\"http:\/\/www.dinardopeningfestival.fr\/\",\"sameAs\":[\"https:\/\/www.instagram.com\/dinardopening\/\",\"https:\/\/www.facebook.com\/DinardOpeningFestival\"],\"logo\":{\"@type\":\"ImageObject\",\"inLanguage\":\"fr-FR\",\"@id\":\"http:\/\/www.dinardopeningfestival.fr\/#\/schema\/logo\/image\/\",\"url\":\"https:\/\/www.dinardopeningfestival.fr\/wp-content\/uploads\/2021\/06\/Logo-Dinard-bleu-opening-rouge-1-scaled.jpg\",\"contentUrl\":\"https:\/\/www.dinardopeningfestival.fr\/wp-content\/uploads\/2021\/06\/Logo-Dinard-bleu-opening-rouge-1-scaled.jpg\",\"width\":2560,\"height\":1810,\"caption\":\"Festival Dinard Opening\"},\"image\":{\"@id\":\"http:\/\/www.dinardopeningfestival.fr\/#\/schema\/logo\/image\/\"}},{\"@type\":\"WebSite\",\"@id\":\"http:\/\/www.dinardopeningfestival.fr\/#website\",\"url\":\"http:\/\/www.dinardopeningfestival.fr\/\",\"name\":\"Festival Dinard Opening\",\"description\":\"Le Festival des Musiques Britanniques\",\"publisher\":{\"@id\":\"http:\/\/www.dinardopeningfestival.fr\/#organization\"},\"potentialAction\":[{\"@type\":\"SearchAction\",\"target\":{\"@type\":\"EntryPoint\",\"urlTemplate\":\"http:\/\/www.dinardopeningfestival.fr\/?s={search_term_string}\"},\"query-input\":\"required name=search_term_string\"}],\"inLanguage\":\"fr-FR\"},{\"@type\":\"WebPage\",\"@id\":\"https:\/\/www.dinardopeningfestival.fr\/index.php\/2022-2\/#webpage\",\"url\":\"https:\/\/www.dinardopeningfestival.fr\/index.php\/2022-2\/\",\"name\":\"2022 - Festival Dinard Opening\",\"isPartOf\":{\"@id\":\"http:\/\/www.dinardopeningfestival.fr\/#website\"},\"datePublished\":\"2022-05-24T09:16:00+00:00\",\"dateModified\":\"2023-02-16T13:48:19+00:00\",\"description\":\"M\u00ealant tous les genres musicaux (baroque, classique, folk, rock\u2026), ce que les Britanniques savent faire \u00e0 merveille, \u00ab ouvert \u00bb \u00e0 toutes les influences, le festival Dinard Opening rassemble et donne du bonheur \u00e0 tous les publics.Il irriguera chaque soir la ville, en salles, sur des sc\u00e8nes ext\u00e9rieures, et dans des lieux insolites \u2013 \u00e9glise, hall d\u2019h\u00f4tel, jardins\u2026\",\"breadcrumb\":{\"@id\":\"https:\/\/www.dinardopeningfestival.fr\/index.php\/2022-2\/#breadcrumb\"},\"inLanguage\":\"fr-FR\",\"potentialAction\":[{\"@type\":\"ReadAction\",\"target\":[\"https:\/\/www.dinardopeningfestival.fr\/index.php\/2022-2\/\"]}]},{\"@type\":\"BreadcrumbList\",\"@id\":\"https:\/\/www.dinardopeningfestival.fr\/index.php\/2022-2\/#breadcrumb\",\"itemListElement\":[{\"@type\":\"ListItem\",\"position\":1,\"name\":\"Accueil\",\"item\":\"http:\/\/www.dinardopeningfestival.fr\/\"},{\"@type\":\"ListItem\",\"position\":2,\"name\":\"2022\"}]}]}<\/script>\n<!-- \/ Yoast SEO plugin. -->","yoast_head_json":{"title":"2022 - Festival Dinard Opening","description":"M\u00ealant tous les genres musicaux (baroque, classique, folk, rock\u2026), ce que les Britanniques savent faire \u00e0 merveille, \u00ab ouvert \u00bb \u00e0 toutes les influences, le festival Dinard Opening rassemble et donne du bonheur \u00e0 tous les publics.Il irriguera chaque soir la ville, en salles, sur des sc\u00e8nes ext\u00e9rieures, et dans des lieux insolites \u2013 \u00e9glise, hall d\u2019h\u00f4tel, jardins\u2026","robots":{"index":"index","follow":"follow","max-snippet":"max-snippet:-1","max-image-preview":"max-image-preview:large","max-video-preview":"max-video-preview:-1"},"canonical":"https:\/\/www.dinardopeningfestival.fr\/index.php\/2022-2\/","og_locale":"fr_FR","og_type":"article","og_title":"2022 - Festival Dinard Opening","og_description":"M\u00ealant tous les genres musicaux (baroque, classique, folk, rock\u2026), ce que les Britanniques savent faire \u00e0 merveille, \u00ab ouvert \u00bb \u00e0 toutes les influences, le festival Dinard Opening rassemble et donne du bonheur \u00e0 tous les publics.Il irriguera chaque soir la ville, en salles, sur des sc\u00e8nes ext\u00e9rieures, et dans des lieux insolites \u2013 \u00e9glise, hall d\u2019h\u00f4tel, jardins\u2026","og_url":"https:\/\/www.dinardopeningfestival.fr\/index.php\/2022-2\/","og_site_name":"Festival Dinard Opening","article_publisher":"https:\/\/www.facebook.com\/DinardOpeningFestival","article_modified_time":"2023-02-16T13:48:19+00:00","author":"admin4235","twitter_card":"summary_large_image","twitter_misc":{"Dur\u00e9e de lecture estim\u00e9e":"1 minute"},"schema":{"@context":"https:\/\/schema.org","@graph":[{"@type":"Organization","@id":"http:\/\/www.dinardopeningfestival.fr\/#organization","name":"Festival Dinard Opening","url":"http:\/\/www.dinardopeningfestival.fr\/","sameAs":["https:\/\/www.instagram.com\/dinardopening\/","https:\/\/www.facebook.com\/DinardOpeningFestival"],"logo":{"@type":"ImageObject","inLanguage":"fr-FR","@id":"http:\/\/www.dinardopeningfestival.fr\/#\/schema\/logo\/image\/","url":"https:\/\/www.dinardopeningfestival.fr\/wp-content\/uploads\/2021\/06\/Logo-Dinard-bleu-opening-rouge-1-scaled.jpg","contentUrl":"https:\/\/www.dinardopeningfestival.fr\/wp-content\/uploads\/2021\/06\/Logo-Dinard-bleu-opening-rouge-1-scaled.jpg","width":2560,"height":1810,"caption":"Festival Dinard Opening"},"image":{"@id":"http:\/\/www.dinardopeningfestival.fr\/#\/schema\/logo\/image\/"}},{"@type":"WebSite","@id":"http:\/\/www.dinardopeningfestival.fr\/#website","url":"http:\/\/www.dinardopeningfestival.fr\/","name":"Festival Dinard Opening","description":"Le Festival des Musiques Britanniques","publisher":{"@id":"http:\/\/www.dinardopeningfestival.fr\/#organization"},"potentialAction":[{"@type":"SearchAction","target":{"@type":"EntryPoint","urlTemplate":"http:\/\/www.dinardopeningfestival.fr\/?s={search_term_string}"},"query-input":"required name=search_term_string"}],"inLanguage":"fr-FR"},{"@type":"WebPage","@id":"https:\/\/www.dinardopeningfestival.fr\/index.php\/2022-2\/#webpage","url":"https:\/\/www.dinardopeningfestival.fr\/index.php\/2022-2\/","name":"2022 - Festival Dinard Opening","isPartOf":{"@id":"http:\/\/www.dinardopeningfestival.fr\/#website"},"datePublished":"2022-05-24T09:16:00+00:00","dateModified":"2023-02-16T13:48:19+00:00","description":"M\u00ealant tous les genres musicaux (baroque, classique, folk, rock\u2026), ce que les Britanniques savent faire \u00e0 merveille, \u00ab ouvert \u00bb \u00e0 toutes les influences, le festival Dinard Opening rassemble et donne du bonheur \u00e0 tous les publics.Il irriguera chaque soir la ville, en salles, sur des sc\u00e8nes ext\u00e9rieures, et dans des lieux insolites \u2013 \u00e9glise, hall d\u2019h\u00f4tel, jardins\u2026","breadcrumb":{"@id":"https:\/\/www.dinardopeningfestival.fr\/index.php\/2022-2\/#breadcrumb"},"inLanguage":"fr-FR","potentialAction":[{"@type":"ReadAction","target":["https:\/\/www.dinardopeningfestival.fr\/index.php\/2022-2\/"]}]},{"@type":"BreadcrumbList","@id":"https:\/\/www.dinardopeningfestival.fr\/index.php\/2022-2\/#breadcrumb","itemListElement":[{"@type":"ListItem","position":1,"name":"Accueil","item":"http:\/\/www.dinardopeningfestival.fr\/"},{"@type":"ListItem","position":2,"name":"2022"}]}]}},"_links":{"self":[{"href":"https:\/\/www.dinardopeningfestival.fr\/index.php\/wp-json\/wp\/v2\/pages\/1204","targetHints":{"allow":["GET"]}}],"collection":[{"href":"https:\/\/www.dinardopeningfestival.fr\/index.php\/wp-json\/wp\/v2\/pages"}],"about":[{"href":"https:\/\/www.dinardopeningfestival.fr\/index.php\/wp-json\/wp\/v2\/types\/page"}],"author":[{"embeddable":true,"href":"https:\/\/www.dinardopeningfestival.fr\/index.php\/wp-json\/wp\/v2\/users\/1"}],"replies":[{"embeddable":true,"href":"https:\/\/www.dinardopeningfestival.fr\/index.php\/wp-json\/wp\/v2\/comments?post=1204"}],"version-history":[{"count":11,"href":"https:\/\/www.dinardopeningfestival.fr\/index.php\/wp-json\/wp\/v2\/pages\/1204\/revisions"}],"predecessor-version":[{"id":1686,"href":"https:\/\/www.dinardopeningfestival.fr\/index.php\/wp-json\/wp\/v2\/pages\/1204\/revisions\/1686"}],"wp:attachment":[{"href":"https:\/\/www.dinardopeningfestival.fr\/index.php\/wp-json\/wp\/v2\/media?parent=1204"}],"curies":[{"name":"wp","href":"https:\/\/api.w.org\/{rel}","templated":true}]}}