{"id":165,"date":"2021-06-08T14:24:06","date_gmt":"2021-06-08T12:24:06","guid":{"rendered":"http:\/\/ygzvpgw.cluster030.hosting.ovh.net\/?page_id=165"},"modified":"2021-07-02T14:16:36","modified_gmt":"2021-07-02T12:16:36","slug":"tossn-turn","status":"publish","type":"page","link":"https:\/\/www.dinardopeningfestival.fr\/index.php\/tossn-turn\/","title":{"rendered":"Toss&rsquo;n Turn"},"content":{"rendered":"\n<h2 class=\"wp-block-heading\"><strong>Deuxi\u00e8me temps fort de la soir\u00e9e, un bel exemple de m\u00e9tissage sonore entre tradition et modernit\u00e9.<\/strong> <\/h2>\n\n\n\n<div class=\"wp-block-columns is-layout-flex wp-container-core-columns-is-layout-9d6595d7 wp-block-columns-is-layout-flex\">\n<div class=\"wp-block-column is-layout-flow wp-block-column-is-layout-flow\" style=\"flex-basis:100%\">\n<h4 class=\"wp-block-heading\"><strong>Toss\u2019n Turn<\/strong> pourrait \u00eatre un simple <strong>groupe de musique irlandaise<\/strong>\u2026 <br>C\u2019\u00e9tait sans compter avec l\u2019inventivit\u00e9 de ses musiciens qui ont tr\u00e8s vite projet\u00e9 Toss\u2019n Turn <strong>hors des limites du traditionnellement correct<\/strong>.<br><br>\u00c9quip\u00e9s de sampleurs, harmoniseurs, virtualiseurs, ils revisitent le r\u00e9pertoire irlandais, insufflent un vent de modernit\u00e9.<br><br><strong>Deux danseurs de claquettes irlandaises<\/strong> jaillissent sur sc\u00e8ne ; <br>sourires et complicit\u00e9, chor\u00e9graphies rythm\u00e9es et a\u00e9riennes. <br>L\u2019ambiance s\u2019\u00e9chauffe, la machine s\u2019emballe et le public se retrouve propuls\u00e9 dans un tourbillon. <br><br>Une d\u00e9bauche sonore et visuelle \u00e0 un rythme endiabl\u00e9, <strong>une Irish machine indomptable<\/strong>.<\/h4>\n<\/div>\n<\/div>\n\n\n\n<figure class=\"wp-block-embed aligncenter is-type-video is-provider-youtube wp-block-embed-youtube wp-embed-aspect-16-9 wp-has-aspect-ratio\"><div class=\"wp-block-embed__wrapper\">\n<iframe loading=\"lazy\" title=\"Toss&#039;n Turn live 2019 - Extraits\" width=\"720\" height=\"405\" src=\"https:\/\/www.youtube.com\/embed\/nxLbdOlS2B0?feature=oembed\" frameborder=\"0\" allow=\"accelerometer; autoplay; clipboard-write; encrypted-media; gyroscope; picture-in-picture\" allowfullscreen><\/iframe>\n<\/div><\/figure>\n\n\n\n<div class=\"wp-block-group\"><div class=\"wp-block-group__inner-container is-layout-flow wp-block-group-is-layout-flow\">\n<hr class=\"wp-block-separator is-style-wide\"\/>\n<\/div><\/div>\n\n\n\n<h3 class=\"wp-block-heading\">Fran\u00e7ois BREUGNOT, violon, violon t\u00e9nor, chant<br>Jacques TRIBUIANI, chant, \u00e9lectro-cistre, didgeridoo,<br>fl\u00fbte irlandaise<br>Ga\u00ebl RUTKOWSKI, Uilleann pipes<br>S\u00e9bastien JACQUEMIN, claquettes irlandaises<br>Marie-Aline MOUGENOT, claquettes irlandaises<\/h3>\n\n\n\n<ul class=\"wp-block-social-links aligncenter is-layout-flex wp-block-social-links-is-layout-flex\"><li class=\"wp-social-link wp-social-link-chain  wp-block-social-link\"><a href=\"http:\/\/www.toss.fr\/Main.html\" class=\"wp-block-social-link-anchor\"><svg width=\"24\" height=\"24\" viewBox=\"0 0 24 24\" version=\"1.1\" xmlns=\"http:\/\/www.w3.org\/2000\/svg\" aria-hidden=\"true\" focusable=\"false\"><path d=\"M15.6,7.2H14v1.5h1.6c2,0,3.7,1.7,3.7,3.7s-1.7,3.7-3.7,3.7H14v1.5h1.6c2.8,0,5.2-2.3,5.2-5.2,0-2.9-2.3-5.2-5.2-5.2zM4.7,12.4c0-2,1.7-3.7,3.7-3.7H10V7.2H8.4c-2.9,0-5.2,2.3-5.2,5.2,0,2.9,2.3,5.2,5.2,5.2H10v-1.5H8.4c-2,0-3.7-1.7-3.7-3.7zm4.6.9h5.3v-1.5H9.3v1.5z\"><\/path><\/svg><span class=\"wp-block-social-link-label screen-reader-text\">Lien<\/span><\/a><\/li><\/ul>\n\n\n\n<h4 class=\"has-text-align-right wp-block-heading\">Concert Gratuit<\/h4>\n\n\n\n<hr class=\"wp-block-separator is-style-wide\"\/>\n\n\n\n<div class=\"wp-block-image\"><figure class=\"aligncenter size-large is-resized\"><img loading=\"lazy\" decoding=\"async\" src=\"http:\/\/www.dinardopeningfestival.fr\/wp-content\/uploads\/2021\/06\/drapeau-royaume-uni.png\" alt=\"\" class=\"wp-image-574\" width=\"107\" height=\"107\" srcset=\"https:\/\/www.dinardopeningfestival.fr\/wp-content\/uploads\/2021\/06\/drapeau-royaume-uni.png 360w, https:\/\/www.dinardopeningfestival.fr\/wp-content\/uploads\/2021\/06\/drapeau-royaume-uni-300x300.png 300w, https:\/\/www.dinardopeningfestival.fr\/wp-content\/uploads\/2021\/06\/drapeau-royaume-uni-150x150.png 150w, https:\/\/www.dinardopeningfestival.fr\/wp-content\/uploads\/2021\/06\/drapeau-royaume-uni-24x24.png 24w, https:\/\/www.dinardopeningfestival.fr\/wp-content\/uploads\/2021\/06\/drapeau-royaume-uni-36x36.png 36w, https:\/\/www.dinardopeningfestival.fr\/wp-content\/uploads\/2021\/06\/drapeau-royaume-uni-48x48.png 48w\" sizes=\"auto, (max-width: 107px) 100vw, 107px\" \/><\/figure><\/div>\n\n\n\n<h4 class=\"wp-block-heading\">Not just a simple group of Irish musicians but a <strong>boisterous, breathtaking and fast-paced performance.<\/strong> The three musicians made up of violinists, flautists and piper, play and revisit the dances, jigs and reels which inspire their dancers.<\/h4>\n","protected":false},"excerpt":{"rendered":"<p>Deuxi\u00e8me temps fort de la soir\u00e9e, un bel exemple de m\u00e9tissage sonore entre tradition et modernit\u00e9. Toss\u2019n Turn pourrait \u00eatre un simple groupe de musique irlandaise\u2026 C\u2019\u00e9tait sans compter avec l\u2019inventivit\u00e9 de ses musiciens qui ont tr\u00e8s vite projet\u00e9 Toss\u2019n Turn hors des limites du traditionnellement correct. \u00c9quip\u00e9s de sampleurs, harmoniseurs, virtualiseurs, ils revisitent le [&hellip;]<\/p>\n","protected":false},"author":1,"featured_media":225,"parent":0,"menu_order":0,"comment_status":"closed","ping_status":"closed","template":"","meta":{"footnotes":""},"class_list":["post-165","page","type-page","status-publish","has-post-thumbnail","hentry"],"yoast_head":"<!-- This site is optimized with the Yoast SEO plugin v19.2 - https:\/\/yoast.com\/wordpress\/plugins\/seo\/ -->\n<title>Toss&#039;n Turn - Festival Dinard Opening<\/title>\n<meta name=\"robots\" content=\"index, follow, max-snippet:-1, max-image-preview:large, max-video-preview:-1\" \/>\n<link rel=\"canonical\" href=\"https:\/\/www.dinardopeningfestival.fr\/index.php\/tossn-turn\/\" \/>\n<meta property=\"og:locale\" content=\"fr_FR\" \/>\n<meta property=\"og:type\" content=\"article\" \/>\n<meta property=\"og:title\" content=\"Toss&#039;n Turn - Festival Dinard Opening\" \/>\n<meta property=\"og:description\" content=\"Deuxi\u00e8me temps fort de la soir\u00e9e, un bel exemple de m\u00e9tissage sonore entre tradition et modernit\u00e9. Toss\u2019n Turn pourrait \u00eatre un simple groupe de musique irlandaise\u2026 C\u2019\u00e9tait sans compter avec l\u2019inventivit\u00e9 de ses musiciens qui ont tr\u00e8s vite projet\u00e9 Toss\u2019n Turn hors des limites du traditionnellement correct. \u00c9quip\u00e9s de sampleurs, harmoniseurs, virtualiseurs, ils revisitent le [&hellip;]\" \/>\n<meta property=\"og:url\" content=\"https:\/\/www.dinardopeningfestival.fr\/index.php\/tossn-turn\/\" \/>\n<meta property=\"og:site_name\" content=\"Festival Dinard Opening\" \/>\n<meta property=\"article:publisher\" content=\"https:\/\/www.facebook.com\/DinardOpeningFestival\" \/>\n<meta property=\"article:modified_time\" content=\"2021-07-02T12:16:36+00:00\" \/>\n<meta property=\"og:image\" content=\"https:\/\/www.dinardopeningfestival.fr\/wp-content\/uploads\/2021\/06\/toss-n-turn-e1623234262326.jpg\" \/>\n\t<meta property=\"og:image:width\" content=\"1240\" \/>\n\t<meta property=\"og:image:height\" content=\"520\" \/>\n\t<meta property=\"og:image:type\" content=\"image\/jpeg\" \/>\n<meta name=\"author\" content=\"admin4235\" \/>\n<meta name=\"twitter:card\" content=\"summary_large_image\" \/>\n<meta name=\"twitter:label1\" content=\"Dur\u00e9e de lecture estim\u00e9e\" \/>\n\t<meta name=\"twitter:data1\" content=\"1 minute\" \/>\n<script type=\"application\/ld+json\" class=\"yoast-schema-graph\">{\"@context\":\"https:\/\/schema.org\",\"@graph\":[{\"@type\":\"Organization\",\"@id\":\"http:\/\/www.dinardopeningfestival.fr\/#organization\",\"name\":\"Festival Dinard Opening\",\"url\":\"http:\/\/www.dinardopeningfestival.fr\/\",\"sameAs\":[\"https:\/\/www.instagram.com\/dinardopening\/\",\"https:\/\/www.facebook.com\/DinardOpeningFestival\"],\"logo\":{\"@type\":\"ImageObject\",\"inLanguage\":\"fr-FR\",\"@id\":\"http:\/\/www.dinardopeningfestival.fr\/#\/schema\/logo\/image\/\",\"url\":\"https:\/\/www.dinardopeningfestival.fr\/wp-content\/uploads\/2021\/06\/Logo-Dinard-bleu-opening-rouge-1-scaled.jpg\",\"contentUrl\":\"https:\/\/www.dinardopeningfestival.fr\/wp-content\/uploads\/2021\/06\/Logo-Dinard-bleu-opening-rouge-1-scaled.jpg\",\"width\":2560,\"height\":1810,\"caption\":\"Festival Dinard Opening\"},\"image\":{\"@id\":\"http:\/\/www.dinardopeningfestival.fr\/#\/schema\/logo\/image\/\"}},{\"@type\":\"WebSite\",\"@id\":\"http:\/\/www.dinardopeningfestival.fr\/#website\",\"url\":\"http:\/\/www.dinardopeningfestival.fr\/\",\"name\":\"Festival Dinard Opening\",\"description\":\"Le Festival des Musiques Britanniques\",\"publisher\":{\"@id\":\"http:\/\/www.dinardopeningfestival.fr\/#organization\"},\"potentialAction\":[{\"@type\":\"SearchAction\",\"target\":{\"@type\":\"EntryPoint\",\"urlTemplate\":\"http:\/\/www.dinardopeningfestival.fr\/?s={search_term_string}\"},\"query-input\":\"required name=search_term_string\"}],\"inLanguage\":\"fr-FR\"},{\"@type\":\"ImageObject\",\"inLanguage\":\"fr-FR\",\"@id\":\"https:\/\/www.dinardopeningfestival.fr\/index.php\/tossn-turn\/#primaryimage\",\"url\":\"https:\/\/www.dinardopeningfestival.fr\/wp-content\/uploads\/2021\/06\/toss-n-turn-e1623234262326.jpg\",\"contentUrl\":\"https:\/\/www.dinardopeningfestival.fr\/wp-content\/uploads\/2021\/06\/toss-n-turn-e1623234262326.jpg\",\"width\":1240,\"height\":520},{\"@type\":\"WebPage\",\"@id\":\"https:\/\/www.dinardopeningfestival.fr\/index.php\/tossn-turn\/#webpage\",\"url\":\"https:\/\/www.dinardopeningfestival.fr\/index.php\/tossn-turn\/\",\"name\":\"Toss'n Turn - Festival Dinard Opening\",\"isPartOf\":{\"@id\":\"http:\/\/www.dinardopeningfestival.fr\/#website\"},\"primaryImageOfPage\":{\"@id\":\"https:\/\/www.dinardopeningfestival.fr\/index.php\/tossn-turn\/#primaryimage\"},\"datePublished\":\"2021-06-08T12:24:06+00:00\",\"dateModified\":\"2021-07-02T12:16:36+00:00\",\"breadcrumb\":{\"@id\":\"https:\/\/www.dinardopeningfestival.fr\/index.php\/tossn-turn\/#breadcrumb\"},\"inLanguage\":\"fr-FR\",\"potentialAction\":[{\"@type\":\"ReadAction\",\"target\":[\"https:\/\/www.dinardopeningfestival.fr\/index.php\/tossn-turn\/\"]}]},{\"@type\":\"BreadcrumbList\",\"@id\":\"https:\/\/www.dinardopeningfestival.fr\/index.php\/tossn-turn\/#breadcrumb\",\"itemListElement\":[{\"@type\":\"ListItem\",\"position\":1,\"name\":\"Accueil\",\"item\":\"http:\/\/www.dinardopeningfestival.fr\/\"},{\"@type\":\"ListItem\",\"position\":2,\"name\":\"Toss&rsquo;n Turn\"}]}]}<\/script>\n<!-- \/ Yoast SEO plugin. -->","yoast_head_json":{"title":"Toss'n Turn - Festival Dinard Opening","robots":{"index":"index","follow":"follow","max-snippet":"max-snippet:-1","max-image-preview":"max-image-preview:large","max-video-preview":"max-video-preview:-1"},"canonical":"https:\/\/www.dinardopeningfestival.fr\/index.php\/tossn-turn\/","og_locale":"fr_FR","og_type":"article","og_title":"Toss'n Turn - Festival Dinard Opening","og_description":"Deuxi\u00e8me temps fort de la soir\u00e9e, un bel exemple de m\u00e9tissage sonore entre tradition et modernit\u00e9. Toss\u2019n Turn pourrait \u00eatre un simple groupe de musique irlandaise\u2026 C\u2019\u00e9tait sans compter avec l\u2019inventivit\u00e9 de ses musiciens qui ont tr\u00e8s vite projet\u00e9 Toss\u2019n Turn hors des limites du traditionnellement correct. \u00c9quip\u00e9s de sampleurs, harmoniseurs, virtualiseurs, ils revisitent le [&hellip;]","og_url":"https:\/\/www.dinardopeningfestival.fr\/index.php\/tossn-turn\/","og_site_name":"Festival Dinard Opening","article_publisher":"https:\/\/www.facebook.com\/DinardOpeningFestival","article_modified_time":"2021-07-02T12:16:36+00:00","og_image":[{"width":1240,"height":520,"url":"https:\/\/www.dinardopeningfestival.fr\/wp-content\/uploads\/2021\/06\/toss-n-turn-e1623234262326.jpg","type":"image\/jpeg"}],"author":"admin4235","twitter_card":"summary_large_image","twitter_misc":{"Dur\u00e9e de lecture estim\u00e9e":"1 minute"},"schema":{"@context":"https:\/\/schema.org","@graph":[{"@type":"Organization","@id":"http:\/\/www.dinardopeningfestival.fr\/#organization","name":"Festival Dinard Opening","url":"http:\/\/www.dinardopeningfestival.fr\/","sameAs":["https:\/\/www.instagram.com\/dinardopening\/","https:\/\/www.facebook.com\/DinardOpeningFestival"],"logo":{"@type":"ImageObject","inLanguage":"fr-FR","@id":"http:\/\/www.dinardopeningfestival.fr\/#\/schema\/logo\/image\/","url":"https:\/\/www.dinardopeningfestival.fr\/wp-content\/uploads\/2021\/06\/Logo-Dinard-bleu-opening-rouge-1-scaled.jpg","contentUrl":"https:\/\/www.dinardopeningfestival.fr\/wp-content\/uploads\/2021\/06\/Logo-Dinard-bleu-opening-rouge-1-scaled.jpg","width":2560,"height":1810,"caption":"Festival Dinard Opening"},"image":{"@id":"http:\/\/www.dinardopeningfestival.fr\/#\/schema\/logo\/image\/"}},{"@type":"WebSite","@id":"http:\/\/www.dinardopeningfestival.fr\/#website","url":"http:\/\/www.dinardopeningfestival.fr\/","name":"Festival Dinard Opening","description":"Le Festival des Musiques Britanniques","publisher":{"@id":"http:\/\/www.dinardopeningfestival.fr\/#organization"},"potentialAction":[{"@type":"SearchAction","target":{"@type":"EntryPoint","urlTemplate":"http:\/\/www.dinardopeningfestival.fr\/?s={search_term_string}"},"query-input":"required name=search_term_string"}],"inLanguage":"fr-FR"},{"@type":"ImageObject","inLanguage":"fr-FR","@id":"https:\/\/www.dinardopeningfestival.fr\/index.php\/tossn-turn\/#primaryimage","url":"https:\/\/www.dinardopeningfestival.fr\/wp-content\/uploads\/2021\/06\/toss-n-turn-e1623234262326.jpg","contentUrl":"https:\/\/www.dinardopeningfestival.fr\/wp-content\/uploads\/2021\/06\/toss-n-turn-e1623234262326.jpg","width":1240,"height":520},{"@type":"WebPage","@id":"https:\/\/www.dinardopeningfestival.fr\/index.php\/tossn-turn\/#webpage","url":"https:\/\/www.dinardopeningfestival.fr\/index.php\/tossn-turn\/","name":"Toss'n Turn - Festival Dinard Opening","isPartOf":{"@id":"http:\/\/www.dinardopeningfestival.fr\/#website"},"primaryImageOfPage":{"@id":"https:\/\/www.dinardopeningfestival.fr\/index.php\/tossn-turn\/#primaryimage"},"datePublished":"2021-06-08T12:24:06+00:00","dateModified":"2021-07-02T12:16:36+00:00","breadcrumb":{"@id":"https:\/\/www.dinardopeningfestival.fr\/index.php\/tossn-turn\/#breadcrumb"},"inLanguage":"fr-FR","potentialAction":[{"@type":"ReadAction","target":["https:\/\/www.dinardopeningfestival.fr\/index.php\/tossn-turn\/"]}]},{"@type":"BreadcrumbList","@id":"https:\/\/www.dinardopeningfestival.fr\/index.php\/tossn-turn\/#breadcrumb","itemListElement":[{"@type":"ListItem","position":1,"name":"Accueil","item":"http:\/\/www.dinardopeningfestival.fr\/"},{"@type":"ListItem","position":2,"name":"Toss&rsquo;n Turn"}]}]}},"_links":{"self":[{"href":"https:\/\/www.dinardopeningfestival.fr\/index.php\/wp-json\/wp\/v2\/pages\/165","targetHints":{"allow":["GET"]}}],"collection":[{"href":"https:\/\/www.dinardopeningfestival.fr\/index.php\/wp-json\/wp\/v2\/pages"}],"about":[{"href":"https:\/\/www.dinardopeningfestival.fr\/index.php\/wp-json\/wp\/v2\/types\/page"}],"author":[{"embeddable":true,"href":"https:\/\/www.dinardopeningfestival.fr\/index.php\/wp-json\/wp\/v2\/users\/1"}],"replies":[{"embeddable":true,"href":"https:\/\/www.dinardopeningfestival.fr\/index.php\/wp-json\/wp\/v2\/comments?post=165"}],"version-history":[{"count":17,"href":"https:\/\/www.dinardopeningfestival.fr\/index.php\/wp-json\/wp\/v2\/pages\/165\/revisions"}],"predecessor-version":[{"id":635,"href":"https:\/\/www.dinardopeningfestival.fr\/index.php\/wp-json\/wp\/v2\/pages\/165\/revisions\/635"}],"wp:featuredmedia":[{"embeddable":true,"href":"https:\/\/www.dinardopeningfestival.fr\/index.php\/wp-json\/wp\/v2\/media\/225"}],"wp:attachment":[{"href":"https:\/\/www.dinardopeningfestival.fr\/index.php\/wp-json\/wp\/v2\/media?parent=165"}],"curies":[{"name":"wp","href":"https:\/\/api.w.org\/{rel}","templated":true}]}}