{"id":1709,"date":"2023-04-06T15:12:54","date_gmt":"2023-04-06T13:12:54","guid":{"rendered":"https:\/\/www.dinardopeningfestival.fr\/?page_id=1709"},"modified":"2023-04-14T17:31:58","modified_gmt":"2023-04-14T15:31:58","slug":"orchestral-qawwali-project","status":"publish","type":"page","link":"https:\/\/www.dinardopeningfestival.fr\/index.php\/orchestral-qawwali-project\/","title":{"rendered":"Orchestral Qawwali Project"},"content":{"rendered":"\n<h3 class=\"has-text-align-center wp-block-heading\">&#8211; Abi Sampa et Rushil Ranjan &#8211; <br>pour quintette \u00e0 cordes, choristes et danseuse<\/h3>\n\n\n\n<h3 class=\"has-text-align-right wp-block-heading\"><strong><mark style=\"background-color:rgba(0, 0, 0, 0)\" class=\"has-inline-color has-vivid-cyan-blue-color\">3 ao\u00fbt &#8211; 20h30<br>Th\u00e9\u00e2tre Debussy<\/mark><\/strong><\/h3>\n\n\n\n<figure class=\"wp-block-image size-large is-resized\"><img loading=\"lazy\" decoding=\"async\" src=\"https:\/\/www.dinardopeningfestival.fr\/wp-content\/uploads\/2023\/04\/28.01.2022-Orchestral-Qawwali-Project-_-SCO-@-GRCH-Gaelle-Beri_0840-1024x682.jpg\" alt=\"\" class=\"wp-image-1710\" width=\"843\" height=\"561\" srcset=\"https:\/\/www.dinardopeningfestival.fr\/wp-content\/uploads\/2023\/04\/28.01.2022-Orchestral-Qawwali-Project-_-SCO-@-GRCH-Gaelle-Beri_0840-1024x682.jpg 1024w, https:\/\/www.dinardopeningfestival.fr\/wp-content\/uploads\/2023\/04\/28.01.2022-Orchestral-Qawwali-Project-_-SCO-@-GRCH-Gaelle-Beri_0840-300x200.jpg 300w, https:\/\/www.dinardopeningfestival.fr\/wp-content\/uploads\/2023\/04\/28.01.2022-Orchestral-Qawwali-Project-_-SCO-@-GRCH-Gaelle-Beri_0840-768x511.jpg 768w, https:\/\/www.dinardopeningfestival.fr\/wp-content\/uploads\/2023\/04\/28.01.2022-Orchestral-Qawwali-Project-_-SCO-@-GRCH-Gaelle-Beri_0840-1536x1022.jpg 1536w, https:\/\/www.dinardopeningfestival.fr\/wp-content\/uploads\/2023\/04\/28.01.2022-Orchestral-Qawwali-Project-_-SCO-@-GRCH-Gaelle-Beri_0840-2048x1363.jpg 2048w, https:\/\/www.dinardopeningfestival.fr\/wp-content\/uploads\/2023\/04\/28.01.2022-Orchestral-Qawwali-Project-_-SCO-@-GRCH-Gaelle-Beri_0840-24x16.jpg 24w, https:\/\/www.dinardopeningfestival.fr\/wp-content\/uploads\/2023\/04\/28.01.2022-Orchestral-Qawwali-Project-_-SCO-@-GRCH-Gaelle-Beri_0840-36x24.jpg 36w, https:\/\/www.dinardopeningfestival.fr\/wp-content\/uploads\/2023\/04\/28.01.2022-Orchestral-Qawwali-Project-_-SCO-@-GRCH-Gaelle-Beri_0840-48x32.jpg 48w\" sizes=\"auto, (max-width: 843px) 100vw, 843px\" \/><figcaption>\u00a9 GRCH &#8211; Ga\u00eblle Ber.<\/figcaption><\/figure>\n\n\n\n<p class=\"has-text-align-center\">Concert d\u2019ouverture plac\u00e9 sous le signe du m\u00e9tissage culturel, source de cr\u00e9ativit\u00e9<br>musicale ! mais aussi de la d\u00e9couverte du patrimoine britannique. Rushil Ranjan, enfant de parents catholiques indiens, quitte son cabinet d\u2019avocats. Musicien autodidacte, il est rep\u00e9r\u00e9 par le grand chanteur pakistanais Rahat Fateh Ali Khan.<br><br>Abi Sampa, \u00e9lev\u00e9e \u00e0 Londres par des parents hindous tamouls qui avaient fui la guerre civile au Sri Lanka, quitte son cabinet dentaire.<br><br>Abi Sampa joue de la veena, un instrument \u00e0 cordes indien classique, elle \u00e9tudie le<br>chant sous la houlette de Saraswathi Pakiarasa et Sivadharani Sahadevan. Ils se rencontrent en 2016. Et de cette rencontre na\u00eet entre autres l\u2019Orchestral Qawwali Project.<br><br>L\u2019\u0153uvre du compositeur Rushil Ranjan associe l\u2019ancienne tradition vocale soufie, la<br>danse classique indienne \u00e0 des arrangements orchestraux modernes. Elle met en valeur la voix envo\u00fbtante d\u2019Abi Sampa, accompagn\u00e9e par le ma\u00eetre du tabla Amrit Singh. Le jeu sur instruments occidentaux modernes, sur instruments traditionnels indiens, l\u2019esprit d\u2019improvisation du r\u00e2ga, la voix de Abi Sampa se combinent parfaitement pour incarner l\u2019intention premi\u00e8re du qawwali : Conduire l\u2019auditeur au ravissement et \u00e0 l\u2019extase<\/p>\n\n\n\n<figure class=\"wp-block-embed aligncenter is-type-video is-provider-youtube wp-block-embed-youtube wp-embed-aspect-16-9 wp-has-aspect-ratio\"><div class=\"wp-block-embed__wrapper\">\n<iframe loading=\"lazy\" title=\"Man Kunto Maula | Orchestral Qawwali | Rushil | Abi Sampa\" width=\"720\" height=\"405\" src=\"https:\/\/www.youtube.com\/embed\/WyZZBpxcLMw?feature=oembed\" frameborder=\"0\" allow=\"accelerometer; autoplay; clipboard-write; encrypted-media; gyroscope; picture-in-picture; web-share\" allowfullscreen><\/iframe>\n<\/div><\/figure>\n\n\n\n<h3 class=\"wp-block-heading\"><strong>Abi Sampa<\/strong>, chanteuse<br><strong>Rushil Ranjan<\/strong>, composition et direction<br><strong>Vidya Patel<\/strong>, chor\u00e9graphe et danseuse<\/h3>\n\n\n\n<div class=\"wp-block-buttons alignwide is-content-justification-center is-layout-flex wp-container-core-buttons-is-layout-16018d1d wp-block-buttons-is-layout-flex\">\n<div class=\"wp-block-button\"><a class=\"wp-block-button__link\" href=\"https:\/\/urlz.fr\/doIt\" target=\"_blank\" rel=\"noreferrer noopener\">ACHETEZ VOTRE BILLET<\/a><\/div>\n<\/div>\n","protected":false},"excerpt":{"rendered":"<p>&#8211; Abi Sampa et Rushil Ranjan &#8211; pour quintette \u00e0 cordes, choristes et danseuse 3 ao\u00fbt &#8211; 20h30Th\u00e9\u00e2tre Debussy Concert d\u2019ouverture plac\u00e9 sous le signe du m\u00e9tissage culturel, source de cr\u00e9ativit\u00e9musicale ! mais aussi de la d\u00e9couverte du patrimoine britannique. Rushil Ranjan, enfant de parents catholiques indiens, quitte son cabinet d\u2019avocats. Musicien autodidacte, il est [&hellip;]<\/p>\n","protected":false},"author":1,"featured_media":0,"parent":0,"menu_order":0,"comment_status":"closed","ping_status":"closed","template":"","meta":{"footnotes":""},"class_list":["post-1709","page","type-page","status-publish","hentry"],"yoast_head":"<!-- This site is optimized with the Yoast SEO plugin v19.2 - https:\/\/yoast.com\/wordpress\/plugins\/seo\/ -->\n<title>Orchestral Qawwali Project - Festival Dinard Opening<\/title>\n<meta name=\"robots\" content=\"index, follow, max-snippet:-1, max-image-preview:large, max-video-preview:-1\" \/>\n<link rel=\"canonical\" href=\"https:\/\/www.dinardopeningfestival.fr\/index.php\/orchestral-qawwali-project\/\" \/>\n<meta property=\"og:locale\" content=\"fr_FR\" \/>\n<meta property=\"og:type\" content=\"article\" \/>\n<meta property=\"og:title\" content=\"Orchestral Qawwali Project - Festival Dinard Opening\" \/>\n<meta property=\"og:description\" content=\"&#8211; Abi Sampa et Rushil Ranjan &#8211; pour quintette \u00e0 cordes, choristes et danseuse 3 ao\u00fbt &#8211; 20h30Th\u00e9\u00e2tre Debussy Concert d\u2019ouverture plac\u00e9 sous le signe du m\u00e9tissage culturel, source de cr\u00e9ativit\u00e9musicale ! mais aussi de la d\u00e9couverte du patrimoine britannique. Rushil Ranjan, enfant de parents catholiques indiens, quitte son cabinet d\u2019avocats. Musicien autodidacte, il est [&hellip;]\" \/>\n<meta property=\"og:url\" content=\"https:\/\/www.dinardopeningfestival.fr\/index.php\/orchestral-qawwali-project\/\" \/>\n<meta property=\"og:site_name\" content=\"Festival Dinard Opening\" \/>\n<meta property=\"article:publisher\" content=\"https:\/\/www.facebook.com\/DinardOpeningFestival\" \/>\n<meta property=\"article:modified_time\" content=\"2023-04-14T15:31:58+00:00\" \/>\n<meta property=\"og:image\" content=\"https:\/\/www.dinardopeningfestival.fr\/wp-content\/uploads\/2023\/04\/28.01.2022-Orchestral-Qawwali-Project-_-SCO-@-GRCH-Gaelle-Beri_0840-1024x682.jpg\" \/>\n<meta name=\"author\" content=\"admin4235\" \/>\n<meta name=\"twitter:card\" content=\"summary_large_image\" \/>\n<meta name=\"twitter:label1\" content=\"Dur\u00e9e de lecture estim\u00e9e\" \/>\n\t<meta name=\"twitter:data1\" content=\"2 minutes\" \/>\n<script type=\"application\/ld+json\" class=\"yoast-schema-graph\">{\"@context\":\"https:\/\/schema.org\",\"@graph\":[{\"@type\":\"Organization\",\"@id\":\"http:\/\/www.dinardopeningfestival.fr\/#organization\",\"name\":\"Festival Dinard Opening\",\"url\":\"http:\/\/www.dinardopeningfestival.fr\/\",\"sameAs\":[\"https:\/\/www.instagram.com\/dinardopening\/\",\"https:\/\/www.facebook.com\/DinardOpeningFestival\"],\"logo\":{\"@type\":\"ImageObject\",\"inLanguage\":\"fr-FR\",\"@id\":\"http:\/\/www.dinardopeningfestival.fr\/#\/schema\/logo\/image\/\",\"url\":\"https:\/\/www.dinardopeningfestival.fr\/wp-content\/uploads\/2021\/06\/Logo-Dinard-bleu-opening-rouge-1-scaled.jpg\",\"contentUrl\":\"https:\/\/www.dinardopeningfestival.fr\/wp-content\/uploads\/2021\/06\/Logo-Dinard-bleu-opening-rouge-1-scaled.jpg\",\"width\":2560,\"height\":1810,\"caption\":\"Festival Dinard Opening\"},\"image\":{\"@id\":\"http:\/\/www.dinardopeningfestival.fr\/#\/schema\/logo\/image\/\"}},{\"@type\":\"WebSite\",\"@id\":\"http:\/\/www.dinardopeningfestival.fr\/#website\",\"url\":\"http:\/\/www.dinardopeningfestival.fr\/\",\"name\":\"Festival Dinard Opening\",\"description\":\"Le Festival des Musiques Britanniques\",\"publisher\":{\"@id\":\"http:\/\/www.dinardopeningfestival.fr\/#organization\"},\"potentialAction\":[{\"@type\":\"SearchAction\",\"target\":{\"@type\":\"EntryPoint\",\"urlTemplate\":\"http:\/\/www.dinardopeningfestival.fr\/?s={search_term_string}\"},\"query-input\":\"required name=search_term_string\"}],\"inLanguage\":\"fr-FR\"},{\"@type\":\"ImageObject\",\"inLanguage\":\"fr-FR\",\"@id\":\"https:\/\/www.dinardopeningfestival.fr\/index.php\/orchestral-qawwali-project\/#primaryimage\",\"url\":\"https:\/\/www.dinardopeningfestival.fr\/wp-content\/uploads\/2023\/04\/28.01.2022-Orchestral-Qawwali-Project-_-SCO-@-GRCH-Gaelle-Beri_0840-1024x682.jpg\",\"contentUrl\":\"https:\/\/www.dinardopeningfestival.fr\/wp-content\/uploads\/2023\/04\/28.01.2022-Orchestral-Qawwali-Project-_-SCO-@-GRCH-Gaelle-Beri_0840-1024x682.jpg\"},{\"@type\":\"WebPage\",\"@id\":\"https:\/\/www.dinardopeningfestival.fr\/index.php\/orchestral-qawwali-project\/#webpage\",\"url\":\"https:\/\/www.dinardopeningfestival.fr\/index.php\/orchestral-qawwali-project\/\",\"name\":\"Orchestral Qawwali Project - Festival Dinard Opening\",\"isPartOf\":{\"@id\":\"http:\/\/www.dinardopeningfestival.fr\/#website\"},\"primaryImageOfPage\":{\"@id\":\"https:\/\/www.dinardopeningfestival.fr\/index.php\/orchestral-qawwali-project\/#primaryimage\"},\"datePublished\":\"2023-04-06T13:12:54+00:00\",\"dateModified\":\"2023-04-14T15:31:58+00:00\",\"breadcrumb\":{\"@id\":\"https:\/\/www.dinardopeningfestival.fr\/index.php\/orchestral-qawwali-project\/#breadcrumb\"},\"inLanguage\":\"fr-FR\",\"potentialAction\":[{\"@type\":\"ReadAction\",\"target\":[\"https:\/\/www.dinardopeningfestival.fr\/index.php\/orchestral-qawwali-project\/\"]}]},{\"@type\":\"BreadcrumbList\",\"@id\":\"https:\/\/www.dinardopeningfestival.fr\/index.php\/orchestral-qawwali-project\/#breadcrumb\",\"itemListElement\":[{\"@type\":\"ListItem\",\"position\":1,\"name\":\"Accueil\",\"item\":\"http:\/\/www.dinardopeningfestival.fr\/\"},{\"@type\":\"ListItem\",\"position\":2,\"name\":\"Orchestral Qawwali Project\"}]}]}<\/script>\n<!-- \/ Yoast SEO plugin. -->","yoast_head_json":{"title":"Orchestral Qawwali Project - Festival Dinard Opening","robots":{"index":"index","follow":"follow","max-snippet":"max-snippet:-1","max-image-preview":"max-image-preview:large","max-video-preview":"max-video-preview:-1"},"canonical":"https:\/\/www.dinardopeningfestival.fr\/index.php\/orchestral-qawwali-project\/","og_locale":"fr_FR","og_type":"article","og_title":"Orchestral Qawwali Project - Festival Dinard Opening","og_description":"&#8211; Abi Sampa et Rushil Ranjan &#8211; pour quintette \u00e0 cordes, choristes et danseuse 3 ao\u00fbt &#8211; 20h30Th\u00e9\u00e2tre Debussy Concert d\u2019ouverture plac\u00e9 sous le signe du m\u00e9tissage culturel, source de cr\u00e9ativit\u00e9musicale ! mais aussi de la d\u00e9couverte du patrimoine britannique. Rushil Ranjan, enfant de parents catholiques indiens, quitte son cabinet d\u2019avocats. Musicien autodidacte, il est [&hellip;]","og_url":"https:\/\/www.dinardopeningfestival.fr\/index.php\/orchestral-qawwali-project\/","og_site_name":"Festival Dinard Opening","article_publisher":"https:\/\/www.facebook.com\/DinardOpeningFestival","article_modified_time":"2023-04-14T15:31:58+00:00","og_image":[{"url":"https:\/\/www.dinardopeningfestival.fr\/wp-content\/uploads\/2023\/04\/28.01.2022-Orchestral-Qawwali-Project-_-SCO-@-GRCH-Gaelle-Beri_0840-1024x682.jpg"}],"author":"admin4235","twitter_card":"summary_large_image","twitter_misc":{"Dur\u00e9e de lecture estim\u00e9e":"2 minutes"},"schema":{"@context":"https:\/\/schema.org","@graph":[{"@type":"Organization","@id":"http:\/\/www.dinardopeningfestival.fr\/#organization","name":"Festival Dinard Opening","url":"http:\/\/www.dinardopeningfestival.fr\/","sameAs":["https:\/\/www.instagram.com\/dinardopening\/","https:\/\/www.facebook.com\/DinardOpeningFestival"],"logo":{"@type":"ImageObject","inLanguage":"fr-FR","@id":"http:\/\/www.dinardopeningfestival.fr\/#\/schema\/logo\/image\/","url":"https:\/\/www.dinardopeningfestival.fr\/wp-content\/uploads\/2021\/06\/Logo-Dinard-bleu-opening-rouge-1-scaled.jpg","contentUrl":"https:\/\/www.dinardopeningfestival.fr\/wp-content\/uploads\/2021\/06\/Logo-Dinard-bleu-opening-rouge-1-scaled.jpg","width":2560,"height":1810,"caption":"Festival Dinard Opening"},"image":{"@id":"http:\/\/www.dinardopeningfestival.fr\/#\/schema\/logo\/image\/"}},{"@type":"WebSite","@id":"http:\/\/www.dinardopeningfestival.fr\/#website","url":"http:\/\/www.dinardopeningfestival.fr\/","name":"Festival Dinard Opening","description":"Le Festival des Musiques Britanniques","publisher":{"@id":"http:\/\/www.dinardopeningfestival.fr\/#organization"},"potentialAction":[{"@type":"SearchAction","target":{"@type":"EntryPoint","urlTemplate":"http:\/\/www.dinardopeningfestival.fr\/?s={search_term_string}"},"query-input":"required name=search_term_string"}],"inLanguage":"fr-FR"},{"@type":"ImageObject","inLanguage":"fr-FR","@id":"https:\/\/www.dinardopeningfestival.fr\/index.php\/orchestral-qawwali-project\/#primaryimage","url":"https:\/\/www.dinardopeningfestival.fr\/wp-content\/uploads\/2023\/04\/28.01.2022-Orchestral-Qawwali-Project-_-SCO-@-GRCH-Gaelle-Beri_0840-1024x682.jpg","contentUrl":"https:\/\/www.dinardopeningfestival.fr\/wp-content\/uploads\/2023\/04\/28.01.2022-Orchestral-Qawwali-Project-_-SCO-@-GRCH-Gaelle-Beri_0840-1024x682.jpg"},{"@type":"WebPage","@id":"https:\/\/www.dinardopeningfestival.fr\/index.php\/orchestral-qawwali-project\/#webpage","url":"https:\/\/www.dinardopeningfestival.fr\/index.php\/orchestral-qawwali-project\/","name":"Orchestral Qawwali Project - Festival Dinard Opening","isPartOf":{"@id":"http:\/\/www.dinardopeningfestival.fr\/#website"},"primaryImageOfPage":{"@id":"https:\/\/www.dinardopeningfestival.fr\/index.php\/orchestral-qawwali-project\/#primaryimage"},"datePublished":"2023-04-06T13:12:54+00:00","dateModified":"2023-04-14T15:31:58+00:00","breadcrumb":{"@id":"https:\/\/www.dinardopeningfestival.fr\/index.php\/orchestral-qawwali-project\/#breadcrumb"},"inLanguage":"fr-FR","potentialAction":[{"@type":"ReadAction","target":["https:\/\/www.dinardopeningfestival.fr\/index.php\/orchestral-qawwali-project\/"]}]},{"@type":"BreadcrumbList","@id":"https:\/\/www.dinardopeningfestival.fr\/index.php\/orchestral-qawwali-project\/#breadcrumb","itemListElement":[{"@type":"ListItem","position":1,"name":"Accueil","item":"http:\/\/www.dinardopeningfestival.fr\/"},{"@type":"ListItem","position":2,"name":"Orchestral Qawwali Project"}]}]}},"_links":{"self":[{"href":"https:\/\/www.dinardopeningfestival.fr\/index.php\/wp-json\/wp\/v2\/pages\/1709","targetHints":{"allow":["GET"]}}],"collection":[{"href":"https:\/\/www.dinardopeningfestival.fr\/index.php\/wp-json\/wp\/v2\/pages"}],"about":[{"href":"https:\/\/www.dinardopeningfestival.fr\/index.php\/wp-json\/wp\/v2\/types\/page"}],"author":[{"embeddable":true,"href":"https:\/\/www.dinardopeningfestival.fr\/index.php\/wp-json\/wp\/v2\/users\/1"}],"replies":[{"embeddable":true,"href":"https:\/\/www.dinardopeningfestival.fr\/index.php\/wp-json\/wp\/v2\/comments?post=1709"}],"version-history":[{"count":6,"href":"https:\/\/www.dinardopeningfestival.fr\/index.php\/wp-json\/wp\/v2\/pages\/1709\/revisions"}],"predecessor-version":[{"id":1816,"href":"https:\/\/www.dinardopeningfestival.fr\/index.php\/wp-json\/wp\/v2\/pages\/1709\/revisions\/1816"}],"wp:attachment":[{"href":"https:\/\/www.dinardopeningfestival.fr\/index.php\/wp-json\/wp\/v2\/media?parent=1709"}],"curies":[{"name":"wp","href":"https:\/\/api.w.org\/{rel}","templated":true}]}}