{"id":171,"date":"2021-06-08T14:31:25","date_gmt":"2021-06-08T12:31:25","guid":{"rendered":"http:\/\/ygzvpgw.cluster030.hosting.ovh.net\/?page_id=171"},"modified":"2021-07-16T16:31:50","modified_gmt":"2021-07-16T14:31:50","slug":"les-musiciens-de-saint-julien","status":"publish","type":"page","link":"https:\/\/www.dinardopeningfestival.fr\/index.php\/les-musiciens-de-saint-julien\/","title":{"rendered":"Les Musiciens de Saint-Julien"},"content":{"rendered":"\n<h2 class=\"wp-block-heading\"><strong>Un programme r\u00e9unissant toute la saveur et la richesse de la musique anglaise, instrumentale comme vocale de l\u2019Angleterre du XVII\u00e8 si\u00e8cle.<\/strong><\/h2>\n\n\n\n<h3 class=\"wp-block-heading\">QUEEN\u2019S DELIGHT <br>Ballades, grounds, jigs et contredanses<\/h3>\n\n\n\n<h4 class=\"wp-block-heading\">Inspir\u00e9s par l\u2019intime conviction de leur fondateur, fl\u00fbtiste et t\u00eate chercheuse <strong>Fran\u00e7ois Lazarevitch<\/strong>, Les Musiciens de Saint-Julien \u00e9voluent sur les chemins du baroque en recoupant sources \u00e9crites et orales.<br><br>Ils se caract\u00e9risent par un sens inventif des couleurs, une \u00e9nergie jaillie du mouvement dans\u00e9 et une v\u00e9ritable sensibilit\u00e9 po\u00e9tique, dans <strong>une approche \u00e0 la fois \u00e9rudite et intuitive, enracin\u00e9e dans les pratiques populaires d\u2019un instrumentarium ancien d\u2019o\u00f9 \u00e9mergent fl\u00fbtes et musettes<\/strong>. <br><br>Ils nous prouvent qu\u2019on peut \u00eatre \u00e0 la fois naturel et \u00e9l\u00e9gant, chaloup\u00e9 et virtuose, et nous offrent des interpr\u00e9tations incroyablement famili\u00e8res et pourtant \u00e0 chaque fois si neuves tant elles sont nourries d\u2019un feu int\u00e9rieur \u00e9lectrisant !<\/h4>\n\n\n\n<figure class=\"wp-block-embed aligncenter is-type-video is-provider-youtube wp-block-embed-youtube wp-embed-aspect-16-9 wp-has-aspect-ratio\"><div class=\"wp-block-embed__wrapper\">\n<iframe loading=\"lazy\" title=\"THE HIGH ROAD TO KILKENNY (Live) \/\/ Les Musiciens De St Julien, F. Lazarevitch\" width=\"720\" height=\"405\" src=\"https:\/\/www.youtube.com\/embed\/6ER7VQnKFKU?feature=oembed\" frameborder=\"0\" allow=\"accelerometer; autoplay; clipboard-write; encrypted-media; gyroscope; picture-in-picture\" allowfullscreen><\/iframe>\n<\/div><\/figure>\n\n\n\n<hr class=\"wp-block-separator aligncenter is-style-wide\"\/>\n\n\n\n<h3 class=\"wp-block-heading\">Mairead HICKEY, violon<br>Fiona MCGOWN, mezzo-soprano<br>Enea SORINI, baryton et percussions<br>Fran\u00e7ois LAZAREVITCH, fl\u00fbtes, smallpipes et direction<br>Marie BOURNISIEN, harpe baroque<br>Etienne FLOUTIER, viole de gambe<br>Eric BELLOCQ, archiluth, cistre<\/h3>\n\n\n\n<ul class=\"wp-block-social-links aligncenter is-layout-flex wp-block-social-links-is-layout-flex\"><li class=\"wp-social-link wp-social-link-chain  wp-block-social-link\"><a href=\"https:\/\/www.lesmusiciensdesaintjulien.fr\/\" class=\"wp-block-social-link-anchor\"><svg width=\"24\" height=\"24\" viewBox=\"0 0 24 24\" version=\"1.1\" xmlns=\"http:\/\/www.w3.org\/2000\/svg\" aria-hidden=\"true\" focusable=\"false\"><path d=\"M15.6,7.2H14v1.5h1.6c2,0,3.7,1.7,3.7,3.7s-1.7,3.7-3.7,3.7H14v1.5h1.6c2.8,0,5.2-2.3,5.2-5.2,0-2.9-2.3-5.2-5.2-5.2zM4.7,12.4c0-2,1.7-3.7,3.7-3.7H10V7.2H8.4c-2.9,0-5.2,2.3-5.2,5.2,0,2.9,2.3,5.2,5.2,5.2H10v-1.5H8.4c-2,0-3.7-1.7-3.7-3.7zm4.6.9h5.3v-1.5H9.3v1.5z\"><\/path><\/svg><span class=\"wp-block-social-link-label screen-reader-text\">Lien<\/span><\/a><\/li>\n\n<li class=\"wp-social-link wp-social-link-facebook  wp-block-social-link\"><a href=\"https:\/\/www.facebook.com\/lesmusiciensdesaintjulien%20\" class=\"wp-block-social-link-anchor\"><svg width=\"24\" height=\"24\" viewBox=\"0 0 24 24\" version=\"1.1\" xmlns=\"http:\/\/www.w3.org\/2000\/svg\" aria-hidden=\"true\" focusable=\"false\"><path d=\"M12 2C6.5 2 2 6.5 2 12c0 5 3.7 9.1 8.4 9.9v-7H7.9V12h2.5V9.8c0-2.5 1.5-3.9 3.8-3.9 1.1 0 2.2.2 2.2.2v2.5h-1.3c-1.2 0-1.6.8-1.6 1.6V12h2.8l-.4 2.9h-2.3v7C18.3 21.1 22 17 22 12c0-5.5-4.5-10-10-10z\"><\/path><\/svg><span class=\"wp-block-social-link-label screen-reader-text\">Facebook<\/span><\/a><\/li>\n\n<li class=\"wp-social-link wp-social-link-instagram  wp-block-social-link\"><a href=\"https:\/\/www.instagram.com\/mussaintjulien\/?hl=fr%20\" class=\"wp-block-social-link-anchor\"><svg width=\"24\" height=\"24\" viewBox=\"0 0 24 24\" version=\"1.1\" xmlns=\"http:\/\/www.w3.org\/2000\/svg\" aria-hidden=\"true\" focusable=\"false\"><path d=\"M12,4.622c2.403,0,2.688,0.009,3.637,0.052c0.877,0.04,1.354,0.187,1.671,0.31c0.42,0.163,0.72,0.358,1.035,0.673 c0.315,0.315,0.51,0.615,0.673,1.035c0.123,0.317,0.27,0.794,0.31,1.671c0.043,0.949,0.052,1.234,0.052,3.637 s-0.009,2.688-0.052,3.637c-0.04,0.877-0.187,1.354-0.31,1.671c-0.163,0.42-0.358,0.72-0.673,1.035 c-0.315,0.315-0.615,0.51-1.035,0.673c-0.317,0.123-0.794,0.27-1.671,0.31c-0.949,0.043-1.233,0.052-3.637,0.052 s-2.688-0.009-3.637-0.052c-0.877-0.04-1.354-0.187-1.671-0.31c-0.42-0.163-0.72-0.358-1.035-0.673 c-0.315-0.315-0.51-0.615-0.673-1.035c-0.123-0.317-0.27-0.794-0.31-1.671C4.631,14.688,4.622,14.403,4.622,12 s0.009-2.688,0.052-3.637c0.04-0.877,0.187-1.354,0.31-1.671c0.163-0.42,0.358-0.72,0.673-1.035 c0.315-0.315,0.615-0.51,1.035-0.673c0.317-0.123,0.794-0.27,1.671-0.31C9.312,4.631,9.597,4.622,12,4.622 M12,3 C9.556,3,9.249,3.01,8.289,3.054C7.331,3.098,6.677,3.25,6.105,3.472C5.513,3.702,5.011,4.01,4.511,4.511 c-0.5,0.5-0.808,1.002-1.038,1.594C3.25,6.677,3.098,7.331,3.054,8.289C3.01,9.249,3,9.556,3,12c0,2.444,0.01,2.751,0.054,3.711 c0.044,0.958,0.196,1.612,0.418,2.185c0.23,0.592,0.538,1.094,1.038,1.594c0.5,0.5,1.002,0.808,1.594,1.038 c0.572,0.222,1.227,0.375,2.185,0.418C9.249,20.99,9.556,21,12,21s2.751-0.01,3.711-0.054c0.958-0.044,1.612-0.196,2.185-0.418 c0.592-0.23,1.094-0.538,1.594-1.038c0.5-0.5,0.808-1.002,1.038-1.594c0.222-0.572,0.375-1.227,0.418-2.185 C20.99,14.751,21,14.444,21,12s-0.01-2.751-0.054-3.711c-0.044-0.958-0.196-1.612-0.418-2.185c-0.23-0.592-0.538-1.094-1.038-1.594 c-0.5-0.5-1.002-0.808-1.594-1.038c-0.572-0.222-1.227-0.375-2.185-0.418C14.751,3.01,14.444,3,12,3L12,3z M12,7.378 c-2.552,0-4.622,2.069-4.622,4.622S9.448,16.622,12,16.622s4.622-2.069,4.622-4.622S14.552,7.378,12,7.378z M12,15 c-1.657,0-3-1.343-3-3s1.343-3,3-3s3,1.343,3,3S13.657,15,12,15z M16.804,6.116c-0.596,0-1.08,0.484-1.08,1.08 s0.484,1.08,1.08,1.08c0.596,0,1.08-0.484,1.08-1.08S17.401,6.116,16.804,6.116z\"><\/path><\/svg><span class=\"wp-block-social-link-label screen-reader-text\">Instagram<\/span><\/a><\/li><\/ul>\n\n\n\n<h4 class=\"has-text-align-right wp-block-heading\"><a href=\"http:\/\/www.dinardopeningfestival.fr\/index.php\/informations-pratiques\/\">Tarifs B \/ C<\/a><\/h4>\n\n\n\n<h4 class=\"has-text-align-right wp-block-heading\">> <strong><a href=\"https:\/\/bit.ly\/3wxG5wm\">Achetez votre billet<\/a><\/strong> &lt;<\/h4>\n\n\n\n<hr class=\"wp-block-separator is-style-wide\"\/>\n\n\n\n<div class=\"wp-block-image\"><figure class=\"aligncenter size-large is-resized\"><img loading=\"lazy\" decoding=\"async\" src=\"http:\/\/www.dinardopeningfestival.fr\/wp-content\/uploads\/2021\/06\/drapeau-royaume-uni.png\" alt=\"\" class=\"wp-image-574\" width=\"92\" height=\"92\" srcset=\"https:\/\/www.dinardopeningfestival.fr\/wp-content\/uploads\/2021\/06\/drapeau-royaume-uni.png 360w, https:\/\/www.dinardopeningfestival.fr\/wp-content\/uploads\/2021\/06\/drapeau-royaume-uni-300x300.png 300w, https:\/\/www.dinardopeningfestival.fr\/wp-content\/uploads\/2021\/06\/drapeau-royaume-uni-150x150.png 150w, https:\/\/www.dinardopeningfestival.fr\/wp-content\/uploads\/2021\/06\/drapeau-royaume-uni-24x24.png 24w, https:\/\/www.dinardopeningfestival.fr\/wp-content\/uploads\/2021\/06\/drapeau-royaume-uni-36x36.png 36w, https:\/\/www.dinardopeningfestival.fr\/wp-content\/uploads\/2021\/06\/drapeau-royaume-uni-48x48.png 48w\" sizes=\"auto, (max-width: 92px) 100vw, 92px\" \/><\/figure><\/div>\n\n\n\n<h4 class=\"has-medium-font-size wp-block-heading\">This ensemble of musicians has at their center the extraordinary <br>British mezzo-soprano, Fiona Maggown. <br><br>She and they excel with their historical repertoire of rounds, jigs and folk dancing which was at the heart of the European courts during the XVIIth century.<\/h4>\n\n\n\n<p><\/p>\n","protected":false},"excerpt":{"rendered":"<p>Un programme r\u00e9unissant toute la saveur et la richesse de la musique anglaise, instrumentale comme vocale de l\u2019Angleterre du XVII\u00e8 si\u00e8cle. QUEEN\u2019S DELIGHT Ballades, grounds, jigs et contredanses Inspir\u00e9s par l\u2019intime conviction de leur fondateur, fl\u00fbtiste et t\u00eate chercheuse Fran\u00e7ois Lazarevitch, Les Musiciens de Saint-Julien \u00e9voluent sur les chemins du baroque en recoupant sources \u00e9crites [&hellip;]<\/p>\n","protected":false},"author":1,"featured_media":232,"parent":0,"menu_order":0,"comment_status":"closed","ping_status":"closed","template":"","meta":{"footnotes":""},"class_list":["post-171","page","type-page","status-publish","has-post-thumbnail","hentry"],"yoast_head":"<!-- This site is optimized with the Yoast SEO plugin v19.2 - https:\/\/yoast.com\/wordpress\/plugins\/seo\/ -->\n<title>Les Musiciens de Saint-Julien - Festival Dinard Opening<\/title>\n<meta name=\"robots\" content=\"index, follow, max-snippet:-1, max-image-preview:large, max-video-preview:-1\" \/>\n<link rel=\"canonical\" href=\"http:\/\/www.dinardopeningfestival.fr\/index.php\/les-musiciens-de-saint-julien\/\" \/>\n<meta property=\"og:locale\" content=\"fr_FR\" \/>\n<meta property=\"og:type\" content=\"article\" \/>\n<meta property=\"og:title\" content=\"Les Musiciens de Saint-Julien - Festival Dinard Opening\" \/>\n<meta property=\"og:description\" content=\"Un programme r\u00e9unissant toute la saveur et la richesse de la musique anglaise, instrumentale comme vocale de l\u2019Angleterre du XVII\u00e8 si\u00e8cle. QUEEN\u2019S DELIGHT Ballades, grounds, jigs et contredanses Inspir\u00e9s par l\u2019intime conviction de leur fondateur, fl\u00fbtiste et t\u00eate chercheuse Fran\u00e7ois Lazarevitch, Les Musiciens de Saint-Julien \u00e9voluent sur les chemins du baroque en recoupant sources \u00e9crites [&hellip;]\" \/>\n<meta property=\"og:url\" content=\"http:\/\/www.dinardopeningfestival.fr\/index.php\/les-musiciens-de-saint-julien\/\" \/>\n<meta property=\"og:site_name\" content=\"Festival Dinard Opening\" \/>\n<meta property=\"article:publisher\" content=\"https:\/\/www.facebook.com\/DinardOpeningFestival\" \/>\n<meta property=\"article:modified_time\" content=\"2021-07-16T14:31:50+00:00\" \/>\n<meta property=\"og:image\" content=\"http:\/\/www.dinardopeningfestival.fr\/wp-content\/uploads\/2021\/06\/saint-julien.jpg\" \/>\n\t<meta property=\"og:image:width\" content=\"1240\" \/>\n\t<meta property=\"og:image:height\" content=\"591\" \/>\n\t<meta property=\"og:image:type\" content=\"image\/jpeg\" \/>\n<meta name=\"author\" content=\"admin4235\" \/>\n<meta name=\"twitter:card\" content=\"summary_large_image\" \/>\n<meta name=\"twitter:label1\" content=\"Dur\u00e9e de lecture estim\u00e9e\" \/>\n\t<meta name=\"twitter:data1\" content=\"1 minute\" \/>\n<script type=\"application\/ld+json\" class=\"yoast-schema-graph\">{\"@context\":\"https:\/\/schema.org\",\"@graph\":[{\"@type\":\"Organization\",\"@id\":\"http:\/\/www.dinardopeningfestival.fr\/#organization\",\"name\":\"Festival Dinard Opening\",\"url\":\"http:\/\/www.dinardopeningfestival.fr\/\",\"sameAs\":[\"https:\/\/www.instagram.com\/dinardopening\/\",\"https:\/\/www.facebook.com\/DinardOpeningFestival\"],\"logo\":{\"@type\":\"ImageObject\",\"inLanguage\":\"fr-FR\",\"@id\":\"http:\/\/www.dinardopeningfestival.fr\/#\/schema\/logo\/image\/\",\"url\":\"https:\/\/www.dinardopeningfestival.fr\/wp-content\/uploads\/2021\/06\/Logo-Dinard-bleu-opening-rouge-1-scaled.jpg\",\"contentUrl\":\"https:\/\/www.dinardopeningfestival.fr\/wp-content\/uploads\/2021\/06\/Logo-Dinard-bleu-opening-rouge-1-scaled.jpg\",\"width\":2560,\"height\":1810,\"caption\":\"Festival Dinard Opening\"},\"image\":{\"@id\":\"http:\/\/www.dinardopeningfestival.fr\/#\/schema\/logo\/image\/\"}},{\"@type\":\"WebSite\",\"@id\":\"http:\/\/www.dinardopeningfestival.fr\/#website\",\"url\":\"http:\/\/www.dinardopeningfestival.fr\/\",\"name\":\"Festival Dinard Opening\",\"description\":\"Le Festival des Musiques Britanniques\",\"publisher\":{\"@id\":\"http:\/\/www.dinardopeningfestival.fr\/#organization\"},\"potentialAction\":[{\"@type\":\"SearchAction\",\"target\":{\"@type\":\"EntryPoint\",\"urlTemplate\":\"http:\/\/www.dinardopeningfestival.fr\/?s={search_term_string}\"},\"query-input\":\"required name=search_term_string\"}],\"inLanguage\":\"fr-FR\"},{\"@type\":\"ImageObject\",\"inLanguage\":\"fr-FR\",\"@id\":\"http:\/\/www.dinardopeningfestival.fr\/index.php\/les-musiciens-de-saint-julien\/#primaryimage\",\"url\":\"https:\/\/www.dinardopeningfestival.fr\/wp-content\/uploads\/2021\/06\/saint-julien.jpg\",\"contentUrl\":\"https:\/\/www.dinardopeningfestival.fr\/wp-content\/uploads\/2021\/06\/saint-julien.jpg\",\"width\":1240,\"height\":591},{\"@type\":\"WebPage\",\"@id\":\"http:\/\/www.dinardopeningfestival.fr\/index.php\/les-musiciens-de-saint-julien\/#webpage\",\"url\":\"http:\/\/www.dinardopeningfestival.fr\/index.php\/les-musiciens-de-saint-julien\/\",\"name\":\"Les Musiciens de Saint-Julien - Festival Dinard Opening\",\"isPartOf\":{\"@id\":\"http:\/\/www.dinardopeningfestival.fr\/#website\"},\"primaryImageOfPage\":{\"@id\":\"http:\/\/www.dinardopeningfestival.fr\/index.php\/les-musiciens-de-saint-julien\/#primaryimage\"},\"datePublished\":\"2021-06-08T12:31:25+00:00\",\"dateModified\":\"2021-07-16T14:31:50+00:00\",\"breadcrumb\":{\"@id\":\"http:\/\/www.dinardopeningfestival.fr\/index.php\/les-musiciens-de-saint-julien\/#breadcrumb\"},\"inLanguage\":\"fr-FR\",\"potentialAction\":[{\"@type\":\"ReadAction\",\"target\":[\"http:\/\/www.dinardopeningfestival.fr\/index.php\/les-musiciens-de-saint-julien\/\"]}]},{\"@type\":\"BreadcrumbList\",\"@id\":\"http:\/\/www.dinardopeningfestival.fr\/index.php\/les-musiciens-de-saint-julien\/#breadcrumb\",\"itemListElement\":[{\"@type\":\"ListItem\",\"position\":1,\"name\":\"Accueil\",\"item\":\"http:\/\/www.dinardopeningfestival.fr\/\"},{\"@type\":\"ListItem\",\"position\":2,\"name\":\"Les Musiciens de Saint-Julien\"}]}]}<\/script>\n<!-- \/ Yoast SEO plugin. -->","yoast_head_json":{"title":"Les Musiciens de Saint-Julien - Festival Dinard Opening","robots":{"index":"index","follow":"follow","max-snippet":"max-snippet:-1","max-image-preview":"max-image-preview:large","max-video-preview":"max-video-preview:-1"},"canonical":"http:\/\/www.dinardopeningfestival.fr\/index.php\/les-musiciens-de-saint-julien\/","og_locale":"fr_FR","og_type":"article","og_title":"Les Musiciens de Saint-Julien - Festival Dinard Opening","og_description":"Un programme r\u00e9unissant toute la saveur et la richesse de la musique anglaise, instrumentale comme vocale de l\u2019Angleterre du XVII\u00e8 si\u00e8cle. QUEEN\u2019S DELIGHT Ballades, grounds, jigs et contredanses Inspir\u00e9s par l\u2019intime conviction de leur fondateur, fl\u00fbtiste et t\u00eate chercheuse Fran\u00e7ois Lazarevitch, Les Musiciens de Saint-Julien \u00e9voluent sur les chemins du baroque en recoupant sources \u00e9crites [&hellip;]","og_url":"http:\/\/www.dinardopeningfestival.fr\/index.php\/les-musiciens-de-saint-julien\/","og_site_name":"Festival Dinard Opening","article_publisher":"https:\/\/www.facebook.com\/DinardOpeningFestival","article_modified_time":"2021-07-16T14:31:50+00:00","og_image":[{"width":1240,"height":591,"url":"http:\/\/www.dinardopeningfestival.fr\/wp-content\/uploads\/2021\/06\/saint-julien.jpg","type":"image\/jpeg"}],"author":"admin4235","twitter_card":"summary_large_image","twitter_misc":{"Dur\u00e9e de lecture estim\u00e9e":"1 minute"},"schema":{"@context":"https:\/\/schema.org","@graph":[{"@type":"Organization","@id":"http:\/\/www.dinardopeningfestival.fr\/#organization","name":"Festival Dinard Opening","url":"http:\/\/www.dinardopeningfestival.fr\/","sameAs":["https:\/\/www.instagram.com\/dinardopening\/","https:\/\/www.facebook.com\/DinardOpeningFestival"],"logo":{"@type":"ImageObject","inLanguage":"fr-FR","@id":"http:\/\/www.dinardopeningfestival.fr\/#\/schema\/logo\/image\/","url":"https:\/\/www.dinardopeningfestival.fr\/wp-content\/uploads\/2021\/06\/Logo-Dinard-bleu-opening-rouge-1-scaled.jpg","contentUrl":"https:\/\/www.dinardopeningfestival.fr\/wp-content\/uploads\/2021\/06\/Logo-Dinard-bleu-opening-rouge-1-scaled.jpg","width":2560,"height":1810,"caption":"Festival Dinard Opening"},"image":{"@id":"http:\/\/www.dinardopeningfestival.fr\/#\/schema\/logo\/image\/"}},{"@type":"WebSite","@id":"http:\/\/www.dinardopeningfestival.fr\/#website","url":"http:\/\/www.dinardopeningfestival.fr\/","name":"Festival Dinard Opening","description":"Le Festival des Musiques Britanniques","publisher":{"@id":"http:\/\/www.dinardopeningfestival.fr\/#organization"},"potentialAction":[{"@type":"SearchAction","target":{"@type":"EntryPoint","urlTemplate":"http:\/\/www.dinardopeningfestival.fr\/?s={search_term_string}"},"query-input":"required name=search_term_string"}],"inLanguage":"fr-FR"},{"@type":"ImageObject","inLanguage":"fr-FR","@id":"http:\/\/www.dinardopeningfestival.fr\/index.php\/les-musiciens-de-saint-julien\/#primaryimage","url":"https:\/\/www.dinardopeningfestival.fr\/wp-content\/uploads\/2021\/06\/saint-julien.jpg","contentUrl":"https:\/\/www.dinardopeningfestival.fr\/wp-content\/uploads\/2021\/06\/saint-julien.jpg","width":1240,"height":591},{"@type":"WebPage","@id":"http:\/\/www.dinardopeningfestival.fr\/index.php\/les-musiciens-de-saint-julien\/#webpage","url":"http:\/\/www.dinardopeningfestival.fr\/index.php\/les-musiciens-de-saint-julien\/","name":"Les Musiciens de Saint-Julien - Festival Dinard Opening","isPartOf":{"@id":"http:\/\/www.dinardopeningfestival.fr\/#website"},"primaryImageOfPage":{"@id":"http:\/\/www.dinardopeningfestival.fr\/index.php\/les-musiciens-de-saint-julien\/#primaryimage"},"datePublished":"2021-06-08T12:31:25+00:00","dateModified":"2021-07-16T14:31:50+00:00","breadcrumb":{"@id":"http:\/\/www.dinardopeningfestival.fr\/index.php\/les-musiciens-de-saint-julien\/#breadcrumb"},"inLanguage":"fr-FR","potentialAction":[{"@type":"ReadAction","target":["http:\/\/www.dinardopeningfestival.fr\/index.php\/les-musiciens-de-saint-julien\/"]}]},{"@type":"BreadcrumbList","@id":"http:\/\/www.dinardopeningfestival.fr\/index.php\/les-musiciens-de-saint-julien\/#breadcrumb","itemListElement":[{"@type":"ListItem","position":1,"name":"Accueil","item":"http:\/\/www.dinardopeningfestival.fr\/"},{"@type":"ListItem","position":2,"name":"Les Musiciens de Saint-Julien"}]}]}},"_links":{"self":[{"href":"https:\/\/www.dinardopeningfestival.fr\/index.php\/wp-json\/wp\/v2\/pages\/171","targetHints":{"allow":["GET"]}}],"collection":[{"href":"https:\/\/www.dinardopeningfestival.fr\/index.php\/wp-json\/wp\/v2\/pages"}],"about":[{"href":"https:\/\/www.dinardopeningfestival.fr\/index.php\/wp-json\/wp\/v2\/types\/page"}],"author":[{"embeddable":true,"href":"https:\/\/www.dinardopeningfestival.fr\/index.php\/wp-json\/wp\/v2\/users\/1"}],"replies":[{"embeddable":true,"href":"https:\/\/www.dinardopeningfestival.fr\/index.php\/wp-json\/wp\/v2\/comments?post=171"}],"version-history":[{"count":17,"href":"https:\/\/www.dinardopeningfestival.fr\/index.php\/wp-json\/wp\/v2\/pages\/171\/revisions"}],"predecessor-version":[{"id":662,"href":"https:\/\/www.dinardopeningfestival.fr\/index.php\/wp-json\/wp\/v2\/pages\/171\/revisions\/662"}],"wp:featuredmedia":[{"embeddable":true,"href":"https:\/\/www.dinardopeningfestival.fr\/index.php\/wp-json\/wp\/v2\/media\/232"}],"wp:attachment":[{"href":"https:\/\/www.dinardopeningfestival.fr\/index.php\/wp-json\/wp\/v2\/media?parent=171"}],"curies":[{"name":"wp","href":"https:\/\/api.w.org\/{rel}","templated":true}]}}