{"id":1718,"date":"2023-04-06T15:25:30","date_gmt":"2023-04-06T13:25:30","guid":{"rendered":"https:\/\/www.dinardopeningfestival.fr\/?page_id=1718"},"modified":"2023-07-27T18:08:00","modified_gmt":"2023-07-27T16:08:00","slug":"asaka-quartet","status":"publish","type":"page","link":"https:\/\/www.dinardopeningfestival.fr\/index.php\/asaka-quartet\/","title":{"rendered":"Asaka Quartet"},"content":{"rendered":"\n<h3 class=\"has-text-align-center wp-block-heading\">Royal Academy of Music<\/h3>\n\n\n\n<h3 class=\"has-text-align-right wp-block-heading\"><mark style=\"background-color:rgba(0, 0, 0, 0)\" class=\"has-inline-color has-vivid-cyan-blue-color\">5 ao\u00fbt &#8211; 18h<br>\u00c9glise anglicane<\/mark><br>&#8211; CONCERT COMPLET &#8211;<\/h3>\n\n\n\n<figure class=\"wp-block-image size-full\"><img decoding=\"async\" src=\"http:\/\/www.dinardopeningfestival.fr\/wp-content\/uploads\/2023\/04\/Asaka-group-3\u00a9Andrew-Mason-6.jpg\" alt=\"\" class=\"wp-image-1752\"\/><figcaption>\u00a9 Andrew Mason<\/figcaption><\/figure>\n\n\n\n<p class=\"has-text-align-center\">Dans un programme exclusivement britannique par un jeune quatuor \u00e0 cordes, \u00e9lu<br>Chamber Music Fellows \u00e0 la Royal Academy of Music de Londres pour l\u2019ann\u00e9e 2022\/2023.<br><br>Le quatuor Asaka nous donnera l\u2019occasion de d\u00e9couvrir ou red\u00e9couvrir le plus important compositeur britannique de musique de chambre dont l\u2019inspiration se r\u00e9v\u00e8le assez proche du post-romantisme de Gabriel Faur\u00e9.<br><br>\u2022 <strong>Franck Bridge (1879-1941) <\/strong>&gt; Quatuor \u00e0 cordes n\u00b0 1 en mi mineur \u00abBologne\u00bb, 1906<br><br>Ainsi qu\u2019un compositeur tr\u00e8s prolifique \u00e9trangement assez peu connu de ce c\u00f4t\u00e9-ci du \u201cChannel\u201d :<br><br>\u2022<strong> Arnold Bax (1883-1953) <\/strong>&gt; Quatuor no.1 en sol majeur, 1918<br><br>Une musique impressionniste, n\u00e9o-romantique\u2026 ambitieuse et s\u00e9duisante\u2026<\/p>\n\n\n\n<figure class=\"wp-block-embed aligncenter is-type-video is-provider-youtube wp-block-embed-youtube wp-embed-aspect-16-9 wp-has-aspect-ratio\"><div class=\"wp-block-embed__wrapper\">\n<iframe loading=\"lazy\" title=\"Asaka Quartet: Shine You No More (Danish String Quartet)\" width=\"720\" height=\"405\" src=\"https:\/\/www.youtube.com\/embed\/0NkQ3Du_nkc?feature=oembed\" frameborder=\"0\" allow=\"accelerometer; autoplay; clipboard-write; encrypted-media; gyroscope; picture-in-picture; web-share\" allowfullscreen><\/iframe>\n<\/div><\/figure>\n\n\n\n<h3 class=\"wp-block-heading\"><strong>Iona McDonald<\/strong>, violon<br><strong>Eriol Guo Yu<\/strong>, violon<br><strong>Susie Xin He<\/strong>, alto<br><strong>Fong Ho Man Jonathan<\/strong>, violoncelle<\/h3>\n\n\n\n<div class=\"wp-block-buttons is-content-justification-center is-layout-flex wp-container-core-buttons-is-layout-16018d1d wp-block-buttons-is-layout-flex\">\n<div class=\"wp-block-button\"><a class=\"wp-block-button__link\" href=\"https:\/\/urlz.fr\/doIt\">ACHETEZ VOTRE BILLET<\/a><\/div>\n<\/div>\n","protected":false},"excerpt":{"rendered":"<p>Royal Academy of Music 5 ao\u00fbt &#8211; 18h\u00c9glise anglicane&#8211; CONCERT COMPLET &#8211; Dans un programme exclusivement britannique par un jeune quatuor \u00e0 cordes, \u00e9luChamber Music Fellows \u00e0 la Royal Academy of Music de Londres pour l\u2019ann\u00e9e 2022\/2023. Le quatuor Asaka nous donnera l\u2019occasion de d\u00e9couvrir ou red\u00e9couvrir le plus important compositeur britannique de musique de [&hellip;]<\/p>\n","protected":false},"author":1,"featured_media":0,"parent":0,"menu_order":0,"comment_status":"closed","ping_status":"closed","template":"","meta":{"footnotes":""},"class_list":["post-1718","page","type-page","status-publish","hentry"],"yoast_head":"<!-- This site is optimized with the Yoast SEO plugin v19.2 - https:\/\/yoast.com\/wordpress\/plugins\/seo\/ -->\n<title>Asaka Quartet - Festival Dinard Opening<\/title>\n<meta name=\"robots\" content=\"index, follow, max-snippet:-1, max-image-preview:large, max-video-preview:-1\" \/>\n<link rel=\"canonical\" href=\"https:\/\/www.dinardopeningfestival.fr\/index.php\/asaka-quartet\/\" \/>\n<meta property=\"og:locale\" content=\"fr_FR\" \/>\n<meta property=\"og:type\" content=\"article\" \/>\n<meta property=\"og:title\" content=\"Asaka Quartet - Festival Dinard Opening\" \/>\n<meta property=\"og:description\" content=\"Royal Academy of Music 5 ao\u00fbt &#8211; 18h\u00c9glise anglicane&#8211; CONCERT COMPLET &#8211; Dans un programme exclusivement britannique par un jeune quatuor \u00e0 cordes, \u00e9luChamber Music Fellows \u00e0 la Royal Academy of Music de Londres pour l\u2019ann\u00e9e 2022\/2023. Le quatuor Asaka nous donnera l\u2019occasion de d\u00e9couvrir ou red\u00e9couvrir le plus important compositeur britannique de musique de [&hellip;]\" \/>\n<meta property=\"og:url\" content=\"https:\/\/www.dinardopeningfestival.fr\/index.php\/asaka-quartet\/\" \/>\n<meta property=\"og:site_name\" content=\"Festival Dinard Opening\" \/>\n<meta property=\"article:publisher\" content=\"https:\/\/www.facebook.com\/DinardOpeningFestival\" \/>\n<meta property=\"article:modified_time\" content=\"2023-07-27T16:08:00+00:00\" \/>\n<meta name=\"author\" content=\"admin4235\" \/>\n<meta name=\"twitter:card\" content=\"summary_large_image\" \/>\n<meta name=\"twitter:label1\" content=\"Dur\u00e9e de lecture estim\u00e9e\" \/>\n\t<meta name=\"twitter:data1\" content=\"1 minute\" \/>\n<script type=\"application\/ld+json\" class=\"yoast-schema-graph\">{\"@context\":\"https:\/\/schema.org\",\"@graph\":[{\"@type\":\"Organization\",\"@id\":\"http:\/\/www.dinardopeningfestival.fr\/#organization\",\"name\":\"Festival Dinard Opening\",\"url\":\"http:\/\/www.dinardopeningfestival.fr\/\",\"sameAs\":[\"https:\/\/www.instagram.com\/dinardopening\/\",\"https:\/\/www.facebook.com\/DinardOpeningFestival\"],\"logo\":{\"@type\":\"ImageObject\",\"inLanguage\":\"fr-FR\",\"@id\":\"http:\/\/www.dinardopeningfestival.fr\/#\/schema\/logo\/image\/\",\"url\":\"https:\/\/www.dinardopeningfestival.fr\/wp-content\/uploads\/2021\/06\/Logo-Dinard-bleu-opening-rouge-1-scaled.jpg\",\"contentUrl\":\"https:\/\/www.dinardopeningfestival.fr\/wp-content\/uploads\/2021\/06\/Logo-Dinard-bleu-opening-rouge-1-scaled.jpg\",\"width\":2560,\"height\":1810,\"caption\":\"Festival Dinard Opening\"},\"image\":{\"@id\":\"http:\/\/www.dinardopeningfestival.fr\/#\/schema\/logo\/image\/\"}},{\"@type\":\"WebSite\",\"@id\":\"http:\/\/www.dinardopeningfestival.fr\/#website\",\"url\":\"http:\/\/www.dinardopeningfestival.fr\/\",\"name\":\"Festival Dinard Opening\",\"description\":\"Le Festival des Musiques Britanniques\",\"publisher\":{\"@id\":\"http:\/\/www.dinardopeningfestival.fr\/#organization\"},\"potentialAction\":[{\"@type\":\"SearchAction\",\"target\":{\"@type\":\"EntryPoint\",\"urlTemplate\":\"http:\/\/www.dinardopeningfestival.fr\/?s={search_term_string}\"},\"query-input\":\"required name=search_term_string\"}],\"inLanguage\":\"fr-FR\"},{\"@type\":\"WebPage\",\"@id\":\"https:\/\/www.dinardopeningfestival.fr\/index.php\/asaka-quartet\/#webpage\",\"url\":\"https:\/\/www.dinardopeningfestival.fr\/index.php\/asaka-quartet\/\",\"name\":\"Asaka Quartet - Festival Dinard Opening\",\"isPartOf\":{\"@id\":\"http:\/\/www.dinardopeningfestival.fr\/#website\"},\"datePublished\":\"2023-04-06T13:25:30+00:00\",\"dateModified\":\"2023-07-27T16:08:00+00:00\",\"breadcrumb\":{\"@id\":\"https:\/\/www.dinardopeningfestival.fr\/index.php\/asaka-quartet\/#breadcrumb\"},\"inLanguage\":\"fr-FR\",\"potentialAction\":[{\"@type\":\"ReadAction\",\"target\":[\"https:\/\/www.dinardopeningfestival.fr\/index.php\/asaka-quartet\/\"]}]},{\"@type\":\"BreadcrumbList\",\"@id\":\"https:\/\/www.dinardopeningfestival.fr\/index.php\/asaka-quartet\/#breadcrumb\",\"itemListElement\":[{\"@type\":\"ListItem\",\"position\":1,\"name\":\"Accueil\",\"item\":\"http:\/\/www.dinardopeningfestival.fr\/\"},{\"@type\":\"ListItem\",\"position\":2,\"name\":\"Asaka Quartet\"}]}]}<\/script>\n<!-- \/ Yoast SEO plugin. -->","yoast_head_json":{"title":"Asaka Quartet - Festival Dinard Opening","robots":{"index":"index","follow":"follow","max-snippet":"max-snippet:-1","max-image-preview":"max-image-preview:large","max-video-preview":"max-video-preview:-1"},"canonical":"https:\/\/www.dinardopeningfestival.fr\/index.php\/asaka-quartet\/","og_locale":"fr_FR","og_type":"article","og_title":"Asaka Quartet - Festival Dinard Opening","og_description":"Royal Academy of Music 5 ao\u00fbt &#8211; 18h\u00c9glise anglicane&#8211; CONCERT COMPLET &#8211; Dans un programme exclusivement britannique par un jeune quatuor \u00e0 cordes, \u00e9luChamber Music Fellows \u00e0 la Royal Academy of Music de Londres pour l\u2019ann\u00e9e 2022\/2023. Le quatuor Asaka nous donnera l\u2019occasion de d\u00e9couvrir ou red\u00e9couvrir le plus important compositeur britannique de musique de [&hellip;]","og_url":"https:\/\/www.dinardopeningfestival.fr\/index.php\/asaka-quartet\/","og_site_name":"Festival Dinard Opening","article_publisher":"https:\/\/www.facebook.com\/DinardOpeningFestival","article_modified_time":"2023-07-27T16:08:00+00:00","author":"admin4235","twitter_card":"summary_large_image","twitter_misc":{"Dur\u00e9e de lecture estim\u00e9e":"1 minute"},"schema":{"@context":"https:\/\/schema.org","@graph":[{"@type":"Organization","@id":"http:\/\/www.dinardopeningfestival.fr\/#organization","name":"Festival Dinard Opening","url":"http:\/\/www.dinardopeningfestival.fr\/","sameAs":["https:\/\/www.instagram.com\/dinardopening\/","https:\/\/www.facebook.com\/DinardOpeningFestival"],"logo":{"@type":"ImageObject","inLanguage":"fr-FR","@id":"http:\/\/www.dinardopeningfestival.fr\/#\/schema\/logo\/image\/","url":"https:\/\/www.dinardopeningfestival.fr\/wp-content\/uploads\/2021\/06\/Logo-Dinard-bleu-opening-rouge-1-scaled.jpg","contentUrl":"https:\/\/www.dinardopeningfestival.fr\/wp-content\/uploads\/2021\/06\/Logo-Dinard-bleu-opening-rouge-1-scaled.jpg","width":2560,"height":1810,"caption":"Festival Dinard Opening"},"image":{"@id":"http:\/\/www.dinardopeningfestival.fr\/#\/schema\/logo\/image\/"}},{"@type":"WebSite","@id":"http:\/\/www.dinardopeningfestival.fr\/#website","url":"http:\/\/www.dinardopeningfestival.fr\/","name":"Festival Dinard Opening","description":"Le Festival des Musiques Britanniques","publisher":{"@id":"http:\/\/www.dinardopeningfestival.fr\/#organization"},"potentialAction":[{"@type":"SearchAction","target":{"@type":"EntryPoint","urlTemplate":"http:\/\/www.dinardopeningfestival.fr\/?s={search_term_string}"},"query-input":"required name=search_term_string"}],"inLanguage":"fr-FR"},{"@type":"WebPage","@id":"https:\/\/www.dinardopeningfestival.fr\/index.php\/asaka-quartet\/#webpage","url":"https:\/\/www.dinardopeningfestival.fr\/index.php\/asaka-quartet\/","name":"Asaka Quartet - Festival Dinard Opening","isPartOf":{"@id":"http:\/\/www.dinardopeningfestival.fr\/#website"},"datePublished":"2023-04-06T13:25:30+00:00","dateModified":"2023-07-27T16:08:00+00:00","breadcrumb":{"@id":"https:\/\/www.dinardopeningfestival.fr\/index.php\/asaka-quartet\/#breadcrumb"},"inLanguage":"fr-FR","potentialAction":[{"@type":"ReadAction","target":["https:\/\/www.dinardopeningfestival.fr\/index.php\/asaka-quartet\/"]}]},{"@type":"BreadcrumbList","@id":"https:\/\/www.dinardopeningfestival.fr\/index.php\/asaka-quartet\/#breadcrumb","itemListElement":[{"@type":"ListItem","position":1,"name":"Accueil","item":"http:\/\/www.dinardopeningfestival.fr\/"},{"@type":"ListItem","position":2,"name":"Asaka Quartet"}]}]}},"_links":{"self":[{"href":"https:\/\/www.dinardopeningfestival.fr\/index.php\/wp-json\/wp\/v2\/pages\/1718","targetHints":{"allow":["GET"]}}],"collection":[{"href":"https:\/\/www.dinardopeningfestival.fr\/index.php\/wp-json\/wp\/v2\/pages"}],"about":[{"href":"https:\/\/www.dinardopeningfestival.fr\/index.php\/wp-json\/wp\/v2\/types\/page"}],"author":[{"embeddable":true,"href":"https:\/\/www.dinardopeningfestival.fr\/index.php\/wp-json\/wp\/v2\/users\/1"}],"replies":[{"embeddable":true,"href":"https:\/\/www.dinardopeningfestival.fr\/index.php\/wp-json\/wp\/v2\/comments?post=1718"}],"version-history":[{"count":7,"href":"https:\/\/www.dinardopeningfestival.fr\/index.php\/wp-json\/wp\/v2\/pages\/1718\/revisions"}],"predecessor-version":[{"id":1844,"href":"https:\/\/www.dinardopeningfestival.fr\/index.php\/wp-json\/wp\/v2\/pages\/1718\/revisions\/1844"}],"wp:attachment":[{"href":"https:\/\/www.dinardopeningfestival.fr\/index.php\/wp-json\/wp\/v2\/media?parent=1718"}],"curies":[{"name":"wp","href":"https:\/\/api.w.org\/{rel}","templated":true}]}}