{"id":1742,"date":"2023-04-07T15:58:58","date_gmt":"2023-04-07T13:58:58","guid":{"rendered":"http:\/\/www.dinardopeningfestival.fr\/?page_id=1742"},"modified":"2023-04-14T17:46:43","modified_gmt":"2023-04-14T15:46:43","slug":"ensemble-matheus","status":"publish","type":"page","link":"https:\/\/www.dinardopeningfestival.fr\/index.php\/ensemble-matheus\/","title":{"rendered":"Ensemble Matheus"},"content":{"rendered":"\n<h3 class=\"has-text-align-center wp-block-heading\">BAROQUE, BREXIT &amp; CIE<\/h3>\n\n\n\n<h3 class=\"has-text-align-right wp-block-heading\"><mark style=\"background-color:rgba(0, 0, 0, 0)\" class=\"has-inline-color has-vivid-cyan-blue-color\">8 ao\u00fbt &#8211; 21h<br>Parvis de port-Breton<\/mark><\/h3>\n\n\n<div class=\"wp-block-image\">\n<figure class=\"aligncenter size-large\"><img loading=\"lazy\" decoding=\"async\" width=\"1024\" height=\"799\" src=\"http:\/\/www.dinardopeningfestival.fr\/wp-content\/uploads\/2023\/04\/JCS-creedit-photo-MH-Buckley-1024x799.jpg\" alt=\"\" class=\"wp-image-1743\" srcset=\"https:\/\/www.dinardopeningfestival.fr\/wp-content\/uploads\/2023\/04\/JCS-creedit-photo-MH-Buckley-1024x799.jpg 1024w, https:\/\/www.dinardopeningfestival.fr\/wp-content\/uploads\/2023\/04\/JCS-creedit-photo-MH-Buckley-300x234.jpg 300w, https:\/\/www.dinardopeningfestival.fr\/wp-content\/uploads\/2023\/04\/JCS-creedit-photo-MH-Buckley-768x600.jpg 768w, https:\/\/www.dinardopeningfestival.fr\/wp-content\/uploads\/2023\/04\/JCS-creedit-photo-MH-Buckley-1536x1199.jpg 1536w, https:\/\/www.dinardopeningfestival.fr\/wp-content\/uploads\/2023\/04\/JCS-creedit-photo-MH-Buckley-2048x1599.jpg 2048w, https:\/\/www.dinardopeningfestival.fr\/wp-content\/uploads\/2023\/04\/JCS-creedit-photo-MH-Buckley-24x19.jpg 24w, https:\/\/www.dinardopeningfestival.fr\/wp-content\/uploads\/2023\/04\/JCS-creedit-photo-MH-Buckley-36x28.jpg 36w, https:\/\/www.dinardopeningfestival.fr\/wp-content\/uploads\/2023\/04\/JCS-creedit-photo-MH-Buckley-48x37.jpg 48w\" sizes=\"auto, (max-width: 1024px) 100vw, 1024px\" \/><figcaption>\u00a9 MH Buckley<\/figcaption><\/figure>\n<\/div>\n\n\n<p class=\"has-text-align-center\">Cette fantaisie imagin\u00e9e par Jean-Christophe Spinosi traverse des si\u00e8cles de musique<br>et fait la part belle \u00e0 l\u2019influente musique anglaise, au c\u0153ur de passionnants \u00e9changes<br>musicaux en Europe. Cette tumultueuse histoire d\u2019amour a accouch\u00e9 de joyaux<br>baroques comme de p\u00e9pites pop. On y retrouvera aussi deux ch\u0153urs (l\u2019un d\u2019inspiration classique et l\u2019autre influenc\u00e9 par la soul music et le gospel) qui se livreront \u00e0 un v\u00e9ritable \u00ab battle \u00bb oscillant entre Vivaldi, Haendel, Purcell\u2026 Les Beatles ou bien encore Freddie Mercury seront aussi de la f\u00eate. Nul doute que la musique triomphera de cette bataille des Anges !<br><br>Musicien moderne, profond\u00e9ment humaniste et audacieux, Jean-Christophe Spinosi r\u00e9alise depuis de nombreuses ann\u00e9es une brillante carri\u00e8re internationale, d\u00e9cloisonnant les genres musicaux pour aller \u00e0 la rencontre de nouveaux publics. Baroque, classique, romantique, contemporain, son projet artistique le pousse \u00e0 explorer les r\u00e9pertoires en s\u2019affranchissant des fronti\u00e8res.<br><br>Fier de ses origines bretonnes, l\u2019Ensemble, fond\u00e9 en 1991 \u00e0 Brest, a tiss\u00e9 au fil des ann\u00e9es des liens privil\u00e9gi\u00e9s avec les lieux embl\u00e9matiques du paysage musical fran\u00e7ais, aussi \u00e0 l\u2019aise dans le cadre des Vieilles Charrues qu\u2019au Th\u00e9\u00e2tre des Champs Elys\u00e9es.<br>En 2024, ann\u00e9e des Jeux Olympiques \u00e0 Paris, l\u2019Ensemble Matheus d\u00e9veloppera le projet Olimpiade, \u0153uvrant ainsi au rapprochement des mondes de la musique et du sport.<br><br>Au travers son projet Musique pour la plan\u00e8te, il propose \u00e9galement Les 4 saisons et le<br>r\u00e9chauffement climatique, sensibilisation en musique aux enjeux environnementaux.<\/p>\n\n\n<div class=\"wp-block-image\">\n<figure class=\"aligncenter size-large\"><img loading=\"lazy\" decoding=\"async\" width=\"1024\" height=\"683\" src=\"http:\/\/www.dinardopeningfestival.fr\/wp-content\/uploads\/2023\/04\/Matheus-credit-Matea-Ilieva-1024x683.jpeg\" alt=\"\" class=\"wp-image-1744\" srcset=\"https:\/\/www.dinardopeningfestival.fr\/wp-content\/uploads\/2023\/04\/Matheus-credit-Matea-Ilieva-1024x683.jpeg 1024w, https:\/\/www.dinardopeningfestival.fr\/wp-content\/uploads\/2023\/04\/Matheus-credit-Matea-Ilieva-300x200.jpeg 300w, https:\/\/www.dinardopeningfestival.fr\/wp-content\/uploads\/2023\/04\/Matheus-credit-Matea-Ilieva-768x512.jpeg 768w, https:\/\/www.dinardopeningfestival.fr\/wp-content\/uploads\/2023\/04\/Matheus-credit-Matea-Ilieva-1536x1024.jpeg 1536w, https:\/\/www.dinardopeningfestival.fr\/wp-content\/uploads\/2023\/04\/Matheus-credit-Matea-Ilieva-2048x1365.jpeg 2048w, https:\/\/www.dinardopeningfestival.fr\/wp-content\/uploads\/2023\/04\/Matheus-credit-Matea-Ilieva-24x16.jpeg 24w, https:\/\/www.dinardopeningfestival.fr\/wp-content\/uploads\/2023\/04\/Matheus-credit-Matea-Ilieva-36x24.jpeg 36w, https:\/\/www.dinardopeningfestival.fr\/wp-content\/uploads\/2023\/04\/Matheus-credit-Matea-Ilieva-48x32.jpeg 48w\" sizes=\"auto, (max-width: 1024px) 100vw, 1024px\" \/><figcaption>\u00a9 Matea Ilieva<\/figcaption><\/figure>\n<\/div>\n\n\n<h3 class=\"wp-block-heading\"><strong>Jean-Christophe Spinosi<\/strong>, direction<br><strong>Ensemble Matheus<\/strong><br><strong>Ch\u0153ur de chambre M\u00e9lisme(s), Gildas Pungier<\/strong>, direction<\/h3>\n\n\n\n<div class=\"wp-block-buttons is-content-justification-center is-layout-flex wp-container-core-buttons-is-layout-16018d1d wp-block-buttons-is-layout-flex\">\n<div class=\"wp-block-button\"><a class=\"wp-block-button__link\" href=\"https:\/\/urlz.fr\/doIt\">ACHETEZ VOTRE BILLET<\/a><\/div>\n<\/div>\n","protected":false},"excerpt":{"rendered":"<p>BAROQUE, BREXIT &amp; CIE 8 ao\u00fbt &#8211; 21hParvis de port-Breton Cette fantaisie imagin\u00e9e par Jean-Christophe Spinosi traverse des si\u00e8cles de musiqueet fait la part belle \u00e0 l\u2019influente musique anglaise, au c\u0153ur de passionnants \u00e9changesmusicaux en Europe. Cette tumultueuse histoire d\u2019amour a accouch\u00e9 de joyauxbaroques comme de p\u00e9pites pop. On y retrouvera aussi deux ch\u0153urs (l\u2019un [&hellip;]<\/p>\n","protected":false},"author":1,"featured_media":0,"parent":0,"menu_order":0,"comment_status":"closed","ping_status":"closed","template":"","meta":{"footnotes":""},"class_list":["post-1742","page","type-page","status-publish","hentry"],"yoast_head":"<!-- This site is optimized with the Yoast SEO plugin v19.2 - https:\/\/yoast.com\/wordpress\/plugins\/seo\/ -->\n<title>Ensemble Matheus - Festival Dinard Opening<\/title>\n<meta name=\"robots\" content=\"index, follow, max-snippet:-1, max-image-preview:large, max-video-preview:-1\" \/>\n<link rel=\"canonical\" href=\"https:\/\/www.dinardopeningfestival.fr\/index.php\/ensemble-matheus\/\" \/>\n<meta property=\"og:locale\" content=\"fr_FR\" \/>\n<meta property=\"og:type\" content=\"article\" \/>\n<meta property=\"og:title\" content=\"Ensemble Matheus - Festival Dinard Opening\" \/>\n<meta property=\"og:description\" content=\"BAROQUE, BREXIT &amp; CIE 8 ao\u00fbt &#8211; 21hParvis de port-Breton Cette fantaisie imagin\u00e9e par Jean-Christophe Spinosi traverse des si\u00e8cles de musiqueet fait la part belle \u00e0 l\u2019influente musique anglaise, au c\u0153ur de passionnants \u00e9changesmusicaux en Europe. Cette tumultueuse histoire d\u2019amour a accouch\u00e9 de joyauxbaroques comme de p\u00e9pites pop. On y retrouvera aussi deux ch\u0153urs (l\u2019un [&hellip;]\" \/>\n<meta property=\"og:url\" content=\"https:\/\/www.dinardopeningfestival.fr\/index.php\/ensemble-matheus\/\" \/>\n<meta property=\"og:site_name\" content=\"Festival Dinard Opening\" \/>\n<meta property=\"article:publisher\" content=\"https:\/\/www.facebook.com\/DinardOpeningFestival\" \/>\n<meta property=\"article:modified_time\" content=\"2023-04-14T15:46:43+00:00\" \/>\n<meta property=\"og:image\" content=\"http:\/\/www.dinardopeningfestival.fr\/wp-content\/uploads\/2023\/04\/JCS-creedit-photo-MH-Buckley-1024x799.jpg\" \/>\n<meta name=\"author\" content=\"admin4235\" \/>\n<meta name=\"twitter:card\" content=\"summary_large_image\" \/>\n<meta name=\"twitter:label1\" content=\"Dur\u00e9e de lecture estim\u00e9e\" \/>\n\t<meta name=\"twitter:data1\" content=\"2 minutes\" \/>\n<script type=\"application\/ld+json\" class=\"yoast-schema-graph\">{\"@context\":\"https:\/\/schema.org\",\"@graph\":[{\"@type\":\"Organization\",\"@id\":\"http:\/\/www.dinardopeningfestival.fr\/#organization\",\"name\":\"Festival Dinard Opening\",\"url\":\"http:\/\/www.dinardopeningfestival.fr\/\",\"sameAs\":[\"https:\/\/www.instagram.com\/dinardopening\/\",\"https:\/\/www.facebook.com\/DinardOpeningFestival\"],\"logo\":{\"@type\":\"ImageObject\",\"inLanguage\":\"fr-FR\",\"@id\":\"http:\/\/www.dinardopeningfestival.fr\/#\/schema\/logo\/image\/\",\"url\":\"https:\/\/www.dinardopeningfestival.fr\/wp-content\/uploads\/2021\/06\/Logo-Dinard-bleu-opening-rouge-1-scaled.jpg\",\"contentUrl\":\"https:\/\/www.dinardopeningfestival.fr\/wp-content\/uploads\/2021\/06\/Logo-Dinard-bleu-opening-rouge-1-scaled.jpg\",\"width\":2560,\"height\":1810,\"caption\":\"Festival Dinard Opening\"},\"image\":{\"@id\":\"http:\/\/www.dinardopeningfestival.fr\/#\/schema\/logo\/image\/\"}},{\"@type\":\"WebSite\",\"@id\":\"http:\/\/www.dinardopeningfestival.fr\/#website\",\"url\":\"http:\/\/www.dinardopeningfestival.fr\/\",\"name\":\"Festival Dinard Opening\",\"description\":\"Le Festival des Musiques Britanniques\",\"publisher\":{\"@id\":\"http:\/\/www.dinardopeningfestival.fr\/#organization\"},\"potentialAction\":[{\"@type\":\"SearchAction\",\"target\":{\"@type\":\"EntryPoint\",\"urlTemplate\":\"http:\/\/www.dinardopeningfestival.fr\/?s={search_term_string}\"},\"query-input\":\"required name=search_term_string\"}],\"inLanguage\":\"fr-FR\"},{\"@type\":\"ImageObject\",\"inLanguage\":\"fr-FR\",\"@id\":\"https:\/\/www.dinardopeningfestival.fr\/index.php\/ensemble-matheus\/#primaryimage\",\"url\":\"http:\/\/www.dinardopeningfestival.fr\/wp-content\/uploads\/2023\/04\/JCS-creedit-photo-MH-Buckley-1024x799.jpg\",\"contentUrl\":\"http:\/\/www.dinardopeningfestival.fr\/wp-content\/uploads\/2023\/04\/JCS-creedit-photo-MH-Buckley-1024x799.jpg\"},{\"@type\":\"WebPage\",\"@id\":\"https:\/\/www.dinardopeningfestival.fr\/index.php\/ensemble-matheus\/#webpage\",\"url\":\"https:\/\/www.dinardopeningfestival.fr\/index.php\/ensemble-matheus\/\",\"name\":\"Ensemble Matheus - Festival Dinard Opening\",\"isPartOf\":{\"@id\":\"http:\/\/www.dinardopeningfestival.fr\/#website\"},\"primaryImageOfPage\":{\"@id\":\"https:\/\/www.dinardopeningfestival.fr\/index.php\/ensemble-matheus\/#primaryimage\"},\"datePublished\":\"2023-04-07T13:58:58+00:00\",\"dateModified\":\"2023-04-14T15:46:43+00:00\",\"breadcrumb\":{\"@id\":\"https:\/\/www.dinardopeningfestival.fr\/index.php\/ensemble-matheus\/#breadcrumb\"},\"inLanguage\":\"fr-FR\",\"potentialAction\":[{\"@type\":\"ReadAction\",\"target\":[\"https:\/\/www.dinardopeningfestival.fr\/index.php\/ensemble-matheus\/\"]}]},{\"@type\":\"BreadcrumbList\",\"@id\":\"https:\/\/www.dinardopeningfestival.fr\/index.php\/ensemble-matheus\/#breadcrumb\",\"itemListElement\":[{\"@type\":\"ListItem\",\"position\":1,\"name\":\"Accueil\",\"item\":\"http:\/\/www.dinardopeningfestival.fr\/\"},{\"@type\":\"ListItem\",\"position\":2,\"name\":\"Ensemble Matheus\"}]}]}<\/script>\n<!-- \/ Yoast SEO plugin. -->","yoast_head_json":{"title":"Ensemble Matheus - Festival Dinard Opening","robots":{"index":"index","follow":"follow","max-snippet":"max-snippet:-1","max-image-preview":"max-image-preview:large","max-video-preview":"max-video-preview:-1"},"canonical":"https:\/\/www.dinardopeningfestival.fr\/index.php\/ensemble-matheus\/","og_locale":"fr_FR","og_type":"article","og_title":"Ensemble Matheus - Festival Dinard Opening","og_description":"BAROQUE, BREXIT &amp; CIE 8 ao\u00fbt &#8211; 21hParvis de port-Breton Cette fantaisie imagin\u00e9e par Jean-Christophe Spinosi traverse des si\u00e8cles de musiqueet fait la part belle \u00e0 l\u2019influente musique anglaise, au c\u0153ur de passionnants \u00e9changesmusicaux en Europe. Cette tumultueuse histoire d\u2019amour a accouch\u00e9 de joyauxbaroques comme de p\u00e9pites pop. On y retrouvera aussi deux ch\u0153urs (l\u2019un [&hellip;]","og_url":"https:\/\/www.dinardopeningfestival.fr\/index.php\/ensemble-matheus\/","og_site_name":"Festival Dinard Opening","article_publisher":"https:\/\/www.facebook.com\/DinardOpeningFestival","article_modified_time":"2023-04-14T15:46:43+00:00","og_image":[{"url":"http:\/\/www.dinardopeningfestival.fr\/wp-content\/uploads\/2023\/04\/JCS-creedit-photo-MH-Buckley-1024x799.jpg"}],"author":"admin4235","twitter_card":"summary_large_image","twitter_misc":{"Dur\u00e9e de lecture estim\u00e9e":"2 minutes"},"schema":{"@context":"https:\/\/schema.org","@graph":[{"@type":"Organization","@id":"http:\/\/www.dinardopeningfestival.fr\/#organization","name":"Festival Dinard Opening","url":"http:\/\/www.dinardopeningfestival.fr\/","sameAs":["https:\/\/www.instagram.com\/dinardopening\/","https:\/\/www.facebook.com\/DinardOpeningFestival"],"logo":{"@type":"ImageObject","inLanguage":"fr-FR","@id":"http:\/\/www.dinardopeningfestival.fr\/#\/schema\/logo\/image\/","url":"https:\/\/www.dinardopeningfestival.fr\/wp-content\/uploads\/2021\/06\/Logo-Dinard-bleu-opening-rouge-1-scaled.jpg","contentUrl":"https:\/\/www.dinardopeningfestival.fr\/wp-content\/uploads\/2021\/06\/Logo-Dinard-bleu-opening-rouge-1-scaled.jpg","width":2560,"height":1810,"caption":"Festival Dinard Opening"},"image":{"@id":"http:\/\/www.dinardopeningfestival.fr\/#\/schema\/logo\/image\/"}},{"@type":"WebSite","@id":"http:\/\/www.dinardopeningfestival.fr\/#website","url":"http:\/\/www.dinardopeningfestival.fr\/","name":"Festival Dinard Opening","description":"Le Festival des Musiques Britanniques","publisher":{"@id":"http:\/\/www.dinardopeningfestival.fr\/#organization"},"potentialAction":[{"@type":"SearchAction","target":{"@type":"EntryPoint","urlTemplate":"http:\/\/www.dinardopeningfestival.fr\/?s={search_term_string}"},"query-input":"required name=search_term_string"}],"inLanguage":"fr-FR"},{"@type":"ImageObject","inLanguage":"fr-FR","@id":"https:\/\/www.dinardopeningfestival.fr\/index.php\/ensemble-matheus\/#primaryimage","url":"http:\/\/www.dinardopeningfestival.fr\/wp-content\/uploads\/2023\/04\/JCS-creedit-photo-MH-Buckley-1024x799.jpg","contentUrl":"http:\/\/www.dinardopeningfestival.fr\/wp-content\/uploads\/2023\/04\/JCS-creedit-photo-MH-Buckley-1024x799.jpg"},{"@type":"WebPage","@id":"https:\/\/www.dinardopeningfestival.fr\/index.php\/ensemble-matheus\/#webpage","url":"https:\/\/www.dinardopeningfestival.fr\/index.php\/ensemble-matheus\/","name":"Ensemble Matheus - Festival Dinard Opening","isPartOf":{"@id":"http:\/\/www.dinardopeningfestival.fr\/#website"},"primaryImageOfPage":{"@id":"https:\/\/www.dinardopeningfestival.fr\/index.php\/ensemble-matheus\/#primaryimage"},"datePublished":"2023-04-07T13:58:58+00:00","dateModified":"2023-04-14T15:46:43+00:00","breadcrumb":{"@id":"https:\/\/www.dinardopeningfestival.fr\/index.php\/ensemble-matheus\/#breadcrumb"},"inLanguage":"fr-FR","potentialAction":[{"@type":"ReadAction","target":["https:\/\/www.dinardopeningfestival.fr\/index.php\/ensemble-matheus\/"]}]},{"@type":"BreadcrumbList","@id":"https:\/\/www.dinardopeningfestival.fr\/index.php\/ensemble-matheus\/#breadcrumb","itemListElement":[{"@type":"ListItem","position":1,"name":"Accueil","item":"http:\/\/www.dinardopeningfestival.fr\/"},{"@type":"ListItem","position":2,"name":"Ensemble Matheus"}]}]}},"_links":{"self":[{"href":"https:\/\/www.dinardopeningfestival.fr\/index.php\/wp-json\/wp\/v2\/pages\/1742","targetHints":{"allow":["GET"]}}],"collection":[{"href":"https:\/\/www.dinardopeningfestival.fr\/index.php\/wp-json\/wp\/v2\/pages"}],"about":[{"href":"https:\/\/www.dinardopeningfestival.fr\/index.php\/wp-json\/wp\/v2\/types\/page"}],"author":[{"embeddable":true,"href":"https:\/\/www.dinardopeningfestival.fr\/index.php\/wp-json\/wp\/v2\/users\/1"}],"replies":[{"embeddable":true,"href":"https:\/\/www.dinardopeningfestival.fr\/index.php\/wp-json\/wp\/v2\/comments?post=1742"}],"version-history":[{"count":4,"href":"https:\/\/www.dinardopeningfestival.fr\/index.php\/wp-json\/wp\/v2\/pages\/1742\/revisions"}],"predecessor-version":[{"id":1821,"href":"https:\/\/www.dinardopeningfestival.fr\/index.php\/wp-json\/wp\/v2\/pages\/1742\/revisions\/1821"}],"wp:attachment":[{"href":"https:\/\/www.dinardopeningfestival.fr\/index.php\/wp-json\/wp\/v2\/media?parent=1742"}],"curies":[{"name":"wp","href":"https:\/\/api.w.org\/{rel}","templated":true}]}}