{"id":1764,"date":"2023-04-07T16:09:58","date_gmt":"2023-04-07T14:09:58","guid":{"rendered":"https:\/\/www.dinardopeningfestival.fr\/?page_id=1764"},"modified":"2023-04-25T14:15:40","modified_gmt":"2023-04-25T12:15:40","slug":"visite-guidee-opening","status":"publish","type":"page","link":"https:\/\/www.dinardopeningfestival.fr\/index.php\/visite-guidee-opening\/","title":{"rendered":"Visite guid\u00e9e Opening"},"content":{"rendered":"\n<h3 class=\"has-text-align-center wp-block-heading\">\u00ab Du r\u00e9cital au festival, histoire des lieux de spectacle <br>\u00e0 Dinard \u00bb<\/h3>\n\n\n\n<h3 class=\"has-text-align-right wp-block-heading\"><mark style=\"background-color:rgba(0, 0, 0, 0)\" class=\"has-inline-color has-vivid-cyan-blue-color\">Pr\u00e9lude &#8211; 31 juillet et 1er ao\u00fbt 2023 &#8211; 10 h<br>Dinard C\u00f4te d\u2019\u00c9meraude Tourisme<\/mark><\/h3>\n\n\n\n<figure class=\"wp-block-image size-large\"><img loading=\"lazy\" decoding=\"async\" width=\"1024\" height=\"649\" src=\"https:\/\/www.dinardopeningfestival.fr\/wp-content\/uploads\/2023\/04\/Visites-guidees-\u00a9-archives-municipales-1024x649.jpg\" alt=\"\" class=\"wp-image-1766\" srcset=\"https:\/\/www.dinardopeningfestival.fr\/wp-content\/uploads\/2023\/04\/Visites-guidees-\u00a9-archives-municipales-1024x649.jpg 1024w, https:\/\/www.dinardopeningfestival.fr\/wp-content\/uploads\/2023\/04\/Visites-guidees-\u00a9-archives-municipales-300x190.jpg 300w, https:\/\/www.dinardopeningfestival.fr\/wp-content\/uploads\/2023\/04\/Visites-guidees-\u00a9-archives-municipales-768x487.jpg 768w, https:\/\/www.dinardopeningfestival.fr\/wp-content\/uploads\/2023\/04\/Visites-guidees-\u00a9-archives-municipales-24x15.jpg 24w, https:\/\/www.dinardopeningfestival.fr\/wp-content\/uploads\/2023\/04\/Visites-guidees-\u00a9-archives-municipales-36x23.jpg 36w, https:\/\/www.dinardopeningfestival.fr\/wp-content\/uploads\/2023\/04\/Visites-guidees-\u00a9-archives-municipales-48x30.jpg 48w, https:\/\/www.dinardopeningfestival.fr\/wp-content\/uploads\/2023\/04\/Visites-guidees-\u00a9-archives-municipales.jpg 1276w\" sizes=\"auto, (max-width: 1024px) 100vw, 1024px\" \/><figcaption>\u00a9 Archives municipales<\/figcaption><\/figure>\n\n\n\n<p class=\"has-text-align-center\">En tant que station baln\u00e9aire haut de gamme, Dinard offre \u00e0 ses vill\u00e9giateurs une programmation culturelle digne des grandes capitales. <br><br>Des danseurs des Folies Berg\u00e8res de Paris au Jazz-band venu de la Nouvelle-Orl\u00e9ans, les lieux de spectacle s\u2019animent pendant la saison estivale. <\/p>\n\n\n\n<p class=\"has-text-align-center\">Profitez du Festival Opening pour d\u00e9couvrir ce patrimoine !<\/p>\n\n\n\n<hr class=\"wp-block-separator has-alpha-channel-opacity\"\/>\n\n\n\n<h6 class=\"wp-block-heading\"><strong>Infos<\/strong><br>Gratuit<br>Dur\u00e9e : 1h30<br>sur inscription <a href=\"http:\/\/www.ville-dinard.fr\">www.ville-dinard.fr<\/a> &gt; rubrique billetterie,<br>Dinard C\u00f4te d\u2019Emeraude Tourisme : 2 bd F\u00e9art &gt; 35800 Dinard<\/h6>\n","protected":false},"excerpt":{"rendered":"<p>\u00ab Du r\u00e9cital au festival, histoire des lieux de spectacle \u00e0 Dinard \u00bb Pr\u00e9lude &#8211; 31 juillet et 1er ao\u00fbt 2023 &#8211; 10 hDinard C\u00f4te d\u2019\u00c9meraude Tourisme En tant que station baln\u00e9aire haut de gamme, Dinard offre \u00e0 ses vill\u00e9giateurs une programmation culturelle digne des grandes capitales. Des danseurs des Folies Berg\u00e8res de Paris au [&hellip;]<\/p>\n","protected":false},"author":1,"featured_media":0,"parent":0,"menu_order":0,"comment_status":"closed","ping_status":"closed","template":"","meta":{"footnotes":""},"class_list":["post-1764","page","type-page","status-publish","hentry"],"yoast_head":"<!-- This site is optimized with the Yoast SEO plugin v19.2 - https:\/\/yoast.com\/wordpress\/plugins\/seo\/ -->\n<title>Visite guid\u00e9e Opening - Festival Dinard Opening<\/title>\n<meta name=\"robots\" content=\"index, follow, max-snippet:-1, max-image-preview:large, max-video-preview:-1\" \/>\n<link rel=\"canonical\" href=\"https:\/\/www.dinardopeningfestival.fr\/index.php\/visite-guidee-opening\/\" \/>\n<meta property=\"og:locale\" content=\"fr_FR\" \/>\n<meta property=\"og:type\" content=\"article\" \/>\n<meta property=\"og:title\" content=\"Visite guid\u00e9e Opening - Festival Dinard Opening\" \/>\n<meta property=\"og:description\" content=\"\u00ab Du r\u00e9cital au festival, histoire des lieux de spectacle \u00e0 Dinard \u00bb Pr\u00e9lude &#8211; 31 juillet et 1er ao\u00fbt 2023 &#8211; 10 hDinard C\u00f4te d\u2019\u00c9meraude Tourisme En tant que station baln\u00e9aire haut de gamme, Dinard offre \u00e0 ses vill\u00e9giateurs une programmation culturelle digne des grandes capitales. Des danseurs des Folies Berg\u00e8res de Paris au [&hellip;]\" \/>\n<meta property=\"og:url\" content=\"https:\/\/www.dinardopeningfestival.fr\/index.php\/visite-guidee-opening\/\" \/>\n<meta property=\"og:site_name\" content=\"Festival Dinard Opening\" \/>\n<meta property=\"article:publisher\" content=\"https:\/\/www.facebook.com\/DinardOpeningFestival\" \/>\n<meta property=\"article:modified_time\" content=\"2023-04-25T12:15:40+00:00\" \/>\n<meta name=\"author\" content=\"admin4235\" \/>\n<meta name=\"twitter:card\" content=\"summary_large_image\" \/>\n<meta name=\"twitter:label1\" content=\"Dur\u00e9e de lecture estim\u00e9e\" \/>\n\t<meta name=\"twitter:data1\" content=\"1 minute\" \/>\n<script type=\"application\/ld+json\" class=\"yoast-schema-graph\">{\"@context\":\"https:\/\/schema.org\",\"@graph\":[{\"@type\":\"Organization\",\"@id\":\"http:\/\/www.dinardopeningfestival.fr\/#organization\",\"name\":\"Festival Dinard Opening\",\"url\":\"http:\/\/www.dinardopeningfestival.fr\/\",\"sameAs\":[\"https:\/\/www.instagram.com\/dinardopening\/\",\"https:\/\/www.facebook.com\/DinardOpeningFestival\"],\"logo\":{\"@type\":\"ImageObject\",\"inLanguage\":\"fr-FR\",\"@id\":\"http:\/\/www.dinardopeningfestival.fr\/#\/schema\/logo\/image\/\",\"url\":\"https:\/\/www.dinardopeningfestival.fr\/wp-content\/uploads\/2021\/06\/Logo-Dinard-bleu-opening-rouge-1-scaled.jpg\",\"contentUrl\":\"https:\/\/www.dinardopeningfestival.fr\/wp-content\/uploads\/2021\/06\/Logo-Dinard-bleu-opening-rouge-1-scaled.jpg\",\"width\":2560,\"height\":1810,\"caption\":\"Festival Dinard Opening\"},\"image\":{\"@id\":\"http:\/\/www.dinardopeningfestival.fr\/#\/schema\/logo\/image\/\"}},{\"@type\":\"WebSite\",\"@id\":\"http:\/\/www.dinardopeningfestival.fr\/#website\",\"url\":\"http:\/\/www.dinardopeningfestival.fr\/\",\"name\":\"Festival Dinard Opening\",\"description\":\"Le Festival des Musiques Britanniques\",\"publisher\":{\"@id\":\"http:\/\/www.dinardopeningfestival.fr\/#organization\"},\"potentialAction\":[{\"@type\":\"SearchAction\",\"target\":{\"@type\":\"EntryPoint\",\"urlTemplate\":\"http:\/\/www.dinardopeningfestival.fr\/?s={search_term_string}\"},\"query-input\":\"required name=search_term_string\"}],\"inLanguage\":\"fr-FR\"},{\"@type\":\"WebPage\",\"@id\":\"https:\/\/www.dinardopeningfestival.fr\/index.php\/visite-guidee-opening\/#webpage\",\"url\":\"https:\/\/www.dinardopeningfestival.fr\/index.php\/visite-guidee-opening\/\",\"name\":\"Visite guid\u00e9e Opening - Festival Dinard Opening\",\"isPartOf\":{\"@id\":\"http:\/\/www.dinardopeningfestival.fr\/#website\"},\"datePublished\":\"2023-04-07T14:09:58+00:00\",\"dateModified\":\"2023-04-25T12:15:40+00:00\",\"breadcrumb\":{\"@id\":\"https:\/\/www.dinardopeningfestival.fr\/index.php\/visite-guidee-opening\/#breadcrumb\"},\"inLanguage\":\"fr-FR\",\"potentialAction\":[{\"@type\":\"ReadAction\",\"target\":[\"https:\/\/www.dinardopeningfestival.fr\/index.php\/visite-guidee-opening\/\"]}]},{\"@type\":\"BreadcrumbList\",\"@id\":\"https:\/\/www.dinardopeningfestival.fr\/index.php\/visite-guidee-opening\/#breadcrumb\",\"itemListElement\":[{\"@type\":\"ListItem\",\"position\":1,\"name\":\"Accueil\",\"item\":\"http:\/\/www.dinardopeningfestival.fr\/\"},{\"@type\":\"ListItem\",\"position\":2,\"name\":\"Visite guid\u00e9e Opening\"}]}]}<\/script>\n<!-- \/ Yoast SEO plugin. -->","yoast_head_json":{"title":"Visite guid\u00e9e Opening - Festival Dinard Opening","robots":{"index":"index","follow":"follow","max-snippet":"max-snippet:-1","max-image-preview":"max-image-preview:large","max-video-preview":"max-video-preview:-1"},"canonical":"https:\/\/www.dinardopeningfestival.fr\/index.php\/visite-guidee-opening\/","og_locale":"fr_FR","og_type":"article","og_title":"Visite guid\u00e9e Opening - Festival Dinard Opening","og_description":"\u00ab Du r\u00e9cital au festival, histoire des lieux de spectacle \u00e0 Dinard \u00bb Pr\u00e9lude &#8211; 31 juillet et 1er ao\u00fbt 2023 &#8211; 10 hDinard C\u00f4te d\u2019\u00c9meraude Tourisme En tant que station baln\u00e9aire haut de gamme, Dinard offre \u00e0 ses vill\u00e9giateurs une programmation culturelle digne des grandes capitales. Des danseurs des Folies Berg\u00e8res de Paris au [&hellip;]","og_url":"https:\/\/www.dinardopeningfestival.fr\/index.php\/visite-guidee-opening\/","og_site_name":"Festival Dinard Opening","article_publisher":"https:\/\/www.facebook.com\/DinardOpeningFestival","article_modified_time":"2023-04-25T12:15:40+00:00","author":"admin4235","twitter_card":"summary_large_image","twitter_misc":{"Dur\u00e9e de lecture estim\u00e9e":"1 minute"},"schema":{"@context":"https:\/\/schema.org","@graph":[{"@type":"Organization","@id":"http:\/\/www.dinardopeningfestival.fr\/#organization","name":"Festival Dinard Opening","url":"http:\/\/www.dinardopeningfestival.fr\/","sameAs":["https:\/\/www.instagram.com\/dinardopening\/","https:\/\/www.facebook.com\/DinardOpeningFestival"],"logo":{"@type":"ImageObject","inLanguage":"fr-FR","@id":"http:\/\/www.dinardopeningfestival.fr\/#\/schema\/logo\/image\/","url":"https:\/\/www.dinardopeningfestival.fr\/wp-content\/uploads\/2021\/06\/Logo-Dinard-bleu-opening-rouge-1-scaled.jpg","contentUrl":"https:\/\/www.dinardopeningfestival.fr\/wp-content\/uploads\/2021\/06\/Logo-Dinard-bleu-opening-rouge-1-scaled.jpg","width":2560,"height":1810,"caption":"Festival Dinard Opening"},"image":{"@id":"http:\/\/www.dinardopeningfestival.fr\/#\/schema\/logo\/image\/"}},{"@type":"WebSite","@id":"http:\/\/www.dinardopeningfestival.fr\/#website","url":"http:\/\/www.dinardopeningfestival.fr\/","name":"Festival Dinard Opening","description":"Le Festival des Musiques Britanniques","publisher":{"@id":"http:\/\/www.dinardopeningfestival.fr\/#organization"},"potentialAction":[{"@type":"SearchAction","target":{"@type":"EntryPoint","urlTemplate":"http:\/\/www.dinardopeningfestival.fr\/?s={search_term_string}"},"query-input":"required name=search_term_string"}],"inLanguage":"fr-FR"},{"@type":"WebPage","@id":"https:\/\/www.dinardopeningfestival.fr\/index.php\/visite-guidee-opening\/#webpage","url":"https:\/\/www.dinardopeningfestival.fr\/index.php\/visite-guidee-opening\/","name":"Visite guid\u00e9e Opening - Festival Dinard Opening","isPartOf":{"@id":"http:\/\/www.dinardopeningfestival.fr\/#website"},"datePublished":"2023-04-07T14:09:58+00:00","dateModified":"2023-04-25T12:15:40+00:00","breadcrumb":{"@id":"https:\/\/www.dinardopeningfestival.fr\/index.php\/visite-guidee-opening\/#breadcrumb"},"inLanguage":"fr-FR","potentialAction":[{"@type":"ReadAction","target":["https:\/\/www.dinardopeningfestival.fr\/index.php\/visite-guidee-opening\/"]}]},{"@type":"BreadcrumbList","@id":"https:\/\/www.dinardopeningfestival.fr\/index.php\/visite-guidee-opening\/#breadcrumb","itemListElement":[{"@type":"ListItem","position":1,"name":"Accueil","item":"http:\/\/www.dinardopeningfestival.fr\/"},{"@type":"ListItem","position":2,"name":"Visite guid\u00e9e Opening"}]}]}},"_links":{"self":[{"href":"https:\/\/www.dinardopeningfestival.fr\/index.php\/wp-json\/wp\/v2\/pages\/1764","targetHints":{"allow":["GET"]}}],"collection":[{"href":"https:\/\/www.dinardopeningfestival.fr\/index.php\/wp-json\/wp\/v2\/pages"}],"about":[{"href":"https:\/\/www.dinardopeningfestival.fr\/index.php\/wp-json\/wp\/v2\/types\/page"}],"author":[{"embeddable":true,"href":"https:\/\/www.dinardopeningfestival.fr\/index.php\/wp-json\/wp\/v2\/users\/1"}],"replies":[{"embeddable":true,"href":"https:\/\/www.dinardopeningfestival.fr\/index.php\/wp-json\/wp\/v2\/comments?post=1764"}],"version-history":[{"count":5,"href":"https:\/\/www.dinardopeningfestival.fr\/index.php\/wp-json\/wp\/v2\/pages\/1764\/revisions"}],"predecessor-version":[{"id":1824,"href":"https:\/\/www.dinardopeningfestival.fr\/index.php\/wp-json\/wp\/v2\/pages\/1764\/revisions\/1824"}],"wp:attachment":[{"href":"https:\/\/www.dinardopeningfestival.fr\/index.php\/wp-json\/wp\/v2\/media?parent=1764"}],"curies":[{"name":"wp","href":"https:\/\/api.w.org\/{rel}","templated":true}]}}