{"id":1770,"date":"2023-04-07T16:09:04","date_gmt":"2023-04-07T14:09:04","guid":{"rendered":"https:\/\/www.dinardopeningfestival.fr\/?page_id=1770"},"modified":"2023-04-11T15:43:18","modified_gmt":"2023-04-11T13:43:18","slug":"my-melody","status":"publish","type":"page","link":"https:\/\/www.dinardopeningfestival.fr\/index.php\/my-melody\/","title":{"rendered":"My Melody"},"content":{"rendered":"\n<h3 class=\"has-text-align-center wp-block-heading\">Spectacle pour les enfants \u00e0 partir de 3 ans<\/h3>\n\n\n\n<h3 class=\"has-text-align-right wp-block-heading\"><mark style=\"background-color:rgba(0, 0, 0, 0)\" class=\"has-inline-color has-vivid-cyan-blue-color\">Pr\u00e9lude &#8211; 2 ao\u00fbt 2023 &#8211; 11 h 30<br>M\u00e9diath\u00e8que L\u2019ourse<\/mark><\/h3>\n\n\n<div class=\"wp-block-image\">\n<figure class=\"aligncenter size-large is-resized\"><img loading=\"lazy\" decoding=\"async\" src=\"https:\/\/www.dinardopeningfestival.fr\/wp-content\/uploads\/2023\/04\/\u00a9-My-Melody-pre-festival-1024x1024.jpg\" alt=\"\" class=\"wp-image-1771\" width=\"423\" height=\"423\" srcset=\"https:\/\/www.dinardopeningfestival.fr\/wp-content\/uploads\/2023\/04\/\u00a9-My-Melody-pre-festival-1024x1024.jpg 1024w, https:\/\/www.dinardopeningfestival.fr\/wp-content\/uploads\/2023\/04\/\u00a9-My-Melody-pre-festival-300x300.jpg 300w, https:\/\/www.dinardopeningfestival.fr\/wp-content\/uploads\/2023\/04\/\u00a9-My-Melody-pre-festival-150x150.jpg 150w, https:\/\/www.dinardopeningfestival.fr\/wp-content\/uploads\/2023\/04\/\u00a9-My-Melody-pre-festival-768x768.jpg 768w, https:\/\/www.dinardopeningfestival.fr\/wp-content\/uploads\/2023\/04\/\u00a9-My-Melody-pre-festival-1536x1536.jpg 1536w, https:\/\/www.dinardopeningfestival.fr\/wp-content\/uploads\/2023\/04\/\u00a9-My-Melody-pre-festival-2048x2048.jpg 2048w, https:\/\/www.dinardopeningfestival.fr\/wp-content\/uploads\/2023\/04\/\u00a9-My-Melody-pre-festival-550x550.jpg 550w, https:\/\/www.dinardopeningfestival.fr\/wp-content\/uploads\/2023\/04\/\u00a9-My-Melody-pre-festival-24x24.jpg 24w, https:\/\/www.dinardopeningfestival.fr\/wp-content\/uploads\/2023\/04\/\u00a9-My-Melody-pre-festival-36x36.jpg 36w, https:\/\/www.dinardopeningfestival.fr\/wp-content\/uploads\/2023\/04\/\u00a9-My-Melody-pre-festival-48x48.jpg 48w\" sizes=\"auto, (max-width: 423px) 100vw, 423px\" \/><figcaption>\u00a9 My Melody<\/figcaption><\/figure>\n<\/div>\n\n\n<p class=\"has-text-align-center\">Un spectacle interactif en anglais et en musique !<br><br>Lors de la troisi\u00e8me \u00e9dition de Dinard Opening, les enfants ne seront pas en reste. Rosy pr\u00e9sentera sa marionnette, Melody. Rosy n\u2019a de cesse que de lui faire plaisir. Elle lui chante des chansons\u2026 et invite tous les enfants \u00e0 participer, r\u00e9p\u00e9ter et s\u2019impr\u00e9gner de ritournelles en anglais, de jeux rythmiques et musicaux qui font de ce spectacle un monde vivant.<br><br>De chansons enfantines \u00e0 la d\u00e9couverte de styles musicaux, les pr\u00e9sentations sont vari\u00e9es. Rosy joue divers instruments et vous fait d\u00e9couvrir tour \u00e0 tour le jazz, la musique irlandaise, le tango ou encore le blues. <br>Un beau moment de partage et de po\u00e9sie !<br><br>My Melody s\u2019appuie sur la technique de la TPR Total Physical Response utilis\u00e9e en langues vivantes pour associer des gestes aux apprentissages lexicaux. Cette technique permet d\u2019\u00eatre acteur de son apprentissage et de favoriser la m\u00e9morisation. My Melody initie les enfants aux sonorit\u00e9s de la langue anglaise tout en suivant le fil d\u2019une histoire. Ce spectacle offre \u00ab une ouverture \u00e0 d\u2019autres sons, d\u2019autres mots \u00bb car apprendre une nouvelle langue \u00ab c\u2019est un \u00e9tat d\u2019esprit fait de curiosit\u00e9 et d\u2019audace, c\u2019est accepter de ne pas (tout) comprendre et de s\u2019exprimer imparfaitement \u00bb.<br><br>Un joli moment de po\u00e9sie et de partage\u2026 In English, Please !<\/p>\n","protected":false},"excerpt":{"rendered":"<p>Spectacle pour les enfants \u00e0 partir de 3 ans Pr\u00e9lude &#8211; 2 ao\u00fbt 2023 &#8211; 11 h 30M\u00e9diath\u00e8que L\u2019ourse Un spectacle interactif en anglais et en musique ! Lors de la troisi\u00e8me \u00e9dition de Dinard Opening, les enfants ne seront pas en reste. Rosy pr\u00e9sentera sa marionnette, Melody. Rosy n\u2019a de cesse que de lui [&hellip;]<\/p>\n","protected":false},"author":1,"featured_media":0,"parent":0,"menu_order":0,"comment_status":"closed","ping_status":"closed","template":"","meta":{"footnotes":""},"class_list":["post-1770","page","type-page","status-publish","hentry"],"yoast_head":"<!-- This site is optimized with the Yoast SEO plugin v19.2 - https:\/\/yoast.com\/wordpress\/plugins\/seo\/ -->\n<title>My Melody - Festival Dinard Opening<\/title>\n<meta name=\"robots\" content=\"index, follow, max-snippet:-1, max-image-preview:large, max-video-preview:-1\" \/>\n<link rel=\"canonical\" href=\"https:\/\/www.dinardopeningfestival.fr\/index.php\/my-melody\/\" \/>\n<meta property=\"og:locale\" content=\"fr_FR\" \/>\n<meta property=\"og:type\" content=\"article\" \/>\n<meta property=\"og:title\" content=\"My Melody - Festival Dinard Opening\" \/>\n<meta property=\"og:description\" content=\"Spectacle pour les enfants \u00e0 partir de 3 ans Pr\u00e9lude &#8211; 2 ao\u00fbt 2023 &#8211; 11 h 30M\u00e9diath\u00e8que L\u2019ourse Un spectacle interactif en anglais et en musique ! Lors de la troisi\u00e8me \u00e9dition de Dinard Opening, les enfants ne seront pas en reste. Rosy pr\u00e9sentera sa marionnette, Melody. Rosy n\u2019a de cesse que de lui [&hellip;]\" \/>\n<meta property=\"og:url\" content=\"https:\/\/www.dinardopeningfestival.fr\/index.php\/my-melody\/\" \/>\n<meta property=\"og:site_name\" content=\"Festival Dinard Opening\" \/>\n<meta property=\"article:publisher\" content=\"https:\/\/www.facebook.com\/DinardOpeningFestival\" \/>\n<meta property=\"article:modified_time\" content=\"2023-04-11T13:43:18+00:00\" \/>\n<meta name=\"author\" content=\"admin4235\" \/>\n<meta name=\"twitter:card\" content=\"summary_large_image\" \/>\n<meta name=\"twitter:label1\" content=\"Dur\u00e9e de lecture estim\u00e9e\" \/>\n\t<meta name=\"twitter:data1\" content=\"2 minutes\" \/>\n<script type=\"application\/ld+json\" class=\"yoast-schema-graph\">{\"@context\":\"https:\/\/schema.org\",\"@graph\":[{\"@type\":\"Organization\",\"@id\":\"http:\/\/www.dinardopeningfestival.fr\/#organization\",\"name\":\"Festival Dinard Opening\",\"url\":\"http:\/\/www.dinardopeningfestival.fr\/\",\"sameAs\":[\"https:\/\/www.instagram.com\/dinardopening\/\",\"https:\/\/www.facebook.com\/DinardOpeningFestival\"],\"logo\":{\"@type\":\"ImageObject\",\"inLanguage\":\"fr-FR\",\"@id\":\"http:\/\/www.dinardopeningfestival.fr\/#\/schema\/logo\/image\/\",\"url\":\"https:\/\/www.dinardopeningfestival.fr\/wp-content\/uploads\/2021\/06\/Logo-Dinard-bleu-opening-rouge-1-scaled.jpg\",\"contentUrl\":\"https:\/\/www.dinardopeningfestival.fr\/wp-content\/uploads\/2021\/06\/Logo-Dinard-bleu-opening-rouge-1-scaled.jpg\",\"width\":2560,\"height\":1810,\"caption\":\"Festival Dinard Opening\"},\"image\":{\"@id\":\"http:\/\/www.dinardopeningfestival.fr\/#\/schema\/logo\/image\/\"}},{\"@type\":\"WebSite\",\"@id\":\"http:\/\/www.dinardopeningfestival.fr\/#website\",\"url\":\"http:\/\/www.dinardopeningfestival.fr\/\",\"name\":\"Festival Dinard Opening\",\"description\":\"Le Festival des Musiques Britanniques\",\"publisher\":{\"@id\":\"http:\/\/www.dinardopeningfestival.fr\/#organization\"},\"potentialAction\":[{\"@type\":\"SearchAction\",\"target\":{\"@type\":\"EntryPoint\",\"urlTemplate\":\"http:\/\/www.dinardopeningfestival.fr\/?s={search_term_string}\"},\"query-input\":\"required name=search_term_string\"}],\"inLanguage\":\"fr-FR\"},{\"@type\":\"WebPage\",\"@id\":\"https:\/\/www.dinardopeningfestival.fr\/index.php\/my-melody\/#webpage\",\"url\":\"https:\/\/www.dinardopeningfestival.fr\/index.php\/my-melody\/\",\"name\":\"My Melody - Festival Dinard Opening\",\"isPartOf\":{\"@id\":\"http:\/\/www.dinardopeningfestival.fr\/#website\"},\"datePublished\":\"2023-04-07T14:09:04+00:00\",\"dateModified\":\"2023-04-11T13:43:18+00:00\",\"breadcrumb\":{\"@id\":\"https:\/\/www.dinardopeningfestival.fr\/index.php\/my-melody\/#breadcrumb\"},\"inLanguage\":\"fr-FR\",\"potentialAction\":[{\"@type\":\"ReadAction\",\"target\":[\"https:\/\/www.dinardopeningfestival.fr\/index.php\/my-melody\/\"]}]},{\"@type\":\"BreadcrumbList\",\"@id\":\"https:\/\/www.dinardopeningfestival.fr\/index.php\/my-melody\/#breadcrumb\",\"itemListElement\":[{\"@type\":\"ListItem\",\"position\":1,\"name\":\"Accueil\",\"item\":\"http:\/\/www.dinardopeningfestival.fr\/\"},{\"@type\":\"ListItem\",\"position\":2,\"name\":\"My Melody\"}]}]}<\/script>\n<!-- \/ Yoast SEO plugin. -->","yoast_head_json":{"title":"My Melody - Festival Dinard Opening","robots":{"index":"index","follow":"follow","max-snippet":"max-snippet:-1","max-image-preview":"max-image-preview:large","max-video-preview":"max-video-preview:-1"},"canonical":"https:\/\/www.dinardopeningfestival.fr\/index.php\/my-melody\/","og_locale":"fr_FR","og_type":"article","og_title":"My Melody - Festival Dinard Opening","og_description":"Spectacle pour les enfants \u00e0 partir de 3 ans Pr\u00e9lude &#8211; 2 ao\u00fbt 2023 &#8211; 11 h 30M\u00e9diath\u00e8que L\u2019ourse Un spectacle interactif en anglais et en musique ! Lors de la troisi\u00e8me \u00e9dition de Dinard Opening, les enfants ne seront pas en reste. Rosy pr\u00e9sentera sa marionnette, Melody. Rosy n\u2019a de cesse que de lui [&hellip;]","og_url":"https:\/\/www.dinardopeningfestival.fr\/index.php\/my-melody\/","og_site_name":"Festival Dinard Opening","article_publisher":"https:\/\/www.facebook.com\/DinardOpeningFestival","article_modified_time":"2023-04-11T13:43:18+00:00","author":"admin4235","twitter_card":"summary_large_image","twitter_misc":{"Dur\u00e9e de lecture estim\u00e9e":"2 minutes"},"schema":{"@context":"https:\/\/schema.org","@graph":[{"@type":"Organization","@id":"http:\/\/www.dinardopeningfestival.fr\/#organization","name":"Festival Dinard Opening","url":"http:\/\/www.dinardopeningfestival.fr\/","sameAs":["https:\/\/www.instagram.com\/dinardopening\/","https:\/\/www.facebook.com\/DinardOpeningFestival"],"logo":{"@type":"ImageObject","inLanguage":"fr-FR","@id":"http:\/\/www.dinardopeningfestival.fr\/#\/schema\/logo\/image\/","url":"https:\/\/www.dinardopeningfestival.fr\/wp-content\/uploads\/2021\/06\/Logo-Dinard-bleu-opening-rouge-1-scaled.jpg","contentUrl":"https:\/\/www.dinardopeningfestival.fr\/wp-content\/uploads\/2021\/06\/Logo-Dinard-bleu-opening-rouge-1-scaled.jpg","width":2560,"height":1810,"caption":"Festival Dinard Opening"},"image":{"@id":"http:\/\/www.dinardopeningfestival.fr\/#\/schema\/logo\/image\/"}},{"@type":"WebSite","@id":"http:\/\/www.dinardopeningfestival.fr\/#website","url":"http:\/\/www.dinardopeningfestival.fr\/","name":"Festival Dinard Opening","description":"Le Festival des Musiques Britanniques","publisher":{"@id":"http:\/\/www.dinardopeningfestival.fr\/#organization"},"potentialAction":[{"@type":"SearchAction","target":{"@type":"EntryPoint","urlTemplate":"http:\/\/www.dinardopeningfestival.fr\/?s={search_term_string}"},"query-input":"required name=search_term_string"}],"inLanguage":"fr-FR"},{"@type":"WebPage","@id":"https:\/\/www.dinardopeningfestival.fr\/index.php\/my-melody\/#webpage","url":"https:\/\/www.dinardopeningfestival.fr\/index.php\/my-melody\/","name":"My Melody - Festival Dinard Opening","isPartOf":{"@id":"http:\/\/www.dinardopeningfestival.fr\/#website"},"datePublished":"2023-04-07T14:09:04+00:00","dateModified":"2023-04-11T13:43:18+00:00","breadcrumb":{"@id":"https:\/\/www.dinardopeningfestival.fr\/index.php\/my-melody\/#breadcrumb"},"inLanguage":"fr-FR","potentialAction":[{"@type":"ReadAction","target":["https:\/\/www.dinardopeningfestival.fr\/index.php\/my-melody\/"]}]},{"@type":"BreadcrumbList","@id":"https:\/\/www.dinardopeningfestival.fr\/index.php\/my-melody\/#breadcrumb","itemListElement":[{"@type":"ListItem","position":1,"name":"Accueil","item":"http:\/\/www.dinardopeningfestival.fr\/"},{"@type":"ListItem","position":2,"name":"My Melody"}]}]}},"_links":{"self":[{"href":"https:\/\/www.dinardopeningfestival.fr\/index.php\/wp-json\/wp\/v2\/pages\/1770","targetHints":{"allow":["GET"]}}],"collection":[{"href":"https:\/\/www.dinardopeningfestival.fr\/index.php\/wp-json\/wp\/v2\/pages"}],"about":[{"href":"https:\/\/www.dinardopeningfestival.fr\/index.php\/wp-json\/wp\/v2\/types\/page"}],"author":[{"embeddable":true,"href":"https:\/\/www.dinardopeningfestival.fr\/index.php\/wp-json\/wp\/v2\/users\/1"}],"replies":[{"embeddable":true,"href":"https:\/\/www.dinardopeningfestival.fr\/index.php\/wp-json\/wp\/v2\/comments?post=1770"}],"version-history":[{"count":1,"href":"https:\/\/www.dinardopeningfestival.fr\/index.php\/wp-json\/wp\/v2\/pages\/1770\/revisions"}],"predecessor-version":[{"id":1772,"href":"https:\/\/www.dinardopeningfestival.fr\/index.php\/wp-json\/wp\/v2\/pages\/1770\/revisions\/1772"}],"wp:attachment":[{"href":"https:\/\/www.dinardopeningfestival.fr\/index.php\/wp-json\/wp\/v2\/media?parent=1770"}],"curies":[{"name":"wp","href":"https:\/\/api.w.org\/{rel}","templated":true}]}}