{"id":1953,"date":"2024-04-17T16:35:31","date_gmt":"2024-04-17T14:35:31","guid":{"rendered":"https:\/\/www.dinardopeningfestival.fr\/?page_id=1953"},"modified":"2024-04-18T09:05:16","modified_gmt":"2024-04-18T07:05:16","slug":"emilie-rose-bry","status":"publish","type":"page","link":"https:\/\/www.dinardopeningfestival.fr\/index.php\/emilie-rose-bry\/","title":{"rendered":"Emilie Rose Bry"},"content":{"rendered":"\n<h4 class=\"wp-block-heading\"><strong>Soprano \/ Piano \/ Contrebasse \/ Batterie<br>DU BAROQUE AU ROCK<\/strong><\/h4>\n\n\n\n<h3 class=\"has-text-align-right wp-block-heading\"><mark style=\"background-color:rgba(0, 0, 0, 0)\" class=\"has-inline-color has-vivid-cyan-blue-color\">4 ao\u00fbt \u2013\u00a020h30<br>Th\u00e9\u00e2tre Debussy<\/mark><\/h3>\n\n\n\n<figure class=\"wp-block-image size-large\"><img loading=\"lazy\" decoding=\"async\" width=\"1024\" height=\"682\" src=\"https:\/\/www.dinardopeningfestival.fr\/wp-content\/uploads\/2024\/04\/ERB_\u00a9-Marc-Ginot-1024x682.jpeg\" alt=\"\" class=\"wp-image-1954\" srcset=\"https:\/\/www.dinardopeningfestival.fr\/wp-content\/uploads\/2024\/04\/ERB_\u00a9-Marc-Ginot-1024x682.jpeg 1024w, https:\/\/www.dinardopeningfestival.fr\/wp-content\/uploads\/2024\/04\/ERB_\u00a9-Marc-Ginot-300x200.jpeg 300w, https:\/\/www.dinardopeningfestival.fr\/wp-content\/uploads\/2024\/04\/ERB_\u00a9-Marc-Ginot-768x511.jpeg 768w, https:\/\/www.dinardopeningfestival.fr\/wp-content\/uploads\/2024\/04\/ERB_\u00a9-Marc-Ginot-1536x1022.jpeg 1536w, https:\/\/www.dinardopeningfestival.fr\/wp-content\/uploads\/2024\/04\/ERB_\u00a9-Marc-Ginot-2048x1363.jpeg 2048w, https:\/\/www.dinardopeningfestival.fr\/wp-content\/uploads\/2024\/04\/ERB_\u00a9-Marc-Ginot-24x16.jpeg 24w, https:\/\/www.dinardopeningfestival.fr\/wp-content\/uploads\/2024\/04\/ERB_\u00a9-Marc-Ginot-36x24.jpeg 36w, https:\/\/www.dinardopeningfestival.fr\/wp-content\/uploads\/2024\/04\/ERB_\u00a9-Marc-Ginot-48x32.jpeg 48w\" sizes=\"auto, (max-width: 1024px) 100vw, 1024px\" \/><figcaption>\u00a9 Marc Ginot<\/figcaption><\/figure>\n\n\n\n<p class=\"has-text-align-left\">Flamboyante soprano, <strong>Emilie Rose Bry<\/strong>, dont certains ont pu d\u00e9couvrir l&rsquo;an dernier le talent et l&rsquo;\u00e9nergie dans le concert d\u00e9capant donn\u00e9 par l&rsquo;<strong>Ensemble Matheus<\/strong> \u00e0 Port-Breton, revient en ouverture du festival avec un tout autre projet. Comme Lambert Wilson en 2023, Emilie Rose Bry pr\u00e9sente un spectacle en exclusivit\u00e9 pour Dinard Opening. <\/p>\n\n\n\n<p>Enthousiasme chevill\u00e9 au corps et \u00e0 la voix, la musicienne intr\u00e9pide a con\u00e7u avec le pianiste Vincent Laissy et ses complices, le batteur Jean-Charles Wintrebert et le contrebassiste Esteban Salmona un programme allant du baroque au rock. Un floril\u00e8ge de m\u00e9lodies et de songs qui traversent les si\u00e8cles et les genres, bien dans l&rsquo;esprit du festival : d&rsquo;Henri Purcell \u00e0 Benjamin Britten, de Gershwin \u00e0 Kurt Weill, de John Lennon \u00e0 David Bowie&#8230;<\/p>\n\n\n\n<p>Claveciniste et fl\u00fbtiste de formation, franco-am\u00e9ricaine, Emilie Rose Bry a \u00e9tudi\u00e9 le chant au Conservatoire \u00e0 Rayonnement R\u00e9gional de Paris et \u00e0 la Manhattan School of Music. Elle a ensuite int\u00e9gr\u00e9 de nombreuses formations et encha\u00een\u00e9 les r\u00f4les dans diff\u00e9rents op\u00e9ras. Elle vient tout r\u00e9cemment de signer son prochain disque \u00ab\u00a0Le Moine et le Voyou\u00a0\u00bb (nomm\u00e9 dans la cat\u00e9gorie \u00ab\u00a0meilleur enregistrement\u00a0\u00bb aux Victoires de la Musique Classique 2024).<\/p>\n\n\n\n<figure class=\"wp-block-embed is-type-video is-provider-youtube wp-block-embed-youtube wp-embed-aspect-16-9 wp-has-aspect-ratio\"><div class=\"wp-block-embed__wrapper\">\n<iframe loading=\"lazy\" title=\"Somebody Loves Me - George Gershwin\" width=\"720\" height=\"405\" src=\"https:\/\/www.youtube.com\/embed\/5TiiBKszXRw?feature=oembed\" frameborder=\"0\" allow=\"accelerometer; autoplay; clipboard-write; encrypted-media; gyroscope; picture-in-picture; web-share\" referrerpolicy=\"strict-origin-when-cross-origin\" allowfullscreen><\/iframe>\n<\/div><\/figure>\n\n\n\n<h3 class=\"wp-block-heading\"><strong>Emilie Rose Bry<\/strong>, soprano<br><strong>Vincent Laissy<\/strong>, piano<br><strong>Jean-Charles Wintrebert<\/strong>, batterie<br><strong>Esteban Salmona<\/strong>, contrebasse<\/h3>\n\n\n\n<div class=\"wp-block-buttons is-layout-flex wp-block-buttons-is-layout-flex\">\n<div class=\"wp-block-button aligncenter\"><a class=\"wp-block-button__link\" href=\"https:\/\/indiv.themisweb.fr\/0534\/fListeManifs.aspx?idstructure=0534\" target=\"_blank\" rel=\"noreferrer noopener\">Acheter votre billet<\/a><\/div>\n<\/div>\n","protected":false},"excerpt":{"rendered":"<p>Soprano \/ Piano \/ Contrebasse \/ BatterieDU BAROQUE AU ROCK 4 ao\u00fbt \u2013\u00a020h30Th\u00e9\u00e2tre Debussy Flamboyante soprano, Emilie Rose Bry, dont certains ont pu d\u00e9couvrir l&rsquo;an dernier le talent et l&rsquo;\u00e9nergie dans le concert d\u00e9capant donn\u00e9 par l&rsquo;Ensemble Matheus \u00e0 Port-Breton, revient en ouverture du festival avec un tout autre projet. Comme Lambert Wilson en 2023, [&hellip;]<\/p>\n","protected":false},"author":1,"featured_media":0,"parent":0,"menu_order":0,"comment_status":"closed","ping_status":"closed","template":"","meta":{"footnotes":""},"class_list":["post-1953","page","type-page","status-publish","hentry"],"yoast_head":"<!-- This site is optimized with the Yoast SEO plugin v19.2 - https:\/\/yoast.com\/wordpress\/plugins\/seo\/ -->\n<title>Emilie Rose Bry - Festival Dinard Opening<\/title>\n<meta name=\"robots\" content=\"index, follow, max-snippet:-1, max-image-preview:large, max-video-preview:-1\" \/>\n<link rel=\"canonical\" href=\"https:\/\/www.dinardopeningfestival.fr\/index.php\/emilie-rose-bry\/\" \/>\n<meta property=\"og:locale\" content=\"fr_FR\" \/>\n<meta property=\"og:type\" content=\"article\" \/>\n<meta property=\"og:title\" content=\"Emilie Rose Bry - Festival Dinard Opening\" \/>\n<meta property=\"og:description\" content=\"Soprano \/ Piano \/ Contrebasse \/ BatterieDU BAROQUE AU ROCK 4 ao\u00fbt \u2013\u00a020h30Th\u00e9\u00e2tre Debussy Flamboyante soprano, Emilie Rose Bry, dont certains ont pu d\u00e9couvrir l&rsquo;an dernier le talent et l&rsquo;\u00e9nergie dans le concert d\u00e9capant donn\u00e9 par l&rsquo;Ensemble Matheus \u00e0 Port-Breton, revient en ouverture du festival avec un tout autre projet. Comme Lambert Wilson en 2023, [&hellip;]\" \/>\n<meta property=\"og:url\" content=\"https:\/\/www.dinardopeningfestival.fr\/index.php\/emilie-rose-bry\/\" \/>\n<meta property=\"og:site_name\" content=\"Festival Dinard Opening\" \/>\n<meta property=\"article:publisher\" content=\"https:\/\/www.facebook.com\/DinardOpeningFestival\" \/>\n<meta property=\"article:modified_time\" content=\"2024-04-18T07:05:16+00:00\" \/>\n<meta name=\"author\" content=\"admin4235\" \/>\n<meta name=\"twitter:card\" content=\"summary_large_image\" \/>\n<meta name=\"twitter:label1\" content=\"Dur\u00e9e de lecture estim\u00e9e\" \/>\n\t<meta name=\"twitter:data1\" content=\"2 minutes\" \/>\n<script type=\"application\/ld+json\" class=\"yoast-schema-graph\">{\"@context\":\"https:\/\/schema.org\",\"@graph\":[{\"@type\":\"Organization\",\"@id\":\"http:\/\/www.dinardopeningfestival.fr\/#organization\",\"name\":\"Festival Dinard Opening\",\"url\":\"http:\/\/www.dinardopeningfestival.fr\/\",\"sameAs\":[\"https:\/\/www.instagram.com\/dinardopening\/\",\"https:\/\/www.facebook.com\/DinardOpeningFestival\"],\"logo\":{\"@type\":\"ImageObject\",\"inLanguage\":\"fr-FR\",\"@id\":\"http:\/\/www.dinardopeningfestival.fr\/#\/schema\/logo\/image\/\",\"url\":\"https:\/\/www.dinardopeningfestival.fr\/wp-content\/uploads\/2021\/06\/Logo-Dinard-bleu-opening-rouge-1-scaled.jpg\",\"contentUrl\":\"https:\/\/www.dinardopeningfestival.fr\/wp-content\/uploads\/2021\/06\/Logo-Dinard-bleu-opening-rouge-1-scaled.jpg\",\"width\":2560,\"height\":1810,\"caption\":\"Festival Dinard Opening\"},\"image\":{\"@id\":\"http:\/\/www.dinardopeningfestival.fr\/#\/schema\/logo\/image\/\"}},{\"@type\":\"WebSite\",\"@id\":\"http:\/\/www.dinardopeningfestival.fr\/#website\",\"url\":\"http:\/\/www.dinardopeningfestival.fr\/\",\"name\":\"Festival Dinard Opening\",\"description\":\"Le Festival des Musiques Britanniques\",\"publisher\":{\"@id\":\"http:\/\/www.dinardopeningfestival.fr\/#organization\"},\"potentialAction\":[{\"@type\":\"SearchAction\",\"target\":{\"@type\":\"EntryPoint\",\"urlTemplate\":\"http:\/\/www.dinardopeningfestival.fr\/?s={search_term_string}\"},\"query-input\":\"required name=search_term_string\"}],\"inLanguage\":\"fr-FR\"},{\"@type\":\"WebPage\",\"@id\":\"https:\/\/www.dinardopeningfestival.fr\/index.php\/emilie-rose-bry\/#webpage\",\"url\":\"https:\/\/www.dinardopeningfestival.fr\/index.php\/emilie-rose-bry\/\",\"name\":\"Emilie Rose Bry - Festival Dinard Opening\",\"isPartOf\":{\"@id\":\"http:\/\/www.dinardopeningfestival.fr\/#website\"},\"datePublished\":\"2024-04-17T14:35:31+00:00\",\"dateModified\":\"2024-04-18T07:05:16+00:00\",\"breadcrumb\":{\"@id\":\"https:\/\/www.dinardopeningfestival.fr\/index.php\/emilie-rose-bry\/#breadcrumb\"},\"inLanguage\":\"fr-FR\",\"potentialAction\":[{\"@type\":\"ReadAction\",\"target\":[\"https:\/\/www.dinardopeningfestival.fr\/index.php\/emilie-rose-bry\/\"]}]},{\"@type\":\"BreadcrumbList\",\"@id\":\"https:\/\/www.dinardopeningfestival.fr\/index.php\/emilie-rose-bry\/#breadcrumb\",\"itemListElement\":[{\"@type\":\"ListItem\",\"position\":1,\"name\":\"Accueil\",\"item\":\"http:\/\/www.dinardopeningfestival.fr\/\"},{\"@type\":\"ListItem\",\"position\":2,\"name\":\"Emilie Rose Bry\"}]}]}<\/script>\n<!-- \/ Yoast SEO plugin. -->","yoast_head_json":{"title":"Emilie Rose Bry - Festival Dinard Opening","robots":{"index":"index","follow":"follow","max-snippet":"max-snippet:-1","max-image-preview":"max-image-preview:large","max-video-preview":"max-video-preview:-1"},"canonical":"https:\/\/www.dinardopeningfestival.fr\/index.php\/emilie-rose-bry\/","og_locale":"fr_FR","og_type":"article","og_title":"Emilie Rose Bry - Festival Dinard Opening","og_description":"Soprano \/ Piano \/ Contrebasse \/ BatterieDU BAROQUE AU ROCK 4 ao\u00fbt \u2013\u00a020h30Th\u00e9\u00e2tre Debussy Flamboyante soprano, Emilie Rose Bry, dont certains ont pu d\u00e9couvrir l&rsquo;an dernier le talent et l&rsquo;\u00e9nergie dans le concert d\u00e9capant donn\u00e9 par l&rsquo;Ensemble Matheus \u00e0 Port-Breton, revient en ouverture du festival avec un tout autre projet. Comme Lambert Wilson en 2023, [&hellip;]","og_url":"https:\/\/www.dinardopeningfestival.fr\/index.php\/emilie-rose-bry\/","og_site_name":"Festival Dinard Opening","article_publisher":"https:\/\/www.facebook.com\/DinardOpeningFestival","article_modified_time":"2024-04-18T07:05:16+00:00","author":"admin4235","twitter_card":"summary_large_image","twitter_misc":{"Dur\u00e9e de lecture estim\u00e9e":"2 minutes"},"schema":{"@context":"https:\/\/schema.org","@graph":[{"@type":"Organization","@id":"http:\/\/www.dinardopeningfestival.fr\/#organization","name":"Festival Dinard Opening","url":"http:\/\/www.dinardopeningfestival.fr\/","sameAs":["https:\/\/www.instagram.com\/dinardopening\/","https:\/\/www.facebook.com\/DinardOpeningFestival"],"logo":{"@type":"ImageObject","inLanguage":"fr-FR","@id":"http:\/\/www.dinardopeningfestival.fr\/#\/schema\/logo\/image\/","url":"https:\/\/www.dinardopeningfestival.fr\/wp-content\/uploads\/2021\/06\/Logo-Dinard-bleu-opening-rouge-1-scaled.jpg","contentUrl":"https:\/\/www.dinardopeningfestival.fr\/wp-content\/uploads\/2021\/06\/Logo-Dinard-bleu-opening-rouge-1-scaled.jpg","width":2560,"height":1810,"caption":"Festival Dinard Opening"},"image":{"@id":"http:\/\/www.dinardopeningfestival.fr\/#\/schema\/logo\/image\/"}},{"@type":"WebSite","@id":"http:\/\/www.dinardopeningfestival.fr\/#website","url":"http:\/\/www.dinardopeningfestival.fr\/","name":"Festival Dinard Opening","description":"Le Festival des Musiques Britanniques","publisher":{"@id":"http:\/\/www.dinardopeningfestival.fr\/#organization"},"potentialAction":[{"@type":"SearchAction","target":{"@type":"EntryPoint","urlTemplate":"http:\/\/www.dinardopeningfestival.fr\/?s={search_term_string}"},"query-input":"required name=search_term_string"}],"inLanguage":"fr-FR"},{"@type":"WebPage","@id":"https:\/\/www.dinardopeningfestival.fr\/index.php\/emilie-rose-bry\/#webpage","url":"https:\/\/www.dinardopeningfestival.fr\/index.php\/emilie-rose-bry\/","name":"Emilie Rose Bry - Festival Dinard Opening","isPartOf":{"@id":"http:\/\/www.dinardopeningfestival.fr\/#website"},"datePublished":"2024-04-17T14:35:31+00:00","dateModified":"2024-04-18T07:05:16+00:00","breadcrumb":{"@id":"https:\/\/www.dinardopeningfestival.fr\/index.php\/emilie-rose-bry\/#breadcrumb"},"inLanguage":"fr-FR","potentialAction":[{"@type":"ReadAction","target":["https:\/\/www.dinardopeningfestival.fr\/index.php\/emilie-rose-bry\/"]}]},{"@type":"BreadcrumbList","@id":"https:\/\/www.dinardopeningfestival.fr\/index.php\/emilie-rose-bry\/#breadcrumb","itemListElement":[{"@type":"ListItem","position":1,"name":"Accueil","item":"http:\/\/www.dinardopeningfestival.fr\/"},{"@type":"ListItem","position":2,"name":"Emilie Rose Bry"}]}]}},"_links":{"self":[{"href":"https:\/\/www.dinardopeningfestival.fr\/index.php\/wp-json\/wp\/v2\/pages\/1953","targetHints":{"allow":["GET"]}}],"collection":[{"href":"https:\/\/www.dinardopeningfestival.fr\/index.php\/wp-json\/wp\/v2\/pages"}],"about":[{"href":"https:\/\/www.dinardopeningfestival.fr\/index.php\/wp-json\/wp\/v2\/types\/page"}],"author":[{"embeddable":true,"href":"https:\/\/www.dinardopeningfestival.fr\/index.php\/wp-json\/wp\/v2\/users\/1"}],"replies":[{"embeddable":true,"href":"https:\/\/www.dinardopeningfestival.fr\/index.php\/wp-json\/wp\/v2\/comments?post=1953"}],"version-history":[{"count":14,"href":"https:\/\/www.dinardopeningfestival.fr\/index.php\/wp-json\/wp\/v2\/pages\/1953\/revisions"}],"predecessor-version":[{"id":2125,"href":"https:\/\/www.dinardopeningfestival.fr\/index.php\/wp-json\/wp\/v2\/pages\/1953\/revisions\/2125"}],"wp:attachment":[{"href":"https:\/\/www.dinardopeningfestival.fr\/index.php\/wp-json\/wp\/v2\/media?parent=1953"}],"curies":[{"name":"wp","href":"https:\/\/api.w.org\/{rel}","templated":true}]}}