{"id":1956,"date":"2024-04-17T16:36:39","date_gmt":"2024-04-17T14:36:39","guid":{"rendered":"https:\/\/www.dinardopeningfestival.fr\/?page_id=1956"},"modified":"2024-08-02T16:45:06","modified_gmt":"2024-08-02T14:45:06","slug":"izo-fitzroy","status":"publish","type":"page","link":"https:\/\/www.dinardopeningfestival.fr\/index.php\/izo-fitzroy\/","title":{"rendered":"Concert annul\u00e9 &#8211; Izo FitzRoy"},"content":{"rendered":"\n<h4 class=\"wp-block-heading\">Suite \u00e0 des circonstances ind\u00e9pendantes de sa volont\u00e9, l&rsquo;artiste Izo FitzRoy a annul\u00e9 le concert pr\u00e9vu lundi 5 ao\u00fbt \u00e0 20h30.<\/h4>\n\n\n\n<p>Les spectateurs concern\u00e9s ont \u00e9t\u00e9 pr\u00e9venus.<br>Pour tout renseignement compl\u00e9mentaire sur les modalit\u00e9s de remboursement, veuillez \u00e9crire \u00e0 billetterie@ville-dinard.fr<\/p>\n\n\n\n<figure class=\"wp-block-image size-large\"><img loading=\"lazy\" decoding=\"async\" width=\"1024\" height=\"1024\" src=\"https:\/\/www.dinardopeningfestival.fr\/wp-content\/uploads\/2024\/04\/Izo-FitzRoy-Credit-Kenny-McKracken-02-1024x1024.jpg\" alt=\"\" class=\"wp-image-1957\" srcset=\"https:\/\/www.dinardopeningfestival.fr\/wp-content\/uploads\/2024\/04\/Izo-FitzRoy-Credit-Kenny-McKracken-02-1024x1024.jpg 1024w, https:\/\/www.dinardopeningfestival.fr\/wp-content\/uploads\/2024\/04\/Izo-FitzRoy-Credit-Kenny-McKracken-02-300x300.jpg 300w, https:\/\/www.dinardopeningfestival.fr\/wp-content\/uploads\/2024\/04\/Izo-FitzRoy-Credit-Kenny-McKracken-02-150x150.jpg 150w, https:\/\/www.dinardopeningfestival.fr\/wp-content\/uploads\/2024\/04\/Izo-FitzRoy-Credit-Kenny-McKracken-02-768x768.jpg 768w, https:\/\/www.dinardopeningfestival.fr\/wp-content\/uploads\/2024\/04\/Izo-FitzRoy-Credit-Kenny-McKracken-02-1536x1536.jpg 1536w, https:\/\/www.dinardopeningfestival.fr\/wp-content\/uploads\/2024\/04\/Izo-FitzRoy-Credit-Kenny-McKracken-02-2048x2048.jpg 2048w, https:\/\/www.dinardopeningfestival.fr\/wp-content\/uploads\/2024\/04\/Izo-FitzRoy-Credit-Kenny-McKracken-02-550x550.jpg 550w, https:\/\/www.dinardopeningfestival.fr\/wp-content\/uploads\/2024\/04\/Izo-FitzRoy-Credit-Kenny-McKracken-02-24x24.jpg 24w, https:\/\/www.dinardopeningfestival.fr\/wp-content\/uploads\/2024\/04\/Izo-FitzRoy-Credit-Kenny-McKracken-02-36x36.jpg 36w, https:\/\/www.dinardopeningfestival.fr\/wp-content\/uploads\/2024\/04\/Izo-FitzRoy-Credit-Kenny-McKracken-02-48x48.jpg 48w\" sizes=\"auto, (max-width: 1024px) 100vw, 1024px\" \/><figcaption>\u00a9 Kenny McKracken<\/figcaption><\/figure>\n\n\n\n<p><\/p>\n","protected":false},"excerpt":{"rendered":"<p>Suite \u00e0 des circonstances ind\u00e9pendantes de sa volont\u00e9, l&rsquo;artiste Izo FitzRoy a annul\u00e9 le concert pr\u00e9vu lundi 5 ao\u00fbt \u00e0 20h30. Les spectateurs concern\u00e9s ont \u00e9t\u00e9 pr\u00e9venus.Pour tout renseignement compl\u00e9mentaire sur les modalit\u00e9s de remboursement, veuillez \u00e9crire \u00e0 billetterie@ville-dinard.fr<\/p>\n","protected":false},"author":1,"featured_media":0,"parent":0,"menu_order":0,"comment_status":"closed","ping_status":"closed","template":"","meta":{"footnotes":""},"class_list":["post-1956","page","type-page","status-publish","hentry"],"yoast_head":"<!-- This site is optimized with the Yoast SEO plugin v19.2 - https:\/\/yoast.com\/wordpress\/plugins\/seo\/ -->\n<title>Concert annul\u00e9 - Izo FitzRoy - Festival Dinard Opening<\/title>\n<meta name=\"robots\" content=\"index, follow, max-snippet:-1, max-image-preview:large, max-video-preview:-1\" \/>\n<link rel=\"canonical\" href=\"https:\/\/www.dinardopeningfestival.fr\/index.php\/izo-fitzroy\/\" \/>\n<meta property=\"og:locale\" content=\"fr_FR\" \/>\n<meta property=\"og:type\" content=\"article\" \/>\n<meta property=\"og:title\" content=\"Concert annul\u00e9 - Izo FitzRoy - Festival Dinard Opening\" \/>\n<meta property=\"og:description\" content=\"Suite \u00e0 des circonstances ind\u00e9pendantes de sa volont\u00e9, l&rsquo;artiste Izo FitzRoy a annul\u00e9 le concert pr\u00e9vu lundi 5 ao\u00fbt \u00e0 20h30. Les spectateurs concern\u00e9s ont \u00e9t\u00e9 pr\u00e9venus.Pour tout renseignement compl\u00e9mentaire sur les modalit\u00e9s de remboursement, veuillez \u00e9crire \u00e0 billetterie@ville-dinard.fr\" \/>\n<meta property=\"og:url\" content=\"https:\/\/www.dinardopeningfestival.fr\/index.php\/izo-fitzroy\/\" \/>\n<meta property=\"og:site_name\" content=\"Festival Dinard Opening\" \/>\n<meta property=\"article:publisher\" content=\"https:\/\/www.facebook.com\/DinardOpeningFestival\" \/>\n<meta property=\"article:modified_time\" content=\"2024-08-02T14:45:06+00:00\" \/>\n<meta property=\"og:image\" content=\"https:\/\/www.dinardopeningfestival.fr\/wp-content\/uploads\/2024\/04\/Izo-FitzRoy-Credit-Kenny-McKracken-02-1024x1024.jpg\" \/>\n<meta name=\"author\" content=\"admin4235\" \/>\n<meta name=\"twitter:card\" content=\"summary_large_image\" \/>\n<meta name=\"twitter:label1\" content=\"Dur\u00e9e de lecture estim\u00e9e\" \/>\n\t<meta name=\"twitter:data1\" content=\"1 minute\" \/>\n<script type=\"application\/ld+json\" class=\"yoast-schema-graph\">{\"@context\":\"https:\/\/schema.org\",\"@graph\":[{\"@type\":\"Organization\",\"@id\":\"http:\/\/www.dinardopeningfestival.fr\/#organization\",\"name\":\"Festival Dinard Opening\",\"url\":\"http:\/\/www.dinardopeningfestival.fr\/\",\"sameAs\":[\"https:\/\/www.instagram.com\/dinardopening\/\",\"https:\/\/www.facebook.com\/DinardOpeningFestival\"],\"logo\":{\"@type\":\"ImageObject\",\"inLanguage\":\"fr-FR\",\"@id\":\"http:\/\/www.dinardopeningfestival.fr\/#\/schema\/logo\/image\/\",\"url\":\"https:\/\/www.dinardopeningfestival.fr\/wp-content\/uploads\/2021\/06\/Logo-Dinard-bleu-opening-rouge-1-scaled.jpg\",\"contentUrl\":\"https:\/\/www.dinardopeningfestival.fr\/wp-content\/uploads\/2021\/06\/Logo-Dinard-bleu-opening-rouge-1-scaled.jpg\",\"width\":2560,\"height\":1810,\"caption\":\"Festival Dinard Opening\"},\"image\":{\"@id\":\"http:\/\/www.dinardopeningfestival.fr\/#\/schema\/logo\/image\/\"}},{\"@type\":\"WebSite\",\"@id\":\"http:\/\/www.dinardopeningfestival.fr\/#website\",\"url\":\"http:\/\/www.dinardopeningfestival.fr\/\",\"name\":\"Festival Dinard Opening\",\"description\":\"Le Festival des Musiques Britanniques\",\"publisher\":{\"@id\":\"http:\/\/www.dinardopeningfestival.fr\/#organization\"},\"potentialAction\":[{\"@type\":\"SearchAction\",\"target\":{\"@type\":\"EntryPoint\",\"urlTemplate\":\"http:\/\/www.dinardopeningfestival.fr\/?s={search_term_string}\"},\"query-input\":\"required name=search_term_string\"}],\"inLanguage\":\"fr-FR\"},{\"@type\":\"ImageObject\",\"inLanguage\":\"fr-FR\",\"@id\":\"https:\/\/www.dinardopeningfestival.fr\/index.php\/izo-fitzroy\/#primaryimage\",\"url\":\"https:\/\/www.dinardopeningfestival.fr\/wp-content\/uploads\/2024\/04\/Izo-FitzRoy-Credit-Kenny-McKracken-02-1024x1024.jpg\",\"contentUrl\":\"https:\/\/www.dinardopeningfestival.fr\/wp-content\/uploads\/2024\/04\/Izo-FitzRoy-Credit-Kenny-McKracken-02-1024x1024.jpg\"},{\"@type\":\"WebPage\",\"@id\":\"https:\/\/www.dinardopeningfestival.fr\/index.php\/izo-fitzroy\/#webpage\",\"url\":\"https:\/\/www.dinardopeningfestival.fr\/index.php\/izo-fitzroy\/\",\"name\":\"Concert annul\u00e9 - Izo FitzRoy - Festival Dinard Opening\",\"isPartOf\":{\"@id\":\"http:\/\/www.dinardopeningfestival.fr\/#website\"},\"primaryImageOfPage\":{\"@id\":\"https:\/\/www.dinardopeningfestival.fr\/index.php\/izo-fitzroy\/#primaryimage\"},\"datePublished\":\"2024-04-17T14:36:39+00:00\",\"dateModified\":\"2024-08-02T14:45:06+00:00\",\"breadcrumb\":{\"@id\":\"https:\/\/www.dinardopeningfestival.fr\/index.php\/izo-fitzroy\/#breadcrumb\"},\"inLanguage\":\"fr-FR\",\"potentialAction\":[{\"@type\":\"ReadAction\",\"target\":[\"https:\/\/www.dinardopeningfestival.fr\/index.php\/izo-fitzroy\/\"]}]},{\"@type\":\"BreadcrumbList\",\"@id\":\"https:\/\/www.dinardopeningfestival.fr\/index.php\/izo-fitzroy\/#breadcrumb\",\"itemListElement\":[{\"@type\":\"ListItem\",\"position\":1,\"name\":\"Accueil\",\"item\":\"http:\/\/www.dinardopeningfestival.fr\/\"},{\"@type\":\"ListItem\",\"position\":2,\"name\":\"Concert annul\u00e9 &#8211; Izo FitzRoy\"}]}]}<\/script>\n<!-- \/ Yoast SEO plugin. -->","yoast_head_json":{"title":"Concert annul\u00e9 - Izo FitzRoy - Festival Dinard Opening","robots":{"index":"index","follow":"follow","max-snippet":"max-snippet:-1","max-image-preview":"max-image-preview:large","max-video-preview":"max-video-preview:-1"},"canonical":"https:\/\/www.dinardopeningfestival.fr\/index.php\/izo-fitzroy\/","og_locale":"fr_FR","og_type":"article","og_title":"Concert annul\u00e9 - Izo FitzRoy - Festival Dinard Opening","og_description":"Suite \u00e0 des circonstances ind\u00e9pendantes de sa volont\u00e9, l&rsquo;artiste Izo FitzRoy a annul\u00e9 le concert pr\u00e9vu lundi 5 ao\u00fbt \u00e0 20h30. Les spectateurs concern\u00e9s ont \u00e9t\u00e9 pr\u00e9venus.Pour tout renseignement compl\u00e9mentaire sur les modalit\u00e9s de remboursement, veuillez \u00e9crire \u00e0 billetterie@ville-dinard.fr","og_url":"https:\/\/www.dinardopeningfestival.fr\/index.php\/izo-fitzroy\/","og_site_name":"Festival Dinard Opening","article_publisher":"https:\/\/www.facebook.com\/DinardOpeningFestival","article_modified_time":"2024-08-02T14:45:06+00:00","og_image":[{"url":"https:\/\/www.dinardopeningfestival.fr\/wp-content\/uploads\/2024\/04\/Izo-FitzRoy-Credit-Kenny-McKracken-02-1024x1024.jpg"}],"author":"admin4235","twitter_card":"summary_large_image","twitter_misc":{"Dur\u00e9e de lecture estim\u00e9e":"1 minute"},"schema":{"@context":"https:\/\/schema.org","@graph":[{"@type":"Organization","@id":"http:\/\/www.dinardopeningfestival.fr\/#organization","name":"Festival Dinard Opening","url":"http:\/\/www.dinardopeningfestival.fr\/","sameAs":["https:\/\/www.instagram.com\/dinardopening\/","https:\/\/www.facebook.com\/DinardOpeningFestival"],"logo":{"@type":"ImageObject","inLanguage":"fr-FR","@id":"http:\/\/www.dinardopeningfestival.fr\/#\/schema\/logo\/image\/","url":"https:\/\/www.dinardopeningfestival.fr\/wp-content\/uploads\/2021\/06\/Logo-Dinard-bleu-opening-rouge-1-scaled.jpg","contentUrl":"https:\/\/www.dinardopeningfestival.fr\/wp-content\/uploads\/2021\/06\/Logo-Dinard-bleu-opening-rouge-1-scaled.jpg","width":2560,"height":1810,"caption":"Festival Dinard Opening"},"image":{"@id":"http:\/\/www.dinardopeningfestival.fr\/#\/schema\/logo\/image\/"}},{"@type":"WebSite","@id":"http:\/\/www.dinardopeningfestival.fr\/#website","url":"http:\/\/www.dinardopeningfestival.fr\/","name":"Festival Dinard Opening","description":"Le Festival des Musiques Britanniques","publisher":{"@id":"http:\/\/www.dinardopeningfestival.fr\/#organization"},"potentialAction":[{"@type":"SearchAction","target":{"@type":"EntryPoint","urlTemplate":"http:\/\/www.dinardopeningfestival.fr\/?s={search_term_string}"},"query-input":"required name=search_term_string"}],"inLanguage":"fr-FR"},{"@type":"ImageObject","inLanguage":"fr-FR","@id":"https:\/\/www.dinardopeningfestival.fr\/index.php\/izo-fitzroy\/#primaryimage","url":"https:\/\/www.dinardopeningfestival.fr\/wp-content\/uploads\/2024\/04\/Izo-FitzRoy-Credit-Kenny-McKracken-02-1024x1024.jpg","contentUrl":"https:\/\/www.dinardopeningfestival.fr\/wp-content\/uploads\/2024\/04\/Izo-FitzRoy-Credit-Kenny-McKracken-02-1024x1024.jpg"},{"@type":"WebPage","@id":"https:\/\/www.dinardopeningfestival.fr\/index.php\/izo-fitzroy\/#webpage","url":"https:\/\/www.dinardopeningfestival.fr\/index.php\/izo-fitzroy\/","name":"Concert annul\u00e9 - Izo FitzRoy - Festival Dinard Opening","isPartOf":{"@id":"http:\/\/www.dinardopeningfestival.fr\/#website"},"primaryImageOfPage":{"@id":"https:\/\/www.dinardopeningfestival.fr\/index.php\/izo-fitzroy\/#primaryimage"},"datePublished":"2024-04-17T14:36:39+00:00","dateModified":"2024-08-02T14:45:06+00:00","breadcrumb":{"@id":"https:\/\/www.dinardopeningfestival.fr\/index.php\/izo-fitzroy\/#breadcrumb"},"inLanguage":"fr-FR","potentialAction":[{"@type":"ReadAction","target":["https:\/\/www.dinardopeningfestival.fr\/index.php\/izo-fitzroy\/"]}]},{"@type":"BreadcrumbList","@id":"https:\/\/www.dinardopeningfestival.fr\/index.php\/izo-fitzroy\/#breadcrumb","itemListElement":[{"@type":"ListItem","position":1,"name":"Accueil","item":"http:\/\/www.dinardopeningfestival.fr\/"},{"@type":"ListItem","position":2,"name":"Concert annul\u00e9 &#8211; Izo FitzRoy"}]}]}},"_links":{"self":[{"href":"https:\/\/www.dinardopeningfestival.fr\/index.php\/wp-json\/wp\/v2\/pages\/1956","targetHints":{"allow":["GET"]}}],"collection":[{"href":"https:\/\/www.dinardopeningfestival.fr\/index.php\/wp-json\/wp\/v2\/pages"}],"about":[{"href":"https:\/\/www.dinardopeningfestival.fr\/index.php\/wp-json\/wp\/v2\/types\/page"}],"author":[{"embeddable":true,"href":"https:\/\/www.dinardopeningfestival.fr\/index.php\/wp-json\/wp\/v2\/users\/1"}],"replies":[{"embeddable":true,"href":"https:\/\/www.dinardopeningfestival.fr\/index.php\/wp-json\/wp\/v2\/comments?post=1956"}],"version-history":[{"count":14,"href":"https:\/\/www.dinardopeningfestival.fr\/index.php\/wp-json\/wp\/v2\/pages\/1956\/revisions"}],"predecessor-version":[{"id":2312,"href":"https:\/\/www.dinardopeningfestival.fr\/index.php\/wp-json\/wp\/v2\/pages\/1956\/revisions\/2312"}],"wp:attachment":[{"href":"https:\/\/www.dinardopeningfestival.fr\/index.php\/wp-json\/wp\/v2\/media?parent=1956"}],"curies":[{"name":"wp","href":"https:\/\/api.w.org\/{rel}","templated":true}]}}