{"id":1977,"date":"2024-04-17T16:37:18","date_gmt":"2024-04-17T14:37:18","guid":{"rendered":"https:\/\/www.dinardopeningfestival.fr\/?page_id=1977"},"modified":"2025-04-08T17:47:29","modified_gmt":"2025-04-08T15:47:29","slug":"soliss-brass-trio-royal-academy-of-music","status":"publish","type":"page","link":"https:\/\/www.dinardopeningfestival.fr\/index.php\/soliss-brass-trio-royal-academy-of-music\/","title":{"rendered":"Solis Brass Trio"},"content":{"rendered":"\n<h2 class=\"wp-block-heading\"><strong>CONCERT COMPLET<\/strong><\/h2>\n\n\n\n<h4 class=\"wp-block-heading\"><strong>Cor \/ Trompette \/ Trombone<\/strong><br><strong>CLASSIQUE R\u00c9INVENT\u00c9<\/strong><\/h4>\n\n\n\n<h3 class=\"has-text-align-right wp-block-heading\"><mark style=\"background-color:rgba(0, 0, 0, 0)\" class=\"has-inline-color has-vivid-cyan-blue-color\">7 ao\u00fbt 2024 \u2013\u00a018h<br>Eglise anglicane<br><\/mark>Tea-time \u00e0 Saint Bartholomew&rsquo;s church d\u00e8s 17h<\/h3>\n\n\n\n<figure class=\"wp-block-image size-large\"><img loading=\"lazy\" decoding=\"async\" width=\"767\" height=\"1024\" src=\"https:\/\/www.dinardopeningfestival.fr\/wp-content\/uploads\/2024\/04\/IMG_0814-767x1024.jpeg\" alt=\"\" class=\"wp-image-1978\" srcset=\"https:\/\/www.dinardopeningfestival.fr\/wp-content\/uploads\/2024\/04\/IMG_0814-767x1024.jpeg 767w, https:\/\/www.dinardopeningfestival.fr\/wp-content\/uploads\/2024\/04\/IMG_0814-225x300.jpeg 225w, https:\/\/www.dinardopeningfestival.fr\/wp-content\/uploads\/2024\/04\/IMG_0814-768x1025.jpeg 768w, https:\/\/www.dinardopeningfestival.fr\/wp-content\/uploads\/2024\/04\/IMG_0814-1151x1536.jpeg 1151w, https:\/\/www.dinardopeningfestival.fr\/wp-content\/uploads\/2024\/04\/IMG_0814-18x24.jpeg 18w, https:\/\/www.dinardopeningfestival.fr\/wp-content\/uploads\/2024\/04\/IMG_0814-27x36.jpeg 27w, https:\/\/www.dinardopeningfestival.fr\/wp-content\/uploads\/2024\/04\/IMG_0814-36x48.jpeg 36w, https:\/\/www.dinardopeningfestival.fr\/wp-content\/uploads\/2024\/04\/IMG_0814.jpeg 1499w\" sizes=\"auto, (max-width: 767px) 100vw, 767px\" \/><figcaption>\u00a9 DR<\/figcaption><\/figure>\n\n\n\n<p>Des cuivres et encore des cuivres, mais 100 % f\u00e9minins, dans les jardins de <em>Saint Bartholomew\u2019s Church<\/em> pour le \u00ab <em>Tea time in music<\/em> \u00bb avec le <strong>Trio Solis<\/strong>, fruit de notre partenariat avec la <strong>Royal Academy of Music of London<\/strong>. Trois jeunes femmes \u00e9tonnantes pour une formation en trio inattendue &#8211; trompette, cor et trombone -, dans un r\u00e9pertoire inexistant ou presque ! Qu\u2019\u00e0 cela ne tienne, arrangements et transcriptions ont d\u00e9j\u00e0 valu aux trois jeunes musiciennes quelques enregistrements reconnus.<\/p>\n\n\n\n<p>Hannah, Helena et Eliza se sont rencontr\u00e9es en 2018 alors qu\u2019elles fr\u00e9quentaient la Wells Cathedral School. Anim\u00e9es d\u2019une passion commune pour leurs instruments, elles ont b\u00e9n\u00e9fici\u00e9 des enseignements de professeurs renomm\u00e9s tels que Emily White et Paul Denegri. En juin 2021, leur trio a remport\u00e9 le prestigieux prix Brass Ensemble Musicians Company \u00e0 la Royal Academy of Music, donnant lieu \u00e0 de nombreuses invitations \u00e0 se produire au Lord Mayor\u2019s Big Curry Lunch, au Regents Hall, au Buxton International Festival\u2026 et \u00e9galement en France dans le cadre de Ferrandou Musique.<\/p>\n\n\n\n<p>Elles interpr\u00e8tent magistralement des retranscriptions de compositeurs du XXe si\u00e8cle, Jan Koetsier, Francis Poulenc, Owen Spafford, Steven Verhelst, Anthony Plog. Mais aussi Georges Bizet, <em>Suite de Carmen<\/em>, sur un arrangement de Pete Middleton.<\/p>\n\n\n\n<p>Un concert d\u00e9couverte \u00e0 ne pas rater.<\/p>\n\n\n\n<figure class=\"wp-block-embed is-type-video is-provider-youtube wp-block-embed-youtube wp-embed-aspect-16-9 wp-has-aspect-ratio\"><div class=\"wp-block-embed__wrapper\">\n<iframe loading=\"lazy\" title=\"Steven Verhelst - Song for Japan by Solis Trio (Noailhac 12\/08\/2023)\" width=\"720\" height=\"405\" src=\"https:\/\/www.youtube.com\/embed\/ZodbnpsjL2U?feature=oembed\" frameborder=\"0\" allow=\"accelerometer; autoplay; clipboard-write; encrypted-media; gyroscope; picture-in-picture; web-share\" referrerpolicy=\"strict-origin-when-cross-origin\" allowfullscreen><\/iframe>\n<\/div><\/figure>\n\n\n\n<h3 class=\"wp-block-heading\"><strong>Eliza Talman<\/strong>, trompette<br><strong>Hannah Williams<\/strong>, cor<br><strong>Helena Kieser<\/strong>, trombone<\/h3>\n\n\n\n<div class=\"wp-block-buttons is-content-justification-center is-layout-flex wp-container-core-buttons-is-layout-16018d1d wp-block-buttons-is-layout-flex\">\n<div class=\"wp-block-button\"><a class=\"wp-block-button__link\" href=\"https:\/\/indiv.themisweb.fr\/0534\/fListeManifs.aspx?idstructure=0534\" target=\"_blank\" rel=\"noreferrer noopener\">ACHETER VOTRE BILLET<\/a><\/div>\n<\/div>\n\n\n\n<p><\/p>\n","protected":false},"excerpt":{"rendered":"<p>CONCERT COMPLET Cor \/ Trompette \/ TromboneCLASSIQUE R\u00c9INVENT\u00c9 7 ao\u00fbt 2024 \u2013\u00a018hEglise anglicaneTea-time \u00e0 Saint Bartholomew&rsquo;s church d\u00e8s 17h Des cuivres et encore des cuivres, mais 100 % f\u00e9minins, dans les jardins de Saint Bartholomew\u2019s Church pour le \u00ab Tea time in music \u00bb avec le Trio Solis, fruit de notre partenariat avec la Royal [&hellip;]<\/p>\n","protected":false},"author":1,"featured_media":0,"parent":0,"menu_order":0,"comment_status":"closed","ping_status":"closed","template":"","meta":{"footnotes":""},"class_list":["post-1977","page","type-page","status-publish","hentry"],"yoast_head":"<!-- This site is optimized with the Yoast SEO plugin v19.2 - https:\/\/yoast.com\/wordpress\/plugins\/seo\/ -->\n<title>Solis Brass Trio - Festival Dinard Opening<\/title>\n<meta name=\"robots\" content=\"index, follow, max-snippet:-1, max-image-preview:large, max-video-preview:-1\" \/>\n<link rel=\"canonical\" href=\"https:\/\/www.dinardopeningfestival.fr\/index.php\/soliss-brass-trio-royal-academy-of-music\/\" \/>\n<meta property=\"og:locale\" content=\"fr_FR\" \/>\n<meta property=\"og:type\" content=\"article\" \/>\n<meta property=\"og:title\" content=\"Solis Brass Trio - Festival Dinard Opening\" \/>\n<meta property=\"og:description\" content=\"CONCERT COMPLET Cor \/ Trompette \/ TromboneCLASSIQUE R\u00c9INVENT\u00c9 7 ao\u00fbt 2024 \u2013\u00a018hEglise anglicaneTea-time \u00e0 Saint Bartholomew&rsquo;s church d\u00e8s 17h Des cuivres et encore des cuivres, mais 100 % f\u00e9minins, dans les jardins de Saint Bartholomew\u2019s Church pour le \u00ab Tea time in music \u00bb avec le Trio Solis, fruit de notre partenariat avec la Royal [&hellip;]\" \/>\n<meta property=\"og:url\" content=\"https:\/\/www.dinardopeningfestival.fr\/index.php\/soliss-brass-trio-royal-academy-of-music\/\" \/>\n<meta property=\"og:site_name\" content=\"Festival Dinard Opening\" \/>\n<meta property=\"article:publisher\" content=\"https:\/\/www.facebook.com\/DinardOpeningFestival\" \/>\n<meta property=\"article:modified_time\" content=\"2025-04-08T15:47:29+00:00\" \/>\n<meta property=\"og:image\" content=\"https:\/\/www.dinardopeningfestival.fr\/wp-content\/uploads\/2024\/04\/IMG_0814-767x1024.jpeg\" \/>\n<meta name=\"author\" content=\"admin4235\" \/>\n<meta name=\"twitter:card\" content=\"summary_large_image\" \/>\n<meta name=\"twitter:label1\" content=\"Dur\u00e9e de lecture estim\u00e9e\" \/>\n\t<meta name=\"twitter:data1\" content=\"2 minutes\" \/>\n<script type=\"application\/ld+json\" class=\"yoast-schema-graph\">{\"@context\":\"https:\/\/schema.org\",\"@graph\":[{\"@type\":\"Organization\",\"@id\":\"http:\/\/www.dinardopeningfestival.fr\/#organization\",\"name\":\"Festival Dinard Opening\",\"url\":\"http:\/\/www.dinardopeningfestival.fr\/\",\"sameAs\":[\"https:\/\/www.instagram.com\/dinardopening\/\",\"https:\/\/www.facebook.com\/DinardOpeningFestival\"],\"logo\":{\"@type\":\"ImageObject\",\"inLanguage\":\"fr-FR\",\"@id\":\"http:\/\/www.dinardopeningfestival.fr\/#\/schema\/logo\/image\/\",\"url\":\"https:\/\/www.dinardopeningfestival.fr\/wp-content\/uploads\/2021\/06\/Logo-Dinard-bleu-opening-rouge-1-scaled.jpg\",\"contentUrl\":\"https:\/\/www.dinardopeningfestival.fr\/wp-content\/uploads\/2021\/06\/Logo-Dinard-bleu-opening-rouge-1-scaled.jpg\",\"width\":2560,\"height\":1810,\"caption\":\"Festival Dinard Opening\"},\"image\":{\"@id\":\"http:\/\/www.dinardopeningfestival.fr\/#\/schema\/logo\/image\/\"}},{\"@type\":\"WebSite\",\"@id\":\"http:\/\/www.dinardopeningfestival.fr\/#website\",\"url\":\"http:\/\/www.dinardopeningfestival.fr\/\",\"name\":\"Festival Dinard Opening\",\"description\":\"Le Festival des Musiques Britanniques\",\"publisher\":{\"@id\":\"http:\/\/www.dinardopeningfestival.fr\/#organization\"},\"potentialAction\":[{\"@type\":\"SearchAction\",\"target\":{\"@type\":\"EntryPoint\",\"urlTemplate\":\"http:\/\/www.dinardopeningfestival.fr\/?s={search_term_string}\"},\"query-input\":\"required name=search_term_string\"}],\"inLanguage\":\"fr-FR\"},{\"@type\":\"ImageObject\",\"inLanguage\":\"fr-FR\",\"@id\":\"https:\/\/www.dinardopeningfestival.fr\/index.php\/soliss-brass-trio-royal-academy-of-music\/#primaryimage\",\"url\":\"https:\/\/www.dinardopeningfestival.fr\/wp-content\/uploads\/2024\/04\/IMG_0814-767x1024.jpeg\",\"contentUrl\":\"https:\/\/www.dinardopeningfestival.fr\/wp-content\/uploads\/2024\/04\/IMG_0814-767x1024.jpeg\"},{\"@type\":\"WebPage\",\"@id\":\"https:\/\/www.dinardopeningfestival.fr\/index.php\/soliss-brass-trio-royal-academy-of-music\/#webpage\",\"url\":\"https:\/\/www.dinardopeningfestival.fr\/index.php\/soliss-brass-trio-royal-academy-of-music\/\",\"name\":\"Solis Brass Trio - Festival Dinard Opening\",\"isPartOf\":{\"@id\":\"http:\/\/www.dinardopeningfestival.fr\/#website\"},\"primaryImageOfPage\":{\"@id\":\"https:\/\/www.dinardopeningfestival.fr\/index.php\/soliss-brass-trio-royal-academy-of-music\/#primaryimage\"},\"datePublished\":\"2024-04-17T14:37:18+00:00\",\"dateModified\":\"2025-04-08T15:47:29+00:00\",\"breadcrumb\":{\"@id\":\"https:\/\/www.dinardopeningfestival.fr\/index.php\/soliss-brass-trio-royal-academy-of-music\/#breadcrumb\"},\"inLanguage\":\"fr-FR\",\"potentialAction\":[{\"@type\":\"ReadAction\",\"target\":[\"https:\/\/www.dinardopeningfestival.fr\/index.php\/soliss-brass-trio-royal-academy-of-music\/\"]}]},{\"@type\":\"BreadcrumbList\",\"@id\":\"https:\/\/www.dinardopeningfestival.fr\/index.php\/soliss-brass-trio-royal-academy-of-music\/#breadcrumb\",\"itemListElement\":[{\"@type\":\"ListItem\",\"position\":1,\"name\":\"Accueil\",\"item\":\"http:\/\/www.dinardopeningfestival.fr\/\"},{\"@type\":\"ListItem\",\"position\":2,\"name\":\"Solis Brass Trio\"}]}]}<\/script>\n<!-- \/ Yoast SEO plugin. -->","yoast_head_json":{"title":"Solis Brass Trio - Festival Dinard Opening","robots":{"index":"index","follow":"follow","max-snippet":"max-snippet:-1","max-image-preview":"max-image-preview:large","max-video-preview":"max-video-preview:-1"},"canonical":"https:\/\/www.dinardopeningfestival.fr\/index.php\/soliss-brass-trio-royal-academy-of-music\/","og_locale":"fr_FR","og_type":"article","og_title":"Solis Brass Trio - Festival Dinard Opening","og_description":"CONCERT COMPLET Cor \/ Trompette \/ TromboneCLASSIQUE R\u00c9INVENT\u00c9 7 ao\u00fbt 2024 \u2013\u00a018hEglise anglicaneTea-time \u00e0 Saint Bartholomew&rsquo;s church d\u00e8s 17h Des cuivres et encore des cuivres, mais 100 % f\u00e9minins, dans les jardins de Saint Bartholomew\u2019s Church pour le \u00ab Tea time in music \u00bb avec le Trio Solis, fruit de notre partenariat avec la Royal [&hellip;]","og_url":"https:\/\/www.dinardopeningfestival.fr\/index.php\/soliss-brass-trio-royal-academy-of-music\/","og_site_name":"Festival Dinard Opening","article_publisher":"https:\/\/www.facebook.com\/DinardOpeningFestival","article_modified_time":"2025-04-08T15:47:29+00:00","og_image":[{"url":"https:\/\/www.dinardopeningfestival.fr\/wp-content\/uploads\/2024\/04\/IMG_0814-767x1024.jpeg"}],"author":"admin4235","twitter_card":"summary_large_image","twitter_misc":{"Dur\u00e9e de lecture estim\u00e9e":"2 minutes"},"schema":{"@context":"https:\/\/schema.org","@graph":[{"@type":"Organization","@id":"http:\/\/www.dinardopeningfestival.fr\/#organization","name":"Festival Dinard Opening","url":"http:\/\/www.dinardopeningfestival.fr\/","sameAs":["https:\/\/www.instagram.com\/dinardopening\/","https:\/\/www.facebook.com\/DinardOpeningFestival"],"logo":{"@type":"ImageObject","inLanguage":"fr-FR","@id":"http:\/\/www.dinardopeningfestival.fr\/#\/schema\/logo\/image\/","url":"https:\/\/www.dinardopeningfestival.fr\/wp-content\/uploads\/2021\/06\/Logo-Dinard-bleu-opening-rouge-1-scaled.jpg","contentUrl":"https:\/\/www.dinardopeningfestival.fr\/wp-content\/uploads\/2021\/06\/Logo-Dinard-bleu-opening-rouge-1-scaled.jpg","width":2560,"height":1810,"caption":"Festival Dinard Opening"},"image":{"@id":"http:\/\/www.dinardopeningfestival.fr\/#\/schema\/logo\/image\/"}},{"@type":"WebSite","@id":"http:\/\/www.dinardopeningfestival.fr\/#website","url":"http:\/\/www.dinardopeningfestival.fr\/","name":"Festival Dinard Opening","description":"Le Festival des Musiques Britanniques","publisher":{"@id":"http:\/\/www.dinardopeningfestival.fr\/#organization"},"potentialAction":[{"@type":"SearchAction","target":{"@type":"EntryPoint","urlTemplate":"http:\/\/www.dinardopeningfestival.fr\/?s={search_term_string}"},"query-input":"required name=search_term_string"}],"inLanguage":"fr-FR"},{"@type":"ImageObject","inLanguage":"fr-FR","@id":"https:\/\/www.dinardopeningfestival.fr\/index.php\/soliss-brass-trio-royal-academy-of-music\/#primaryimage","url":"https:\/\/www.dinardopeningfestival.fr\/wp-content\/uploads\/2024\/04\/IMG_0814-767x1024.jpeg","contentUrl":"https:\/\/www.dinardopeningfestival.fr\/wp-content\/uploads\/2024\/04\/IMG_0814-767x1024.jpeg"},{"@type":"WebPage","@id":"https:\/\/www.dinardopeningfestival.fr\/index.php\/soliss-brass-trio-royal-academy-of-music\/#webpage","url":"https:\/\/www.dinardopeningfestival.fr\/index.php\/soliss-brass-trio-royal-academy-of-music\/","name":"Solis Brass Trio - Festival Dinard Opening","isPartOf":{"@id":"http:\/\/www.dinardopeningfestival.fr\/#website"},"primaryImageOfPage":{"@id":"https:\/\/www.dinardopeningfestival.fr\/index.php\/soliss-brass-trio-royal-academy-of-music\/#primaryimage"},"datePublished":"2024-04-17T14:37:18+00:00","dateModified":"2025-04-08T15:47:29+00:00","breadcrumb":{"@id":"https:\/\/www.dinardopeningfestival.fr\/index.php\/soliss-brass-trio-royal-academy-of-music\/#breadcrumb"},"inLanguage":"fr-FR","potentialAction":[{"@type":"ReadAction","target":["https:\/\/www.dinardopeningfestival.fr\/index.php\/soliss-brass-trio-royal-academy-of-music\/"]}]},{"@type":"BreadcrumbList","@id":"https:\/\/www.dinardopeningfestival.fr\/index.php\/soliss-brass-trio-royal-academy-of-music\/#breadcrumb","itemListElement":[{"@type":"ListItem","position":1,"name":"Accueil","item":"http:\/\/www.dinardopeningfestival.fr\/"},{"@type":"ListItem","position":2,"name":"Solis Brass Trio"}]}]}},"_links":{"self":[{"href":"https:\/\/www.dinardopeningfestival.fr\/index.php\/wp-json\/wp\/v2\/pages\/1977","targetHints":{"allow":["GET"]}}],"collection":[{"href":"https:\/\/www.dinardopeningfestival.fr\/index.php\/wp-json\/wp\/v2\/pages"}],"about":[{"href":"https:\/\/www.dinardopeningfestival.fr\/index.php\/wp-json\/wp\/v2\/types\/page"}],"author":[{"embeddable":true,"href":"https:\/\/www.dinardopeningfestival.fr\/index.php\/wp-json\/wp\/v2\/users\/1"}],"replies":[{"embeddable":true,"href":"https:\/\/www.dinardopeningfestival.fr\/index.php\/wp-json\/wp\/v2\/comments?post=1977"}],"version-history":[{"count":13,"href":"https:\/\/www.dinardopeningfestival.fr\/index.php\/wp-json\/wp\/v2\/pages\/1977\/revisions"}],"predecessor-version":[{"id":2537,"href":"https:\/\/www.dinardopeningfestival.fr\/index.php\/wp-json\/wp\/v2\/pages\/1977\/revisions\/2537"}],"wp:attachment":[{"href":"https:\/\/www.dinardopeningfestival.fr\/index.php\/wp-json\/wp\/v2\/media?parent=1977"}],"curies":[{"name":"wp","href":"https:\/\/api.w.org\/{rel}","templated":true}]}}