{"id":1980,"date":"2024-04-17T16:36:57","date_gmt":"2024-04-17T14:36:57","guid":{"rendered":"https:\/\/www.dinardopeningfestival.fr\/?page_id=1980"},"modified":"2024-06-11T11:52:03","modified_gmt":"2024-06-11T09:52:03","slug":"mick-flannery-susan-oneill","status":"publish","type":"page","link":"https:\/\/www.dinardopeningfestival.fr\/index.php\/mick-flannery-susan-oneill\/","title":{"rendered":"Mick Flannery &#038; Susan O&rsquo;Neill"},"content":{"rendered":"\n<h4 class=\"wp-block-heading\"><strong>FOLK &#8211; BLUES<br><em>In the game<\/em><\/strong><\/h4>\n\n\n\n<h3 class=\"has-text-align-right wp-block-heading\"><mark style=\"background-color:rgba(0, 0, 0, 0)\" class=\"has-inline-color has-vivid-cyan-blue-color\">8 ao\u00fbt 2024 \u2013\u00a020h30<br>Auditorium Stephan Bouttet<\/mark><\/h3>\n\n\n\n<figure class=\"wp-block-image size-large\"><img loading=\"lazy\" decoding=\"async\" width=\"1024\" height=\"683\" src=\"https:\/\/www.dinardopeningfestival.fr\/wp-content\/uploads\/2024\/04\/Mick-Susan_press-photo_credit-Susie-Conroy-1024x683.jpeg\" alt=\"\" class=\"wp-image-1981\" srcset=\"https:\/\/www.dinardopeningfestival.fr\/wp-content\/uploads\/2024\/04\/Mick-Susan_press-photo_credit-Susie-Conroy-1024x683.jpeg 1024w, https:\/\/www.dinardopeningfestival.fr\/wp-content\/uploads\/2024\/04\/Mick-Susan_press-photo_credit-Susie-Conroy-300x200.jpeg 300w, https:\/\/www.dinardopeningfestival.fr\/wp-content\/uploads\/2024\/04\/Mick-Susan_press-photo_credit-Susie-Conroy-768x512.jpeg 768w, https:\/\/www.dinardopeningfestival.fr\/wp-content\/uploads\/2024\/04\/Mick-Susan_press-photo_credit-Susie-Conroy-1536x1024.jpeg 1536w, https:\/\/www.dinardopeningfestival.fr\/wp-content\/uploads\/2024\/04\/Mick-Susan_press-photo_credit-Susie-Conroy-2048x1365.jpeg 2048w, https:\/\/www.dinardopeningfestival.fr\/wp-content\/uploads\/2024\/04\/Mick-Susan_press-photo_credit-Susie-Conroy-24x16.jpeg 24w, https:\/\/www.dinardopeningfestival.fr\/wp-content\/uploads\/2024\/04\/Mick-Susan_press-photo_credit-Susie-Conroy-36x24.jpeg 36w, https:\/\/www.dinardopeningfestival.fr\/wp-content\/uploads\/2024\/04\/Mick-Susan_press-photo_credit-Susie-Conroy-48x32.jpeg 48w\" sizes=\"auto, (max-width: 1024px) 100vw, 1024px\" \/><figcaption>\u00a9 Suzie Conroy<\/figcaption><\/figure>\n\n\n\n<p>Le monde a connu son lot de duos folk dynamiques, qui ont laiss\u00e9 dans leur sillage des musiques extraordinaires avant de se s\u00e9parer. Les derniers \u00e0 tenter l\u2019aventure sont les Irlandais <strong>Susan O\u2019Neill et Mick Flannery<\/strong>. Toute nouvelle p\u00e9pite de la musique irlandaise, la jeune chanteuse <strong>Susan O\u2019Neill<\/strong>, auteure-compositrice, s\u2019est associ\u00e9e au renomm\u00e9 <strong>Mick Flannery<\/strong>, un pilier de la sc\u00e8ne des auteurs-compositeurs-interpr\u00e8tes, pour composer <em>In the Game<\/em>, album s\u00e9duisant mariant folk et blues, acclam\u00e9 par la critique.<\/p>\n\n\n\n<p>Apr\u00e8s une tourn\u00e9e en Europe et aux \u00c9tats-Unis, et de nombreuses nominations, le duo fait \u00e9tape \u00e0 Dinard et nous propose un album-concept n\u00e9 de la chanson Baby Talk dans laquelle un couple se dispute. <em>Baby Talk<\/em>, avec plus d\u2019un million de streams, a remport\u00e9 le titre de \u00ab meilleure chanson originale de l\u2019ann\u00e9e \u00bb aux RT\u00c9 Radio 1 Awards 2020.<\/p>\n\n\n\n<p>Devant le succ\u00e8s ph\u00e9nom\u00e9nal de leur premi\u00e8re collaboration, ils enregistrent un opus de treize titres, qui raconte l\u2019histoire d\u2019une relation amoureuse. Joie, s\u00e9duction, ins\u00e9curit\u00e9, jalousie, d\u00e9sespoir, chagrin, nostalgie des amours perdues, espoir qui rena\u00eet\u2026 Une \u00ab story \u00bb servie par les voix authentiques, visc\u00e9rales et puissantes des deux interpr\u00e8tes qui habitent profond\u00e9ment leurs personnages.<\/p>\n\n\n\n<p>Ce concert, soutenu par <em>Culture Ireland Funding<\/em>, marque la premi\u00e8re \u00e9tape de relations privil\u00e9gi\u00e9es entre l\u2019Irlande et Dinard.<\/p>\n\n\n\n<figure class=\"wp-block-embed is-type-video is-provider-youtube wp-block-embed-youtube wp-embed-aspect-16-9 wp-has-aspect-ratio\"><div class=\"wp-block-embed__wrapper\">\n<iframe loading=\"lazy\" title=\"Susan O&#039;Neill &amp; Mick Flannery &#039;Freedom&#039; (Official Video)\" width=\"720\" height=\"405\" src=\"https:\/\/www.youtube.com\/embed\/JX-jdB-U-SM?feature=oembed\" frameborder=\"0\" allow=\"accelerometer; autoplay; clipboard-write; encrypted-media; gyroscope; picture-in-picture; web-share\" referrerpolicy=\"strict-origin-when-cross-origin\" allowfullscreen><\/iframe>\n<\/div><\/figure>\n\n\n\n<h3 class=\"wp-block-heading\"><strong>Mick Flannery et Susan O\u2019Neill<\/strong>, chant<br><strong>Christian Best<\/strong>, batterie<br><strong>Alan Comerford<\/strong>, guitare<br><strong>Mikey O&rsquo;Connell<\/strong>, basse<\/h3>\n\n\n\n<p><em>Vente de boissons<\/em> <em>sur place.<\/em><\/p>\n\n\n\n<div class=\"wp-block-buttons is-content-justification-center is-layout-flex wp-container-core-buttons-is-layout-16018d1d wp-block-buttons-is-layout-flex\">\n<div class=\"wp-block-button\"><a class=\"wp-block-button__link\" href=\"https:\/\/indiv.themisweb.fr\/0534\/fListeManifs.aspx?idstructure=0534\" target=\"_blank\" rel=\"noreferrer noopener\">ACHETER VOTRE BILLET<\/a><\/div>\n<\/div>\n","protected":false},"excerpt":{"rendered":"<p>FOLK &#8211; BLUESIn the game 8 ao\u00fbt 2024 \u2013\u00a020h30Auditorium Stephan Bouttet Le monde a connu son lot de duos folk dynamiques, qui ont laiss\u00e9 dans leur sillage des musiques extraordinaires avant de se s\u00e9parer. Les derniers \u00e0 tenter l\u2019aventure sont les Irlandais Susan O\u2019Neill et Mick Flannery. Toute nouvelle p\u00e9pite de la musique irlandaise, la [&hellip;]<\/p>\n","protected":false},"author":1,"featured_media":0,"parent":0,"menu_order":0,"comment_status":"closed","ping_status":"closed","template":"","meta":{"footnotes":""},"class_list":["post-1980","page","type-page","status-publish","hentry"],"yoast_head":"<!-- This site is optimized with the Yoast SEO plugin v19.2 - https:\/\/yoast.com\/wordpress\/plugins\/seo\/ -->\n<title>Mick Flannery &amp; Susan O&#039;Neill - Festival Dinard Opening<\/title>\n<meta name=\"robots\" content=\"index, follow, max-snippet:-1, max-image-preview:large, max-video-preview:-1\" \/>\n<link rel=\"canonical\" href=\"https:\/\/www.dinardopeningfestival.fr\/index.php\/mick-flannery-susan-oneill\/\" \/>\n<meta property=\"og:locale\" content=\"fr_FR\" \/>\n<meta property=\"og:type\" content=\"article\" \/>\n<meta property=\"og:title\" content=\"Mick Flannery &amp; Susan O&#039;Neill - Festival Dinard Opening\" \/>\n<meta property=\"og:description\" content=\"FOLK &#8211; BLUESIn the game 8 ao\u00fbt 2024 \u2013\u00a020h30Auditorium Stephan Bouttet Le monde a connu son lot de duos folk dynamiques, qui ont laiss\u00e9 dans leur sillage des musiques extraordinaires avant de se s\u00e9parer. Les derniers \u00e0 tenter l\u2019aventure sont les Irlandais Susan O\u2019Neill et Mick Flannery. Toute nouvelle p\u00e9pite de la musique irlandaise, la [&hellip;]\" \/>\n<meta property=\"og:url\" content=\"https:\/\/www.dinardopeningfestival.fr\/index.php\/mick-flannery-susan-oneill\/\" \/>\n<meta property=\"og:site_name\" content=\"Festival Dinard Opening\" \/>\n<meta property=\"article:publisher\" content=\"https:\/\/www.facebook.com\/DinardOpeningFestival\" \/>\n<meta property=\"article:modified_time\" content=\"2024-06-11T09:52:03+00:00\" \/>\n<meta property=\"og:image\" content=\"https:\/\/www.dinardopeningfestival.fr\/wp-content\/uploads\/2024\/04\/Mick-Susan_press-photo_credit-Susie-Conroy-1024x683.jpeg\" \/>\n<meta name=\"author\" content=\"admin4235\" \/>\n<meta name=\"twitter:card\" content=\"summary_large_image\" \/>\n<meta name=\"twitter:label1\" content=\"Dur\u00e9e de lecture estim\u00e9e\" \/>\n\t<meta name=\"twitter:data1\" content=\"2 minutes\" \/>\n<script type=\"application\/ld+json\" class=\"yoast-schema-graph\">{\"@context\":\"https:\/\/schema.org\",\"@graph\":[{\"@type\":\"Organization\",\"@id\":\"http:\/\/www.dinardopeningfestival.fr\/#organization\",\"name\":\"Festival Dinard Opening\",\"url\":\"http:\/\/www.dinardopeningfestival.fr\/\",\"sameAs\":[\"https:\/\/www.instagram.com\/dinardopening\/\",\"https:\/\/www.facebook.com\/DinardOpeningFestival\"],\"logo\":{\"@type\":\"ImageObject\",\"inLanguage\":\"fr-FR\",\"@id\":\"http:\/\/www.dinardopeningfestival.fr\/#\/schema\/logo\/image\/\",\"url\":\"https:\/\/www.dinardopeningfestival.fr\/wp-content\/uploads\/2021\/06\/Logo-Dinard-bleu-opening-rouge-1-scaled.jpg\",\"contentUrl\":\"https:\/\/www.dinardopeningfestival.fr\/wp-content\/uploads\/2021\/06\/Logo-Dinard-bleu-opening-rouge-1-scaled.jpg\",\"width\":2560,\"height\":1810,\"caption\":\"Festival Dinard Opening\"},\"image\":{\"@id\":\"http:\/\/www.dinardopeningfestival.fr\/#\/schema\/logo\/image\/\"}},{\"@type\":\"WebSite\",\"@id\":\"http:\/\/www.dinardopeningfestival.fr\/#website\",\"url\":\"http:\/\/www.dinardopeningfestival.fr\/\",\"name\":\"Festival Dinard Opening\",\"description\":\"Le Festival des Musiques Britanniques\",\"publisher\":{\"@id\":\"http:\/\/www.dinardopeningfestival.fr\/#organization\"},\"potentialAction\":[{\"@type\":\"SearchAction\",\"target\":{\"@type\":\"EntryPoint\",\"urlTemplate\":\"http:\/\/www.dinardopeningfestival.fr\/?s={search_term_string}\"},\"query-input\":\"required name=search_term_string\"}],\"inLanguage\":\"fr-FR\"},{\"@type\":\"ImageObject\",\"inLanguage\":\"fr-FR\",\"@id\":\"https:\/\/www.dinardopeningfestival.fr\/index.php\/mick-flannery-susan-oneill\/#primaryimage\",\"url\":\"https:\/\/www.dinardopeningfestival.fr\/wp-content\/uploads\/2024\/04\/Mick-Susan_press-photo_credit-Susie-Conroy-1024x683.jpeg\",\"contentUrl\":\"https:\/\/www.dinardopeningfestival.fr\/wp-content\/uploads\/2024\/04\/Mick-Susan_press-photo_credit-Susie-Conroy-1024x683.jpeg\"},{\"@type\":\"WebPage\",\"@id\":\"https:\/\/www.dinardopeningfestival.fr\/index.php\/mick-flannery-susan-oneill\/#webpage\",\"url\":\"https:\/\/www.dinardopeningfestival.fr\/index.php\/mick-flannery-susan-oneill\/\",\"name\":\"Mick Flannery & Susan O'Neill - Festival Dinard Opening\",\"isPartOf\":{\"@id\":\"http:\/\/www.dinardopeningfestival.fr\/#website\"},\"primaryImageOfPage\":{\"@id\":\"https:\/\/www.dinardopeningfestival.fr\/index.php\/mick-flannery-susan-oneill\/#primaryimage\"},\"datePublished\":\"2024-04-17T14:36:57+00:00\",\"dateModified\":\"2024-06-11T09:52:03+00:00\",\"breadcrumb\":{\"@id\":\"https:\/\/www.dinardopeningfestival.fr\/index.php\/mick-flannery-susan-oneill\/#breadcrumb\"},\"inLanguage\":\"fr-FR\",\"potentialAction\":[{\"@type\":\"ReadAction\",\"target\":[\"https:\/\/www.dinardopeningfestival.fr\/index.php\/mick-flannery-susan-oneill\/\"]}]},{\"@type\":\"BreadcrumbList\",\"@id\":\"https:\/\/www.dinardopeningfestival.fr\/index.php\/mick-flannery-susan-oneill\/#breadcrumb\",\"itemListElement\":[{\"@type\":\"ListItem\",\"position\":1,\"name\":\"Accueil\",\"item\":\"http:\/\/www.dinardopeningfestival.fr\/\"},{\"@type\":\"ListItem\",\"position\":2,\"name\":\"Mick Flannery &#038; Susan O&rsquo;Neill\"}]}]}<\/script>\n<!-- \/ Yoast SEO plugin. -->","yoast_head_json":{"title":"Mick Flannery & Susan O'Neill - Festival Dinard Opening","robots":{"index":"index","follow":"follow","max-snippet":"max-snippet:-1","max-image-preview":"max-image-preview:large","max-video-preview":"max-video-preview:-1"},"canonical":"https:\/\/www.dinardopeningfestival.fr\/index.php\/mick-flannery-susan-oneill\/","og_locale":"fr_FR","og_type":"article","og_title":"Mick Flannery & Susan O'Neill - Festival Dinard Opening","og_description":"FOLK &#8211; BLUESIn the game 8 ao\u00fbt 2024 \u2013\u00a020h30Auditorium Stephan Bouttet Le monde a connu son lot de duos folk dynamiques, qui ont laiss\u00e9 dans leur sillage des musiques extraordinaires avant de se s\u00e9parer. Les derniers \u00e0 tenter l\u2019aventure sont les Irlandais Susan O\u2019Neill et Mick Flannery. Toute nouvelle p\u00e9pite de la musique irlandaise, la [&hellip;]","og_url":"https:\/\/www.dinardopeningfestival.fr\/index.php\/mick-flannery-susan-oneill\/","og_site_name":"Festival Dinard Opening","article_publisher":"https:\/\/www.facebook.com\/DinardOpeningFestival","article_modified_time":"2024-06-11T09:52:03+00:00","og_image":[{"url":"https:\/\/www.dinardopeningfestival.fr\/wp-content\/uploads\/2024\/04\/Mick-Susan_press-photo_credit-Susie-Conroy-1024x683.jpeg"}],"author":"admin4235","twitter_card":"summary_large_image","twitter_misc":{"Dur\u00e9e de lecture estim\u00e9e":"2 minutes"},"schema":{"@context":"https:\/\/schema.org","@graph":[{"@type":"Organization","@id":"http:\/\/www.dinardopeningfestival.fr\/#organization","name":"Festival Dinard Opening","url":"http:\/\/www.dinardopeningfestival.fr\/","sameAs":["https:\/\/www.instagram.com\/dinardopening\/","https:\/\/www.facebook.com\/DinardOpeningFestival"],"logo":{"@type":"ImageObject","inLanguage":"fr-FR","@id":"http:\/\/www.dinardopeningfestival.fr\/#\/schema\/logo\/image\/","url":"https:\/\/www.dinardopeningfestival.fr\/wp-content\/uploads\/2021\/06\/Logo-Dinard-bleu-opening-rouge-1-scaled.jpg","contentUrl":"https:\/\/www.dinardopeningfestival.fr\/wp-content\/uploads\/2021\/06\/Logo-Dinard-bleu-opening-rouge-1-scaled.jpg","width":2560,"height":1810,"caption":"Festival Dinard Opening"},"image":{"@id":"http:\/\/www.dinardopeningfestival.fr\/#\/schema\/logo\/image\/"}},{"@type":"WebSite","@id":"http:\/\/www.dinardopeningfestival.fr\/#website","url":"http:\/\/www.dinardopeningfestival.fr\/","name":"Festival Dinard Opening","description":"Le Festival des Musiques Britanniques","publisher":{"@id":"http:\/\/www.dinardopeningfestival.fr\/#organization"},"potentialAction":[{"@type":"SearchAction","target":{"@type":"EntryPoint","urlTemplate":"http:\/\/www.dinardopeningfestival.fr\/?s={search_term_string}"},"query-input":"required name=search_term_string"}],"inLanguage":"fr-FR"},{"@type":"ImageObject","inLanguage":"fr-FR","@id":"https:\/\/www.dinardopeningfestival.fr\/index.php\/mick-flannery-susan-oneill\/#primaryimage","url":"https:\/\/www.dinardopeningfestival.fr\/wp-content\/uploads\/2024\/04\/Mick-Susan_press-photo_credit-Susie-Conroy-1024x683.jpeg","contentUrl":"https:\/\/www.dinardopeningfestival.fr\/wp-content\/uploads\/2024\/04\/Mick-Susan_press-photo_credit-Susie-Conroy-1024x683.jpeg"},{"@type":"WebPage","@id":"https:\/\/www.dinardopeningfestival.fr\/index.php\/mick-flannery-susan-oneill\/#webpage","url":"https:\/\/www.dinardopeningfestival.fr\/index.php\/mick-flannery-susan-oneill\/","name":"Mick Flannery & Susan O'Neill - Festival Dinard Opening","isPartOf":{"@id":"http:\/\/www.dinardopeningfestival.fr\/#website"},"primaryImageOfPage":{"@id":"https:\/\/www.dinardopeningfestival.fr\/index.php\/mick-flannery-susan-oneill\/#primaryimage"},"datePublished":"2024-04-17T14:36:57+00:00","dateModified":"2024-06-11T09:52:03+00:00","breadcrumb":{"@id":"https:\/\/www.dinardopeningfestival.fr\/index.php\/mick-flannery-susan-oneill\/#breadcrumb"},"inLanguage":"fr-FR","potentialAction":[{"@type":"ReadAction","target":["https:\/\/www.dinardopeningfestival.fr\/index.php\/mick-flannery-susan-oneill\/"]}]},{"@type":"BreadcrumbList","@id":"https:\/\/www.dinardopeningfestival.fr\/index.php\/mick-flannery-susan-oneill\/#breadcrumb","itemListElement":[{"@type":"ListItem","position":1,"name":"Accueil","item":"http:\/\/www.dinardopeningfestival.fr\/"},{"@type":"ListItem","position":2,"name":"Mick Flannery &#038; Susan O&rsquo;Neill"}]}]}},"_links":{"self":[{"href":"https:\/\/www.dinardopeningfestival.fr\/index.php\/wp-json\/wp\/v2\/pages\/1980","targetHints":{"allow":["GET"]}}],"collection":[{"href":"https:\/\/www.dinardopeningfestival.fr\/index.php\/wp-json\/wp\/v2\/pages"}],"about":[{"href":"https:\/\/www.dinardopeningfestival.fr\/index.php\/wp-json\/wp\/v2\/types\/page"}],"author":[{"embeddable":true,"href":"https:\/\/www.dinardopeningfestival.fr\/index.php\/wp-json\/wp\/v2\/users\/1"}],"replies":[{"embeddable":true,"href":"https:\/\/www.dinardopeningfestival.fr\/index.php\/wp-json\/wp\/v2\/comments?post=1980"}],"version-history":[{"count":6,"href":"https:\/\/www.dinardopeningfestival.fr\/index.php\/wp-json\/wp\/v2\/pages\/1980\/revisions"}],"predecessor-version":[{"id":2271,"href":"https:\/\/www.dinardopeningfestival.fr\/index.php\/wp-json\/wp\/v2\/pages\/1980\/revisions\/2271"}],"wp:attachment":[{"href":"https:\/\/www.dinardopeningfestival.fr\/index.php\/wp-json\/wp\/v2\/media?parent=1980"}],"curies":[{"name":"wp","href":"https:\/\/api.w.org\/{rel}","templated":true}]}}