{"id":2003,"date":"2024-04-17T16:35:50","date_gmt":"2024-04-17T14:35:50","guid":{"rendered":"https:\/\/www.dinardopeningfestival.fr\/?page_id=2003"},"modified":"2024-06-11T11:53:29","modified_gmt":"2024-06-11T09:53:29","slug":"in-english-please","status":"publish","type":"page","link":"https:\/\/www.dinardopeningfestival.fr\/index.php\/in-english-please\/","title":{"rendered":"In english, please!"},"content":{"rendered":"\n<h4 class=\"wp-block-heading\"><strong>PR\u00c9LUDE \/ ATELIERS EN LANGUE ANGLAISE<br>V\u00e9ronique Bonnaudet<\/strong><\/h4>\n\n\n\n<h3 class=\"has-text-align-right wp-block-heading\"><mark style=\"background-color:rgba(0, 0, 0, 0)\" class=\"has-inline-color has-vivid-cyan-blue-color\">7 &amp; 8 ao\u00fbt 2024 \u2013\u00a0\u00e0 partir de 10h<br>M\u00e9diath\u00e8que L&rsquo;Ourse<\/mark><br>Gratuit<\/h3>\n\n\n<div class=\"wp-block-image\">\n<figure class=\"aligncenter size-large is-resized\"><img loading=\"lazy\" decoding=\"async\" src=\"https:\/\/www.dinardopeningfestival.fr\/wp-content\/uploads\/2024\/04\/Veronique-Bonnaudet-c-DR-1024x811.png\" alt=\"\" class=\"wp-image-2004\" width=\"675\" height=\"534\" srcset=\"https:\/\/www.dinardopeningfestival.fr\/wp-content\/uploads\/2024\/04\/Veronique-Bonnaudet-c-DR-1024x811.png 1024w, https:\/\/www.dinardopeningfestival.fr\/wp-content\/uploads\/2024\/04\/Veronique-Bonnaudet-c-DR-300x238.png 300w, https:\/\/www.dinardopeningfestival.fr\/wp-content\/uploads\/2024\/04\/Veronique-Bonnaudet-c-DR-768x608.png 768w, https:\/\/www.dinardopeningfestival.fr\/wp-content\/uploads\/2024\/04\/Veronique-Bonnaudet-c-DR-24x19.png 24w, https:\/\/www.dinardopeningfestival.fr\/wp-content\/uploads\/2024\/04\/Veronique-Bonnaudet-c-DR-36x29.png 36w, https:\/\/www.dinardopeningfestival.fr\/wp-content\/uploads\/2024\/04\/Veronique-Bonnaudet-c-DR-48x38.png 48w, https:\/\/www.dinardopeningfestival.fr\/wp-content\/uploads\/2024\/04\/Veronique-Bonnaudet-c-DR.png 1386w\" sizes=\"auto, (max-width: 675px) 100vw, 675px\" \/><figcaption>\u00a9 DR<\/figcaption><\/figure>\n<\/div>\n\n\n<p>Gr\u00e2ce \u00e0 une approche ludique et accessoiris\u00e9e, les enfants per\u00e7oivent la musicalit\u00e9 de la langue et s\u2019\u00e9veillent d\u00e8s le plus jeune \u00e2ge aux sonorit\u00e9s anglaises.<\/p>\n\n\n\n<h3 class=\"wp-block-heading\"><mark style=\"background-color:rgba(0, 0, 0, 0)\" class=\"has-inline-color has-vivid-cyan-blue-color\">Mercredi 7 ao\u00fbt<\/mark><\/h3>\n\n\n\n<p><mark style=\"background-color:rgba(0, 0, 0, 0)\" class=\"has-inline-color has-vivid-cyan-blue-color\">10 h &#8211; <\/mark><strong>Jeux de conversation<\/strong> (\u00e0 partir de 15 ans)<br>Des jeux de langage pour rire et converser en anglais (niveau interm\u00e9diaire recommand\u00e9).<\/p>\n\n\n\n<p><mark style=\"background-color:rgba(0, 0, 0, 0)\" class=\"has-inline-color has-vivid-cyan-blue-color\">11 h &#8211;<\/mark> <strong>Baby English<\/strong> (1\/4 ans)<br>Venez suivre les aventures de Fluffy, un adorable petit chiot, au travers d\u2019activit\u00e9s musicales et albums de jeunesse.<\/p>\n\n\n\n<p><mark style=\"background-color:rgba(0, 0, 0, 0)\" class=\"has-inline-color has-vivid-cyan-blue-color\">15 h &#8211;<\/mark> <strong>Teens <\/strong>(sp\u00e9cial coll\u00e8ge)<br>Jeux de cartes et jeux de soci\u00e9t\u00e9 pour pratiquer l\u2019anglais tout en s\u2019amusant.<\/p>\n\n\n\n<p><mark style=\"background-color:rgba(0, 0, 0, 0)\" class=\"has-inline-color has-vivid-cyan-blue-color\">17 h &#8211;<\/mark> <strong>Pirates ! <\/strong>(atelier th\u00e9\u00e2tralis\u00e9 pour les 6\/10 ans)<br>Des activit\u00e9s en anglais interactives et en chansons pour faire de l\u2019anglais autrement.<\/p>\n\n\n\n<h3 class=\"wp-block-heading\"><mark style=\"background-color:rgba(0, 0, 0, 0)\" class=\"has-inline-color has-vivid-cyan-blue-color\">Jeudi 8 ao\u00fbt<\/mark><\/h3>\n\n\n\n<p><mark style=\"background-color:rgba(0, 0, 0, 0)\" class=\"has-inline-color has-vivid-cyan-blue-color\">10 h &#8211;<\/mark> <strong>Baby English<\/strong> (1\/4 ans)<br>Venez suivre les aventures de Fluffy, un adorable petit chiot, au travers d\u2019activit\u00e9s musicales et albums de jeunesse.<\/p>\n\n\n\n<p><mark style=\"background-color:rgba(0, 0, 0, 0)\" class=\"has-inline-color has-vivid-cyan-blue-color\">11 h &#8211;<\/mark> <strong>Food !<\/strong> (atelier th\u00e9\u00e2tralis\u00e9 pour enfants de 6\/10 ans)<br>Des activit\u00e9s en anglais interactives et en chansons pour faire de l\u2019anglais autrement.<\/p>\n\n\n\n<p><mark style=\"background-color:rgba(0, 0, 0, 0)\" class=\"has-inline-color has-vivid-cyan-blue-color\">15 h 30 &#8211;<\/mark> <strong>Jeux de conversation<\/strong> (\u00e0 partir de 15 ans)<br>Des jeux de langage pour rire et converser en anglais (niveau interm\u00e9diaire recommand\u00e9).<\/p>\n\n\n\n<p><mark style=\"background-color:rgba(0, 0, 0, 0)\" class=\"has-inline-color has-vivid-cyan-blue-color\">17 h &#8211;<\/mark> <strong>Teens<\/strong> (sp\u00e9cial coll\u00e8ge) : Jeux de cartes et jeux de soci\u00e9t\u00e9 pour pratiquer l\u2019anglais tout en s\u2019amusant.<\/p>\n\n\n\n<hr class=\"wp-block-separator has-alpha-channel-opacity\"\/>\n\n\n\n<h3 class=\"wp-block-heading\"><strong>Gratuit, sur inscription<\/strong><br><a href=\"https:\/\/mediatheques.cote-emeraude.fr\">www.lourse.fr<\/a><br>M\u00e9diath\u00e8que L&rsquo;Ourse<br>2, place Newquay &#8211; 35800 Dinard<\/h3>\n","protected":false},"excerpt":{"rendered":"<p>PR\u00c9LUDE \/ ATELIERS EN LANGUE ANGLAISEV\u00e9ronique Bonnaudet 7 &amp; 8 ao\u00fbt 2024 \u2013\u00a0\u00e0 partir de 10hM\u00e9diath\u00e8que L&rsquo;OurseGratuit Gr\u00e2ce \u00e0 une approche ludique et accessoiris\u00e9e, les enfants per\u00e7oivent la musicalit\u00e9 de la langue et s\u2019\u00e9veillent d\u00e8s le plus jeune \u00e2ge aux sonorit\u00e9s anglaises. Mercredi 7 ao\u00fbt 10 h &#8211; Jeux de conversation (\u00e0 partir de 15 [&hellip;]<\/p>\n","protected":false},"author":1,"featured_media":0,"parent":0,"menu_order":0,"comment_status":"closed","ping_status":"closed","template":"","meta":{"footnotes":""},"class_list":["post-2003","page","type-page","status-publish","hentry"],"yoast_head":"<!-- This site is optimized with the Yoast SEO plugin v19.2 - https:\/\/yoast.com\/wordpress\/plugins\/seo\/ -->\n<title>In english, please! - Festival Dinard Opening<\/title>\n<meta name=\"robots\" content=\"index, follow, max-snippet:-1, max-image-preview:large, max-video-preview:-1\" \/>\n<link rel=\"canonical\" href=\"http:\/\/www.dinardopeningfestival.fr\/index.php\/in-english-please\/\" \/>\n<meta property=\"og:locale\" content=\"fr_FR\" \/>\n<meta property=\"og:type\" content=\"article\" \/>\n<meta property=\"og:title\" content=\"In english, please! - Festival Dinard Opening\" \/>\n<meta property=\"og:description\" content=\"PR\u00c9LUDE \/ ATELIERS EN LANGUE ANGLAISEV\u00e9ronique Bonnaudet 7 &amp; 8 ao\u00fbt 2024 \u2013\u00a0\u00e0 partir de 10hM\u00e9diath\u00e8que L&rsquo;OurseGratuit Gr\u00e2ce \u00e0 une approche ludique et accessoiris\u00e9e, les enfants per\u00e7oivent la musicalit\u00e9 de la langue et s\u2019\u00e9veillent d\u00e8s le plus jeune \u00e2ge aux sonorit\u00e9s anglaises. Mercredi 7 ao\u00fbt 10 h &#8211; Jeux de conversation (\u00e0 partir de 15 [&hellip;]\" \/>\n<meta property=\"og:url\" content=\"http:\/\/www.dinardopeningfestival.fr\/index.php\/in-english-please\/\" \/>\n<meta property=\"og:site_name\" content=\"Festival Dinard Opening\" \/>\n<meta property=\"article:publisher\" content=\"https:\/\/www.facebook.com\/DinardOpeningFestival\" \/>\n<meta property=\"article:modified_time\" content=\"2024-06-11T09:53:29+00:00\" \/>\n<meta property=\"og:image\" content=\"https:\/\/www.dinardopeningfestival.fr\/wp-content\/uploads\/2024\/04\/Veronique-Bonnaudet-c-DR-1024x811.png\" \/>\n<meta name=\"author\" content=\"admin4235\" \/>\n<meta name=\"twitter:card\" content=\"summary_large_image\" \/>\n<meta name=\"twitter:label1\" content=\"Dur\u00e9e de lecture estim\u00e9e\" \/>\n\t<meta name=\"twitter:data1\" content=\"2 minutes\" \/>\n<script type=\"application\/ld+json\" class=\"yoast-schema-graph\">{\"@context\":\"https:\/\/schema.org\",\"@graph\":[{\"@type\":\"Organization\",\"@id\":\"http:\/\/www.dinardopeningfestival.fr\/#organization\",\"name\":\"Festival Dinard Opening\",\"url\":\"http:\/\/www.dinardopeningfestival.fr\/\",\"sameAs\":[\"https:\/\/www.instagram.com\/dinardopening\/\",\"https:\/\/www.facebook.com\/DinardOpeningFestival\"],\"logo\":{\"@type\":\"ImageObject\",\"inLanguage\":\"fr-FR\",\"@id\":\"http:\/\/www.dinardopeningfestival.fr\/#\/schema\/logo\/image\/\",\"url\":\"https:\/\/www.dinardopeningfestival.fr\/wp-content\/uploads\/2021\/06\/Logo-Dinard-bleu-opening-rouge-1-scaled.jpg\",\"contentUrl\":\"https:\/\/www.dinardopeningfestival.fr\/wp-content\/uploads\/2021\/06\/Logo-Dinard-bleu-opening-rouge-1-scaled.jpg\",\"width\":2560,\"height\":1810,\"caption\":\"Festival Dinard Opening\"},\"image\":{\"@id\":\"http:\/\/www.dinardopeningfestival.fr\/#\/schema\/logo\/image\/\"}},{\"@type\":\"WebSite\",\"@id\":\"http:\/\/www.dinardopeningfestival.fr\/#website\",\"url\":\"http:\/\/www.dinardopeningfestival.fr\/\",\"name\":\"Festival Dinard Opening\",\"description\":\"Le Festival des Musiques Britanniques\",\"publisher\":{\"@id\":\"http:\/\/www.dinardopeningfestival.fr\/#organization\"},\"potentialAction\":[{\"@type\":\"SearchAction\",\"target\":{\"@type\":\"EntryPoint\",\"urlTemplate\":\"http:\/\/www.dinardopeningfestival.fr\/?s={search_term_string}\"},\"query-input\":\"required name=search_term_string\"}],\"inLanguage\":\"fr-FR\"},{\"@type\":\"ImageObject\",\"inLanguage\":\"fr-FR\",\"@id\":\"http:\/\/www.dinardopeningfestival.fr\/index.php\/in-english-please\/#primaryimage\",\"url\":\"https:\/\/www.dinardopeningfestival.fr\/wp-content\/uploads\/2024\/04\/Veronique-Bonnaudet-c-DR-1024x811.png\",\"contentUrl\":\"https:\/\/www.dinardopeningfestival.fr\/wp-content\/uploads\/2024\/04\/Veronique-Bonnaudet-c-DR-1024x811.png\"},{\"@type\":\"WebPage\",\"@id\":\"http:\/\/www.dinardopeningfestival.fr\/index.php\/in-english-please\/#webpage\",\"url\":\"http:\/\/www.dinardopeningfestival.fr\/index.php\/in-english-please\/\",\"name\":\"In english, please! - Festival Dinard Opening\",\"isPartOf\":{\"@id\":\"http:\/\/www.dinardopeningfestival.fr\/#website\"},\"primaryImageOfPage\":{\"@id\":\"http:\/\/www.dinardopeningfestival.fr\/index.php\/in-english-please\/#primaryimage\"},\"datePublished\":\"2024-04-17T14:35:50+00:00\",\"dateModified\":\"2024-06-11T09:53:29+00:00\",\"breadcrumb\":{\"@id\":\"http:\/\/www.dinardopeningfestival.fr\/index.php\/in-english-please\/#breadcrumb\"},\"inLanguage\":\"fr-FR\",\"potentialAction\":[{\"@type\":\"ReadAction\",\"target\":[\"http:\/\/www.dinardopeningfestival.fr\/index.php\/in-english-please\/\"]}]},{\"@type\":\"BreadcrumbList\",\"@id\":\"http:\/\/www.dinardopeningfestival.fr\/index.php\/in-english-please\/#breadcrumb\",\"itemListElement\":[{\"@type\":\"ListItem\",\"position\":1,\"name\":\"Accueil\",\"item\":\"http:\/\/www.dinardopeningfestival.fr\/\"},{\"@type\":\"ListItem\",\"position\":2,\"name\":\"In english, please!\"}]}]}<\/script>\n<!-- \/ Yoast SEO plugin. -->","yoast_head_json":{"title":"In english, please! - Festival Dinard Opening","robots":{"index":"index","follow":"follow","max-snippet":"max-snippet:-1","max-image-preview":"max-image-preview:large","max-video-preview":"max-video-preview:-1"},"canonical":"http:\/\/www.dinardopeningfestival.fr\/index.php\/in-english-please\/","og_locale":"fr_FR","og_type":"article","og_title":"In english, please! - Festival Dinard Opening","og_description":"PR\u00c9LUDE \/ ATELIERS EN LANGUE ANGLAISEV\u00e9ronique Bonnaudet 7 &amp; 8 ao\u00fbt 2024 \u2013\u00a0\u00e0 partir de 10hM\u00e9diath\u00e8que L&rsquo;OurseGratuit Gr\u00e2ce \u00e0 une approche ludique et accessoiris\u00e9e, les enfants per\u00e7oivent la musicalit\u00e9 de la langue et s\u2019\u00e9veillent d\u00e8s le plus jeune \u00e2ge aux sonorit\u00e9s anglaises. Mercredi 7 ao\u00fbt 10 h &#8211; Jeux de conversation (\u00e0 partir de 15 [&hellip;]","og_url":"http:\/\/www.dinardopeningfestival.fr\/index.php\/in-english-please\/","og_site_name":"Festival Dinard Opening","article_publisher":"https:\/\/www.facebook.com\/DinardOpeningFestival","article_modified_time":"2024-06-11T09:53:29+00:00","og_image":[{"url":"https:\/\/www.dinardopeningfestival.fr\/wp-content\/uploads\/2024\/04\/Veronique-Bonnaudet-c-DR-1024x811.png"}],"author":"admin4235","twitter_card":"summary_large_image","twitter_misc":{"Dur\u00e9e de lecture estim\u00e9e":"2 minutes"},"schema":{"@context":"https:\/\/schema.org","@graph":[{"@type":"Organization","@id":"http:\/\/www.dinardopeningfestival.fr\/#organization","name":"Festival Dinard Opening","url":"http:\/\/www.dinardopeningfestival.fr\/","sameAs":["https:\/\/www.instagram.com\/dinardopening\/","https:\/\/www.facebook.com\/DinardOpeningFestival"],"logo":{"@type":"ImageObject","inLanguage":"fr-FR","@id":"http:\/\/www.dinardopeningfestival.fr\/#\/schema\/logo\/image\/","url":"https:\/\/www.dinardopeningfestival.fr\/wp-content\/uploads\/2021\/06\/Logo-Dinard-bleu-opening-rouge-1-scaled.jpg","contentUrl":"https:\/\/www.dinardopeningfestival.fr\/wp-content\/uploads\/2021\/06\/Logo-Dinard-bleu-opening-rouge-1-scaled.jpg","width":2560,"height":1810,"caption":"Festival Dinard Opening"},"image":{"@id":"http:\/\/www.dinardopeningfestival.fr\/#\/schema\/logo\/image\/"}},{"@type":"WebSite","@id":"http:\/\/www.dinardopeningfestival.fr\/#website","url":"http:\/\/www.dinardopeningfestival.fr\/","name":"Festival Dinard Opening","description":"Le Festival des Musiques Britanniques","publisher":{"@id":"http:\/\/www.dinardopeningfestival.fr\/#organization"},"potentialAction":[{"@type":"SearchAction","target":{"@type":"EntryPoint","urlTemplate":"http:\/\/www.dinardopeningfestival.fr\/?s={search_term_string}"},"query-input":"required name=search_term_string"}],"inLanguage":"fr-FR"},{"@type":"ImageObject","inLanguage":"fr-FR","@id":"http:\/\/www.dinardopeningfestival.fr\/index.php\/in-english-please\/#primaryimage","url":"https:\/\/www.dinardopeningfestival.fr\/wp-content\/uploads\/2024\/04\/Veronique-Bonnaudet-c-DR-1024x811.png","contentUrl":"https:\/\/www.dinardopeningfestival.fr\/wp-content\/uploads\/2024\/04\/Veronique-Bonnaudet-c-DR-1024x811.png"},{"@type":"WebPage","@id":"http:\/\/www.dinardopeningfestival.fr\/index.php\/in-english-please\/#webpage","url":"http:\/\/www.dinardopeningfestival.fr\/index.php\/in-english-please\/","name":"In english, please! - Festival Dinard Opening","isPartOf":{"@id":"http:\/\/www.dinardopeningfestival.fr\/#website"},"primaryImageOfPage":{"@id":"http:\/\/www.dinardopeningfestival.fr\/index.php\/in-english-please\/#primaryimage"},"datePublished":"2024-04-17T14:35:50+00:00","dateModified":"2024-06-11T09:53:29+00:00","breadcrumb":{"@id":"http:\/\/www.dinardopeningfestival.fr\/index.php\/in-english-please\/#breadcrumb"},"inLanguage":"fr-FR","potentialAction":[{"@type":"ReadAction","target":["http:\/\/www.dinardopeningfestival.fr\/index.php\/in-english-please\/"]}]},{"@type":"BreadcrumbList","@id":"http:\/\/www.dinardopeningfestival.fr\/index.php\/in-english-please\/#breadcrumb","itemListElement":[{"@type":"ListItem","position":1,"name":"Accueil","item":"http:\/\/www.dinardopeningfestival.fr\/"},{"@type":"ListItem","position":2,"name":"In english, please!"}]}]}},"_links":{"self":[{"href":"https:\/\/www.dinardopeningfestival.fr\/index.php\/wp-json\/wp\/v2\/pages\/2003","targetHints":{"allow":["GET"]}}],"collection":[{"href":"https:\/\/www.dinardopeningfestival.fr\/index.php\/wp-json\/wp\/v2\/pages"}],"about":[{"href":"https:\/\/www.dinardopeningfestival.fr\/index.php\/wp-json\/wp\/v2\/types\/page"}],"author":[{"embeddable":true,"href":"https:\/\/www.dinardopeningfestival.fr\/index.php\/wp-json\/wp\/v2\/users\/1"}],"replies":[{"embeddable":true,"href":"https:\/\/www.dinardopeningfestival.fr\/index.php\/wp-json\/wp\/v2\/comments?post=2003"}],"version-history":[{"count":3,"href":"https:\/\/www.dinardopeningfestival.fr\/index.php\/wp-json\/wp\/v2\/pages\/2003\/revisions"}],"predecessor-version":[{"id":2273,"href":"https:\/\/www.dinardopeningfestival.fr\/index.php\/wp-json\/wp\/v2\/pages\/2003\/revisions\/2273"}],"wp:attachment":[{"href":"https:\/\/www.dinardopeningfestival.fr\/index.php\/wp-json\/wp\/v2\/media?parent=2003"}],"curies":[{"name":"wp","href":"https:\/\/api.w.org\/{rel}","templated":true}]}}