{"id":2275,"date":"2024-06-11T12:08:32","date_gmt":"2024-06-11T10:08:32","guid":{"rendered":"https:\/\/www.dinardopeningfestival.fr\/?page_id=2275"},"modified":"2024-06-11T12:28:16","modified_gmt":"2024-06-11T10:28:16","slug":"open-yours-ears","status":"publish","type":"page","link":"https:\/\/www.dinardopeningfestival.fr\/index.php\/open-yours-ears\/","title":{"rendered":"Open your ears!"},"content":{"rendered":"\n<h4 class=\"wp-block-heading\" id=\"block-23a2b040-5ce7-40d5-bc7b-2e1382993309\"><strong>PR\u00c9LUDE \/ HEURE DU CONTE MUSICALE EN ANGLAIS<\/strong><br><strong>Tout public, d\u00e8s 6 ans<\/strong><\/h4>\n\n\n\n<h3 class=\"has-text-align-right wp-block-heading\"><mark style=\"background-color:rgba(0, 0, 0, 0)\" class=\"has-inline-color has-vivid-cyan-blue-color\">MARDIS 23 &amp; 30 JUILLET 2024 \u2013 17H<br>M\u00c9DIATH\u00c8QUE L&rsquo;OURSE<\/mark><br>Gratuit<\/h3>\n\n\n\n<figure class=\"wp-block-image size-large\"><img loading=\"lazy\" decoding=\"async\" width=\"1024\" height=\"681\" src=\"https:\/\/www.dinardopeningfestival.fr\/wp-content\/uploads\/2024\/06\/DSC_0015-1024x681.jpg\" alt=\"\" class=\"wp-image-2291\" srcset=\"https:\/\/www.dinardopeningfestival.fr\/wp-content\/uploads\/2024\/06\/DSC_0015-1024x681.jpg 1024w, https:\/\/www.dinardopeningfestival.fr\/wp-content\/uploads\/2024\/06\/DSC_0015-300x199.jpg 300w, https:\/\/www.dinardopeningfestival.fr\/wp-content\/uploads\/2024\/06\/DSC_0015-768x511.jpg 768w, https:\/\/www.dinardopeningfestival.fr\/wp-content\/uploads\/2024\/06\/DSC_0015-1536x1021.jpg 1536w, https:\/\/www.dinardopeningfestival.fr\/wp-content\/uploads\/2024\/06\/DSC_0015-2048x1362.jpg 2048w, https:\/\/www.dinardopeningfestival.fr\/wp-content\/uploads\/2024\/06\/DSC_0015-24x16.jpg 24w, https:\/\/www.dinardopeningfestival.fr\/wp-content\/uploads\/2024\/06\/DSC_0015-36x24.jpg 36w, https:\/\/www.dinardopeningfestival.fr\/wp-content\/uploads\/2024\/06\/DSC_0015-48x32.jpg 48w\" sizes=\"auto, (max-width: 1024px) 100vw, 1024px\" \/><figcaption><strong>\u00a9<\/strong> DR<\/figcaption><\/figure>\n\n\n\n<p>En amont du festival Dinard Opening, cette lecture de contes \u00e0 deux voix, en fran\u00e7ais et anglais, se fera tout en musicalit\u00e9&#8230;<br><em>Dur\u00e9e : 30 minutes<\/em><\/p>\n\n\n\n<hr class=\"wp-block-separator has-alpha-channel-opacity\"\/>\n\n\n\n<h3 class=\"wp-block-heading\" id=\"block-e966cd24-72c3-4293-a662-8dd32e527ae9\"><strong>SUR INSCRIPTION<\/strong> <strong>dans la limite des places disponibles<\/strong><br><a href=\"https:\/\/mediatheques.cote-emeraude.fr\/\">WWW.LOURSE.FR<\/a><br>M\u00c9DIATH\u00c8QUE L&rsquo;OURSE<br>2, PLACE NEWQUAY &#8211; 35800 DINARD<\/h3>\n","protected":false},"excerpt":{"rendered":"<p>PR\u00c9LUDE \/ HEURE DU CONTE MUSICALE EN ANGLAISTout public, d\u00e8s 6 ans MARDIS 23 &amp; 30 JUILLET 2024 \u2013 17HM\u00c9DIATH\u00c8QUE L&rsquo;OURSEGratuit En amont du festival Dinard Opening, cette lecture de contes \u00e0 deux voix, en fran\u00e7ais et anglais, se fera tout en musicalit\u00e9&#8230;Dur\u00e9e : 30 minutes SUR INSCRIPTION dans la limite des places disponiblesWWW.LOURSE.FRM\u00c9DIATH\u00c8QUE L&rsquo;OURSE2, [&hellip;]<\/p>\n","protected":false},"author":1,"featured_media":0,"parent":0,"menu_order":0,"comment_status":"closed","ping_status":"closed","template":"","meta":{"footnotes":""},"class_list":["post-2275","page","type-page","status-publish","hentry"],"yoast_head":"<!-- This site is optimized with the Yoast SEO plugin v19.2 - https:\/\/yoast.com\/wordpress\/plugins\/seo\/ -->\n<title>Open your ears! - Festival Dinard Opening<\/title>\n<meta name=\"robots\" content=\"index, follow, max-snippet:-1, max-image-preview:large, max-video-preview:-1\" \/>\n<link rel=\"canonical\" href=\"https:\/\/www.dinardopeningfestival.fr\/index.php\/open-yours-ears\/\" \/>\n<meta property=\"og:locale\" content=\"fr_FR\" \/>\n<meta property=\"og:type\" content=\"article\" \/>\n<meta property=\"og:title\" content=\"Open your ears! - Festival Dinard Opening\" \/>\n<meta property=\"og:description\" content=\"PR\u00c9LUDE \/ HEURE DU CONTE MUSICALE EN ANGLAISTout public, d\u00e8s 6 ans MARDIS 23 &amp; 30 JUILLET 2024 \u2013 17HM\u00c9DIATH\u00c8QUE L&rsquo;OURSEGratuit En amont du festival Dinard Opening, cette lecture de contes \u00e0 deux voix, en fran\u00e7ais et anglais, se fera tout en musicalit\u00e9&#8230;Dur\u00e9e : 30 minutes SUR INSCRIPTION dans la limite des places disponiblesWWW.LOURSE.FRM\u00c9DIATH\u00c8QUE L&rsquo;OURSE2, [&hellip;]\" \/>\n<meta property=\"og:url\" content=\"https:\/\/www.dinardopeningfestival.fr\/index.php\/open-yours-ears\/\" \/>\n<meta property=\"og:site_name\" content=\"Festival Dinard Opening\" \/>\n<meta property=\"article:publisher\" content=\"https:\/\/www.facebook.com\/DinardOpeningFestival\" \/>\n<meta property=\"article:modified_time\" content=\"2024-06-11T10:28:16+00:00\" \/>\n<meta property=\"og:image\" content=\"https:\/\/www.dinardopeningfestival.fr\/wp-content\/uploads\/2024\/06\/DSC_0015-1024x681.jpg\" \/>\n<meta name=\"author\" content=\"admin4235\" \/>\n<meta name=\"twitter:card\" content=\"summary_large_image\" \/>\n<meta name=\"twitter:label1\" content=\"Dur\u00e9e de lecture estim\u00e9e\" \/>\n\t<meta name=\"twitter:data1\" content=\"1 minute\" \/>\n<script type=\"application\/ld+json\" class=\"yoast-schema-graph\">{\"@context\":\"https:\/\/schema.org\",\"@graph\":[{\"@type\":\"Organization\",\"@id\":\"http:\/\/www.dinardopeningfestival.fr\/#organization\",\"name\":\"Festival Dinard Opening\",\"url\":\"http:\/\/www.dinardopeningfestival.fr\/\",\"sameAs\":[\"https:\/\/www.instagram.com\/dinardopening\/\",\"https:\/\/www.facebook.com\/DinardOpeningFestival\"],\"logo\":{\"@type\":\"ImageObject\",\"inLanguage\":\"fr-FR\",\"@id\":\"http:\/\/www.dinardopeningfestival.fr\/#\/schema\/logo\/image\/\",\"url\":\"https:\/\/www.dinardopeningfestival.fr\/wp-content\/uploads\/2021\/06\/Logo-Dinard-bleu-opening-rouge-1-scaled.jpg\",\"contentUrl\":\"https:\/\/www.dinardopeningfestival.fr\/wp-content\/uploads\/2021\/06\/Logo-Dinard-bleu-opening-rouge-1-scaled.jpg\",\"width\":2560,\"height\":1810,\"caption\":\"Festival Dinard Opening\"},\"image\":{\"@id\":\"http:\/\/www.dinardopeningfestival.fr\/#\/schema\/logo\/image\/\"}},{\"@type\":\"WebSite\",\"@id\":\"http:\/\/www.dinardopeningfestival.fr\/#website\",\"url\":\"http:\/\/www.dinardopeningfestival.fr\/\",\"name\":\"Festival Dinard Opening\",\"description\":\"Le Festival des Musiques Britanniques\",\"publisher\":{\"@id\":\"http:\/\/www.dinardopeningfestival.fr\/#organization\"},\"potentialAction\":[{\"@type\":\"SearchAction\",\"target\":{\"@type\":\"EntryPoint\",\"urlTemplate\":\"http:\/\/www.dinardopeningfestival.fr\/?s={search_term_string}\"},\"query-input\":\"required name=search_term_string\"}],\"inLanguage\":\"fr-FR\"},{\"@type\":\"ImageObject\",\"inLanguage\":\"fr-FR\",\"@id\":\"https:\/\/www.dinardopeningfestival.fr\/index.php\/open-yours-ears\/#primaryimage\",\"url\":\"https:\/\/www.dinardopeningfestival.fr\/wp-content\/uploads\/2024\/06\/DSC_0015-1024x681.jpg\",\"contentUrl\":\"https:\/\/www.dinardopeningfestival.fr\/wp-content\/uploads\/2024\/06\/DSC_0015-1024x681.jpg\"},{\"@type\":\"WebPage\",\"@id\":\"https:\/\/www.dinardopeningfestival.fr\/index.php\/open-yours-ears\/#webpage\",\"url\":\"https:\/\/www.dinardopeningfestival.fr\/index.php\/open-yours-ears\/\",\"name\":\"Open your ears! - Festival Dinard Opening\",\"isPartOf\":{\"@id\":\"http:\/\/www.dinardopeningfestival.fr\/#website\"},\"primaryImageOfPage\":{\"@id\":\"https:\/\/www.dinardopeningfestival.fr\/index.php\/open-yours-ears\/#primaryimage\"},\"datePublished\":\"2024-06-11T10:08:32+00:00\",\"dateModified\":\"2024-06-11T10:28:16+00:00\",\"breadcrumb\":{\"@id\":\"https:\/\/www.dinardopeningfestival.fr\/index.php\/open-yours-ears\/#breadcrumb\"},\"inLanguage\":\"fr-FR\",\"potentialAction\":[{\"@type\":\"ReadAction\",\"target\":[\"https:\/\/www.dinardopeningfestival.fr\/index.php\/open-yours-ears\/\"]}]},{\"@type\":\"BreadcrumbList\",\"@id\":\"https:\/\/www.dinardopeningfestival.fr\/index.php\/open-yours-ears\/#breadcrumb\",\"itemListElement\":[{\"@type\":\"ListItem\",\"position\":1,\"name\":\"Accueil\",\"item\":\"http:\/\/www.dinardopeningfestival.fr\/\"},{\"@type\":\"ListItem\",\"position\":2,\"name\":\"Open your ears!\"}]}]}<\/script>\n<!-- \/ Yoast SEO plugin. -->","yoast_head_json":{"title":"Open your ears! - Festival Dinard Opening","robots":{"index":"index","follow":"follow","max-snippet":"max-snippet:-1","max-image-preview":"max-image-preview:large","max-video-preview":"max-video-preview:-1"},"canonical":"https:\/\/www.dinardopeningfestival.fr\/index.php\/open-yours-ears\/","og_locale":"fr_FR","og_type":"article","og_title":"Open your ears! - Festival Dinard Opening","og_description":"PR\u00c9LUDE \/ HEURE DU CONTE MUSICALE EN ANGLAISTout public, d\u00e8s 6 ans MARDIS 23 &amp; 30 JUILLET 2024 \u2013 17HM\u00c9DIATH\u00c8QUE L&rsquo;OURSEGratuit En amont du festival Dinard Opening, cette lecture de contes \u00e0 deux voix, en fran\u00e7ais et anglais, se fera tout en musicalit\u00e9&#8230;Dur\u00e9e : 30 minutes SUR INSCRIPTION dans la limite des places disponiblesWWW.LOURSE.FRM\u00c9DIATH\u00c8QUE L&rsquo;OURSE2, [&hellip;]","og_url":"https:\/\/www.dinardopeningfestival.fr\/index.php\/open-yours-ears\/","og_site_name":"Festival Dinard Opening","article_publisher":"https:\/\/www.facebook.com\/DinardOpeningFestival","article_modified_time":"2024-06-11T10:28:16+00:00","og_image":[{"url":"https:\/\/www.dinardopeningfestival.fr\/wp-content\/uploads\/2024\/06\/DSC_0015-1024x681.jpg"}],"author":"admin4235","twitter_card":"summary_large_image","twitter_misc":{"Dur\u00e9e de lecture estim\u00e9e":"1 minute"},"schema":{"@context":"https:\/\/schema.org","@graph":[{"@type":"Organization","@id":"http:\/\/www.dinardopeningfestival.fr\/#organization","name":"Festival Dinard Opening","url":"http:\/\/www.dinardopeningfestival.fr\/","sameAs":["https:\/\/www.instagram.com\/dinardopening\/","https:\/\/www.facebook.com\/DinardOpeningFestival"],"logo":{"@type":"ImageObject","inLanguage":"fr-FR","@id":"http:\/\/www.dinardopeningfestival.fr\/#\/schema\/logo\/image\/","url":"https:\/\/www.dinardopeningfestival.fr\/wp-content\/uploads\/2021\/06\/Logo-Dinard-bleu-opening-rouge-1-scaled.jpg","contentUrl":"https:\/\/www.dinardopeningfestival.fr\/wp-content\/uploads\/2021\/06\/Logo-Dinard-bleu-opening-rouge-1-scaled.jpg","width":2560,"height":1810,"caption":"Festival Dinard Opening"},"image":{"@id":"http:\/\/www.dinardopeningfestival.fr\/#\/schema\/logo\/image\/"}},{"@type":"WebSite","@id":"http:\/\/www.dinardopeningfestival.fr\/#website","url":"http:\/\/www.dinardopeningfestival.fr\/","name":"Festival Dinard Opening","description":"Le Festival des Musiques Britanniques","publisher":{"@id":"http:\/\/www.dinardopeningfestival.fr\/#organization"},"potentialAction":[{"@type":"SearchAction","target":{"@type":"EntryPoint","urlTemplate":"http:\/\/www.dinardopeningfestival.fr\/?s={search_term_string}"},"query-input":"required name=search_term_string"}],"inLanguage":"fr-FR"},{"@type":"ImageObject","inLanguage":"fr-FR","@id":"https:\/\/www.dinardopeningfestival.fr\/index.php\/open-yours-ears\/#primaryimage","url":"https:\/\/www.dinardopeningfestival.fr\/wp-content\/uploads\/2024\/06\/DSC_0015-1024x681.jpg","contentUrl":"https:\/\/www.dinardopeningfestival.fr\/wp-content\/uploads\/2024\/06\/DSC_0015-1024x681.jpg"},{"@type":"WebPage","@id":"https:\/\/www.dinardopeningfestival.fr\/index.php\/open-yours-ears\/#webpage","url":"https:\/\/www.dinardopeningfestival.fr\/index.php\/open-yours-ears\/","name":"Open your ears! - Festival Dinard Opening","isPartOf":{"@id":"http:\/\/www.dinardopeningfestival.fr\/#website"},"primaryImageOfPage":{"@id":"https:\/\/www.dinardopeningfestival.fr\/index.php\/open-yours-ears\/#primaryimage"},"datePublished":"2024-06-11T10:08:32+00:00","dateModified":"2024-06-11T10:28:16+00:00","breadcrumb":{"@id":"https:\/\/www.dinardopeningfestival.fr\/index.php\/open-yours-ears\/#breadcrumb"},"inLanguage":"fr-FR","potentialAction":[{"@type":"ReadAction","target":["https:\/\/www.dinardopeningfestival.fr\/index.php\/open-yours-ears\/"]}]},{"@type":"BreadcrumbList","@id":"https:\/\/www.dinardopeningfestival.fr\/index.php\/open-yours-ears\/#breadcrumb","itemListElement":[{"@type":"ListItem","position":1,"name":"Accueil","item":"http:\/\/www.dinardopeningfestival.fr\/"},{"@type":"ListItem","position":2,"name":"Open your ears!"}]}]}},"_links":{"self":[{"href":"https:\/\/www.dinardopeningfestival.fr\/index.php\/wp-json\/wp\/v2\/pages\/2275","targetHints":{"allow":["GET"]}}],"collection":[{"href":"https:\/\/www.dinardopeningfestival.fr\/index.php\/wp-json\/wp\/v2\/pages"}],"about":[{"href":"https:\/\/www.dinardopeningfestival.fr\/index.php\/wp-json\/wp\/v2\/types\/page"}],"author":[{"embeddable":true,"href":"https:\/\/www.dinardopeningfestival.fr\/index.php\/wp-json\/wp\/v2\/users\/1"}],"replies":[{"embeddable":true,"href":"https:\/\/www.dinardopeningfestival.fr\/index.php\/wp-json\/wp\/v2\/comments?post=2275"}],"version-history":[{"count":8,"href":"https:\/\/www.dinardopeningfestival.fr\/index.php\/wp-json\/wp\/v2\/pages\/2275\/revisions"}],"predecessor-version":[{"id":2294,"href":"https:\/\/www.dinardopeningfestival.fr\/index.php\/wp-json\/wp\/v2\/pages\/2275\/revisions\/2294"}],"wp:attachment":[{"href":"https:\/\/www.dinardopeningfestival.fr\/index.php\/wp-json\/wp\/v2\/media?parent=2275"}],"curies":[{"name":"wp","href":"https:\/\/api.w.org\/{rel}","templated":true}]}}