{"id":2510,"date":"2025-03-10T16:34:51","date_gmt":"2025-03-10T15:34:51","guid":{"rendered":"https:\/\/www.dinardopeningfestival.fr\/?page_id=2510"},"modified":"2025-03-10T16:38:38","modified_gmt":"2025-03-10T15:38:38","slug":"festival-dinard-opening","status":"publish","type":"page","link":"https:\/\/www.dinardopeningfestival.fr\/index.php\/festival-dinard-opening\/","title":{"rendered":"Programmation 2025 bient\u00f4t en ligne : restez connect\u00e9s !"},"content":{"rendered":"\n<h4 class=\"wp-block-heading\"><strong>M\u00ealant tous les genres musicaux<\/strong>&nbsp;(baroque, classique, folk, rock\u2026), ce que<br>les Britanniques savent faire \u00e0 merveille,&nbsp;<strong>\u00ab ouvert \u00bb \u00e0 toutes les influences<\/strong>,<br><em><strong>Dinard Opening<\/strong><\/em>&nbsp;rassemble et donne du bonheur \u00e0&nbsp;<strong>tous les publics<\/strong>.<br><br>D\u00e9but ao\u00fbt, il irrigue chaque soir la ville, en salles, sur des sc\u00e8nes ext\u00e9rieures, et dans des lieux insolites \u2013 \u00e9glise, hall d\u2019h\u00f4tel, jardins\u2026<br><br><strong>Les musiques anglaises<\/strong>, mais aussi&nbsp;<strong>galloises<\/strong>,&nbsp;<strong>\u00e9cossaises<\/strong>,&nbsp;<strong>irlandaises<\/strong>, y r\u00e9sonnent chaque ann\u00e9e.<\/h4>\n\n\n\n<figure class=\"wp-block-image\"><img loading=\"lazy\" decoding=\"async\" width=\"1024\" height=\"575\" src=\"http:\/\/ygzvpgw.cluster030.hosting.ovh.net\/wp-content\/uploads\/2021\/06\/DJI_0768-1024x575.jpg\" alt=\"\" class=\"wp-image-120\" srcset=\"https:\/\/www.dinardopeningfestival.fr\/wp-content\/uploads\/2021\/06\/DJI_0768-1024x575.jpg 1024w, https:\/\/www.dinardopeningfestival.fr\/wp-content\/uploads\/2021\/06\/DJI_0768-300x169.jpg 300w, https:\/\/www.dinardopeningfestival.fr\/wp-content\/uploads\/2021\/06\/DJI_0768-768x432.jpg 768w, https:\/\/www.dinardopeningfestival.fr\/wp-content\/uploads\/2021\/06\/DJI_0768-1536x863.jpg 1536w, https:\/\/www.dinardopeningfestival.fr\/wp-content\/uploads\/2021\/06\/DJI_0768-2048x1151.jpg 2048w\" sizes=\"auto, (max-width: 1024px) 100vw, 1024px\" \/><figcaption>\u00a9Richard Vitto<\/figcaption><\/figure>\n\n\n\n<h4 class=\"wp-block-heading\">Cr\u00e9\u00e9e dans<strong>&nbsp;les ann\u00e9es 1850<\/strong>, Dinard a d\u2019abord d\u00fb son rayonnement \u00e0<strong>&nbsp;<\/strong>une&nbsp;<strong>forte colonie anglaise<\/strong>. Touristes de prestige, \u00e9lites \u00e9conomiques ou artistiques,<br>venus pour beaucoup des \u00celes britanniques, firent les beaux jours de la station jusqu\u2019\u00e0 la crise des ann\u00e9es 1930. En t\u00e9moignent encore l\u2019architecture de nombreuses villas, les noms de rue et la pr\u00e9sence d\u2019une \u00c9glise anglicane.<\/h4>\n\n\n\n<figure class=\"wp-block-image\"><img loading=\"lazy\" decoding=\"async\" width=\"1024\" height=\"683\" src=\"http:\/\/ygzvpgw.cluster030.hosting.ovh.net\/wp-content\/uploads\/2021\/06\/64246717_2270505886531350_4578012787631980544_o-1024x683.jpg\" alt=\"\" class=\"wp-image-307\" srcset=\"https:\/\/www.dinardopeningfestival.fr\/wp-content\/uploads\/2021\/06\/64246717_2270505886531350_4578012787631980544_o-1024x683.jpg 1024w, https:\/\/www.dinardopeningfestival.fr\/wp-content\/uploads\/2021\/06\/64246717_2270505886531350_4578012787631980544_o-300x200.jpg 300w, https:\/\/www.dinardopeningfestival.fr\/wp-content\/uploads\/2021\/06\/64246717_2270505886531350_4578012787631980544_o-768x512.jpg 768w, https:\/\/www.dinardopeningfestival.fr\/wp-content\/uploads\/2021\/06\/64246717_2270505886531350_4578012787631980544_o-24x16.jpg 24w, https:\/\/www.dinardopeningfestival.fr\/wp-content\/uploads\/2021\/06\/64246717_2270505886531350_4578012787631980544_o-36x24.jpg 36w, https:\/\/www.dinardopeningfestival.fr\/wp-content\/uploads\/2021\/06\/64246717_2270505886531350_4578012787631980544_o-48x32.jpg 48w, https:\/\/www.dinardopeningfestival.fr\/wp-content\/uploads\/2021\/06\/64246717_2270505886531350_4578012787631980544_o.jpg 1080w\" sizes=\"auto, (max-width: 1024px) 100vw, 1024px\" \/><\/figure>\n\n\n\n<figure class=\"wp-block-image\"><img loading=\"lazy\" decoding=\"async\" width=\"1024\" height=\"681\" src=\"http:\/\/ygzvpgw.cluster030.hosting.ovh.net\/wp-content\/uploads\/2021\/06\/DSC0593-1024x681.jpg\" alt=\"\" class=\"wp-image-289\" srcset=\"https:\/\/www.dinardopeningfestival.fr\/wp-content\/uploads\/2021\/06\/DSC0593-1024x681.jpg 1024w, https:\/\/www.dinardopeningfestival.fr\/wp-content\/uploads\/2021\/06\/DSC0593-300x199.jpg 300w, https:\/\/www.dinardopeningfestival.fr\/wp-content\/uploads\/2021\/06\/DSC0593-768x511.jpg 768w, https:\/\/www.dinardopeningfestival.fr\/wp-content\/uploads\/2021\/06\/DSC0593-1536x1021.jpg 1536w, https:\/\/www.dinardopeningfestival.fr\/wp-content\/uploads\/2021\/06\/DSC0593-2048x1362.jpg 2048w, https:\/\/www.dinardopeningfestival.fr\/wp-content\/uploads\/2021\/06\/DSC0593-24x16.jpg 24w, https:\/\/www.dinardopeningfestival.fr\/wp-content\/uploads\/2021\/06\/DSC0593-36x24.jpg 36w, https:\/\/www.dinardopeningfestival.fr\/wp-content\/uploads\/2021\/06\/DSC0593-48x32.jpg 48w\" sizes=\"auto, (max-width: 1024px) 100vw, 1024px\" \/><\/figure>\n\n\n\n<figure class=\"wp-block-image\"><img loading=\"lazy\" decoding=\"async\" width=\"1024\" height=\"576\" src=\"http:\/\/ygzvpgw.cluster030.hosting.ovh.net\/wp-content\/uploads\/2021\/06\/1S9A7052-1024x576.jpg\" alt=\"\" class=\"wp-image-292\" srcset=\"https:\/\/www.dinardopeningfestival.fr\/wp-content\/uploads\/2021\/06\/1S9A7052-1024x576.jpg 1024w, https:\/\/www.dinardopeningfestival.fr\/wp-content\/uploads\/2021\/06\/1S9A7052-300x169.jpg 300w, https:\/\/www.dinardopeningfestival.fr\/wp-content\/uploads\/2021\/06\/1S9A7052-768x432.jpg 768w, https:\/\/www.dinardopeningfestival.fr\/wp-content\/uploads\/2021\/06\/1S9A7052-1536x864.jpg 1536w, https:\/\/www.dinardopeningfestival.fr\/wp-content\/uploads\/2021\/06\/1S9A7052-2048x1152.jpg 2048w, https:\/\/www.dinardopeningfestival.fr\/wp-content\/uploads\/2021\/06\/1S9A7052-24x14.jpg 24w, https:\/\/www.dinardopeningfestival.fr\/wp-content\/uploads\/2021\/06\/1S9A7052-36x20.jpg 36w, https:\/\/www.dinardopeningfestival.fr\/wp-content\/uploads\/2021\/06\/1S9A7052-48x27.jpg 48w\" sizes=\"auto, (max-width: 1024px) 100vw, 1024px\" \/><\/figure>\n\n\n\n<figure class=\"wp-block-image\"><img loading=\"lazy\" decoding=\"async\" width=\"1024\" height=\"768\" src=\"http:\/\/ygzvpgw.cluster030.hosting.ovh.net\/wp-content\/uploads\/2021\/06\/IMG-0664-1-1024x768.jpg\" alt=\"\" class=\"wp-image-309\" srcset=\"https:\/\/www.dinardopeningfestival.fr\/wp-content\/uploads\/2021\/06\/IMG-0664-1-1024x768.jpg 1024w, https:\/\/www.dinardopeningfestival.fr\/wp-content\/uploads\/2021\/06\/IMG-0664-1-300x225.jpg 300w, https:\/\/www.dinardopeningfestival.fr\/wp-content\/uploads\/2021\/06\/IMG-0664-1-768x576.jpg 768w, https:\/\/www.dinardopeningfestival.fr\/wp-content\/uploads\/2021\/06\/IMG-0664-1-1536x1152.jpg 1536w, https:\/\/www.dinardopeningfestival.fr\/wp-content\/uploads\/2021\/06\/IMG-0664-1-2048x1536.jpg 2048w, https:\/\/www.dinardopeningfestival.fr\/wp-content\/uploads\/2021\/06\/IMG-0664-1-24x18.jpg 24w, https:\/\/www.dinardopeningfestival.fr\/wp-content\/uploads\/2021\/06\/IMG-0664-1-36x27.jpg 36w, https:\/\/www.dinardopeningfestival.fr\/wp-content\/uploads\/2021\/06\/IMG-0664-1-48x36.jpg 48w\" sizes=\"auto, (max-width: 1024px) 100vw, 1024px\" \/><\/figure>\n\n\n\n<hr class=\"wp-block-separator has-alpha-channel-opacity\"\/>\n\n\n<div class=\"wp-block-image\">\n<figure class=\"aligncenter\"><img loading=\"lazy\" decoding=\"async\" width=\"360\" height=\"360\" src=\"http:\/\/www.dinardopeningfestival.fr\/wp-content\/uploads\/2021\/06\/drapeau-royaume-uni.png\" alt=\"\" class=\"wp-image-574\" srcset=\"https:\/\/www.dinardopeningfestival.fr\/wp-content\/uploads\/2021\/06\/drapeau-royaume-uni.png 360w, https:\/\/www.dinardopeningfestival.fr\/wp-content\/uploads\/2021\/06\/drapeau-royaume-uni-300x300.png 300w, https:\/\/www.dinardopeningfestival.fr\/wp-content\/uploads\/2021\/06\/drapeau-royaume-uni-150x150.png 150w, https:\/\/www.dinardopeningfestival.fr\/wp-content\/uploads\/2021\/06\/drapeau-royaume-uni-24x24.png 24w, https:\/\/www.dinardopeningfestival.fr\/wp-content\/uploads\/2021\/06\/drapeau-royaume-uni-36x36.png 36w, https:\/\/www.dinardopeningfestival.fr\/wp-content\/uploads\/2021\/06\/drapeau-royaume-uni-48x48.png 48w\" sizes=\"auto, (max-width: 360px) 100vw, 360px\" \/><\/figure>\n<\/div>\n\n\n<h3 class=\"wp-block-heading\">\u201dThe most British of French towns\u201c<br>launches&nbsp;<strong>from the 7th to the 15th of August<\/strong>,<br><strong>A FESTIVAL OF BRITISH MUSIC IN FRANCE<\/strong><\/h3>\n\n\n\n<h4 class=\"wp-block-heading\"><br><strong>Created in the 1850\u2019s<\/strong>&nbsp;this seaside town owes much to&nbsp;<strong>the influence of the British<\/strong>. Many affluent tourists and members of the literary and artistic elite arrived from the British Isles to take advantage of the wonderful climate and culture during the extremely difficult economic period of the 1930\u2019s.<br>Large numbers of the existing villas and the English Church of St Bartholomew\u2019s bear witness to this influence.<br><br><strong>This strong link between Dinard and the UK<\/strong>&nbsp;is still alive and in evidence.<br><strong>For over 30 years<\/strong>&nbsp;<strong>the Dinard British Film Festiva<\/strong>l has forged these links along with the twinning of the town with Newquay in Cornwall.<br>We take great pleasure in adding to these, the Festival&nbsp;<strong>Dinard Opening<\/strong>.<br><br><strong>Mixing many musical genres<\/strong>&nbsp;(baroque, classical, folk, rock) that the British do best and which is influenced by so much,&nbsp;<strong>Dinard Opening hopes to attract a wide public<\/strong>.<\/h4>\n\n\n\n<h4 class=\"wp-block-heading\">Every evening, it will take place in the city, in theatres, on outdoor stages, and in unusual places \u2013 churches, hotel lobbies, gardens\u2026<\/h4>\n\n\n\n<h4 class=\"wp-block-heading\">English, but also Welsh, Scottish and Irish music will be heard.<\/h4>\n\n\n\n<p>https:\/\/www.youtube.com\/embed\/Jca7qSM6K44?feature=oembedRetour en images sur l\u2019\u00e9dition 2024<br>Vid\u00e9o : Ready Prod<\/p>\n","protected":false},"excerpt":{"rendered":"<p>M\u00ealant tous les genres musicaux&nbsp;(baroque, classique, folk, rock\u2026), ce queles Britanniques savent faire \u00e0 merveille,&nbsp;\u00ab ouvert \u00bb \u00e0 toutes les influences,Dinard Opening&nbsp;rassemble et donne du bonheur \u00e0&nbsp;tous les publics. D\u00e9but ao\u00fbt, il irrigue chaque soir la ville, en salles, sur des sc\u00e8nes ext\u00e9rieures, et dans des lieux insolites \u2013 \u00e9glise, hall d\u2019h\u00f4tel, jardins\u2026 Les musiques [&hellip;]<\/p>\n","protected":false},"author":1,"featured_media":0,"parent":0,"menu_order":0,"comment_status":"closed","ping_status":"closed","template":"","meta":{"footnotes":""},"class_list":["post-2510","page","type-page","status-publish","hentry"],"yoast_head":"<!-- This site is optimized with the Yoast SEO plugin v19.2 - https:\/\/yoast.com\/wordpress\/plugins\/seo\/ -->\n<title>Programmation 2025 bient\u00f4t en ligne : restez connect\u00e9s ! - Festival Dinard Opening<\/title>\n<meta name=\"robots\" content=\"index, follow, max-snippet:-1, max-image-preview:large, max-video-preview:-1\" \/>\n<link rel=\"canonical\" href=\"http:\/\/www.dinardopeningfestival.fr\/index.php\/festival-dinard-opening\/\" \/>\n<meta property=\"og:locale\" content=\"fr_FR\" \/>\n<meta property=\"og:type\" content=\"article\" \/>\n<meta property=\"og:title\" content=\"Programmation 2025 bient\u00f4t en ligne : restez connect\u00e9s ! - Festival Dinard Opening\" \/>\n<meta property=\"og:description\" content=\"M\u00ealant tous les genres musicaux&nbsp;(baroque, classique, folk, rock\u2026), ce queles Britanniques savent faire \u00e0 merveille,&nbsp;\u00ab ouvert \u00bb \u00e0 toutes les influences,Dinard Opening&nbsp;rassemble et donne du bonheur \u00e0&nbsp;tous les publics. D\u00e9but ao\u00fbt, il irrigue chaque soir la ville, en salles, sur des sc\u00e8nes ext\u00e9rieures, et dans des lieux insolites \u2013 \u00e9glise, hall d\u2019h\u00f4tel, jardins\u2026 Les musiques [&hellip;]\" \/>\n<meta property=\"og:url\" content=\"http:\/\/www.dinardopeningfestival.fr\/index.php\/festival-dinard-opening\/\" \/>\n<meta property=\"og:site_name\" content=\"Festival Dinard Opening\" \/>\n<meta property=\"article:publisher\" content=\"https:\/\/www.facebook.com\/DinardOpeningFestival\" \/>\n<meta property=\"article:modified_time\" content=\"2025-03-10T15:38:38+00:00\" \/>\n<meta property=\"og:image\" content=\"http:\/\/ygzvpgw.cluster030.hosting.ovh.net\/wp-content\/uploads\/2021\/06\/DJI_0768-1024x575.jpg\" \/>\n<meta name=\"author\" content=\"admin4235\" \/>\n<meta name=\"twitter:card\" content=\"summary_large_image\" \/>\n<meta name=\"twitter:label1\" content=\"Dur\u00e9e de lecture estim\u00e9e\" \/>\n\t<meta name=\"twitter:data1\" content=\"3 minutes\" \/>\n<script type=\"application\/ld+json\" class=\"yoast-schema-graph\">{\"@context\":\"https:\/\/schema.org\",\"@graph\":[{\"@type\":\"Organization\",\"@id\":\"http:\/\/www.dinardopeningfestival.fr\/#organization\",\"name\":\"Festival Dinard Opening\",\"url\":\"http:\/\/www.dinardopeningfestival.fr\/\",\"sameAs\":[\"https:\/\/www.instagram.com\/dinardopening\/\",\"https:\/\/www.facebook.com\/DinardOpeningFestival\"],\"logo\":{\"@type\":\"ImageObject\",\"inLanguage\":\"fr-FR\",\"@id\":\"http:\/\/www.dinardopeningfestival.fr\/#\/schema\/logo\/image\/\",\"url\":\"https:\/\/www.dinardopeningfestival.fr\/wp-content\/uploads\/2021\/06\/Logo-Dinard-bleu-opening-rouge-1-scaled.jpg\",\"contentUrl\":\"https:\/\/www.dinardopeningfestival.fr\/wp-content\/uploads\/2021\/06\/Logo-Dinard-bleu-opening-rouge-1-scaled.jpg\",\"width\":2560,\"height\":1810,\"caption\":\"Festival Dinard Opening\"},\"image\":{\"@id\":\"http:\/\/www.dinardopeningfestival.fr\/#\/schema\/logo\/image\/\"}},{\"@type\":\"WebSite\",\"@id\":\"http:\/\/www.dinardopeningfestival.fr\/#website\",\"url\":\"http:\/\/www.dinardopeningfestival.fr\/\",\"name\":\"Festival Dinard Opening\",\"description\":\"Le Festival des Musiques Britanniques\",\"publisher\":{\"@id\":\"http:\/\/www.dinardopeningfestival.fr\/#organization\"},\"potentialAction\":[{\"@type\":\"SearchAction\",\"target\":{\"@type\":\"EntryPoint\",\"urlTemplate\":\"http:\/\/www.dinardopeningfestival.fr\/?s={search_term_string}\"},\"query-input\":\"required name=search_term_string\"}],\"inLanguage\":\"fr-FR\"},{\"@type\":\"ImageObject\",\"inLanguage\":\"fr-FR\",\"@id\":\"http:\/\/www.dinardopeningfestival.fr\/index.php\/festival-dinard-opening\/#primaryimage\",\"url\":\"http:\/\/ygzvpgw.cluster030.hosting.ovh.net\/wp-content\/uploads\/2021\/06\/DJI_0768-1024x575.jpg\",\"contentUrl\":\"http:\/\/ygzvpgw.cluster030.hosting.ovh.net\/wp-content\/uploads\/2021\/06\/DJI_0768-1024x575.jpg\"},{\"@type\":\"WebPage\",\"@id\":\"http:\/\/www.dinardopeningfestival.fr\/index.php\/festival-dinard-opening\/#webpage\",\"url\":\"http:\/\/www.dinardopeningfestival.fr\/index.php\/festival-dinard-opening\/\",\"name\":\"Programmation 2025 bient\u00f4t en ligne : restez connect\u00e9s ! - Festival Dinard Opening\",\"isPartOf\":{\"@id\":\"http:\/\/www.dinardopeningfestival.fr\/#website\"},\"primaryImageOfPage\":{\"@id\":\"http:\/\/www.dinardopeningfestival.fr\/index.php\/festival-dinard-opening\/#primaryimage\"},\"datePublished\":\"2025-03-10T15:34:51+00:00\",\"dateModified\":\"2025-03-10T15:38:38+00:00\",\"breadcrumb\":{\"@id\":\"http:\/\/www.dinardopeningfestival.fr\/index.php\/festival-dinard-opening\/#breadcrumb\"},\"inLanguage\":\"fr-FR\",\"potentialAction\":[{\"@type\":\"ReadAction\",\"target\":[\"http:\/\/www.dinardopeningfestival.fr\/index.php\/festival-dinard-opening\/\"]}]},{\"@type\":\"BreadcrumbList\",\"@id\":\"http:\/\/www.dinardopeningfestival.fr\/index.php\/festival-dinard-opening\/#breadcrumb\",\"itemListElement\":[{\"@type\":\"ListItem\",\"position\":1,\"name\":\"Accueil\",\"item\":\"http:\/\/www.dinardopeningfestival.fr\/\"},{\"@type\":\"ListItem\",\"position\":2,\"name\":\"Programmation 2025 bient\u00f4t en ligne : restez connect\u00e9s !\"}]}]}<\/script>\n<!-- \/ Yoast SEO plugin. -->","yoast_head_json":{"title":"Programmation 2025 bient\u00f4t en ligne : restez connect\u00e9s ! - Festival Dinard Opening","robots":{"index":"index","follow":"follow","max-snippet":"max-snippet:-1","max-image-preview":"max-image-preview:large","max-video-preview":"max-video-preview:-1"},"canonical":"http:\/\/www.dinardopeningfestival.fr\/index.php\/festival-dinard-opening\/","og_locale":"fr_FR","og_type":"article","og_title":"Programmation 2025 bient\u00f4t en ligne : restez connect\u00e9s ! - Festival Dinard Opening","og_description":"M\u00ealant tous les genres musicaux&nbsp;(baroque, classique, folk, rock\u2026), ce queles Britanniques savent faire \u00e0 merveille,&nbsp;\u00ab ouvert \u00bb \u00e0 toutes les influences,Dinard Opening&nbsp;rassemble et donne du bonheur \u00e0&nbsp;tous les publics. D\u00e9but ao\u00fbt, il irrigue chaque soir la ville, en salles, sur des sc\u00e8nes ext\u00e9rieures, et dans des lieux insolites \u2013 \u00e9glise, hall d\u2019h\u00f4tel, jardins\u2026 Les musiques [&hellip;]","og_url":"http:\/\/www.dinardopeningfestival.fr\/index.php\/festival-dinard-opening\/","og_site_name":"Festival Dinard Opening","article_publisher":"https:\/\/www.facebook.com\/DinardOpeningFestival","article_modified_time":"2025-03-10T15:38:38+00:00","og_image":[{"url":"http:\/\/ygzvpgw.cluster030.hosting.ovh.net\/wp-content\/uploads\/2021\/06\/DJI_0768-1024x575.jpg"}],"author":"admin4235","twitter_card":"summary_large_image","twitter_misc":{"Dur\u00e9e de lecture estim\u00e9e":"3 minutes"},"schema":{"@context":"https:\/\/schema.org","@graph":[{"@type":"Organization","@id":"http:\/\/www.dinardopeningfestival.fr\/#organization","name":"Festival Dinard Opening","url":"http:\/\/www.dinardopeningfestival.fr\/","sameAs":["https:\/\/www.instagram.com\/dinardopening\/","https:\/\/www.facebook.com\/DinardOpeningFestival"],"logo":{"@type":"ImageObject","inLanguage":"fr-FR","@id":"http:\/\/www.dinardopeningfestival.fr\/#\/schema\/logo\/image\/","url":"https:\/\/www.dinardopeningfestival.fr\/wp-content\/uploads\/2021\/06\/Logo-Dinard-bleu-opening-rouge-1-scaled.jpg","contentUrl":"https:\/\/www.dinardopeningfestival.fr\/wp-content\/uploads\/2021\/06\/Logo-Dinard-bleu-opening-rouge-1-scaled.jpg","width":2560,"height":1810,"caption":"Festival Dinard Opening"},"image":{"@id":"http:\/\/www.dinardopeningfestival.fr\/#\/schema\/logo\/image\/"}},{"@type":"WebSite","@id":"http:\/\/www.dinardopeningfestival.fr\/#website","url":"http:\/\/www.dinardopeningfestival.fr\/","name":"Festival Dinard Opening","description":"Le Festival des Musiques Britanniques","publisher":{"@id":"http:\/\/www.dinardopeningfestival.fr\/#organization"},"potentialAction":[{"@type":"SearchAction","target":{"@type":"EntryPoint","urlTemplate":"http:\/\/www.dinardopeningfestival.fr\/?s={search_term_string}"},"query-input":"required name=search_term_string"}],"inLanguage":"fr-FR"},{"@type":"ImageObject","inLanguage":"fr-FR","@id":"http:\/\/www.dinardopeningfestival.fr\/index.php\/festival-dinard-opening\/#primaryimage","url":"http:\/\/ygzvpgw.cluster030.hosting.ovh.net\/wp-content\/uploads\/2021\/06\/DJI_0768-1024x575.jpg","contentUrl":"http:\/\/ygzvpgw.cluster030.hosting.ovh.net\/wp-content\/uploads\/2021\/06\/DJI_0768-1024x575.jpg"},{"@type":"WebPage","@id":"http:\/\/www.dinardopeningfestival.fr\/index.php\/festival-dinard-opening\/#webpage","url":"http:\/\/www.dinardopeningfestival.fr\/index.php\/festival-dinard-opening\/","name":"Programmation 2025 bient\u00f4t en ligne : restez connect\u00e9s ! - Festival Dinard Opening","isPartOf":{"@id":"http:\/\/www.dinardopeningfestival.fr\/#website"},"primaryImageOfPage":{"@id":"http:\/\/www.dinardopeningfestival.fr\/index.php\/festival-dinard-opening\/#primaryimage"},"datePublished":"2025-03-10T15:34:51+00:00","dateModified":"2025-03-10T15:38:38+00:00","breadcrumb":{"@id":"http:\/\/www.dinardopeningfestival.fr\/index.php\/festival-dinard-opening\/#breadcrumb"},"inLanguage":"fr-FR","potentialAction":[{"@type":"ReadAction","target":["http:\/\/www.dinardopeningfestival.fr\/index.php\/festival-dinard-opening\/"]}]},{"@type":"BreadcrumbList","@id":"http:\/\/www.dinardopeningfestival.fr\/index.php\/festival-dinard-opening\/#breadcrumb","itemListElement":[{"@type":"ListItem","position":1,"name":"Accueil","item":"http:\/\/www.dinardopeningfestival.fr\/"},{"@type":"ListItem","position":2,"name":"Programmation 2025 bient\u00f4t en ligne : restez connect\u00e9s !"}]}]}},"_links":{"self":[{"href":"https:\/\/www.dinardopeningfestival.fr\/index.php\/wp-json\/wp\/v2\/pages\/2510","targetHints":{"allow":["GET"]}}],"collection":[{"href":"https:\/\/www.dinardopeningfestival.fr\/index.php\/wp-json\/wp\/v2\/pages"}],"about":[{"href":"https:\/\/www.dinardopeningfestival.fr\/index.php\/wp-json\/wp\/v2\/types\/page"}],"author":[{"embeddable":true,"href":"https:\/\/www.dinardopeningfestival.fr\/index.php\/wp-json\/wp\/v2\/users\/1"}],"replies":[{"embeddable":true,"href":"https:\/\/www.dinardopeningfestival.fr\/index.php\/wp-json\/wp\/v2\/comments?post=2510"}],"version-history":[{"count":3,"href":"https:\/\/www.dinardopeningfestival.fr\/index.php\/wp-json\/wp\/v2\/pages\/2510\/revisions"}],"predecessor-version":[{"id":2516,"href":"https:\/\/www.dinardopeningfestival.fr\/index.php\/wp-json\/wp\/v2\/pages\/2510\/revisions\/2516"}],"wp:attachment":[{"href":"https:\/\/www.dinardopeningfestival.fr\/index.php\/wp-json\/wp\/v2\/media?parent=2510"}],"curies":[{"name":"wp","href":"https:\/\/api.w.org\/{rel}","templated":true}]}}