{"id":2521,"date":"2025-04-10T12:01:01","date_gmt":"2025-04-10T10:01:01","guid":{"rendered":"https:\/\/www.dinardopeningfestival.fr\/?page_id=2521"},"modified":"2025-06-11T12:29:22","modified_gmt":"2025-06-11T10:29:22","slug":"2025-2","status":"publish","type":"page","link":"https:\/\/www.dinardopeningfestival.fr\/index.php\/2025-2\/","title":{"rendered":"2025"},"content":{"rendered":"\n<h2 class=\"has-text-align-center wp-block-heading\"><mark style=\"background-color:rgba(0, 0, 0, 0)\" class=\"has-inline-color has-vivid-red-color\">C<\/mark><mark style=\"background-color:rgba(0, 0, 0, 0)\" class=\"has-inline-color has-black-color\">ONCERTS<\/mark><\/h2>\n\n\n\n<h3 class=\"has-text-align-center wp-block-heading\">Parc du Ch\u00e2teau H\u00e9bert \/ Concert pique-nique<br><br><mark style=\"background-color:rgba(0, 0, 0, 0)\" class=\"has-inline-color has-vivid-cyan-blue-color\">4 ao\u00fbt \u00e0 19 h<\/mark> &#8211; <mark style=\"background-color:rgba(0, 0, 0, 0)\" class=\"has-inline-color has-vivid-cyan-blue-color\"><a href=\"https:\/\/www.dinardopeningfestival.fr\/index.php\/cut-capers\/\">cut capers<\/a><\/mark><\/h3>\n\n\n\n<hr class=\"wp-block-separator has-alpha-channel-opacity\"\/>\n\n\n\n<h3 class=\"has-text-align-center wp-block-heading\">\u00c9glise anglicane \/ Concert Tea-time<br><br><mark style=\"background-color:rgba(0, 0, 0, 0)\" class=\"has-inline-color has-vivid-cyan-blue-color\">5 ao\u00fbt \u00e0 17 h<\/mark> &#8211; <mark style=\"background-color:rgba(0, 0, 0, 0)\" class=\"has-inline-color has-vivid-cyan-blue-color\"><a href=\"https:\/\/www.dinardopeningfestival.fr\/index.php\/fearghal-mccartan-pascale-seigle\/\">Fearghal McCartan &amp; Pascale Seigle<\/a><\/mark><\/h3>\n\n\n\n<hr class=\"wp-block-separator has-alpha-channel-opacity\"\/>\n\n\n\n<h3 class=\"has-text-align-center wp-block-heading\">Parvis de port-breton<br><br><mark style=\"background-color:rgba(0, 0, 0, 0)\" class=\"has-inline-color has-vivid-cyan-blue-color\">6 ao\u00fbt \u00e0 20 h<\/mark> &#8211; <mark style=\"background-color:rgba(0, 0, 0, 0)\" class=\"has-inline-color has-vivid-cyan-blue-color\"><a href=\"https:\/\/www.dinardopeningfestival.fr\/index.php\/keziah-jones-premiere-partie-yko\/\">Keziah Jones <sub>(1\u00e8rE PARTIE YKO)<\/sub><\/a><\/mark><br><mark style=\"background-color:rgba(0, 0, 0, 0)\" class=\"has-inline-color has-vivid-cyan-blue-color\">7 ao\u00fbt \u00c0 20 H<\/mark> &#8211; <mark style=\"background-color:rgba(0, 0, 0, 0)\" class=\"has-inline-color has-vivid-cyan-blue-color\"><a href=\"https:\/\/www.dinardopeningfestival.fr\/index.php\/peter-perrett-premiere-partie-flora-hibberd\/\">Peter Perrett <sub>(1\u00e8rE PARTIE Flora Hibberd)<\/sub><\/a><\/mark><br><mark style=\"background-color:rgba(0, 0, 0, 0)\" class=\"has-inline-color has-vivid-cyan-blue-color\">8 ao\u00fbt \u00c0 20 H<\/mark> &#8211; <mark style=\"background-color:rgba(0, 0, 0, 0)\" class=\"has-inline-color has-vivid-cyan-blue-color\"><a href=\"https:\/\/www.dinardopeningfestival.fr\/index.php\/yodelice-premiere-partie-les-kitschnettes\/\">Yodelice<sub> (1\u00e8rE PARTIE Les Kitschenette&rsquo;s)<\/sub><\/a><\/mark><\/h3>\n\n\n\n<hr class=\"wp-block-separator has-alpha-channel-opacity\"\/>\n\n\n\n<h2 class=\"has-text-align-center wp-block-heading\"><mark style=\"background-color:rgba(0, 0, 0, 0)\" class=\"has-inline-color has-vivid-cyan-blue-color\">A<\/mark>NIMATIONS<\/h2>\n\n\n\n<h3 class=\"has-text-align-center wp-block-heading\" id=\"block-72789924-61c3-49ca-8a9f-b1c5c0542881\"><mark style=\"background-color:rgba(0, 0, 0, 0)\" class=\"has-inline-color has-vivid-cyan-blue-color\">30 JUILLET\/7 AO\u00dbT<\/mark> &#8211; <a href=\"https:\/\/www.dinardopeningfestival.fr\/index.php\/cafe-musique\/\">CAF\u00c9 MUSIQUE<\/a><br>SO BRITISH &amp; IRISH SESSIONS<\/h3>\n\n\n\n<h3 class=\"has-text-align-center wp-block-heading\" id=\"block-0a9c123e-8f3b-4f8a-8e67-878275084d6b\"><mark style=\"background-color:rgba(0, 0, 0, 0)\" class=\"has-inline-color has-vivid-cyan-blue-color\">6\/7 ao\u00fbt<\/mark> &#8211; <a href=\"https:\/\/www.dinardopeningfestival.fr\/index.php\/in-english-please-2\/\">Ateliers ADULTES ET ENFANTS en langue anglaise<\/a><br>In english, please!<\/h3>\n","protected":false},"excerpt":{"rendered":"<p>CONCERTS Parc du Ch\u00e2teau H\u00e9bert \/ Concert pique-nique 4 ao\u00fbt \u00e0 19 h &#8211; cut capers \u00c9glise anglicane \/ Concert Tea-time 5 ao\u00fbt \u00e0 17 h &#8211; Fearghal McCartan &amp; Pascale Seigle Parvis de port-breton 6 ao\u00fbt \u00e0 20 h &#8211; Keziah Jones (1\u00e8rE PARTIE YKO)7 ao\u00fbt \u00c0 20 H &#8211; Peter Perrett (1\u00e8rE PARTIE [&hellip;]<\/p>\n","protected":false},"author":1,"featured_media":0,"parent":0,"menu_order":0,"comment_status":"closed","ping_status":"closed","template":"","meta":{"footnotes":""},"class_list":["post-2521","page","type-page","status-publish","hentry"],"yoast_head":"<!-- This site is optimized with the Yoast SEO plugin v19.2 - https:\/\/yoast.com\/wordpress\/plugins\/seo\/ -->\n<title>2025 - Festival Dinard Opening<\/title>\n<meta name=\"robots\" content=\"index, follow, max-snippet:-1, max-image-preview:large, max-video-preview:-1\" \/>\n<link rel=\"canonical\" href=\"https:\/\/www.dinardopeningfestival.fr\/index.php\/2025-2\/\" \/>\n<meta property=\"og:locale\" content=\"fr_FR\" \/>\n<meta property=\"og:type\" content=\"article\" \/>\n<meta property=\"og:title\" content=\"2025 - Festival Dinard Opening\" \/>\n<meta property=\"og:description\" content=\"CONCERTS Parc du Ch\u00e2teau H\u00e9bert \/ Concert pique-nique 4 ao\u00fbt \u00e0 19 h &#8211; cut capers \u00c9glise anglicane \/ Concert Tea-time 5 ao\u00fbt \u00e0 17 h &#8211; Fearghal McCartan &amp; Pascale Seigle Parvis de port-breton 6 ao\u00fbt \u00e0 20 h &#8211; Keziah Jones (1\u00e8rE PARTIE YKO)7 ao\u00fbt \u00c0 20 H &#8211; Peter Perrett (1\u00e8rE PARTIE [&hellip;]\" \/>\n<meta property=\"og:url\" content=\"https:\/\/www.dinardopeningfestival.fr\/index.php\/2025-2\/\" \/>\n<meta property=\"og:site_name\" content=\"Festival Dinard Opening\" \/>\n<meta property=\"article:publisher\" content=\"https:\/\/www.facebook.com\/DinardOpeningFestival\" \/>\n<meta property=\"article:modified_time\" content=\"2025-06-11T10:29:22+00:00\" \/>\n<meta name=\"author\" content=\"admin4235\" \/>\n<meta name=\"twitter:card\" content=\"summary_large_image\" \/>\n<meta name=\"twitter:label1\" content=\"Dur\u00e9e de lecture estim\u00e9e\" \/>\n\t<meta name=\"twitter:data1\" content=\"1 minute\" \/>\n<script type=\"application\/ld+json\" class=\"yoast-schema-graph\">{\"@context\":\"https:\/\/schema.org\",\"@graph\":[{\"@type\":\"Organization\",\"@id\":\"http:\/\/www.dinardopeningfestival.fr\/#organization\",\"name\":\"Festival Dinard Opening\",\"url\":\"http:\/\/www.dinardopeningfestival.fr\/\",\"sameAs\":[\"https:\/\/www.instagram.com\/dinardopening\/\",\"https:\/\/www.facebook.com\/DinardOpeningFestival\"],\"logo\":{\"@type\":\"ImageObject\",\"inLanguage\":\"fr-FR\",\"@id\":\"http:\/\/www.dinardopeningfestival.fr\/#\/schema\/logo\/image\/\",\"url\":\"https:\/\/www.dinardopeningfestival.fr\/wp-content\/uploads\/2021\/06\/Logo-Dinard-bleu-opening-rouge-1-scaled.jpg\",\"contentUrl\":\"https:\/\/www.dinardopeningfestival.fr\/wp-content\/uploads\/2021\/06\/Logo-Dinard-bleu-opening-rouge-1-scaled.jpg\",\"width\":2560,\"height\":1810,\"caption\":\"Festival Dinard Opening\"},\"image\":{\"@id\":\"http:\/\/www.dinardopeningfestival.fr\/#\/schema\/logo\/image\/\"}},{\"@type\":\"WebSite\",\"@id\":\"http:\/\/www.dinardopeningfestival.fr\/#website\",\"url\":\"http:\/\/www.dinardopeningfestival.fr\/\",\"name\":\"Festival Dinard Opening\",\"description\":\"Le Festival des Musiques Britanniques\",\"publisher\":{\"@id\":\"http:\/\/www.dinardopeningfestival.fr\/#organization\"},\"potentialAction\":[{\"@type\":\"SearchAction\",\"target\":{\"@type\":\"EntryPoint\",\"urlTemplate\":\"http:\/\/www.dinardopeningfestival.fr\/?s={search_term_string}\"},\"query-input\":\"required name=search_term_string\"}],\"inLanguage\":\"fr-FR\"},{\"@type\":\"WebPage\",\"@id\":\"https:\/\/www.dinardopeningfestival.fr\/index.php\/2025-2\/#webpage\",\"url\":\"https:\/\/www.dinardopeningfestival.fr\/index.php\/2025-2\/\",\"name\":\"2025 - Festival Dinard Opening\",\"isPartOf\":{\"@id\":\"http:\/\/www.dinardopeningfestival.fr\/#website\"},\"datePublished\":\"2025-04-10T10:01:01+00:00\",\"dateModified\":\"2025-06-11T10:29:22+00:00\",\"breadcrumb\":{\"@id\":\"https:\/\/www.dinardopeningfestival.fr\/index.php\/2025-2\/#breadcrumb\"},\"inLanguage\":\"fr-FR\",\"potentialAction\":[{\"@type\":\"ReadAction\",\"target\":[\"https:\/\/www.dinardopeningfestival.fr\/index.php\/2025-2\/\"]}]},{\"@type\":\"BreadcrumbList\",\"@id\":\"https:\/\/www.dinardopeningfestival.fr\/index.php\/2025-2\/#breadcrumb\",\"itemListElement\":[{\"@type\":\"ListItem\",\"position\":1,\"name\":\"Accueil\",\"item\":\"http:\/\/www.dinardopeningfestival.fr\/\"},{\"@type\":\"ListItem\",\"position\":2,\"name\":\"2025\"}]}]}<\/script>\n<!-- \/ Yoast SEO plugin. -->","yoast_head_json":{"title":"2025 - Festival Dinard Opening","robots":{"index":"index","follow":"follow","max-snippet":"max-snippet:-1","max-image-preview":"max-image-preview:large","max-video-preview":"max-video-preview:-1"},"canonical":"https:\/\/www.dinardopeningfestival.fr\/index.php\/2025-2\/","og_locale":"fr_FR","og_type":"article","og_title":"2025 - Festival Dinard Opening","og_description":"CONCERTS Parc du Ch\u00e2teau H\u00e9bert \/ Concert pique-nique 4 ao\u00fbt \u00e0 19 h &#8211; cut capers \u00c9glise anglicane \/ Concert Tea-time 5 ao\u00fbt \u00e0 17 h &#8211; Fearghal McCartan &amp; Pascale Seigle Parvis de port-breton 6 ao\u00fbt \u00e0 20 h &#8211; Keziah Jones (1\u00e8rE PARTIE YKO)7 ao\u00fbt \u00c0 20 H &#8211; Peter Perrett (1\u00e8rE PARTIE [&hellip;]","og_url":"https:\/\/www.dinardopeningfestival.fr\/index.php\/2025-2\/","og_site_name":"Festival Dinard Opening","article_publisher":"https:\/\/www.facebook.com\/DinardOpeningFestival","article_modified_time":"2025-06-11T10:29:22+00:00","author":"admin4235","twitter_card":"summary_large_image","twitter_misc":{"Dur\u00e9e de lecture estim\u00e9e":"1 minute"},"schema":{"@context":"https:\/\/schema.org","@graph":[{"@type":"Organization","@id":"http:\/\/www.dinardopeningfestival.fr\/#organization","name":"Festival Dinard Opening","url":"http:\/\/www.dinardopeningfestival.fr\/","sameAs":["https:\/\/www.instagram.com\/dinardopening\/","https:\/\/www.facebook.com\/DinardOpeningFestival"],"logo":{"@type":"ImageObject","inLanguage":"fr-FR","@id":"http:\/\/www.dinardopeningfestival.fr\/#\/schema\/logo\/image\/","url":"https:\/\/www.dinardopeningfestival.fr\/wp-content\/uploads\/2021\/06\/Logo-Dinard-bleu-opening-rouge-1-scaled.jpg","contentUrl":"https:\/\/www.dinardopeningfestival.fr\/wp-content\/uploads\/2021\/06\/Logo-Dinard-bleu-opening-rouge-1-scaled.jpg","width":2560,"height":1810,"caption":"Festival Dinard Opening"},"image":{"@id":"http:\/\/www.dinardopeningfestival.fr\/#\/schema\/logo\/image\/"}},{"@type":"WebSite","@id":"http:\/\/www.dinardopeningfestival.fr\/#website","url":"http:\/\/www.dinardopeningfestival.fr\/","name":"Festival Dinard Opening","description":"Le Festival des Musiques Britanniques","publisher":{"@id":"http:\/\/www.dinardopeningfestival.fr\/#organization"},"potentialAction":[{"@type":"SearchAction","target":{"@type":"EntryPoint","urlTemplate":"http:\/\/www.dinardopeningfestival.fr\/?s={search_term_string}"},"query-input":"required name=search_term_string"}],"inLanguage":"fr-FR"},{"@type":"WebPage","@id":"https:\/\/www.dinardopeningfestival.fr\/index.php\/2025-2\/#webpage","url":"https:\/\/www.dinardopeningfestival.fr\/index.php\/2025-2\/","name":"2025 - Festival Dinard Opening","isPartOf":{"@id":"http:\/\/www.dinardopeningfestival.fr\/#website"},"datePublished":"2025-04-10T10:01:01+00:00","dateModified":"2025-06-11T10:29:22+00:00","breadcrumb":{"@id":"https:\/\/www.dinardopeningfestival.fr\/index.php\/2025-2\/#breadcrumb"},"inLanguage":"fr-FR","potentialAction":[{"@type":"ReadAction","target":["https:\/\/www.dinardopeningfestival.fr\/index.php\/2025-2\/"]}]},{"@type":"BreadcrumbList","@id":"https:\/\/www.dinardopeningfestival.fr\/index.php\/2025-2\/#breadcrumb","itemListElement":[{"@type":"ListItem","position":1,"name":"Accueil","item":"http:\/\/www.dinardopeningfestival.fr\/"},{"@type":"ListItem","position":2,"name":"2025"}]}]}},"_links":{"self":[{"href":"https:\/\/www.dinardopeningfestival.fr\/index.php\/wp-json\/wp\/v2\/pages\/2521","targetHints":{"allow":["GET"]}}],"collection":[{"href":"https:\/\/www.dinardopeningfestival.fr\/index.php\/wp-json\/wp\/v2\/pages"}],"about":[{"href":"https:\/\/www.dinardopeningfestival.fr\/index.php\/wp-json\/wp\/v2\/types\/page"}],"author":[{"embeddable":true,"href":"https:\/\/www.dinardopeningfestival.fr\/index.php\/wp-json\/wp\/v2\/users\/1"}],"replies":[{"embeddable":true,"href":"https:\/\/www.dinardopeningfestival.fr\/index.php\/wp-json\/wp\/v2\/comments?post=2521"}],"version-history":[{"count":6,"href":"https:\/\/www.dinardopeningfestival.fr\/index.php\/wp-json\/wp\/v2\/pages\/2521\/revisions"}],"predecessor-version":[{"id":2673,"href":"https:\/\/www.dinardopeningfestival.fr\/index.php\/wp-json\/wp\/v2\/pages\/2521\/revisions\/2673"}],"wp:attachment":[{"href":"https:\/\/www.dinardopeningfestival.fr\/index.php\/wp-json\/wp\/v2\/media?parent=2521"}],"curies":[{"name":"wp","href":"https:\/\/api.w.org\/{rel}","templated":true}]}}