{"id":2528,"date":"2025-04-10T12:01:20","date_gmt":"2025-04-10T10:01:20","guid":{"rendered":"https:\/\/www.dinardopeningfestival.fr\/?page_id=2528"},"modified":"2026-03-05T17:06:52","modified_gmt":"2026-03-05T16:06:52","slug":"cut-capers","status":"publish","type":"page","link":"https:\/\/www.dinardopeningfestival.fr\/index.php\/cut-capers\/","title":{"rendered":"Cut Capers"},"content":{"rendered":"\n<p><strong><mark style=\"background-color:rgba(0, 0, 0, 0)\" class=\"has-inline-color has-vivid-red-color\">Concert pique-nique<\/mark><\/strong><br><strong>LATIN FUNK SOUL<\/strong><\/p>\n\n\n\n<h3 class=\"has-text-align-right wp-block-heading\"><mark style=\"background-color:rgba(0, 0, 0, 0)\" class=\"has-inline-color has-vivid-cyan-blue-color\">4 ao\u00fbt 2025 &#8211; 19 h<br>Parc du Ch\u00e2teau H\u00e9bert<\/mark><\/h3>\n\n\n\n<figure class=\"wp-block-image size-large\"><img loading=\"lazy\" decoding=\"async\" width=\"1024\" height=\"683\" src=\"https:\/\/www.dinardopeningfestival.fr\/wp-content\/uploads\/2025\/04\/CUT-CAPERS-LIVE-Cre\u0301dit-Rose-Brown-1024x683.jpeg\" alt=\"\" class=\"wp-image-2530\" srcset=\"https:\/\/www.dinardopeningfestival.fr\/wp-content\/uploads\/2025\/04\/CUT-CAPERS-LIVE-Cre\u0301dit-Rose-Brown-1024x683.jpeg 1024w, https:\/\/www.dinardopeningfestival.fr\/wp-content\/uploads\/2025\/04\/CUT-CAPERS-LIVE-Cre\u0301dit-Rose-Brown-300x200.jpeg 300w, https:\/\/www.dinardopeningfestival.fr\/wp-content\/uploads\/2025\/04\/CUT-CAPERS-LIVE-Cre\u0301dit-Rose-Brown-768x512.jpeg 768w, https:\/\/www.dinardopeningfestival.fr\/wp-content\/uploads\/2025\/04\/CUT-CAPERS-LIVE-Cre\u0301dit-Rose-Brown-1536x1024.jpeg 1536w, https:\/\/www.dinardopeningfestival.fr\/wp-content\/uploads\/2025\/04\/CUT-CAPERS-LIVE-Cre\u0301dit-Rose-Brown-2048x1365.jpeg 2048w, https:\/\/www.dinardopeningfestival.fr\/wp-content\/uploads\/2025\/04\/CUT-CAPERS-LIVE-Cre\u0301dit-Rose-Brown-24x16.jpeg 24w, https:\/\/www.dinardopeningfestival.fr\/wp-content\/uploads\/2025\/04\/CUT-CAPERS-LIVE-Cre\u0301dit-Rose-Brown-36x24.jpeg 36w, https:\/\/www.dinardopeningfestival.fr\/wp-content\/uploads\/2025\/04\/CUT-CAPERS-LIVE-Cre\u0301dit-Rose-Brown-48x32.jpeg 48w\" sizes=\"auto, (max-width: 1024px) 100vw, 1024px\" \/><figcaption><strong>\u00a9<\/strong>Rose Brown<\/figcaption><\/figure>\n\n\n\n<p>Un <strong>brass band<\/strong> ultra-\u00e9nergique. Leur univers navigue entre latin, funk et soul, le tout avec de belles influences hip hop.<\/p>\n\n\n\n<p>Un ph\u00e9nom\u00e8ne \u00e0 ne pas manquer\u2026 ils vont enflammer la pelouse du Ch\u00e2teau H\u00e9bert \u00e0 l\u2019aide de leurs saxophone, trombone, trompette, guitare, basse, percussions et de leurs voix mixtes mais <strong>\u00e0 majorit\u00e9 f\u00e9minine<\/strong>, ce qui est suffisamment rare pour \u00eatre not\u00e9 ! <br><br>Originaire de Bristol, Cut Capers s\u2019est b\u00e2ti une solide r\u00e9putation gr\u00e2ce \u00e0 ses concerts qui ne sont rien d\u2019autre que des exp\u00e9riences vivifiantes, avec des arrangements grandioses, des riffs de cuivres tonitruants et des solos scintillants !<\/p>\n\n\n\n<p>Apr\u00e8s <em>Say What<\/em> (2016) et <em>Metropolis<\/em> (2019), ils ont sorti en septembre 2023 leur troisi\u00e8me album <em>Sightseeing &amp; Short Negotiations<\/em> dans lequel on retrouve tant les <strong>arrangements groovy<\/strong> que les <strong>envol\u00e9es d\u00e9cha\u00een\u00e9es<\/strong> qui signent l\u2019originalit\u00e9 du groupe.<\/p>\n\n\n\n<figure class=\"wp-block-embed is-type-video is-provider-youtube wp-block-embed-youtube wp-embed-aspect-16-9 wp-has-aspect-ratio\"><div class=\"wp-block-embed__wrapper\">\n<iframe loading=\"lazy\" title=\"Cut Capers - Medina (Official Music Video)\" width=\"720\" height=\"405\" src=\"https:\/\/www.youtube.com\/embed\/G-1ygqkRNF0?feature=oembed\" frameborder=\"0\" allow=\"accelerometer; autoplay; clipboard-write; encrypted-media; gyroscope; picture-in-picture; web-share\" referrerpolicy=\"strict-origin-when-cross-origin\" allowfullscreen><\/iframe>\n<\/div><\/figure>\n\n\n\n<p><strong>Nick van Tinteren<\/strong>, guitare<br><strong>Dan Plimmer<\/strong>, basse<br><strong>Matt Sunderland<\/strong>, batterie &amp; percussions<br><strong>Jane Thomas<\/strong>, chant<br><strong>Eloy Sinser<\/strong>, chant<br><strong>Angel Rodriguez<\/strong>, trompette<br><strong>Tom Taylor<\/strong>, saxophone baryton &amp; voix d&rsquo;accompagnement<br><strong>Mark Pearce<\/strong>, saxophone t\u00e9nor &amp; voix d&rsquo;accompagnement<\/p>\n","protected":false},"excerpt":{"rendered":"<p>Concert pique-niqueLATIN FUNK SOUL 4 ao\u00fbt 2025 &#8211; 19 hParc du Ch\u00e2teau H\u00e9bert Un brass band ultra-\u00e9nergique. Leur univers navigue entre latin, funk et soul, le tout avec de belles influences hip hop. Un ph\u00e9nom\u00e8ne \u00e0 ne pas manquer\u2026 ils vont enflammer la pelouse du Ch\u00e2teau H\u00e9bert \u00e0 l\u2019aide de leurs saxophone, trombone, trompette, guitare, [&hellip;]<\/p>\n","protected":false},"author":1,"featured_media":0,"parent":0,"menu_order":0,"comment_status":"closed","ping_status":"closed","template":"","meta":{"footnotes":""},"class_list":["post-2528","page","type-page","status-publish","hentry"],"yoast_head":"<!-- This site is optimized with the Yoast SEO plugin v19.2 - https:\/\/yoast.com\/wordpress\/plugins\/seo\/ -->\n<title>Cut Capers - Festival Dinard Opening<\/title>\n<meta name=\"description\" content=\"Rendez-vous au concert pique-nique le 6 ao\u00fbt \u00e0 19h au Ch\u00e2teau H\u00e9bert \u00e0 Dinard\" \/>\n<meta name=\"robots\" content=\"index, follow, max-snippet:-1, max-image-preview:large, max-video-preview:-1\" \/>\n<link rel=\"canonical\" href=\"https:\/\/www.dinardopeningfestival.fr\/index.php\/cut-capers\/\" \/>\n<meta property=\"og:locale\" content=\"fr_FR\" \/>\n<meta property=\"og:type\" content=\"article\" \/>\n<meta property=\"og:title\" content=\"Cut Capers - Festival Dinard Opening\" \/>\n<meta property=\"og:description\" content=\"Rendez-vous au concert pique-nique le 6 ao\u00fbt \u00e0 19h au Ch\u00e2teau H\u00e9bert \u00e0 Dinard\" \/>\n<meta property=\"og:url\" content=\"https:\/\/www.dinardopeningfestival.fr\/index.php\/cut-capers\/\" \/>\n<meta property=\"og:site_name\" content=\"Festival Dinard Opening\" \/>\n<meta property=\"article:publisher\" content=\"https:\/\/www.facebook.com\/DinardOpeningFestival\" \/>\n<meta property=\"article:modified_time\" content=\"2026-03-05T16:06:52+00:00\" \/>\n<meta name=\"author\" content=\"admin4235\" \/>\n<meta name=\"twitter:card\" content=\"summary_large_image\" \/>\n<meta name=\"twitter:label1\" content=\"Dur\u00e9e de lecture estim\u00e9e\" \/>\n\t<meta name=\"twitter:data1\" content=\"2 minutes\" \/>\n<script type=\"application\/ld+json\" class=\"yoast-schema-graph\">{\"@context\":\"https:\/\/schema.org\",\"@graph\":[{\"@type\":\"Organization\",\"@id\":\"http:\/\/www.dinardopeningfestival.fr\/#organization\",\"name\":\"Festival Dinard Opening\",\"url\":\"http:\/\/www.dinardopeningfestival.fr\/\",\"sameAs\":[\"https:\/\/www.instagram.com\/dinardopening\/\",\"https:\/\/www.facebook.com\/DinardOpeningFestival\"],\"logo\":{\"@type\":\"ImageObject\",\"inLanguage\":\"fr-FR\",\"@id\":\"http:\/\/www.dinardopeningfestival.fr\/#\/schema\/logo\/image\/\",\"url\":\"https:\/\/www.dinardopeningfestival.fr\/wp-content\/uploads\/2021\/06\/Logo-Dinard-bleu-opening-rouge-1-scaled.jpg\",\"contentUrl\":\"https:\/\/www.dinardopeningfestival.fr\/wp-content\/uploads\/2021\/06\/Logo-Dinard-bleu-opening-rouge-1-scaled.jpg\",\"width\":2560,\"height\":1810,\"caption\":\"Festival Dinard Opening\"},\"image\":{\"@id\":\"http:\/\/www.dinardopeningfestival.fr\/#\/schema\/logo\/image\/\"}},{\"@type\":\"WebSite\",\"@id\":\"http:\/\/www.dinardopeningfestival.fr\/#website\",\"url\":\"http:\/\/www.dinardopeningfestival.fr\/\",\"name\":\"Festival Dinard Opening\",\"description\":\"Le Festival des Musiques Britanniques\",\"publisher\":{\"@id\":\"http:\/\/www.dinardopeningfestival.fr\/#organization\"},\"potentialAction\":[{\"@type\":\"SearchAction\",\"target\":{\"@type\":\"EntryPoint\",\"urlTemplate\":\"http:\/\/www.dinardopeningfestival.fr\/?s={search_term_string}\"},\"query-input\":\"required name=search_term_string\"}],\"inLanguage\":\"fr-FR\"},{\"@type\":\"WebPage\",\"@id\":\"https:\/\/www.dinardopeningfestival.fr\/index.php\/cut-capers\/#webpage\",\"url\":\"https:\/\/www.dinardopeningfestival.fr\/index.php\/cut-capers\/\",\"name\":\"Cut Capers - Festival Dinard Opening\",\"isPartOf\":{\"@id\":\"http:\/\/www.dinardopeningfestival.fr\/#website\"},\"datePublished\":\"2025-04-10T10:01:20+00:00\",\"dateModified\":\"2026-03-05T16:06:52+00:00\",\"description\":\"Rendez-vous au concert pique-nique le 6 ao\u00fbt \u00e0 19h au Ch\u00e2teau H\u00e9bert \u00e0 Dinard\",\"breadcrumb\":{\"@id\":\"https:\/\/www.dinardopeningfestival.fr\/index.php\/cut-capers\/#breadcrumb\"},\"inLanguage\":\"fr-FR\",\"potentialAction\":[{\"@type\":\"ReadAction\",\"target\":[\"https:\/\/www.dinardopeningfestival.fr\/index.php\/cut-capers\/\"]}]},{\"@type\":\"BreadcrumbList\",\"@id\":\"https:\/\/www.dinardopeningfestival.fr\/index.php\/cut-capers\/#breadcrumb\",\"itemListElement\":[{\"@type\":\"ListItem\",\"position\":1,\"name\":\"Accueil\",\"item\":\"http:\/\/www.dinardopeningfestival.fr\/\"},{\"@type\":\"ListItem\",\"position\":2,\"name\":\"Cut Capers\"}]}]}<\/script>\n<!-- \/ Yoast SEO plugin. -->","yoast_head_json":{"title":"Cut Capers - Festival Dinard Opening","description":"Rendez-vous au concert pique-nique le 6 ao\u00fbt \u00e0 19h au Ch\u00e2teau H\u00e9bert \u00e0 Dinard","robots":{"index":"index","follow":"follow","max-snippet":"max-snippet:-1","max-image-preview":"max-image-preview:large","max-video-preview":"max-video-preview:-1"},"canonical":"https:\/\/www.dinardopeningfestival.fr\/index.php\/cut-capers\/","og_locale":"fr_FR","og_type":"article","og_title":"Cut Capers - Festival Dinard Opening","og_description":"Rendez-vous au concert pique-nique le 6 ao\u00fbt \u00e0 19h au Ch\u00e2teau H\u00e9bert \u00e0 Dinard","og_url":"https:\/\/www.dinardopeningfestival.fr\/index.php\/cut-capers\/","og_site_name":"Festival Dinard Opening","article_publisher":"https:\/\/www.facebook.com\/DinardOpeningFestival","article_modified_time":"2026-03-05T16:06:52+00:00","author":"admin4235","twitter_card":"summary_large_image","twitter_misc":{"Dur\u00e9e de lecture estim\u00e9e":"2 minutes"},"schema":{"@context":"https:\/\/schema.org","@graph":[{"@type":"Organization","@id":"http:\/\/www.dinardopeningfestival.fr\/#organization","name":"Festival Dinard Opening","url":"http:\/\/www.dinardopeningfestival.fr\/","sameAs":["https:\/\/www.instagram.com\/dinardopening\/","https:\/\/www.facebook.com\/DinardOpeningFestival"],"logo":{"@type":"ImageObject","inLanguage":"fr-FR","@id":"http:\/\/www.dinardopeningfestival.fr\/#\/schema\/logo\/image\/","url":"https:\/\/www.dinardopeningfestival.fr\/wp-content\/uploads\/2021\/06\/Logo-Dinard-bleu-opening-rouge-1-scaled.jpg","contentUrl":"https:\/\/www.dinardopeningfestival.fr\/wp-content\/uploads\/2021\/06\/Logo-Dinard-bleu-opening-rouge-1-scaled.jpg","width":2560,"height":1810,"caption":"Festival Dinard Opening"},"image":{"@id":"http:\/\/www.dinardopeningfestival.fr\/#\/schema\/logo\/image\/"}},{"@type":"WebSite","@id":"http:\/\/www.dinardopeningfestival.fr\/#website","url":"http:\/\/www.dinardopeningfestival.fr\/","name":"Festival Dinard Opening","description":"Le Festival des Musiques Britanniques","publisher":{"@id":"http:\/\/www.dinardopeningfestival.fr\/#organization"},"potentialAction":[{"@type":"SearchAction","target":{"@type":"EntryPoint","urlTemplate":"http:\/\/www.dinardopeningfestival.fr\/?s={search_term_string}"},"query-input":"required name=search_term_string"}],"inLanguage":"fr-FR"},{"@type":"WebPage","@id":"https:\/\/www.dinardopeningfestival.fr\/index.php\/cut-capers\/#webpage","url":"https:\/\/www.dinardopeningfestival.fr\/index.php\/cut-capers\/","name":"Cut Capers - Festival Dinard Opening","isPartOf":{"@id":"http:\/\/www.dinardopeningfestival.fr\/#website"},"datePublished":"2025-04-10T10:01:20+00:00","dateModified":"2026-03-05T16:06:52+00:00","description":"Rendez-vous au concert pique-nique le 6 ao\u00fbt \u00e0 19h au Ch\u00e2teau H\u00e9bert \u00e0 Dinard","breadcrumb":{"@id":"https:\/\/www.dinardopeningfestival.fr\/index.php\/cut-capers\/#breadcrumb"},"inLanguage":"fr-FR","potentialAction":[{"@type":"ReadAction","target":["https:\/\/www.dinardopeningfestival.fr\/index.php\/cut-capers\/"]}]},{"@type":"BreadcrumbList","@id":"https:\/\/www.dinardopeningfestival.fr\/index.php\/cut-capers\/#breadcrumb","itemListElement":[{"@type":"ListItem","position":1,"name":"Accueil","item":"http:\/\/www.dinardopeningfestival.fr\/"},{"@type":"ListItem","position":2,"name":"Cut Capers"}]}]}},"_links":{"self":[{"href":"https:\/\/www.dinardopeningfestival.fr\/index.php\/wp-json\/wp\/v2\/pages\/2528","targetHints":{"allow":["GET"]}}],"collection":[{"href":"https:\/\/www.dinardopeningfestival.fr\/index.php\/wp-json\/wp\/v2\/pages"}],"about":[{"href":"https:\/\/www.dinardopeningfestival.fr\/index.php\/wp-json\/wp\/v2\/types\/page"}],"author":[{"embeddable":true,"href":"https:\/\/www.dinardopeningfestival.fr\/index.php\/wp-json\/wp\/v2\/users\/1"}],"replies":[{"embeddable":true,"href":"https:\/\/www.dinardopeningfestival.fr\/index.php\/wp-json\/wp\/v2\/comments?post=2528"}],"version-history":[{"count":10,"href":"https:\/\/www.dinardopeningfestival.fr\/index.php\/wp-json\/wp\/v2\/pages\/2528\/revisions"}],"predecessor-version":[{"id":2912,"href":"https:\/\/www.dinardopeningfestival.fr\/index.php\/wp-json\/wp\/v2\/pages\/2528\/revisions\/2912"}],"wp:attachment":[{"href":"https:\/\/www.dinardopeningfestival.fr\/index.php\/wp-json\/wp\/v2\/media?parent=2528"}],"curies":[{"name":"wp","href":"https:\/\/api.w.org\/{rel}","templated":true}]}}