{"id":2710,"date":"2025-08-01T11:24:23","date_gmt":"2025-08-01T09:24:23","guid":{"rendered":"https:\/\/www.dinardopeningfestival.fr\/?page_id=2710"},"modified":"2025-08-01T12:32:22","modified_gmt":"2025-08-01T10:32:22","slug":"animations-musicales","status":"publish","type":"page","link":"https:\/\/www.dinardopeningfestival.fr\/index.php\/animations-musicales\/","title":{"rendered":"Animations musicales"},"content":{"rendered":"\n<h2 class=\"wp-block-heading\"><mark style=\"background-color:rgba(0, 0, 0, 0)\" class=\"has-inline-color has-vivid-red-color\">AVEC CULTURA, PARTENAIRE DU FESTIVAL<\/mark><\/h2>\n\n\n\n<h3 class=\"has-text-align-right wp-block-heading\"><mark style=\"background-color:rgba(0, 0, 0, 0)\" class=\"has-inline-color has-vivid-cyan-blue-color\">6 ao\u00fbt 2025<br>Digue de l&rsquo;\u00c9cluse<\/mark><br>Gratuit<\/h3>\n\n\n\n<figure class=\"wp-block-image size-full\"><img loading=\"lazy\" decoding=\"async\" width=\"750\" height=\"448\" src=\"https:\/\/www.dinardopeningfestival.fr\/wp-content\/uploads\/2025\/08\/Animation-musicale-Cultura.png\" alt=\"\" class=\"wp-image-2712\" srcset=\"https:\/\/www.dinardopeningfestival.fr\/wp-content\/uploads\/2025\/08\/Animation-musicale-Cultura.png 750w, https:\/\/www.dinardopeningfestival.fr\/wp-content\/uploads\/2025\/08\/Animation-musicale-Cultura-300x179.png 300w, https:\/\/www.dinardopeningfestival.fr\/wp-content\/uploads\/2025\/08\/Animation-musicale-Cultura-24x14.png 24w, https:\/\/www.dinardopeningfestival.fr\/wp-content\/uploads\/2025\/08\/Animation-musicale-Cultura-36x22.png 36w, https:\/\/www.dinardopeningfestival.fr\/wp-content\/uploads\/2025\/08\/Animation-musicale-Cultura-48x29.png 48w\" sizes=\"auto, (max-width: 750px) 100vw, 750px\" \/><figcaption><strong>\u00a9<\/strong>DR<\/figcaption><\/figure>\n\n\n\n<p>Dans le cadre du festival Dinard Opening, <a href=\"https:\/\/www.cultura.com\/\" target=\"_blank\" rel=\"noreferrer noopener\">Cultura<\/a> propose des animations musicales vari\u00e9es et tout public sur la digue de l&rsquo;\u00c9cluse.<\/p>\n\n\n\n<p><strong>Au programme : <\/strong><\/p>\n\n\n\n<ul class=\"wp-block-list\"><li>D\u00e9couverte des instruments de la gamme Cultura&nbsp;Shiver<\/li><li>Animation guitare et \u00e9veil musical (djemb\u00e9, b\u00e2ton de pluie, cajon)<\/li><li>Quizz autour de la musique pop &amp; rock<\/li><\/ul>\n\n\n\n<h4 class=\"wp-block-heading\">Informations pratiques<\/h4>\n\n\n\n<p>De 14 h \u00e0 16 h.<br>Gratuit.<br>Tout public.<\/p>\n","protected":false},"excerpt":{"rendered":"<p>AVEC CULTURA, PARTENAIRE DU FESTIVAL 6 ao\u00fbt 2025Digue de l&rsquo;\u00c9cluseGratuit Dans le cadre du festival Dinard Opening, Cultura propose des animations musicales vari\u00e9es et tout public sur la digue de l&rsquo;\u00c9cluse. Au programme : D\u00e9couverte des instruments de la gamme Cultura&nbsp;Shiver Animation guitare et \u00e9veil musical (djemb\u00e9, b\u00e2ton de pluie, cajon) Quizz autour de la [&hellip;]<\/p>\n","protected":false},"author":1,"featured_media":0,"parent":0,"menu_order":0,"comment_status":"closed","ping_status":"closed","template":"","meta":{"footnotes":""},"class_list":["post-2710","page","type-page","status-publish","hentry"],"yoast_head":"<!-- This site is optimized with the Yoast SEO plugin v19.2 - https:\/\/yoast.com\/wordpress\/plugins\/seo\/ -->\n<title>Animations musicales - Festival Dinard Opening<\/title>\n<meta name=\"robots\" content=\"index, follow, max-snippet:-1, max-image-preview:large, max-video-preview:-1\" \/>\n<link rel=\"canonical\" href=\"http:\/\/www.dinardopeningfestival.fr\/index.php\/animations-musicales\/\" \/>\n<meta property=\"og:locale\" content=\"fr_FR\" \/>\n<meta property=\"og:type\" content=\"article\" \/>\n<meta property=\"og:title\" content=\"Animations musicales - Festival Dinard Opening\" \/>\n<meta property=\"og:description\" content=\"AVEC CULTURA, PARTENAIRE DU FESTIVAL 6 ao\u00fbt 2025Digue de l&rsquo;\u00c9cluseGratuit Dans le cadre du festival Dinard Opening, Cultura propose des animations musicales vari\u00e9es et tout public sur la digue de l&rsquo;\u00c9cluse. Au programme : D\u00e9couverte des instruments de la gamme Cultura&nbsp;Shiver Animation guitare et \u00e9veil musical (djemb\u00e9, b\u00e2ton de pluie, cajon) Quizz autour de la [&hellip;]\" \/>\n<meta property=\"og:url\" content=\"http:\/\/www.dinardopeningfestival.fr\/index.php\/animations-musicales\/\" \/>\n<meta property=\"og:site_name\" content=\"Festival Dinard Opening\" \/>\n<meta property=\"article:publisher\" content=\"https:\/\/www.facebook.com\/DinardOpeningFestival\" \/>\n<meta property=\"article:modified_time\" content=\"2025-08-01T10:32:22+00:00\" \/>\n<meta property=\"og:image\" content=\"https:\/\/www.dinardopeningfestival.fr\/wp-content\/uploads\/2025\/08\/Animation-musicale-Cultura.png\" \/>\n<meta name=\"author\" content=\"admin4235\" \/>\n<meta name=\"twitter:card\" content=\"summary_large_image\" \/>\n<meta name=\"twitter:label1\" content=\"Dur\u00e9e de lecture estim\u00e9e\" \/>\n\t<meta name=\"twitter:data1\" content=\"1 minute\" \/>\n<script type=\"application\/ld+json\" class=\"yoast-schema-graph\">{\"@context\":\"https:\/\/schema.org\",\"@graph\":[{\"@type\":\"Organization\",\"@id\":\"http:\/\/www.dinardopeningfestival.fr\/#organization\",\"name\":\"Festival Dinard Opening\",\"url\":\"http:\/\/www.dinardopeningfestival.fr\/\",\"sameAs\":[\"https:\/\/www.instagram.com\/dinardopening\/\",\"https:\/\/www.facebook.com\/DinardOpeningFestival\"],\"logo\":{\"@type\":\"ImageObject\",\"inLanguage\":\"fr-FR\",\"@id\":\"http:\/\/www.dinardopeningfestival.fr\/#\/schema\/logo\/image\/\",\"url\":\"https:\/\/www.dinardopeningfestival.fr\/wp-content\/uploads\/2021\/06\/Logo-Dinard-bleu-opening-rouge-1-scaled.jpg\",\"contentUrl\":\"https:\/\/www.dinardopeningfestival.fr\/wp-content\/uploads\/2021\/06\/Logo-Dinard-bleu-opening-rouge-1-scaled.jpg\",\"width\":2560,\"height\":1810,\"caption\":\"Festival Dinard Opening\"},\"image\":{\"@id\":\"http:\/\/www.dinardopeningfestival.fr\/#\/schema\/logo\/image\/\"}},{\"@type\":\"WebSite\",\"@id\":\"http:\/\/www.dinardopeningfestival.fr\/#website\",\"url\":\"http:\/\/www.dinardopeningfestival.fr\/\",\"name\":\"Festival Dinard Opening\",\"description\":\"Le Festival des Musiques Britanniques\",\"publisher\":{\"@id\":\"http:\/\/www.dinardopeningfestival.fr\/#organization\"},\"potentialAction\":[{\"@type\":\"SearchAction\",\"target\":{\"@type\":\"EntryPoint\",\"urlTemplate\":\"http:\/\/www.dinardopeningfestival.fr\/?s={search_term_string}\"},\"query-input\":\"required name=search_term_string\"}],\"inLanguage\":\"fr-FR\"},{\"@type\":\"ImageObject\",\"inLanguage\":\"fr-FR\",\"@id\":\"http:\/\/www.dinardopeningfestival.fr\/index.php\/animations-musicales\/#primaryimage\",\"url\":\"https:\/\/www.dinardopeningfestival.fr\/wp-content\/uploads\/2025\/08\/Animation-musicale-Cultura.png\",\"contentUrl\":\"https:\/\/www.dinardopeningfestival.fr\/wp-content\/uploads\/2025\/08\/Animation-musicale-Cultura.png\"},{\"@type\":\"WebPage\",\"@id\":\"http:\/\/www.dinardopeningfestival.fr\/index.php\/animations-musicales\/#webpage\",\"url\":\"http:\/\/www.dinardopeningfestival.fr\/index.php\/animations-musicales\/\",\"name\":\"Animations musicales - Festival Dinard Opening\",\"isPartOf\":{\"@id\":\"http:\/\/www.dinardopeningfestival.fr\/#website\"},\"primaryImageOfPage\":{\"@id\":\"http:\/\/www.dinardopeningfestival.fr\/index.php\/animations-musicales\/#primaryimage\"},\"datePublished\":\"2025-08-01T09:24:23+00:00\",\"dateModified\":\"2025-08-01T10:32:22+00:00\",\"breadcrumb\":{\"@id\":\"http:\/\/www.dinardopeningfestival.fr\/index.php\/animations-musicales\/#breadcrumb\"},\"inLanguage\":\"fr-FR\",\"potentialAction\":[{\"@type\":\"ReadAction\",\"target\":[\"http:\/\/www.dinardopeningfestival.fr\/index.php\/animations-musicales\/\"]}]},{\"@type\":\"BreadcrumbList\",\"@id\":\"http:\/\/www.dinardopeningfestival.fr\/index.php\/animations-musicales\/#breadcrumb\",\"itemListElement\":[{\"@type\":\"ListItem\",\"position\":1,\"name\":\"Accueil\",\"item\":\"http:\/\/www.dinardopeningfestival.fr\/\"},{\"@type\":\"ListItem\",\"position\":2,\"name\":\"Animations musicales\"}]}]}<\/script>\n<!-- \/ Yoast SEO plugin. -->","yoast_head_json":{"title":"Animations musicales - Festival Dinard Opening","robots":{"index":"index","follow":"follow","max-snippet":"max-snippet:-1","max-image-preview":"max-image-preview:large","max-video-preview":"max-video-preview:-1"},"canonical":"http:\/\/www.dinardopeningfestival.fr\/index.php\/animations-musicales\/","og_locale":"fr_FR","og_type":"article","og_title":"Animations musicales - Festival Dinard Opening","og_description":"AVEC CULTURA, PARTENAIRE DU FESTIVAL 6 ao\u00fbt 2025Digue de l&rsquo;\u00c9cluseGratuit Dans le cadre du festival Dinard Opening, Cultura propose des animations musicales vari\u00e9es et tout public sur la digue de l&rsquo;\u00c9cluse. Au programme : D\u00e9couverte des instruments de la gamme Cultura&nbsp;Shiver Animation guitare et \u00e9veil musical (djemb\u00e9, b\u00e2ton de pluie, cajon) Quizz autour de la [&hellip;]","og_url":"http:\/\/www.dinardopeningfestival.fr\/index.php\/animations-musicales\/","og_site_name":"Festival Dinard Opening","article_publisher":"https:\/\/www.facebook.com\/DinardOpeningFestival","article_modified_time":"2025-08-01T10:32:22+00:00","og_image":[{"url":"https:\/\/www.dinardopeningfestival.fr\/wp-content\/uploads\/2025\/08\/Animation-musicale-Cultura.png"}],"author":"admin4235","twitter_card":"summary_large_image","twitter_misc":{"Dur\u00e9e de lecture estim\u00e9e":"1 minute"},"schema":{"@context":"https:\/\/schema.org","@graph":[{"@type":"Organization","@id":"http:\/\/www.dinardopeningfestival.fr\/#organization","name":"Festival Dinard Opening","url":"http:\/\/www.dinardopeningfestival.fr\/","sameAs":["https:\/\/www.instagram.com\/dinardopening\/","https:\/\/www.facebook.com\/DinardOpeningFestival"],"logo":{"@type":"ImageObject","inLanguage":"fr-FR","@id":"http:\/\/www.dinardopeningfestival.fr\/#\/schema\/logo\/image\/","url":"https:\/\/www.dinardopeningfestival.fr\/wp-content\/uploads\/2021\/06\/Logo-Dinard-bleu-opening-rouge-1-scaled.jpg","contentUrl":"https:\/\/www.dinardopeningfestival.fr\/wp-content\/uploads\/2021\/06\/Logo-Dinard-bleu-opening-rouge-1-scaled.jpg","width":2560,"height":1810,"caption":"Festival Dinard Opening"},"image":{"@id":"http:\/\/www.dinardopeningfestival.fr\/#\/schema\/logo\/image\/"}},{"@type":"WebSite","@id":"http:\/\/www.dinardopeningfestival.fr\/#website","url":"http:\/\/www.dinardopeningfestival.fr\/","name":"Festival Dinard Opening","description":"Le Festival des Musiques Britanniques","publisher":{"@id":"http:\/\/www.dinardopeningfestival.fr\/#organization"},"potentialAction":[{"@type":"SearchAction","target":{"@type":"EntryPoint","urlTemplate":"http:\/\/www.dinardopeningfestival.fr\/?s={search_term_string}"},"query-input":"required name=search_term_string"}],"inLanguage":"fr-FR"},{"@type":"ImageObject","inLanguage":"fr-FR","@id":"http:\/\/www.dinardopeningfestival.fr\/index.php\/animations-musicales\/#primaryimage","url":"https:\/\/www.dinardopeningfestival.fr\/wp-content\/uploads\/2025\/08\/Animation-musicale-Cultura.png","contentUrl":"https:\/\/www.dinardopeningfestival.fr\/wp-content\/uploads\/2025\/08\/Animation-musicale-Cultura.png"},{"@type":"WebPage","@id":"http:\/\/www.dinardopeningfestival.fr\/index.php\/animations-musicales\/#webpage","url":"http:\/\/www.dinardopeningfestival.fr\/index.php\/animations-musicales\/","name":"Animations musicales - Festival Dinard Opening","isPartOf":{"@id":"http:\/\/www.dinardopeningfestival.fr\/#website"},"primaryImageOfPage":{"@id":"http:\/\/www.dinardopeningfestival.fr\/index.php\/animations-musicales\/#primaryimage"},"datePublished":"2025-08-01T09:24:23+00:00","dateModified":"2025-08-01T10:32:22+00:00","breadcrumb":{"@id":"http:\/\/www.dinardopeningfestival.fr\/index.php\/animations-musicales\/#breadcrumb"},"inLanguage":"fr-FR","potentialAction":[{"@type":"ReadAction","target":["http:\/\/www.dinardopeningfestival.fr\/index.php\/animations-musicales\/"]}]},{"@type":"BreadcrumbList","@id":"http:\/\/www.dinardopeningfestival.fr\/index.php\/animations-musicales\/#breadcrumb","itemListElement":[{"@type":"ListItem","position":1,"name":"Accueil","item":"http:\/\/www.dinardopeningfestival.fr\/"},{"@type":"ListItem","position":2,"name":"Animations musicales"}]}]}},"_links":{"self":[{"href":"https:\/\/www.dinardopeningfestival.fr\/index.php\/wp-json\/wp\/v2\/pages\/2710","targetHints":{"allow":["GET"]}}],"collection":[{"href":"https:\/\/www.dinardopeningfestival.fr\/index.php\/wp-json\/wp\/v2\/pages"}],"about":[{"href":"https:\/\/www.dinardopeningfestival.fr\/index.php\/wp-json\/wp\/v2\/types\/page"}],"author":[{"embeddable":true,"href":"https:\/\/www.dinardopeningfestival.fr\/index.php\/wp-json\/wp\/v2\/users\/1"}],"replies":[{"embeddable":true,"href":"https:\/\/www.dinardopeningfestival.fr\/index.php\/wp-json\/wp\/v2\/comments?post=2710"}],"version-history":[{"count":3,"href":"https:\/\/www.dinardopeningfestival.fr\/index.php\/wp-json\/wp\/v2\/pages\/2710\/revisions"}],"predecessor-version":[{"id":2722,"href":"https:\/\/www.dinardopeningfestival.fr\/index.php\/wp-json\/wp\/v2\/pages\/2710\/revisions\/2722"}],"wp:attachment":[{"href":"https:\/\/www.dinardopeningfestival.fr\/index.php\/wp-json\/wp\/v2\/media?parent=2710"}],"curies":[{"name":"wp","href":"https:\/\/api.w.org\/{rel}","templated":true}]}}