{"id":2718,"date":"2025-08-01T11:31:31","date_gmt":"2025-08-01T09:31:31","guid":{"rendered":"https:\/\/www.dinardopeningfestival.fr\/?page_id=2718"},"modified":"2025-08-01T11:31:32","modified_gmt":"2025-08-01T09:31:32","slug":"visite-guidee","status":"publish","type":"page","link":"https:\/\/www.dinardopeningfestival.fr\/index.php\/visite-guidee\/","title":{"rendered":"Visite guid\u00e9e"},"content":{"rendered":"\n<h2 class=\"wp-block-heading\"><mark style=\"background-color:rgba(0, 0, 0, 0)\" class=\"has-inline-color has-vivid-red-color\">ENGLISH TOUCH<\/mark><\/h2>\n\n\n\n<h3 class=\"has-text-align-right wp-block-heading\" id=\"block-7b3bb235-94eb-40e9-bff7-32fe63288b19\"><mark style=\"background-color:rgba(0, 0, 0, 0)\" class=\"has-inline-color has-vivid-cyan-blue-color\">4 ao\u00fbt 2025<\/mark><br>De 14 h \u00e0 16 h<\/h3>\n\n\n\n<p>S\u00e9duits par le charme de Dinard, les Anglo-Saxons sont les premiers \u00ab d\u00e9couvreurs \u00bb de la station. Cette colonie anglo-saxonne influence le mode de vie de la station, avec la cr\u00e9ation de nouveaux divertissements (golf, tennis, yachting, bridge, etc). Ils marquent aussi le paysage architectural avec l\u2019utilisation de la brique, et des b\u00e2timents embl\u00e9matiques comme l\u2019\u00e9glise anglicane, les villas Miramar et Castelmar, le caf\u00e9 anglais.<\/p>\n\n\n\n<h5 class=\"wp-block-heading\">Informations pratiques<\/h5>\n\n\n\n<p>Les points de d\u00e9part sont transmis par Dinard C\u00f4te d\u2019Emeraude Tourisme \u00e0 l\u2019achat des billets.<br>Plein tarif : 8 \u20ac.<br>Tarif r\u00e9duit* : 5 \u20ac.<br>Gratuit pour les moins de 7 ans.<br>Achat des billets imp\u00e9ratif \u00e0 Dinard C\u00f4te d\u2019\u00c9meraude Tourisme ou sur <a href=\"https:\/\/billetterie.dinardemeraudetourisme.com\/\" target=\"_blank\" rel=\"noreferrer noopener\">billetterie.dinardemeraudetourisme.com<\/a><\/p>\n\n\n\n<p>*Tarif r\u00e9duit : Jeunes de 7 \u00e0 25 ans, \u00e9tudiants, solidarit\u00e9 (demandeurs d\u2019emploi, b\u00e9n\u00e9ficiaires des minima sociaux, personnes en situation de handicap) et r\u00e9sidents de Dinard (sur pr\u00e9sentation du justificatif de domicile en cours de validit\u00e9).<\/p>\n","protected":false},"excerpt":{"rendered":"<p>ENGLISH TOUCH 4 ao\u00fbt 2025De 14 h \u00e0 16 h S\u00e9duits par le charme de Dinard, les Anglo-Saxons sont les premiers \u00ab d\u00e9couvreurs \u00bb de la station. Cette colonie anglo-saxonne influence le mode de vie de la station, avec la cr\u00e9ation de nouveaux divertissements (golf, tennis, yachting, bridge, etc). Ils marquent aussi le paysage architectural [&hellip;]<\/p>\n","protected":false},"author":1,"featured_media":0,"parent":0,"menu_order":0,"comment_status":"closed","ping_status":"closed","template":"","meta":{"footnotes":""},"class_list":["post-2718","page","type-page","status-publish","hentry"],"yoast_head":"<!-- This site is optimized with the Yoast SEO plugin v19.2 - https:\/\/yoast.com\/wordpress\/plugins\/seo\/ -->\n<title>Visite guid\u00e9e - Festival Dinard Opening<\/title>\n<meta name=\"robots\" content=\"index, follow, max-snippet:-1, max-image-preview:large, max-video-preview:-1\" \/>\n<link rel=\"canonical\" href=\"http:\/\/www.dinardopeningfestival.fr\/index.php\/visite-guidee\/\" \/>\n<meta property=\"og:locale\" content=\"fr_FR\" \/>\n<meta property=\"og:type\" content=\"article\" \/>\n<meta property=\"og:title\" content=\"Visite guid\u00e9e - Festival Dinard Opening\" \/>\n<meta property=\"og:description\" content=\"ENGLISH TOUCH 4 ao\u00fbt 2025De 14 h \u00e0 16 h S\u00e9duits par le charme de Dinard, les Anglo-Saxons sont les premiers \u00ab d\u00e9couvreurs \u00bb de la station. Cette colonie anglo-saxonne influence le mode de vie de la station, avec la cr\u00e9ation de nouveaux divertissements (golf, tennis, yachting, bridge, etc). Ils marquent aussi le paysage architectural [&hellip;]\" \/>\n<meta property=\"og:url\" content=\"http:\/\/www.dinardopeningfestival.fr\/index.php\/visite-guidee\/\" \/>\n<meta property=\"og:site_name\" content=\"Festival Dinard Opening\" \/>\n<meta property=\"article:publisher\" content=\"https:\/\/www.facebook.com\/DinardOpeningFestival\" \/>\n<meta property=\"article:modified_time\" content=\"2025-08-01T09:31:32+00:00\" \/>\n<meta name=\"author\" content=\"admin4235\" \/>\n<meta name=\"twitter:card\" content=\"summary_large_image\" \/>\n<meta name=\"twitter:label1\" content=\"Dur\u00e9e de lecture estim\u00e9e\" \/>\n\t<meta name=\"twitter:data1\" content=\"1 minute\" \/>\n<script type=\"application\/ld+json\" class=\"yoast-schema-graph\">{\"@context\":\"https:\/\/schema.org\",\"@graph\":[{\"@type\":\"Organization\",\"@id\":\"http:\/\/www.dinardopeningfestival.fr\/#organization\",\"name\":\"Festival Dinard Opening\",\"url\":\"http:\/\/www.dinardopeningfestival.fr\/\",\"sameAs\":[\"https:\/\/www.instagram.com\/dinardopening\/\",\"https:\/\/www.facebook.com\/DinardOpeningFestival\"],\"logo\":{\"@type\":\"ImageObject\",\"inLanguage\":\"fr-FR\",\"@id\":\"http:\/\/www.dinardopeningfestival.fr\/#\/schema\/logo\/image\/\",\"url\":\"https:\/\/www.dinardopeningfestival.fr\/wp-content\/uploads\/2021\/06\/Logo-Dinard-bleu-opening-rouge-1-scaled.jpg\",\"contentUrl\":\"https:\/\/www.dinardopeningfestival.fr\/wp-content\/uploads\/2021\/06\/Logo-Dinard-bleu-opening-rouge-1-scaled.jpg\",\"width\":2560,\"height\":1810,\"caption\":\"Festival Dinard Opening\"},\"image\":{\"@id\":\"http:\/\/www.dinardopeningfestival.fr\/#\/schema\/logo\/image\/\"}},{\"@type\":\"WebSite\",\"@id\":\"http:\/\/www.dinardopeningfestival.fr\/#website\",\"url\":\"http:\/\/www.dinardopeningfestival.fr\/\",\"name\":\"Festival Dinard Opening\",\"description\":\"Le Festival des Musiques Britanniques\",\"publisher\":{\"@id\":\"http:\/\/www.dinardopeningfestival.fr\/#organization\"},\"potentialAction\":[{\"@type\":\"SearchAction\",\"target\":{\"@type\":\"EntryPoint\",\"urlTemplate\":\"http:\/\/www.dinardopeningfestival.fr\/?s={search_term_string}\"},\"query-input\":\"required name=search_term_string\"}],\"inLanguage\":\"fr-FR\"},{\"@type\":\"WebPage\",\"@id\":\"http:\/\/www.dinardopeningfestival.fr\/index.php\/visite-guidee\/#webpage\",\"url\":\"http:\/\/www.dinardopeningfestival.fr\/index.php\/visite-guidee\/\",\"name\":\"Visite guid\u00e9e - Festival Dinard Opening\",\"isPartOf\":{\"@id\":\"http:\/\/www.dinardopeningfestival.fr\/#website\"},\"datePublished\":\"2025-08-01T09:31:31+00:00\",\"dateModified\":\"2025-08-01T09:31:32+00:00\",\"breadcrumb\":{\"@id\":\"http:\/\/www.dinardopeningfestival.fr\/index.php\/visite-guidee\/#breadcrumb\"},\"inLanguage\":\"fr-FR\",\"potentialAction\":[{\"@type\":\"ReadAction\",\"target\":[\"http:\/\/www.dinardopeningfestival.fr\/index.php\/visite-guidee\/\"]}]},{\"@type\":\"BreadcrumbList\",\"@id\":\"http:\/\/www.dinardopeningfestival.fr\/index.php\/visite-guidee\/#breadcrumb\",\"itemListElement\":[{\"@type\":\"ListItem\",\"position\":1,\"name\":\"Accueil\",\"item\":\"http:\/\/www.dinardopeningfestival.fr\/\"},{\"@type\":\"ListItem\",\"position\":2,\"name\":\"Visite guid\u00e9e\"}]}]}<\/script>\n<!-- \/ Yoast SEO plugin. -->","yoast_head_json":{"title":"Visite guid\u00e9e - Festival Dinard Opening","robots":{"index":"index","follow":"follow","max-snippet":"max-snippet:-1","max-image-preview":"max-image-preview:large","max-video-preview":"max-video-preview:-1"},"canonical":"http:\/\/www.dinardopeningfestival.fr\/index.php\/visite-guidee\/","og_locale":"fr_FR","og_type":"article","og_title":"Visite guid\u00e9e - Festival Dinard Opening","og_description":"ENGLISH TOUCH 4 ao\u00fbt 2025De 14 h \u00e0 16 h S\u00e9duits par le charme de Dinard, les Anglo-Saxons sont les premiers \u00ab d\u00e9couvreurs \u00bb de la station. Cette colonie anglo-saxonne influence le mode de vie de la station, avec la cr\u00e9ation de nouveaux divertissements (golf, tennis, yachting, bridge, etc). Ils marquent aussi le paysage architectural [&hellip;]","og_url":"http:\/\/www.dinardopeningfestival.fr\/index.php\/visite-guidee\/","og_site_name":"Festival Dinard Opening","article_publisher":"https:\/\/www.facebook.com\/DinardOpeningFestival","article_modified_time":"2025-08-01T09:31:32+00:00","author":"admin4235","twitter_card":"summary_large_image","twitter_misc":{"Dur\u00e9e de lecture estim\u00e9e":"1 minute"},"schema":{"@context":"https:\/\/schema.org","@graph":[{"@type":"Organization","@id":"http:\/\/www.dinardopeningfestival.fr\/#organization","name":"Festival Dinard Opening","url":"http:\/\/www.dinardopeningfestival.fr\/","sameAs":["https:\/\/www.instagram.com\/dinardopening\/","https:\/\/www.facebook.com\/DinardOpeningFestival"],"logo":{"@type":"ImageObject","inLanguage":"fr-FR","@id":"http:\/\/www.dinardopeningfestival.fr\/#\/schema\/logo\/image\/","url":"https:\/\/www.dinardopeningfestival.fr\/wp-content\/uploads\/2021\/06\/Logo-Dinard-bleu-opening-rouge-1-scaled.jpg","contentUrl":"https:\/\/www.dinardopeningfestival.fr\/wp-content\/uploads\/2021\/06\/Logo-Dinard-bleu-opening-rouge-1-scaled.jpg","width":2560,"height":1810,"caption":"Festival Dinard Opening"},"image":{"@id":"http:\/\/www.dinardopeningfestival.fr\/#\/schema\/logo\/image\/"}},{"@type":"WebSite","@id":"http:\/\/www.dinardopeningfestival.fr\/#website","url":"http:\/\/www.dinardopeningfestival.fr\/","name":"Festival Dinard Opening","description":"Le Festival des Musiques Britanniques","publisher":{"@id":"http:\/\/www.dinardopeningfestival.fr\/#organization"},"potentialAction":[{"@type":"SearchAction","target":{"@type":"EntryPoint","urlTemplate":"http:\/\/www.dinardopeningfestival.fr\/?s={search_term_string}"},"query-input":"required name=search_term_string"}],"inLanguage":"fr-FR"},{"@type":"WebPage","@id":"http:\/\/www.dinardopeningfestival.fr\/index.php\/visite-guidee\/#webpage","url":"http:\/\/www.dinardopeningfestival.fr\/index.php\/visite-guidee\/","name":"Visite guid\u00e9e - Festival Dinard Opening","isPartOf":{"@id":"http:\/\/www.dinardopeningfestival.fr\/#website"},"datePublished":"2025-08-01T09:31:31+00:00","dateModified":"2025-08-01T09:31:32+00:00","breadcrumb":{"@id":"http:\/\/www.dinardopeningfestival.fr\/index.php\/visite-guidee\/#breadcrumb"},"inLanguage":"fr-FR","potentialAction":[{"@type":"ReadAction","target":["http:\/\/www.dinardopeningfestival.fr\/index.php\/visite-guidee\/"]}]},{"@type":"BreadcrumbList","@id":"http:\/\/www.dinardopeningfestival.fr\/index.php\/visite-guidee\/#breadcrumb","itemListElement":[{"@type":"ListItem","position":1,"name":"Accueil","item":"http:\/\/www.dinardopeningfestival.fr\/"},{"@type":"ListItem","position":2,"name":"Visite guid\u00e9e"}]}]}},"_links":{"self":[{"href":"https:\/\/www.dinardopeningfestival.fr\/index.php\/wp-json\/wp\/v2\/pages\/2718","targetHints":{"allow":["GET"]}}],"collection":[{"href":"https:\/\/www.dinardopeningfestival.fr\/index.php\/wp-json\/wp\/v2\/pages"}],"about":[{"href":"https:\/\/www.dinardopeningfestival.fr\/index.php\/wp-json\/wp\/v2\/types\/page"}],"author":[{"embeddable":true,"href":"https:\/\/www.dinardopeningfestival.fr\/index.php\/wp-json\/wp\/v2\/users\/1"}],"replies":[{"embeddable":true,"href":"https:\/\/www.dinardopeningfestival.fr\/index.php\/wp-json\/wp\/v2\/comments?post=2718"}],"version-history":[{"count":1,"href":"https:\/\/www.dinardopeningfestival.fr\/index.php\/wp-json\/wp\/v2\/pages\/2718\/revisions"}],"predecessor-version":[{"id":2721,"href":"https:\/\/www.dinardopeningfestival.fr\/index.php\/wp-json\/wp\/v2\/pages\/2718\/revisions\/2721"}],"wp:attachment":[{"href":"https:\/\/www.dinardopeningfestival.fr\/index.php\/wp-json\/wp\/v2\/media?parent=2718"}],"curies":[{"name":"wp","href":"https:\/\/api.w.org\/{rel}","templated":true}]}}