{"id":2902,"date":"2026-03-05T16:53:34","date_gmt":"2026-03-05T15:53:34","guid":{"rendered":"https:\/\/www.dinardopeningfestival.fr\/?page_id=2902"},"modified":"2026-04-16T12:39:50","modified_gmt":"2026-04-16T10:39:50","slug":"tankus","status":"publish","type":"page","link":"https:\/\/www.dinardopeningfestival.fr\/index.php\/tankus\/","title":{"rendered":"Tankus"},"content":{"rendered":"\n<p class=\"has-normal-font-size\"><mark style=\"background-color:rgba(0, 0, 0, 0)\" class=\"has-inline-color has-vivid-red-color\"><strong>Concert pique-nique<\/strong><\/mark><br><strong>Lundi 10 ao\u00fbt, apportez votre nappe, votre panier et laissez-vous gagner par l&rsquo;\u00e9nergie communicative de Tankus dans le parc du Ch\u00e2teau H\u00e9bert !<\/strong><\/p>\n\n\n\n<figure class=\"wp-block-pullquote\"><blockquote><p><mark style=\"background-color:rgba(0, 0, 0, 0);color:#312783\" class=\"has-inline-color\">10 ao\u00fbt 2026 &#8211; 19 h<br>Parc du Ch\u00e2teau H\u00e9bert<\/mark><\/p><\/blockquote><\/figure>\n\n\n\n<figure class=\"wp-block-image size-large\"><img loading=\"lazy\" decoding=\"async\" width=\"1024\" height=\"683\" src=\"https:\/\/www.dinardopeningfestival.fr\/wp-content\/uploads\/2026\/03\/TANKUS-PHOTO-Live-Sophie-Taylor--1024x683.jpg\" alt=\"\" class=\"wp-image-2992\" srcset=\"https:\/\/www.dinardopeningfestival.fr\/wp-content\/uploads\/2026\/03\/TANKUS-PHOTO-Live-Sophie-Taylor--1024x683.jpg 1024w, https:\/\/www.dinardopeningfestival.fr\/wp-content\/uploads\/2026\/03\/TANKUS-PHOTO-Live-Sophie-Taylor--300x200.jpg 300w, https:\/\/www.dinardopeningfestival.fr\/wp-content\/uploads\/2026\/03\/TANKUS-PHOTO-Live-Sophie-Taylor--768x512.jpg 768w, https:\/\/www.dinardopeningfestival.fr\/wp-content\/uploads\/2026\/03\/TANKUS-PHOTO-Live-Sophie-Taylor--1536x1024.jpg 1536w, https:\/\/www.dinardopeningfestival.fr\/wp-content\/uploads\/2026\/03\/TANKUS-PHOTO-Live-Sophie-Taylor--2048x1366.jpg 2048w, https:\/\/www.dinardopeningfestival.fr\/wp-content\/uploads\/2026\/03\/TANKUS-PHOTO-Live-Sophie-Taylor--24x16.jpg 24w, https:\/\/www.dinardopeningfestival.fr\/wp-content\/uploads\/2026\/03\/TANKUS-PHOTO-Live-Sophie-Taylor--36x24.jpg 36w, https:\/\/www.dinardopeningfestival.fr\/wp-content\/uploads\/2026\/03\/TANKUS-PHOTO-Live-Sophie-Taylor--48x32.jpg 48w\" sizes=\"auto, (max-width: 1024px) 100vw, 1024px\" \/><figcaption class=\"wp-element-caption\">\u00a9Sophie Taylor<\/figcaption><\/figure>\n\n\n\n<blockquote class=\"wp-block-quote is-layout-flow wp-block-quote-is-layout-flow\">\n<p><em>Un des frontmen les plus charismatiques de la sc\u00e8ne musicale<\/em>.<\/p>\n<cite>Rolling Stone<\/cite><\/blockquote>\n\n\n\n<p>Apr\u00e8s un millier de concerts \u00e0 travers toute l\u2019Europe, les Anglais de Tankus (ex-Tankus the Henge) b\u00e2tissent petit \u00e0 petit leur l\u00e9gende \u00e0 coups de prestations sc\u00e9niques survitamin\u00e9es. Leur univers \u00e9clectique, savant m\u00e9lange de rock, se nourrit au Rag Time ou encore au Funk. Le tout magnifi\u00e9 par des textes finement cisel\u00e9s. Ils puisent leur inspiration dans la vague anglaise des 60s, chez des artistes comme Tom Waits ou encore les Queen of the Stone Age. Emmen\u00e9 sur sc\u00e8ne par la fougue et le sens du show de Jaz Delorean, pianiste-chanteur-acrobate et v\u00e9ritable b\u00eate de sc\u00e8ne, Tankus marque les esprits en live avec un v\u00e9ritable cabaret rock bastringue !<\/p>\n\n\n\n<h4 class=\"wp-block-heading\"><strong>Aujourd\u2019hui, Tankus ouvre un nouveau chapitre<\/strong><\/h4>\n\n\n\n<p>Sign\u00e9s sur le label britannique ind\u00e9pendant 5dB Records, ils ont sorti le 31 octobre 2025 leur quatri\u00e8me album, <em>Valley of Distraction<\/em>. L\u2019opus est produit par Jim Sclavunos, figure l\u00e9gendaire de Nick Cave &amp; The Bad Seeds et Grinderman.<\/p>\n\n\n\n<p>Apr\u00e8s cette sortie d\u2019album incendiaire au New Morning, le groupe d\u00e9fendra son opus \u00e0 travers toute l\u2019Europe en 2026. Et donc \u00e0 Dinard\u2026<\/p>\n\n\n\n<p>En France,&nbsp;plus d\u2019une centaine de concerts ont accueilli Tankus. Sans oublier les festivals ! Les Trans Musicales (2021), Rencontres et Racines, Nancy Jazz Pulsation, le Bebop, Festival de N\u00e9oules, le Poulpaphone, les Fanfarfelues, un Piano sous les Arbres&#8230; et m\u00eame <a href=\"https:\/\/www.dinardopeningfestival.fr\/index.php\/photos-2022\/\">Dinard Opening<\/a> en 2022.<br><\/p>\n\n\n\n<figure class=\"wp-block-embed is-type-video is-provider-youtube wp-block-embed-youtube wp-embed-aspect-16-9 wp-has-aspect-ratio\"><div class=\"wp-block-embed__wrapper\">\n<iframe loading=\"lazy\" title=\"Tankus - Clapton Pond (Official Video)\" width=\"720\" height=\"405\" src=\"https:\/\/www.youtube.com\/embed\/w9mwsPrUpnc?feature=oembed\" frameborder=\"0\" allow=\"accelerometer; autoplay; clipboard-write; encrypted-media; gyroscope; picture-in-picture; web-share\" referrerpolicy=\"strict-origin-when-cross-origin\" allowfullscreen><\/iframe>\n<\/div><\/figure>\n\n\n\n<p><strong>Jaz Delorean, <\/strong>chant, clavier, trombone<br><strong>Jack Price, <\/strong>guitare<br><strong>Dan Hipkin, <\/strong>basse<br><strong>Joao Mello, <\/strong>saxophone, clavier, chant<br><strong>Jamie Shaw, <\/strong>batterie<br><strong>Laura Impallomeni, <\/strong>trombone<br><strong>William Rose, <\/strong>son<\/p>\n\n\n\n<figure class=\"wp-block-embed is-type-video is-provider-youtube wp-block-embed-youtube wp-embed-aspect-4-3 wp-has-aspect-ratio\"><div class=\"wp-block-embed__wrapper\">\n<iframe loading=\"lazy\" title=\"Tankus - Negroni, Baloney (Live at 5dB Studios)\" width=\"720\" height=\"540\" src=\"https:\/\/www.youtube.com\/embed\/29rR9HmJa-Q?feature=oembed\" frameborder=\"0\" allow=\"accelerometer; autoplay; clipboard-write; encrypted-media; gyroscope; picture-in-picture; web-share\" referrerpolicy=\"strict-origin-when-cross-origin\" allowfullscreen><\/iframe>\n<\/div><\/figure>\n\n\n\n<blockquote class=\"wp-block-quote is-layout-flow wp-block-quote-is-layout-flow\">\n<p><em>Les Blockheads, les Pogues et Madness auraient-ils trouv\u00e9 leurs h\u00e9ritiers ?<\/em><\/p>\n\n\n\n<p><\/p>\n<cite>T\u00e9l\u00e9rama<\/cite><\/blockquote>\n\n\n\n<p class=\"has-text-align-center has-white-color has-text-color has-background has-link-color wp-elements-cfee4b45e5bed2d526bf075ebedfd3f8\" style=\"background-color:#312783\">Restez connect\u00e9s : la billetterie ouvre prochainement !<\/p>\n","protected":false},"excerpt":{"rendered":"<p>Concert pique-niqueLundi 10 ao\u00fbt, apportez votre nappe, votre panier et laissez-vous gagner par l&rsquo;\u00e9nergie communicative de Tankus dans le parc du Ch\u00e2teau H\u00e9bert ! 10 ao\u00fbt 2026 &#8211; 19 hParc du Ch\u00e2teau H\u00e9bert Un des frontmen les plus charismatiques de la sc\u00e8ne musicale. Rolling Stone Apr\u00e8s un millier de concerts \u00e0 travers toute l\u2019Europe, les [&hellip;]<\/p>\n","protected":false},"author":1,"featured_media":2919,"parent":0,"menu_order":0,"comment_status":"closed","ping_status":"closed","template":"","meta":{"footnotes":""},"class_list":["post-2902","page","type-page","status-publish","has-post-thumbnail","hentry"],"yoast_head":"<!-- This site is optimized with the Yoast SEO plugin v19.2 - https:\/\/yoast.com\/wordpress\/plugins\/seo\/ -->\n<title>Tankus - Festival Dinard Opening<\/title>\n<meta name=\"description\" content=\"Apportez votre nappe, votre panier et laissez-vous gagner par l&#039;\u00e9nergie communicative de Tankus dans le parc du Ch\u00e2teau H\u00e9bert !\" \/>\n<meta name=\"robots\" content=\"index, follow, max-snippet:-1, max-image-preview:large, max-video-preview:-1\" \/>\n<link rel=\"canonical\" href=\"https:\/\/www.dinardopeningfestival.fr\/index.php\/tankus\/\" \/>\n<meta property=\"og:locale\" content=\"fr_FR\" \/>\n<meta property=\"og:type\" content=\"article\" \/>\n<meta property=\"og:title\" content=\"Tankus - Festival Dinard Opening\" \/>\n<meta property=\"og:description\" content=\"Apportez votre nappe, votre panier et laissez-vous gagner par l&#039;\u00e9nergie communicative de Tankus dans le parc du Ch\u00e2teau H\u00e9bert !\" \/>\n<meta property=\"og:url\" content=\"https:\/\/www.dinardopeningfestival.fr\/index.php\/tankus\/\" \/>\n<meta property=\"og:site_name\" content=\"Festival Dinard Opening\" \/>\n<meta property=\"article:publisher\" content=\"https:\/\/www.facebook.com\/DinardOpeningFestival\" \/>\n<meta property=\"article:modified_time\" content=\"2026-04-16T10:39:50+00:00\" \/>\n<meta property=\"og:image\" content=\"http:\/\/www.dinardopeningfestival.fr\/wp-content\/uploads\/2026\/03\/Bannie\u0300re-Tankus.png\" \/>\n\t<meta property=\"og:image:width\" content=\"1584\" \/>\n\t<meta property=\"og:image:height\" content=\"396\" \/>\n\t<meta property=\"og:image:type\" content=\"image\/png\" \/>\n<meta name=\"author\" content=\"admin4235\" \/>\n<meta name=\"twitter:card\" content=\"summary_large_image\" \/>\n<meta name=\"twitter:label1\" content=\"Dur\u00e9e de lecture estim\u00e9e\" \/>\n\t<meta name=\"twitter:data1\" content=\"2 minutes\" \/>\n<script type=\"application\/ld+json\" class=\"yoast-schema-graph\">{\"@context\":\"https:\/\/schema.org\",\"@graph\":[{\"@type\":\"Organization\",\"@id\":\"http:\/\/www.dinardopeningfestival.fr\/#organization\",\"name\":\"Festival Dinard Opening\",\"url\":\"http:\/\/www.dinardopeningfestival.fr\/\",\"sameAs\":[\"https:\/\/www.instagram.com\/dinardopening\/\",\"https:\/\/www.facebook.com\/DinardOpeningFestival\"],\"logo\":{\"@type\":\"ImageObject\",\"inLanguage\":\"fr-FR\",\"@id\":\"http:\/\/www.dinardopeningfestival.fr\/#\/schema\/logo\/image\/\",\"url\":\"https:\/\/www.dinardopeningfestival.fr\/wp-content\/uploads\/2021\/06\/Logo-Dinard-bleu-opening-rouge-1-scaled.jpg\",\"contentUrl\":\"https:\/\/www.dinardopeningfestival.fr\/wp-content\/uploads\/2021\/06\/Logo-Dinard-bleu-opening-rouge-1-scaled.jpg\",\"width\":2560,\"height\":1810,\"caption\":\"Festival Dinard Opening\"},\"image\":{\"@id\":\"http:\/\/www.dinardopeningfestival.fr\/#\/schema\/logo\/image\/\"}},{\"@type\":\"WebSite\",\"@id\":\"http:\/\/www.dinardopeningfestival.fr\/#website\",\"url\":\"http:\/\/www.dinardopeningfestival.fr\/\",\"name\":\"Festival Dinard Opening\",\"description\":\"Le Festival des Musiques Britanniques\",\"publisher\":{\"@id\":\"http:\/\/www.dinardopeningfestival.fr\/#organization\"},\"potentialAction\":[{\"@type\":\"SearchAction\",\"target\":{\"@type\":\"EntryPoint\",\"urlTemplate\":\"http:\/\/www.dinardopeningfestival.fr\/?s={search_term_string}\"},\"query-input\":\"required name=search_term_string\"}],\"inLanguage\":\"fr-FR\"},{\"@type\":\"ImageObject\",\"inLanguage\":\"fr-FR\",\"@id\":\"https:\/\/www.dinardopeningfestival.fr\/index.php\/tankus\/#primaryimage\",\"url\":\"https:\/\/www.dinardopeningfestival.fr\/wp-content\/uploads\/2026\/03\/Bannie\u0300re-Tankus.png\",\"contentUrl\":\"https:\/\/www.dinardopeningfestival.fr\/wp-content\/uploads\/2026\/03\/Bannie\u0300re-Tankus.png\",\"width\":1584,\"height\":396,\"caption\":\"Tankus au concert pique-nique : bani\u00e8re\"},{\"@type\":\"WebPage\",\"@id\":\"https:\/\/www.dinardopeningfestival.fr\/index.php\/tankus\/#webpage\",\"url\":\"https:\/\/www.dinardopeningfestival.fr\/index.php\/tankus\/\",\"name\":\"Tankus - Festival Dinard Opening\",\"isPartOf\":{\"@id\":\"http:\/\/www.dinardopeningfestival.fr\/#website\"},\"primaryImageOfPage\":{\"@id\":\"https:\/\/www.dinardopeningfestival.fr\/index.php\/tankus\/#primaryimage\"},\"datePublished\":\"2026-03-05T15:53:34+00:00\",\"dateModified\":\"2026-04-16T10:39:50+00:00\",\"description\":\"Apportez votre nappe, votre panier et laissez-vous gagner par l'\u00e9nergie communicative de Tankus dans le parc du Ch\u00e2teau H\u00e9bert !\",\"breadcrumb\":{\"@id\":\"https:\/\/www.dinardopeningfestival.fr\/index.php\/tankus\/#breadcrumb\"},\"inLanguage\":\"fr-FR\",\"potentialAction\":[{\"@type\":\"ReadAction\",\"target\":[\"https:\/\/www.dinardopeningfestival.fr\/index.php\/tankus\/\"]}]},{\"@type\":\"BreadcrumbList\",\"@id\":\"https:\/\/www.dinardopeningfestival.fr\/index.php\/tankus\/#breadcrumb\",\"itemListElement\":[{\"@type\":\"ListItem\",\"position\":1,\"name\":\"Accueil\",\"item\":\"http:\/\/www.dinardopeningfestival.fr\/\"},{\"@type\":\"ListItem\",\"position\":2,\"name\":\"Tankus\"}]}]}<\/script>\n<!-- \/ Yoast SEO plugin. -->","yoast_head_json":{"title":"Tankus - Festival Dinard Opening","description":"Apportez votre nappe, votre panier et laissez-vous gagner par l'\u00e9nergie communicative de Tankus dans le parc du Ch\u00e2teau H\u00e9bert !","robots":{"index":"index","follow":"follow","max-snippet":"max-snippet:-1","max-image-preview":"max-image-preview:large","max-video-preview":"max-video-preview:-1"},"canonical":"https:\/\/www.dinardopeningfestival.fr\/index.php\/tankus\/","og_locale":"fr_FR","og_type":"article","og_title":"Tankus - Festival Dinard Opening","og_description":"Apportez votre nappe, votre panier et laissez-vous gagner par l'\u00e9nergie communicative de Tankus dans le parc du Ch\u00e2teau H\u00e9bert !","og_url":"https:\/\/www.dinardopeningfestival.fr\/index.php\/tankus\/","og_site_name":"Festival Dinard Opening","article_publisher":"https:\/\/www.facebook.com\/DinardOpeningFestival","article_modified_time":"2026-04-16T10:39:50+00:00","og_image":[{"width":1584,"height":396,"url":"http:\/\/www.dinardopeningfestival.fr\/wp-content\/uploads\/2026\/03\/Bannie\u0300re-Tankus.png","type":"image\/png"}],"author":"admin4235","twitter_card":"summary_large_image","twitter_misc":{"Dur\u00e9e de lecture estim\u00e9e":"2 minutes"},"schema":{"@context":"https:\/\/schema.org","@graph":[{"@type":"Organization","@id":"http:\/\/www.dinardopeningfestival.fr\/#organization","name":"Festival Dinard Opening","url":"http:\/\/www.dinardopeningfestival.fr\/","sameAs":["https:\/\/www.instagram.com\/dinardopening\/","https:\/\/www.facebook.com\/DinardOpeningFestival"],"logo":{"@type":"ImageObject","inLanguage":"fr-FR","@id":"http:\/\/www.dinardopeningfestival.fr\/#\/schema\/logo\/image\/","url":"https:\/\/www.dinardopeningfestival.fr\/wp-content\/uploads\/2021\/06\/Logo-Dinard-bleu-opening-rouge-1-scaled.jpg","contentUrl":"https:\/\/www.dinardopeningfestival.fr\/wp-content\/uploads\/2021\/06\/Logo-Dinard-bleu-opening-rouge-1-scaled.jpg","width":2560,"height":1810,"caption":"Festival Dinard Opening"},"image":{"@id":"http:\/\/www.dinardopeningfestival.fr\/#\/schema\/logo\/image\/"}},{"@type":"WebSite","@id":"http:\/\/www.dinardopeningfestival.fr\/#website","url":"http:\/\/www.dinardopeningfestival.fr\/","name":"Festival Dinard Opening","description":"Le Festival des Musiques Britanniques","publisher":{"@id":"http:\/\/www.dinardopeningfestival.fr\/#organization"},"potentialAction":[{"@type":"SearchAction","target":{"@type":"EntryPoint","urlTemplate":"http:\/\/www.dinardopeningfestival.fr\/?s={search_term_string}"},"query-input":"required name=search_term_string"}],"inLanguage":"fr-FR"},{"@type":"ImageObject","inLanguage":"fr-FR","@id":"https:\/\/www.dinardopeningfestival.fr\/index.php\/tankus\/#primaryimage","url":"https:\/\/www.dinardopeningfestival.fr\/wp-content\/uploads\/2026\/03\/Bannie\u0300re-Tankus.png","contentUrl":"https:\/\/www.dinardopeningfestival.fr\/wp-content\/uploads\/2026\/03\/Bannie\u0300re-Tankus.png","width":1584,"height":396,"caption":"Tankus au concert pique-nique : bani\u00e8re"},{"@type":"WebPage","@id":"https:\/\/www.dinardopeningfestival.fr\/index.php\/tankus\/#webpage","url":"https:\/\/www.dinardopeningfestival.fr\/index.php\/tankus\/","name":"Tankus - Festival Dinard Opening","isPartOf":{"@id":"http:\/\/www.dinardopeningfestival.fr\/#website"},"primaryImageOfPage":{"@id":"https:\/\/www.dinardopeningfestival.fr\/index.php\/tankus\/#primaryimage"},"datePublished":"2026-03-05T15:53:34+00:00","dateModified":"2026-04-16T10:39:50+00:00","description":"Apportez votre nappe, votre panier et laissez-vous gagner par l'\u00e9nergie communicative de Tankus dans le parc du Ch\u00e2teau H\u00e9bert !","breadcrumb":{"@id":"https:\/\/www.dinardopeningfestival.fr\/index.php\/tankus\/#breadcrumb"},"inLanguage":"fr-FR","potentialAction":[{"@type":"ReadAction","target":["https:\/\/www.dinardopeningfestival.fr\/index.php\/tankus\/"]}]},{"@type":"BreadcrumbList","@id":"https:\/\/www.dinardopeningfestival.fr\/index.php\/tankus\/#breadcrumb","itemListElement":[{"@type":"ListItem","position":1,"name":"Accueil","item":"http:\/\/www.dinardopeningfestival.fr\/"},{"@type":"ListItem","position":2,"name":"Tankus"}]}]}},"_links":{"self":[{"href":"https:\/\/www.dinardopeningfestival.fr\/index.php\/wp-json\/wp\/v2\/pages\/2902","targetHints":{"allow":["GET"]}}],"collection":[{"href":"https:\/\/www.dinardopeningfestival.fr\/index.php\/wp-json\/wp\/v2\/pages"}],"about":[{"href":"https:\/\/www.dinardopeningfestival.fr\/index.php\/wp-json\/wp\/v2\/types\/page"}],"author":[{"embeddable":true,"href":"https:\/\/www.dinardopeningfestival.fr\/index.php\/wp-json\/wp\/v2\/users\/1"}],"replies":[{"embeddable":true,"href":"https:\/\/www.dinardopeningfestival.fr\/index.php\/wp-json\/wp\/v2\/comments?post=2902"}],"version-history":[{"count":18,"href":"https:\/\/www.dinardopeningfestival.fr\/index.php\/wp-json\/wp\/v2\/pages\/2902\/revisions"}],"predecessor-version":[{"id":3013,"href":"https:\/\/www.dinardopeningfestival.fr\/index.php\/wp-json\/wp\/v2\/pages\/2902\/revisions\/3013"}],"wp:featuredmedia":[{"embeddable":true,"href":"https:\/\/www.dinardopeningfestival.fr\/index.php\/wp-json\/wp\/v2\/media\/2919"}],"wp:attachment":[{"href":"https:\/\/www.dinardopeningfestival.fr\/index.php\/wp-json\/wp\/v2\/media?parent=2902"}],"curies":[{"name":"wp","href":"https:\/\/api.w.org\/{rel}","templated":true}]}}