{"id":2933,"date":"2026-04-16T12:40:44","date_gmt":"2026-04-16T10:40:44","guid":{"rendered":"https:\/\/www.dinardopeningfestival.fr\/?page_id=2933"},"modified":"2026-04-16T12:40:44","modified_gmt":"2026-04-16T10:40:44","slug":"laurie-wright","status":"publish","type":"page","link":"https:\/\/www.dinardopeningfestival.fr\/index.php\/laurie-wright\/","title":{"rendered":"Laurie Wright (premi\u00e8re partie Brooke Sharkey)"},"content":{"rendered":"\n<p><strong><mark style=\"background-color:rgba(0, 0, 0, 0)\" class=\"has-inline-color has-vivid-red-color\">We&rsquo;re Only Warming Up !<\/mark><\/strong><br><strong>On enterre le rock\u2019n\u2019roll depuis des d\u00e9cennies. Il revient pourtant, toujours plus libre, plus audacieux, plus vivant. Laurie Wright en est la preuve sur sc\u00e8ne. Rendez-vous le 12 ao\u00fbt pour le grand retour du rock anglais !<\/strong><\/p>\n\n\n\n<figure class=\"wp-block-pullquote\"><blockquote><p><mark style=\"background-color:rgba(0, 0, 0, 0);color:#312783\" class=\"has-inline-color\">12 ao\u00fbt 2026 &#8211; 20 h<br>Parvis de Port-Breton<\/mark><\/p><\/blockquote><\/figure>\n\n\n<div class=\"wp-block-image is-resized\">\n<figure class=\"aligncenter size-large\"><img loading=\"lazy\" decoding=\"async\" width=\"724\" height=\"1024\" src=\"https:\/\/www.dinardopeningfestival.fr\/wp-content\/uploads\/2026\/03\/Laurie-Wright-724x1024.jpg\" alt=\"\" class=\"wp-image-2944\" srcset=\"https:\/\/www.dinardopeningfestival.fr\/wp-content\/uploads\/2026\/03\/Laurie-Wright-724x1024.jpg 724w, https:\/\/www.dinardopeningfestival.fr\/wp-content\/uploads\/2026\/03\/Laurie-Wright-212x300.jpg 212w, https:\/\/www.dinardopeningfestival.fr\/wp-content\/uploads\/2026\/03\/Laurie-Wright-768x1086.jpg 768w, https:\/\/www.dinardopeningfestival.fr\/wp-content\/uploads\/2026\/03\/Laurie-Wright-1086x1536.jpg 1086w, https:\/\/www.dinardopeningfestival.fr\/wp-content\/uploads\/2026\/03\/Laurie-Wright-1448x2048.jpg 1448w, https:\/\/www.dinardopeningfestival.fr\/wp-content\/uploads\/2026\/03\/Laurie-Wright-17x24.jpg 17w, https:\/\/www.dinardopeningfestival.fr\/wp-content\/uploads\/2026\/03\/Laurie-Wright-25x36.jpg 25w, https:\/\/www.dinardopeningfestival.fr\/wp-content\/uploads\/2026\/03\/Laurie-Wright-34x48.jpg 34w, https:\/\/www.dinardopeningfestival.fr\/wp-content\/uploads\/2026\/03\/Laurie-Wright-scaled.jpg 1810w\" sizes=\"auto, (max-width: 724px) 100vw, 724px\" \/><figcaption class=\"wp-element-caption\">\u00a9Albert Jagger<\/figcaption><\/figure>\n<\/div>\n\n\n<blockquote class=\"wp-block-quote is-layout-flow wp-block-quote-is-layout-flow\">\n<p><em>Laurie Wright est un performeur n\u00e9, comme Steve Marriott.<\/em><\/p>\n<cite>Peter Doherty<\/cite><\/blockquote>\n\n\n\n<p>Dans la plus pure tradition du songwriting \u00e0 l\u2019anglaise, l\u2019auteur-compositeur-interpr\u00e8te Laurie Wright, originaire des South West Midlands, fait la part belle aux m\u00e9lodies et aux sonorit\u00e9s des ann\u00e9es 60 tout en n\u2019oubliant jamais de teinter son exploration musicale d\u2019une dynamique envoutante. V\u00e9ritable b\u00eate de sc\u00e8ne \u00e0 l\u2019\u00e9nergie in\u00e9puisable, adoub\u00e9e par des stars telles que The Libertines, <em>Sleaford Mods<\/em> ou encore <em>Oasis<\/em>, cette p\u00e9pite aux influences multiples, du soul \u00e0 la folk, a d\u00e9voil\u00e9 son second opus, <a><em><mark style=\"background-color:rgba(0, 0, 0, 0)\" class=\"has-inline-color has-black-color\">We\u2019re Only Warming Up !<\/mark><\/em><\/a> sorti \u00e0 l\u2019automne 2025.<\/p>\n\n\n\n<p>Energie intense et assurance d\u00e9vastatrice, port\u00e9es par une m\u00e9lodie et une harmonie qui vous laissent en redemander.<\/p>\n\n\n\n<p>\u00ab\u00a0<em>2026 s\u2019annonce comme une ann\u00e9e encore plus grande pour Laurie et son groupe<\/em>\u00ab\u00a0, annonce son producteur. Et pour cause, il se produira \u00e0 Dinard !<\/p>\n\n\n\n<p><strong>Laurie Wright, <\/strong>guitare solo<br><strong>Ciaran O\u2019keeffe, <\/strong>harmonica<br><strong>Leo Stewart, <\/strong>basse<br><strong>Alfie Clayton, <\/strong>batterie<br><strong>Lucca Bernardi, <\/strong>voix d\u2019accompagnement<\/p>\n\n\n\n<blockquote class=\"wp-block-quote is-layout-flow wp-block-quote-is-layout-flow\">\n<p><em>Laurie Wright, c\u2019est la prochaine grande r\u00e9v\u00e9lation<\/em>.<\/p>\n<cite>Carl Barat<\/cite><\/blockquote>\n\n\n\n<figure class=\"wp-block-embed aligncenter is-type-video is-provider-youtube wp-block-embed-youtube wp-embed-aspect-16-9 wp-has-aspect-ratio\"><div class=\"wp-block-embed__wrapper\">\n<iframe loading=\"lazy\" title=\"Laurie Wright - My Rock &amp; Roll (Official Video)\" width=\"720\" height=\"405\" src=\"https:\/\/www.youtube.com\/embed\/TC5267T0vyo?feature=oembed\" frameborder=\"0\" allow=\"accelerometer; autoplay; clipboard-write; encrypted-media; gyroscope; picture-in-picture; web-share\" referrerpolicy=\"strict-origin-when-cross-origin\" allowfullscreen><\/iframe>\n<\/div><\/figure>\n\n\n\n<blockquote class=\"wp-block-quote is-layout-flow wp-block-quote-is-layout-flow\">\n<p>Un souffle d&rsquo;air frais.<\/p>\n\n\n\n<p><\/p>\n<cite>Rod Stewart<\/cite><\/blockquote>\n\n\n\n<p class=\"has-text-align-center has-white-color has-text-color has-background has-link-color wp-elements-cfee4b45e5bed2d526bf075ebedfd3f8\" style=\"background-color:#312783\">Restez connect\u00e9s : la billetterie ouvre prochainement !<\/p>\n\n\n\n<hr class=\"wp-block-separator has-alpha-channel-opacity\"\/>\n\n\n\n<h1 class=\"wp-block-heading has-text-align-center\">Premi\u00e8re partie<br>BROOKE SHARKEY<\/h1>\n\n\n\n<div class=\"wp-block-group alignwide\"><div class=\"wp-block-group__inner-container is-layout-flow wp-block-group-is-layout-flow\">\n<h3 class=\"wp-block-heading\"><mark style=\"background-color:rgba(0, 0, 0, 0)\" class=\"has-inline-color has-vivid-red-color\">INDIE, <strong>FOLK, ACOUSTIC, FIELD-RECORDING<\/strong> (FR\/UK\/NOR)<\/mark><\/h3>\n<\/div><\/div>\n\n\n<div class=\"wp-block-image\">\n<figure class=\"aligncenter size-large\"><img loading=\"lazy\" decoding=\"async\" width=\"1024\" height=\"858\" src=\"http:\/\/www.dinardopeningfestival.fr\/wp-content\/uploads\/2026\/03\/08-Brooke-Sharkey-Landscape-2-by-Tomek-Miernowski-1024x858.jpg\" alt=\"Brooke Sharkey portrait Landscape\" class=\"wp-image-2941\" srcset=\"https:\/\/www.dinardopeningfestival.fr\/wp-content\/uploads\/2026\/03\/08-Brooke-Sharkey-Landscape-2-by-Tomek-Miernowski-1024x858.jpg 1024w, https:\/\/www.dinardopeningfestival.fr\/wp-content\/uploads\/2026\/03\/08-Brooke-Sharkey-Landscape-2-by-Tomek-Miernowski-300x251.jpg 300w, https:\/\/www.dinardopeningfestival.fr\/wp-content\/uploads\/2026\/03\/08-Brooke-Sharkey-Landscape-2-by-Tomek-Miernowski-768x644.jpg 768w, https:\/\/www.dinardopeningfestival.fr\/wp-content\/uploads\/2026\/03\/08-Brooke-Sharkey-Landscape-2-by-Tomek-Miernowski-1536x1288.jpg 1536w, https:\/\/www.dinardopeningfestival.fr\/wp-content\/uploads\/2026\/03\/08-Brooke-Sharkey-Landscape-2-by-Tomek-Miernowski-2048x1717.jpg 2048w, https:\/\/www.dinardopeningfestival.fr\/wp-content\/uploads\/2026\/03\/08-Brooke-Sharkey-Landscape-2-by-Tomek-Miernowski-24x20.jpg 24w, https:\/\/www.dinardopeningfestival.fr\/wp-content\/uploads\/2026\/03\/08-Brooke-Sharkey-Landscape-2-by-Tomek-Miernowski-36x30.jpg 36w, https:\/\/www.dinardopeningfestival.fr\/wp-content\/uploads\/2026\/03\/08-Brooke-Sharkey-Landscape-2-by-Tomek-Miernowski-48x40.jpg 48w\" sizes=\"auto, (max-width: 1024px) 100vw, 1024px\" \/><figcaption class=\"wp-element-caption\">\u00a9Tomek Miernowski<\/figcaption><\/figure>\n<\/div>\n\n\n<p>Le parcours musical de <strong>Brooke Sharkey<\/strong> d\u00e9bute dans les pubs de Norfolk et continue dans les rues de Londres, puis de Paris et Bristol entre autres, o\u00f9 elle collabore avec des artistes et musiciens de styles divers (jazz, pop, folk, exp\u00e9rimental). Auteure, compositrice, interpr\u00e8te, elle est rep\u00e9r\u00e9e par <em>The Guardian<\/em>, qui classe tr\u00e8s t\u00f4t Brooke dans les 50 meilleurs artistes ind\u00e9pendants internationaux.<\/p>\n\n\n\n<p>Ses chansons lui ont valu d&rsquo;\u00eatre compar\u00e9e \u00e0 Kate Bush, Mariee Sioux, Ane Brun, Pomme, Lhasa de Sela, Christine and the Queens ou Sufjan Stevens. Sa voix a\u00e9rienne explore avec subtilit\u00e9 et complexit\u00e9 les th\u00e9matiques des r\u00eaves, de l\u2019amour, la perte, l&rsquo;espoir, la beaut\u00e9, la nature, la s\u00e9duction et l\u2019\u00e9merveillement. Brooke Sharkey vit d\u00e9sormais en Norv\u00e8ge \u00e0 Oslo, au plus pr\u00e8s d\u2019\u00e9l\u00e9ments et de paysages fabuleux qui lui ont inspir\u00e9 la composition et l\u2019enregistrement de son dernier album <em>Under Stones<\/em> paru en septembre 2025.<\/p>\n\n\n\n<blockquote class=\"wp-block-quote is-layout-flow wp-block-quote-is-layout-flow\">\n<p><strong>&nbsp;<\/strong><em>L\u2019une des voix les plus \u00e9tonnantes jamais entendues<\/em>.<\/p>\n<cite>BBC Radio<\/cite><\/blockquote>\n\n\n\n<p><em>Under Stones<\/em> est une exp\u00e9rience sensorielle et corporelle, qui pousse \u00e0 aller \u00e0 la rencontre de la beaut\u00e9 sp\u00e9cifique de chaque lieu, de chaque rencontre.<\/p>\n\n\n\n<p>D\u2019une grande d\u00e9licatesse, Brooke Sharkey donne \u00e0 entrevoir des exp\u00e9riences personnelles, les joies int\u00e9rieures comme les affres de la vie, qu\u2019elle habille d\u2019\u00e9l\u00e9gance et de pudeur. C\u2019est une opportunit\u00e9 offerte aux amoureux de musique acoustique et de chansons d\u2019embarquer dans un monde de po\u00e9sie du sensible. Une exp\u00e9rience aussi touchante qu\u2019enrichissante.<\/p>\n\n\n\n<figure class=\"wp-block-embed aligncenter is-type-video is-provider-youtube wp-block-embed-youtube wp-embed-aspect-16-9 wp-has-aspect-ratio\"><div class=\"wp-block-embed__wrapper\">\n<iframe loading=\"lazy\" title=\"A place we go to (original version)  - Brooke Sharkey\" width=\"720\" height=\"405\" src=\"https:\/\/www.youtube.com\/embed\/6WvOsh3p1vg?feature=oembed\" frameborder=\"0\" allow=\"accelerometer; autoplay; clipboard-write; encrypted-media; gyroscope; picture-in-picture; web-share\" referrerpolicy=\"strict-origin-when-cross-origin\" allowfullscreen><\/iframe>\n<\/div><\/figure>\n\n\n\n<p><strong>Brooke Sharkey, <\/strong>chant<br><strong>Jean-Baptiste Soulard<\/strong>, guitare<\/p>\n\n\n\n<p class=\"has-text-align-center has-white-color has-text-color has-background has-link-color wp-elements-cfee4b45e5bed2d526bf075ebedfd3f8\" style=\"background-color:#312783\">Restez connect\u00e9s : la billetterie ouvre prochainement !<\/p>\n","protected":false},"excerpt":{"rendered":"<p>We&rsquo;re Only Warming Up !On enterre le rock\u2019n\u2019roll depuis des d\u00e9cennies. Il revient pourtant, toujours plus libre, plus audacieux, plus vivant. Laurie Wright en est la preuve sur sc\u00e8ne. Rendez-vous le 12 ao\u00fbt pour le grand retour du rock anglais ! 12 ao\u00fbt 2026 &#8211; 20 hParvis de Port-Breton Laurie Wright est un performeur n\u00e9, [&hellip;]<\/p>\n","protected":false},"author":1,"featured_media":2942,"parent":0,"menu_order":0,"comment_status":"closed","ping_status":"closed","template":"","meta":{"footnotes":""},"class_list":["post-2933","page","type-page","status-publish","has-post-thumbnail","hentry"],"yoast_head":"<!-- This site is optimized with the Yoast SEO plugin v19.2 - https:\/\/yoast.com\/wordpress\/plugins\/seo\/ -->\n<title>Laurie Wright (premi\u00e8re partie Brooke Sharkey) - Festival Dinard Opening<\/title>\n<meta name=\"description\" content=\"Rendez-vous le 12 ao\u00fbt pour le grand retour du rock anglais avec Laurie Wright ! Premi\u00e8re partie : Brooke Sharkey.\" \/>\n<meta name=\"robots\" content=\"index, follow, max-snippet:-1, max-image-preview:large, max-video-preview:-1\" \/>\n<link rel=\"canonical\" href=\"https:\/\/www.dinardopeningfestival.fr\/index.php\/laurie-wright\/\" \/>\n<meta property=\"og:locale\" content=\"fr_FR\" \/>\n<meta property=\"og:type\" content=\"article\" \/>\n<meta property=\"og:title\" content=\"Laurie Wright (premi\u00e8re partie Brooke Sharkey) - Festival Dinard Opening\" \/>\n<meta property=\"og:description\" content=\"Rendez-vous le 12 ao\u00fbt pour le grand retour du rock anglais avec Laurie Wright ! Premi\u00e8re partie : Brooke Sharkey.\" \/>\n<meta property=\"og:url\" content=\"https:\/\/www.dinardopeningfestival.fr\/index.php\/laurie-wright\/\" \/>\n<meta property=\"og:site_name\" content=\"Festival Dinard Opening\" \/>\n<meta property=\"article:publisher\" content=\"https:\/\/www.facebook.com\/DinardOpeningFestival\" \/>\n<meta property=\"og:image\" content=\"http:\/\/www.dinardopeningfestival.fr\/wp-content\/uploads\/2026\/03\/Laurie-Wright.png\" \/>\n\t<meta property=\"og:image:width\" content=\"1584\" \/>\n\t<meta property=\"og:image:height\" content=\"396\" \/>\n\t<meta property=\"og:image:type\" content=\"image\/png\" \/>\n<meta name=\"author\" content=\"admin4235\" \/>\n<meta name=\"twitter:card\" content=\"summary_large_image\" \/>\n<meta name=\"twitter:label1\" content=\"Dur\u00e9e de lecture estim\u00e9e\" \/>\n\t<meta name=\"twitter:data1\" content=\"3 minutes\" \/>\n<script type=\"application\/ld+json\" class=\"yoast-schema-graph\">{\"@context\":\"https:\/\/schema.org\",\"@graph\":[{\"@type\":\"Organization\",\"@id\":\"http:\/\/www.dinardopeningfestival.fr\/#organization\",\"name\":\"Festival Dinard Opening\",\"url\":\"http:\/\/www.dinardopeningfestival.fr\/\",\"sameAs\":[\"https:\/\/www.instagram.com\/dinardopening\/\",\"https:\/\/www.facebook.com\/DinardOpeningFestival\"],\"logo\":{\"@type\":\"ImageObject\",\"inLanguage\":\"fr-FR\",\"@id\":\"http:\/\/www.dinardopeningfestival.fr\/#\/schema\/logo\/image\/\",\"url\":\"https:\/\/www.dinardopeningfestival.fr\/wp-content\/uploads\/2021\/06\/Logo-Dinard-bleu-opening-rouge-1-scaled.jpg\",\"contentUrl\":\"https:\/\/www.dinardopeningfestival.fr\/wp-content\/uploads\/2021\/06\/Logo-Dinard-bleu-opening-rouge-1-scaled.jpg\",\"width\":2560,\"height\":1810,\"caption\":\"Festival Dinard Opening\"},\"image\":{\"@id\":\"http:\/\/www.dinardopeningfestival.fr\/#\/schema\/logo\/image\/\"}},{\"@type\":\"WebSite\",\"@id\":\"http:\/\/www.dinardopeningfestival.fr\/#website\",\"url\":\"http:\/\/www.dinardopeningfestival.fr\/\",\"name\":\"Festival Dinard Opening\",\"description\":\"Le Festival des Musiques Britanniques\",\"publisher\":{\"@id\":\"http:\/\/www.dinardopeningfestival.fr\/#organization\"},\"potentialAction\":[{\"@type\":\"SearchAction\",\"target\":{\"@type\":\"EntryPoint\",\"urlTemplate\":\"http:\/\/www.dinardopeningfestival.fr\/?s={search_term_string}\"},\"query-input\":\"required name=search_term_string\"}],\"inLanguage\":\"fr-FR\"},{\"@type\":\"ImageObject\",\"inLanguage\":\"fr-FR\",\"@id\":\"https:\/\/www.dinardopeningfestival.fr\/index.php\/laurie-wright\/#primaryimage\",\"url\":\"https:\/\/www.dinardopeningfestival.fr\/wp-content\/uploads\/2026\/03\/Laurie-Wright.png\",\"contentUrl\":\"https:\/\/www.dinardopeningfestival.fr\/wp-content\/uploads\/2026\/03\/Laurie-Wright.png\",\"width\":1584,\"height\":396,\"caption\":\"\u00a9Albert Jagger\"},{\"@type\":\"WebPage\",\"@id\":\"https:\/\/www.dinardopeningfestival.fr\/index.php\/laurie-wright\/#webpage\",\"url\":\"https:\/\/www.dinardopeningfestival.fr\/index.php\/laurie-wright\/\",\"name\":\"Laurie Wright (premi\u00e8re partie Brooke Sharkey) - Festival Dinard Opening\",\"isPartOf\":{\"@id\":\"http:\/\/www.dinardopeningfestival.fr\/#website\"},\"primaryImageOfPage\":{\"@id\":\"https:\/\/www.dinardopeningfestival.fr\/index.php\/laurie-wright\/#primaryimage\"},\"datePublished\":\"2026-04-16T10:40:44+00:00\",\"dateModified\":\"2026-04-16T10:40:44+00:00\",\"description\":\"Rendez-vous le 12 ao\u00fbt pour le grand retour du rock anglais avec Laurie Wright ! Premi\u00e8re partie : Brooke Sharkey.\",\"breadcrumb\":{\"@id\":\"https:\/\/www.dinardopeningfestival.fr\/index.php\/laurie-wright\/#breadcrumb\"},\"inLanguage\":\"fr-FR\",\"potentialAction\":[{\"@type\":\"ReadAction\",\"target\":[\"https:\/\/www.dinardopeningfestival.fr\/index.php\/laurie-wright\/\"]}]},{\"@type\":\"BreadcrumbList\",\"@id\":\"https:\/\/www.dinardopeningfestival.fr\/index.php\/laurie-wright\/#breadcrumb\",\"itemListElement\":[{\"@type\":\"ListItem\",\"position\":1,\"name\":\"Accueil\",\"item\":\"http:\/\/www.dinardopeningfestival.fr\/\"},{\"@type\":\"ListItem\",\"position\":2,\"name\":\"Laurie Wright (premi\u00e8re partie Brooke Sharkey)\"}]}]}<\/script>\n<!-- \/ Yoast SEO plugin. -->","yoast_head_json":{"title":"Laurie Wright (premi\u00e8re partie Brooke Sharkey) - Festival Dinard Opening","description":"Rendez-vous le 12 ao\u00fbt pour le grand retour du rock anglais avec Laurie Wright ! Premi\u00e8re partie : Brooke Sharkey.","robots":{"index":"index","follow":"follow","max-snippet":"max-snippet:-1","max-image-preview":"max-image-preview:large","max-video-preview":"max-video-preview:-1"},"canonical":"https:\/\/www.dinardopeningfestival.fr\/index.php\/laurie-wright\/","og_locale":"fr_FR","og_type":"article","og_title":"Laurie Wright (premi\u00e8re partie Brooke Sharkey) - Festival Dinard Opening","og_description":"Rendez-vous le 12 ao\u00fbt pour le grand retour du rock anglais avec Laurie Wright ! Premi\u00e8re partie : Brooke Sharkey.","og_url":"https:\/\/www.dinardopeningfestival.fr\/index.php\/laurie-wright\/","og_site_name":"Festival Dinard Opening","article_publisher":"https:\/\/www.facebook.com\/DinardOpeningFestival","og_image":[{"width":1584,"height":396,"url":"http:\/\/www.dinardopeningfestival.fr\/wp-content\/uploads\/2026\/03\/Laurie-Wright.png","type":"image\/png"}],"author":"admin4235","twitter_card":"summary_large_image","twitter_misc":{"Dur\u00e9e de lecture estim\u00e9e":"3 minutes"},"schema":{"@context":"https:\/\/schema.org","@graph":[{"@type":"Organization","@id":"http:\/\/www.dinardopeningfestival.fr\/#organization","name":"Festival Dinard Opening","url":"http:\/\/www.dinardopeningfestival.fr\/","sameAs":["https:\/\/www.instagram.com\/dinardopening\/","https:\/\/www.facebook.com\/DinardOpeningFestival"],"logo":{"@type":"ImageObject","inLanguage":"fr-FR","@id":"http:\/\/www.dinardopeningfestival.fr\/#\/schema\/logo\/image\/","url":"https:\/\/www.dinardopeningfestival.fr\/wp-content\/uploads\/2021\/06\/Logo-Dinard-bleu-opening-rouge-1-scaled.jpg","contentUrl":"https:\/\/www.dinardopeningfestival.fr\/wp-content\/uploads\/2021\/06\/Logo-Dinard-bleu-opening-rouge-1-scaled.jpg","width":2560,"height":1810,"caption":"Festival Dinard Opening"},"image":{"@id":"http:\/\/www.dinardopeningfestival.fr\/#\/schema\/logo\/image\/"}},{"@type":"WebSite","@id":"http:\/\/www.dinardopeningfestival.fr\/#website","url":"http:\/\/www.dinardopeningfestival.fr\/","name":"Festival Dinard Opening","description":"Le Festival des Musiques Britanniques","publisher":{"@id":"http:\/\/www.dinardopeningfestival.fr\/#organization"},"potentialAction":[{"@type":"SearchAction","target":{"@type":"EntryPoint","urlTemplate":"http:\/\/www.dinardopeningfestival.fr\/?s={search_term_string}"},"query-input":"required name=search_term_string"}],"inLanguage":"fr-FR"},{"@type":"ImageObject","inLanguage":"fr-FR","@id":"https:\/\/www.dinardopeningfestival.fr\/index.php\/laurie-wright\/#primaryimage","url":"https:\/\/www.dinardopeningfestival.fr\/wp-content\/uploads\/2026\/03\/Laurie-Wright.png","contentUrl":"https:\/\/www.dinardopeningfestival.fr\/wp-content\/uploads\/2026\/03\/Laurie-Wright.png","width":1584,"height":396,"caption":"\u00a9Albert Jagger"},{"@type":"WebPage","@id":"https:\/\/www.dinardopeningfestival.fr\/index.php\/laurie-wright\/#webpage","url":"https:\/\/www.dinardopeningfestival.fr\/index.php\/laurie-wright\/","name":"Laurie Wright (premi\u00e8re partie Brooke Sharkey) - Festival Dinard Opening","isPartOf":{"@id":"http:\/\/www.dinardopeningfestival.fr\/#website"},"primaryImageOfPage":{"@id":"https:\/\/www.dinardopeningfestival.fr\/index.php\/laurie-wright\/#primaryimage"},"datePublished":"2026-04-16T10:40:44+00:00","dateModified":"2026-04-16T10:40:44+00:00","description":"Rendez-vous le 12 ao\u00fbt pour le grand retour du rock anglais avec Laurie Wright ! Premi\u00e8re partie : Brooke Sharkey.","breadcrumb":{"@id":"https:\/\/www.dinardopeningfestival.fr\/index.php\/laurie-wright\/#breadcrumb"},"inLanguage":"fr-FR","potentialAction":[{"@type":"ReadAction","target":["https:\/\/www.dinardopeningfestival.fr\/index.php\/laurie-wright\/"]}]},{"@type":"BreadcrumbList","@id":"https:\/\/www.dinardopeningfestival.fr\/index.php\/laurie-wright\/#breadcrumb","itemListElement":[{"@type":"ListItem","position":1,"name":"Accueil","item":"http:\/\/www.dinardopeningfestival.fr\/"},{"@type":"ListItem","position":2,"name":"Laurie Wright (premi\u00e8re partie Brooke Sharkey)"}]}]}},"_links":{"self":[{"href":"https:\/\/www.dinardopeningfestival.fr\/index.php\/wp-json\/wp\/v2\/pages\/2933","targetHints":{"allow":["GET"]}}],"collection":[{"href":"https:\/\/www.dinardopeningfestival.fr\/index.php\/wp-json\/wp\/v2\/pages"}],"about":[{"href":"https:\/\/www.dinardopeningfestival.fr\/index.php\/wp-json\/wp\/v2\/types\/page"}],"author":[{"embeddable":true,"href":"https:\/\/www.dinardopeningfestival.fr\/index.php\/wp-json\/wp\/v2\/users\/1"}],"replies":[{"embeddable":true,"href":"https:\/\/www.dinardopeningfestival.fr\/index.php\/wp-json\/wp\/v2\/comments?post=2933"}],"version-history":[{"count":16,"href":"https:\/\/www.dinardopeningfestival.fr\/index.php\/wp-json\/wp\/v2\/pages\/2933\/revisions"}],"predecessor-version":[{"id":3014,"href":"https:\/\/www.dinardopeningfestival.fr\/index.php\/wp-json\/wp\/v2\/pages\/2933\/revisions\/3014"}],"wp:featuredmedia":[{"embeddable":true,"href":"https:\/\/www.dinardopeningfestival.fr\/index.php\/wp-json\/wp\/v2\/media\/2942"}],"wp:attachment":[{"href":"https:\/\/www.dinardopeningfestival.fr\/index.php\/wp-json\/wp\/v2\/media?parent=2933"}],"curies":[{"name":"wp","href":"https:\/\/api.w.org\/{rel}","templated":true}]}}