{"id":2951,"date":"2026-04-16T12:40:06","date_gmt":"2026-04-16T10:40:06","guid":{"rendered":"https:\/\/www.dinardopeningfestival.fr\/?page_id=2951"},"modified":"2026-04-16T12:40:07","modified_gmt":"2026-04-16T10:40:07","slug":"murray-head","status":"publish","type":"page","link":"https:\/\/www.dinardopeningfestival.fr\/index.php\/murray-head\/","title":{"rendered":"Murray Head (premi\u00e8re partie Chloe Foy)"},"content":{"rendered":"\n<p><strong><mark style=\"background-color:rgba(0, 0, 0, 0)\" class=\"has-inline-color has-vivid-red-color\">Une l\u00e9gende vivante !<\/mark><\/strong><br><strong><strong>Murray Head en concert \u00e0 Dinard le 13 ao\u00fbt 2026 : une soir\u00e9e inoubliable !<\/strong><\/strong><\/p>\n\n\n\n<figure class=\"wp-block-pullquote\"><blockquote><p><mark style=\"background-color:rgba(0, 0, 0, 0);color:#312783\" class=\"has-inline-color\">13 ao\u00fbt 2026 &#8211; 20 h<br>Parvis de Port-Breton<\/mark><\/p><\/blockquote><\/figure>\n\n\n<div class=\"wp-block-image is-resized\">\n<figure class=\"aligncenter size-large\"><img loading=\"lazy\" decoding=\"async\" width=\"684\" height=\"1024\" src=\"https:\/\/www.dinardopeningfestival.fr\/wp-content\/uploads\/2026\/03\/DSC07431-684x1024.jpg\" alt=\"Murray Head : portrait\" class=\"wp-image-2952\" srcset=\"https:\/\/www.dinardopeningfestival.fr\/wp-content\/uploads\/2026\/03\/DSC07431-684x1024.jpg 684w, https:\/\/www.dinardopeningfestival.fr\/wp-content\/uploads\/2026\/03\/DSC07431-200x300.jpg 200w, https:\/\/www.dinardopeningfestival.fr\/wp-content\/uploads\/2026\/03\/DSC07431-768x1150.jpg 768w, https:\/\/www.dinardopeningfestival.fr\/wp-content\/uploads\/2026\/03\/DSC07431-1026x1536.jpg 1026w, https:\/\/www.dinardopeningfestival.fr\/wp-content\/uploads\/2026\/03\/DSC07431-1368x2048.jpg 1368w, https:\/\/www.dinardopeningfestival.fr\/wp-content\/uploads\/2026\/03\/DSC07431-16x24.jpg 16w, https:\/\/www.dinardopeningfestival.fr\/wp-content\/uploads\/2026\/03\/DSC07431-24x36.jpg 24w, https:\/\/www.dinardopeningfestival.fr\/wp-content\/uploads\/2026\/03\/DSC07431-32x48.jpg 32w, https:\/\/www.dinardopeningfestival.fr\/wp-content\/uploads\/2026\/03\/DSC07431-scaled.jpg 1710w\" sizes=\"auto, (max-width: 684px) 100vw, 684px\" \/><figcaption class=\"wp-element-caption\">\u00a9Thomas Girard<\/figcaption><\/figure>\n<\/div>\n\n\n<p>Fans de musique et amateurs de l\u00e9gendes, pr\u00e9parez-vous \u00e0 vivre une exp\u00e9rience unique ! Le grand <strong>Murray Head<\/strong>, artiste incontournable aux succ\u00e8s intemporels, vous donne rendez-vous sur le parvis de Port-Breton le\u00a0<strong>13 ao\u00fbt <\/strong>prochain\u00a0pour un concert exceptionnel.<\/p>\n\n\n\n<p>Interpr\u00e8te des mythiques<strong>\u00a0<em>Say It Ain\u2019t So Joe<\/em><\/strong>\u00a0et\u00a0<em><strong>One Night in Bangkok<\/strong><\/em>, Murray Head a marqu\u00e9 plusieurs g\u00e9n\u00e9rations avec son talent et son charisme. Cette tourn\u00e9e est une occasion rare de voir sur sc\u00e8ne un artiste dont la voix et l\u2019\u00e9nergie continuent de captiver le public.<\/p>\n\n\n\n<p>Ne manquez pas cette soir\u00e9e o\u00f9 \u00e9motions et nostalgie seront au rendez-vous. Venez vibrer au son de ses plus grands succ\u00e8s et partager un moment privil\u00e9gi\u00e9 avec une l\u00e9gende vivante de la musique.<\/p>\n\n\n\n<figure class=\"wp-block-embed is-type-video is-provider-youtube wp-block-embed-youtube wp-embed-aspect-16-9 wp-has-aspect-ratio\"><div class=\"wp-block-embed__wrapper\">\n<iframe loading=\"lazy\" title=\"Murray Head - Say It Ain&#039;t So Joe (2024 Video Edit)\" width=\"720\" height=\"405\" src=\"https:\/\/www.youtube.com\/embed\/RGbc5jk4aUg?feature=oembed\" frameborder=\"0\" allow=\"accelerometer; autoplay; clipboard-write; encrypted-media; gyroscope; picture-in-picture; web-share\" referrerpolicy=\"strict-origin-when-cross-origin\" allowfullscreen><\/iframe>\n<\/div><\/figure>\n\n\n\n<p><strong><mark style=\"background-color:rgba(0, 0, 0, 0)\" class=\"has-inline-color has-black-color\"><em>Please, tell me he&rsquo;ll be all right there&nbsp;!<\/em><\/mark><\/strong><\/p>\n\n\n\n<h3 class=\"wp-block-heading\">Avec<\/h3>\n\n\n\n<p><strong>Phil Palmer<\/strong>, guitare<br><strong>Geoffrey Richardson<\/strong>,violon &#8211; guitare<br><strong>Jennifer Maidman<\/strong>,basse &#8211; clavier<br><strong>Harry Fausing Smith<\/strong>,violon &#8211; saxophone<br><strong>Ally McDougal<\/strong>,batterie<\/p>\n\n\n\n<p class=\"has-text-align-center has-white-color has-text-color has-background has-link-color wp-elements-cfee4b45e5bed2d526bf075ebedfd3f8\" style=\"background-color:#312783\">Restez connect\u00e9s : la billetterie ouvre prochainement !<\/p>\n\n\n\n<hr class=\"wp-block-separator has-alpha-channel-opacity\"\/>\n\n\n\n<h1 class=\"wp-block-heading has-text-align-center\"><mark style=\"background-color:rgba(0, 0, 0, 0)\" class=\"has-inline-color has-black-color\">Premi\u00e8re partie<\/mark><br>CHLOE FOY<\/h1>\n\n\n<div class=\"wp-block-image\">\n<figure class=\"aligncenter size-large\"><img loading=\"lazy\" decoding=\"async\" width=\"1024\" height=\"679\" src=\"https:\/\/www.dinardopeningfestival.fr\/wp-content\/uploads\/2026\/03\/Chloe_Foy_Press_04-cMatilda-Hill-Jenkins-1024x679.jpg\" alt=\"Chloe Foy\" class=\"wp-image-2960\" srcset=\"https:\/\/www.dinardopeningfestival.fr\/wp-content\/uploads\/2026\/03\/Chloe_Foy_Press_04-cMatilda-Hill-Jenkins-1024x679.jpg 1024w, https:\/\/www.dinardopeningfestival.fr\/wp-content\/uploads\/2026\/03\/Chloe_Foy_Press_04-cMatilda-Hill-Jenkins-300x199.jpg 300w, https:\/\/www.dinardopeningfestival.fr\/wp-content\/uploads\/2026\/03\/Chloe_Foy_Press_04-cMatilda-Hill-Jenkins-768x509.jpg 768w, https:\/\/www.dinardopeningfestival.fr\/wp-content\/uploads\/2026\/03\/Chloe_Foy_Press_04-cMatilda-Hill-Jenkins-1536x1018.jpg 1536w, https:\/\/www.dinardopeningfestival.fr\/wp-content\/uploads\/2026\/03\/Chloe_Foy_Press_04-cMatilda-Hill-Jenkins-2048x1358.jpg 2048w, https:\/\/www.dinardopeningfestival.fr\/wp-content\/uploads\/2026\/03\/Chloe_Foy_Press_04-cMatilda-Hill-Jenkins-24x16.jpg 24w, https:\/\/www.dinardopeningfestival.fr\/wp-content\/uploads\/2026\/03\/Chloe_Foy_Press_04-cMatilda-Hill-Jenkins-36x24.jpg 36w, https:\/\/www.dinardopeningfestival.fr\/wp-content\/uploads\/2026\/03\/Chloe_Foy_Press_04-cMatilda-Hill-Jenkins-48x32.jpg 48w\" sizes=\"auto, (max-width: 1024px) 100vw, 1024px\" \/><figcaption class=\"wp-element-caption\">\u00a9Matilda Hill-Jenkins<\/figcaption><\/figure>\n<\/div>\n\n\n<p>Avec sa voix d\u2019une beaut\u00e9 saisissante et une \u00e9criture \u00e0 l\u2019\u00e9motion directe, <strong>Chloe Foy<\/strong> a le don de trouver la magie dans les espaces entre l\u2019ombre et la lumi\u00e8re. Ayant grandi dans le calme de la campagne anglaise, c\u2019est \u00e0 travers la musique qu\u2019elle a appris pour la premi\u00e8re fois \u00e0 exprimer les nuances de ses \u00e9motions. Ses chansons refl\u00e8tent cette qui\u00e9tude, tiss\u00e9es de fils de vuln\u00e9rabilit\u00e9 et de d\u00e9sir. Ses paroles \u00e9voquent la complexit\u00e9 de l\u2019exp\u00e9rience humaine \u2014 l\u2019amour, la perte et les combats subtils du quotidien que nous menons tous. Dot\u00e9e d\u2019une voix aussi d\u00e9licate que puissante, Chloe Foy cr\u00e9e une musique qui parle au c\u0153ur.<\/p>\n\n\n\n<p>Chloe Foy s\u2019est pr\u00e9sent\u00e9e au monde avec son premier album paru en 2021, <em>Where Shall We Begin<\/em>. Ce premier opus riche et minutieusement \u00e9labor\u00e9 a \u00e9t\u00e9 salu\u00e9 par des m\u00e9dias tels que <em>The Sunday Times<\/em>, <em>Clash<\/em> et <em>The Line of Best Fit<\/em>. Ainsi, des titres ont \u00e9t\u00e9 r\u00e9guli\u00e8rement diffus\u00e9s sur BBC Radio 6 Music, avec le soutien de Guy Garvey et de Radcliffe &amp; Maconie. L&rsquo;album s&rsquo;est ensuite hiss\u00e9 dans le Top 40 du UK Folk Chart. Chloe s\u2019est donc v\u00e9ritablement impos\u00e9e comme une artiste qui porte haut les couleurs de la sc\u00e8ne ind\u00e9pendante d\u2019auteure-compositrice-interpr\u00e8te, avec talent et finesse.<\/p>\n\n\n\n<h4 class=\"wp-block-heading\"><strong>Complete Fool<\/strong><\/h4>\n\n\n\n<p>Son album suivant, <em>Complete Fool<\/em>, r\u00e9v\u00e8le un son plus profond et plus riche. L&rsquo;opus m\u00eale un folk teint\u00e9 de rock \u00e0 des arrangements de cordes classiques et des harmonies vocales superpos\u00e9es, devenues sa signature.<\/p>\n\n\n\n<blockquote class=\"wp-block-quote is-layout-flow wp-block-quote-is-layout-flow\">\n<p><em>Il est rare qu\u2019un album m\u00fbrisse pendant dix ans, et condenser autant d\u2019\u00e9motions et d\u2019exp\u00e9rience en environ 41 minutes est une t\u00e2che monumentale. Chloe Foy y est parvenue.<\/em><\/p>\n<cite>Clash<\/cite><\/blockquote>\n\n\n\n<p><em><strong>Complete Fool<\/strong><\/em> explore l\u2019amour v\u00e9ritable. Il examine \u00e0 la loupe les d\u00e9tails subtils de ce que signifie aimer sur le long terme. L\u2019album n\u2019h\u00e9site pas \u00e0 poser des questions difficiles. Quel est le prix d\u2019une relation durable ? Comment concilier des ambitions et des priorit\u00e9s divergentes ? Perd-on une part de soi en tombant amoureux ? La r\u00e9ponse se trouve dans cet hommage magnifique, poignant et pourtant lumineux \u00e0 la vie r\u00e9elle et \u00e0 l\u2019amour sinc\u00e8re.<\/p>\n\n\n\n<blockquote class=\"wp-block-quote is-layout-flow wp-block-quote-is-layout-flow\">\n<p><em>Une \u0153uvre pleine de charme, Where Shall We Begin est une \u00e9coute indispensable.<\/em><\/p>\n<cite>The Line of Best Fit<\/cite><\/blockquote>\n\n\n\n<figure class=\"wp-block-image size-large\"><img loading=\"lazy\" decoding=\"async\" width=\"1024\" height=\"679\" src=\"https:\/\/www.dinardopeningfestival.fr\/wp-content\/uploads\/2026\/03\/Chloe_Foy_Press_09-cMatilda-Hill-Jenkins-1024x679.jpg\" alt=\"Chloe Foy photo portrait\" class=\"wp-image-2962\" srcset=\"https:\/\/www.dinardopeningfestival.fr\/wp-content\/uploads\/2026\/03\/Chloe_Foy_Press_09-cMatilda-Hill-Jenkins-1024x679.jpg 1024w, https:\/\/www.dinardopeningfestival.fr\/wp-content\/uploads\/2026\/03\/Chloe_Foy_Press_09-cMatilda-Hill-Jenkins-300x199.jpg 300w, https:\/\/www.dinardopeningfestival.fr\/wp-content\/uploads\/2026\/03\/Chloe_Foy_Press_09-cMatilda-Hill-Jenkins-768x509.jpg 768w, https:\/\/www.dinardopeningfestival.fr\/wp-content\/uploads\/2026\/03\/Chloe_Foy_Press_09-cMatilda-Hill-Jenkins-1536x1018.jpg 1536w, https:\/\/www.dinardopeningfestival.fr\/wp-content\/uploads\/2026\/03\/Chloe_Foy_Press_09-cMatilda-Hill-Jenkins-2048x1358.jpg 2048w, https:\/\/www.dinardopeningfestival.fr\/wp-content\/uploads\/2026\/03\/Chloe_Foy_Press_09-cMatilda-Hill-Jenkins-24x16.jpg 24w, https:\/\/www.dinardopeningfestival.fr\/wp-content\/uploads\/2026\/03\/Chloe_Foy_Press_09-cMatilda-Hill-Jenkins-36x24.jpg 36w, https:\/\/www.dinardopeningfestival.fr\/wp-content\/uploads\/2026\/03\/Chloe_Foy_Press_09-cMatilda-Hill-Jenkins-48x32.jpg 48w\" sizes=\"auto, (max-width: 1024px) 100vw, 1024px\" \/><figcaption class=\"wp-element-caption\">\u00a9Matilda Hill-Jenkins<\/figcaption><\/figure>\n\n\n\n<p><strong>Brooke Sharkey, <\/strong>chant<br><strong>Jean-Baptiste Soulard<\/strong>, guitare<\/p>\n\n\n\n<p class=\"has-text-align-center has-white-color has-text-color has-background has-link-color wp-elements-cfee4b45e5bed2d526bf075ebedfd3f8\" style=\"background-color:#312783\">Restez connect\u00e9s : la billetterie ouvre prochainement !<\/p>\n","protected":false},"excerpt":{"rendered":"<p>Une l\u00e9gende vivante !Murray Head en concert \u00e0 Dinard le 13 ao\u00fbt 2026 : une soir\u00e9e inoubliable ! 13 ao\u00fbt 2026 &#8211; 20 hParvis de Port-Breton Fans de musique et amateurs de l\u00e9gendes, pr\u00e9parez-vous \u00e0 vivre une exp\u00e9rience unique ! Le grand Murray Head, artiste incontournable aux succ\u00e8s intemporels, vous donne rendez-vous sur le parvis [&hellip;]<\/p>\n","protected":false},"author":1,"featured_media":2954,"parent":0,"menu_order":0,"comment_status":"closed","ping_status":"closed","template":"","meta":{"footnotes":""},"class_list":["post-2951","page","type-page","status-publish","has-post-thumbnail","hentry"],"yoast_head":"<!-- This site is optimized with the Yoast SEO plugin v19.2 - https:\/\/yoast.com\/wordpress\/plugins\/seo\/ -->\n<title>Murray Head (premi\u00e8re partie Chloe Foy) - Festival Dinard Opening<\/title>\n<meta name=\"description\" content=\"Le grand Murray Head vous donne rendez-vous \u00e0 Port-Breton le 13 ao\u00fbt pour un concert exceptionnel ! Premi\u00e8re partie : Chloe Foy.\" \/>\n<meta name=\"robots\" content=\"index, follow, max-snippet:-1, max-image-preview:large, max-video-preview:-1\" \/>\n<link rel=\"canonical\" href=\"https:\/\/www.dinardopeningfestival.fr\/index.php\/murray-head\/\" \/>\n<meta property=\"og:locale\" content=\"fr_FR\" \/>\n<meta property=\"og:type\" content=\"article\" \/>\n<meta property=\"og:title\" content=\"Murray Head (premi\u00e8re partie Chloe Foy) - Festival Dinard Opening\" \/>\n<meta property=\"og:description\" content=\"Le grand Murray Head vous donne rendez-vous \u00e0 Port-Breton le 13 ao\u00fbt pour un concert exceptionnel ! Premi\u00e8re partie : Chloe Foy.\" \/>\n<meta property=\"og:url\" content=\"https:\/\/www.dinardopeningfestival.fr\/index.php\/murray-head\/\" \/>\n<meta property=\"og:site_name\" content=\"Festival Dinard Opening\" \/>\n<meta property=\"article:publisher\" content=\"https:\/\/www.facebook.com\/DinardOpeningFestival\" \/>\n<meta property=\"article:modified_time\" content=\"2026-04-16T10:40:07+00:00\" \/>\n<meta property=\"og:image\" content=\"http:\/\/www.dinardopeningfestival.fr\/wp-content\/uploads\/2026\/03\/Murray-Head.png\" \/>\n\t<meta property=\"og:image:width\" content=\"1584\" \/>\n\t<meta property=\"og:image:height\" content=\"396\" \/>\n\t<meta property=\"og:image:type\" content=\"image\/png\" \/>\n<meta name=\"author\" content=\"admin4235\" \/>\n<meta name=\"twitter:card\" content=\"summary_large_image\" \/>\n<meta name=\"twitter:label1\" content=\"Dur\u00e9e de lecture estim\u00e9e\" \/>\n\t<meta name=\"twitter:data1\" content=\"4 minutes\" \/>\n<script type=\"application\/ld+json\" class=\"yoast-schema-graph\">{\"@context\":\"https:\/\/schema.org\",\"@graph\":[{\"@type\":\"Organization\",\"@id\":\"http:\/\/www.dinardopeningfestival.fr\/#organization\",\"name\":\"Festival Dinard Opening\",\"url\":\"http:\/\/www.dinardopeningfestival.fr\/\",\"sameAs\":[\"https:\/\/www.instagram.com\/dinardopening\/\",\"https:\/\/www.facebook.com\/DinardOpeningFestival\"],\"logo\":{\"@type\":\"ImageObject\",\"inLanguage\":\"fr-FR\",\"@id\":\"http:\/\/www.dinardopeningfestival.fr\/#\/schema\/logo\/image\/\",\"url\":\"https:\/\/www.dinardopeningfestival.fr\/wp-content\/uploads\/2021\/06\/Logo-Dinard-bleu-opening-rouge-1-scaled.jpg\",\"contentUrl\":\"https:\/\/www.dinardopeningfestival.fr\/wp-content\/uploads\/2021\/06\/Logo-Dinard-bleu-opening-rouge-1-scaled.jpg\",\"width\":2560,\"height\":1810,\"caption\":\"Festival Dinard Opening\"},\"image\":{\"@id\":\"http:\/\/www.dinardopeningfestival.fr\/#\/schema\/logo\/image\/\"}},{\"@type\":\"WebSite\",\"@id\":\"http:\/\/www.dinardopeningfestival.fr\/#website\",\"url\":\"http:\/\/www.dinardopeningfestival.fr\/\",\"name\":\"Festival Dinard Opening\",\"description\":\"Le Festival des Musiques Britanniques\",\"publisher\":{\"@id\":\"http:\/\/www.dinardopeningfestival.fr\/#organization\"},\"potentialAction\":[{\"@type\":\"SearchAction\",\"target\":{\"@type\":\"EntryPoint\",\"urlTemplate\":\"http:\/\/www.dinardopeningfestival.fr\/?s={search_term_string}\"},\"query-input\":\"required name=search_term_string\"}],\"inLanguage\":\"fr-FR\"},{\"@type\":\"ImageObject\",\"inLanguage\":\"fr-FR\",\"@id\":\"https:\/\/www.dinardopeningfestival.fr\/index.php\/murray-head\/#primaryimage\",\"url\":\"https:\/\/www.dinardopeningfestival.fr\/wp-content\/uploads\/2026\/03\/Murray-Head.png\",\"contentUrl\":\"https:\/\/www.dinardopeningfestival.fr\/wp-content\/uploads\/2026\/03\/Murray-Head.png\",\"width\":1584,\"height\":396,\"caption\":\"\u00a9Thomas Girard\"},{\"@type\":\"WebPage\",\"@id\":\"https:\/\/www.dinardopeningfestival.fr\/index.php\/murray-head\/#webpage\",\"url\":\"https:\/\/www.dinardopeningfestival.fr\/index.php\/murray-head\/\",\"name\":\"Murray Head (premi\u00e8re partie Chloe Foy) - Festival Dinard Opening\",\"isPartOf\":{\"@id\":\"http:\/\/www.dinardopeningfestival.fr\/#website\"},\"primaryImageOfPage\":{\"@id\":\"https:\/\/www.dinardopeningfestival.fr\/index.php\/murray-head\/#primaryimage\"},\"datePublished\":\"2026-04-16T10:40:06+00:00\",\"dateModified\":\"2026-04-16T10:40:07+00:00\",\"description\":\"Le grand Murray Head vous donne rendez-vous \u00e0 Port-Breton le 13 ao\u00fbt pour un concert exceptionnel ! Premi\u00e8re partie : Chloe Foy.\",\"breadcrumb\":{\"@id\":\"https:\/\/www.dinardopeningfestival.fr\/index.php\/murray-head\/#breadcrumb\"},\"inLanguage\":\"fr-FR\",\"potentialAction\":[{\"@type\":\"ReadAction\",\"target\":[\"https:\/\/www.dinardopeningfestival.fr\/index.php\/murray-head\/\"]}]},{\"@type\":\"BreadcrumbList\",\"@id\":\"https:\/\/www.dinardopeningfestival.fr\/index.php\/murray-head\/#breadcrumb\",\"itemListElement\":[{\"@type\":\"ListItem\",\"position\":1,\"name\":\"Accueil\",\"item\":\"http:\/\/www.dinardopeningfestival.fr\/\"},{\"@type\":\"ListItem\",\"position\":2,\"name\":\"Murray Head (premi\u00e8re partie Chloe Foy)\"}]}]}<\/script>\n<!-- \/ Yoast SEO plugin. -->","yoast_head_json":{"title":"Murray Head (premi\u00e8re partie Chloe Foy) - Festival Dinard Opening","description":"Le grand Murray Head vous donne rendez-vous \u00e0 Port-Breton le 13 ao\u00fbt pour un concert exceptionnel ! Premi\u00e8re partie : Chloe Foy.","robots":{"index":"index","follow":"follow","max-snippet":"max-snippet:-1","max-image-preview":"max-image-preview:large","max-video-preview":"max-video-preview:-1"},"canonical":"https:\/\/www.dinardopeningfestival.fr\/index.php\/murray-head\/","og_locale":"fr_FR","og_type":"article","og_title":"Murray Head (premi\u00e8re partie Chloe Foy) - Festival Dinard Opening","og_description":"Le grand Murray Head vous donne rendez-vous \u00e0 Port-Breton le 13 ao\u00fbt pour un concert exceptionnel ! Premi\u00e8re partie : Chloe Foy.","og_url":"https:\/\/www.dinardopeningfestival.fr\/index.php\/murray-head\/","og_site_name":"Festival Dinard Opening","article_publisher":"https:\/\/www.facebook.com\/DinardOpeningFestival","article_modified_time":"2026-04-16T10:40:07+00:00","og_image":[{"width":1584,"height":396,"url":"http:\/\/www.dinardopeningfestival.fr\/wp-content\/uploads\/2026\/03\/Murray-Head.png","type":"image\/png"}],"author":"admin4235","twitter_card":"summary_large_image","twitter_misc":{"Dur\u00e9e de lecture estim\u00e9e":"4 minutes"},"schema":{"@context":"https:\/\/schema.org","@graph":[{"@type":"Organization","@id":"http:\/\/www.dinardopeningfestival.fr\/#organization","name":"Festival Dinard Opening","url":"http:\/\/www.dinardopeningfestival.fr\/","sameAs":["https:\/\/www.instagram.com\/dinardopening\/","https:\/\/www.facebook.com\/DinardOpeningFestival"],"logo":{"@type":"ImageObject","inLanguage":"fr-FR","@id":"http:\/\/www.dinardopeningfestival.fr\/#\/schema\/logo\/image\/","url":"https:\/\/www.dinardopeningfestival.fr\/wp-content\/uploads\/2021\/06\/Logo-Dinard-bleu-opening-rouge-1-scaled.jpg","contentUrl":"https:\/\/www.dinardopeningfestival.fr\/wp-content\/uploads\/2021\/06\/Logo-Dinard-bleu-opening-rouge-1-scaled.jpg","width":2560,"height":1810,"caption":"Festival Dinard Opening"},"image":{"@id":"http:\/\/www.dinardopeningfestival.fr\/#\/schema\/logo\/image\/"}},{"@type":"WebSite","@id":"http:\/\/www.dinardopeningfestival.fr\/#website","url":"http:\/\/www.dinardopeningfestival.fr\/","name":"Festival Dinard Opening","description":"Le Festival des Musiques Britanniques","publisher":{"@id":"http:\/\/www.dinardopeningfestival.fr\/#organization"},"potentialAction":[{"@type":"SearchAction","target":{"@type":"EntryPoint","urlTemplate":"http:\/\/www.dinardopeningfestival.fr\/?s={search_term_string}"},"query-input":"required name=search_term_string"}],"inLanguage":"fr-FR"},{"@type":"ImageObject","inLanguage":"fr-FR","@id":"https:\/\/www.dinardopeningfestival.fr\/index.php\/murray-head\/#primaryimage","url":"https:\/\/www.dinardopeningfestival.fr\/wp-content\/uploads\/2026\/03\/Murray-Head.png","contentUrl":"https:\/\/www.dinardopeningfestival.fr\/wp-content\/uploads\/2026\/03\/Murray-Head.png","width":1584,"height":396,"caption":"\u00a9Thomas Girard"},{"@type":"WebPage","@id":"https:\/\/www.dinardopeningfestival.fr\/index.php\/murray-head\/#webpage","url":"https:\/\/www.dinardopeningfestival.fr\/index.php\/murray-head\/","name":"Murray Head (premi\u00e8re partie Chloe Foy) - Festival Dinard Opening","isPartOf":{"@id":"http:\/\/www.dinardopeningfestival.fr\/#website"},"primaryImageOfPage":{"@id":"https:\/\/www.dinardopeningfestival.fr\/index.php\/murray-head\/#primaryimage"},"datePublished":"2026-04-16T10:40:06+00:00","dateModified":"2026-04-16T10:40:07+00:00","description":"Le grand Murray Head vous donne rendez-vous \u00e0 Port-Breton le 13 ao\u00fbt pour un concert exceptionnel ! Premi\u00e8re partie : Chloe Foy.","breadcrumb":{"@id":"https:\/\/www.dinardopeningfestival.fr\/index.php\/murray-head\/#breadcrumb"},"inLanguage":"fr-FR","potentialAction":[{"@type":"ReadAction","target":["https:\/\/www.dinardopeningfestival.fr\/index.php\/murray-head\/"]}]},{"@type":"BreadcrumbList","@id":"https:\/\/www.dinardopeningfestival.fr\/index.php\/murray-head\/#breadcrumb","itemListElement":[{"@type":"ListItem","position":1,"name":"Accueil","item":"http:\/\/www.dinardopeningfestival.fr\/"},{"@type":"ListItem","position":2,"name":"Murray Head (premi\u00e8re partie Chloe Foy)"}]}]}},"_links":{"self":[{"href":"https:\/\/www.dinardopeningfestival.fr\/index.php\/wp-json\/wp\/v2\/pages\/2951","targetHints":{"allow":["GET"]}}],"collection":[{"href":"https:\/\/www.dinardopeningfestival.fr\/index.php\/wp-json\/wp\/v2\/pages"}],"about":[{"href":"https:\/\/www.dinardopeningfestival.fr\/index.php\/wp-json\/wp\/v2\/types\/page"}],"author":[{"embeddable":true,"href":"https:\/\/www.dinardopeningfestival.fr\/index.php\/wp-json\/wp\/v2\/users\/1"}],"replies":[{"embeddable":true,"href":"https:\/\/www.dinardopeningfestival.fr\/index.php\/wp-json\/wp\/v2\/comments?post=2951"}],"version-history":[{"count":15,"href":"https:\/\/www.dinardopeningfestival.fr\/index.php\/wp-json\/wp\/v2\/pages\/2951\/revisions"}],"predecessor-version":[{"id":3023,"href":"https:\/\/www.dinardopeningfestival.fr\/index.php\/wp-json\/wp\/v2\/pages\/2951\/revisions\/3023"}],"wp:featuredmedia":[{"embeddable":true,"href":"https:\/\/www.dinardopeningfestival.fr\/index.php\/wp-json\/wp\/v2\/media\/2954"}],"wp:attachment":[{"href":"https:\/\/www.dinardopeningfestival.fr\/index.php\/wp-json\/wp\/v2\/media?parent=2951"}],"curies":[{"name":"wp","href":"https:\/\/api.w.org\/{rel}","templated":true}]}}