{"id":2969,"date":"2026-04-16T12:40:56","date_gmt":"2026-04-16T10:40:56","guid":{"rendered":"https:\/\/www.dinardopeningfestival.fr\/?page_id=2969"},"modified":"2026-04-16T12:40:57","modified_gmt":"2026-04-16T10:40:57","slug":"dire-straits-experience","status":"publish","type":"page","link":"https:\/\/www.dinardopeningfestival.fr\/index.php\/dire-straits-experience\/","title":{"rendered":"Dire Straits Experience"},"content":{"rendered":"\n<p><mark style=\"background-color:rgba(0, 0, 0, 0)\" class=\"has-inline-color has-vivid-red-color\"><strong>Grand moment de nostalgie vivifiante !<\/strong><\/mark><br><strong>The Dire Straits Experience fait escale \u00e0 Dinard \u00e0 l\u2019occasion de la tourn\u00e9e mondiale \u00ab\u00a0The Long Highway Tour \u00ab\u00a0!<\/strong> <br><em>Avec Chris White, ancien membre de Dire Straits.<\/em><\/p>\n\n\n\n<figure class=\"wp-block-pullquote\"><blockquote><p><mark style=\"background-color:rgba(0, 0, 0, 0);color:#312783\" class=\"has-inline-color\">14 ao\u00fbt 2026 &#8211; 21 h<br>Parvis de Port-Breton<\/mark><\/p><\/blockquote><\/figure>\n\n\n<div class=\"wp-block-image\">\n<figure class=\"aligncenter size-large\"><img loading=\"lazy\" decoding=\"async\" width=\"1024\" height=\"682\" src=\"https:\/\/www.dinardopeningfestival.fr\/wp-content\/uploads\/2026\/03\/1DSE-picture-by-Steven-Hendrix-1024x682.jpg\" alt=\"\" class=\"wp-image-2973\" srcset=\"https:\/\/www.dinardopeningfestival.fr\/wp-content\/uploads\/2026\/03\/1DSE-picture-by-Steven-Hendrix-1024x682.jpg 1024w, https:\/\/www.dinardopeningfestival.fr\/wp-content\/uploads\/2026\/03\/1DSE-picture-by-Steven-Hendrix-300x200.jpg 300w, https:\/\/www.dinardopeningfestival.fr\/wp-content\/uploads\/2026\/03\/1DSE-picture-by-Steven-Hendrix-768x512.jpg 768w, https:\/\/www.dinardopeningfestival.fr\/wp-content\/uploads\/2026\/03\/1DSE-picture-by-Steven-Hendrix-1536x1024.jpg 1536w, https:\/\/www.dinardopeningfestival.fr\/wp-content\/uploads\/2026\/03\/1DSE-picture-by-Steven-Hendrix-2048x1365.jpg 2048w, https:\/\/www.dinardopeningfestival.fr\/wp-content\/uploads\/2026\/03\/1DSE-picture-by-Steven-Hendrix-24x16.jpg 24w, https:\/\/www.dinardopeningfestival.fr\/wp-content\/uploads\/2026\/03\/1DSE-picture-by-Steven-Hendrix-36x24.jpg 36w, https:\/\/www.dinardopeningfestival.fr\/wp-content\/uploads\/2026\/03\/1DSE-picture-by-Steven-Hendrix-48x32.jpg 48w\" sizes=\"auto, (max-width: 1024px) 100vw, 1024px\" \/><figcaption class=\"wp-element-caption\">\u00a9Steven Hendrix<\/figcaption><\/figure>\n<\/div>\n\n\n<p>Quarante-cinq ans se sont \u00e9coul\u00e9s depuis la premi\u00e8re diffusion mondiale des premi\u00e8res notes de \u00ab\u00a0Sultans of Swing\u00a0\u00bb. Ce morceau nous a fait d\u00e9couvrir le guitariste et compositeur de g\u00e9nie <strong>Mark Knopfler<\/strong>, ainsi que la musique de <strong>Dire Straits<\/strong>. Trente ans se sont \u00e9coul\u00e9s depuis la s\u00e9paration de Dire Straits, laissant derri\u00e8re eux un catalogue de compositions et d\u2019interpr\u00e9tations musicales parmi les plus brillantes de l\u2019\u00e2ge d&rsquo;or du rock et plus de cent vingt millions d&rsquo;albums vendus.<\/p>\n\n\n\n<p>Les groupes qui ont marqu\u00e9 une \u00e9poque se s\u00e9parent. Leurs enfants montent des tribute bands. Ceux de Dire Straits sont l\u00e9gion. Mais parmi eux, ici en l\u2019occurrence, il y a des l\u00e9gataires qui ont fait partie de l\u2019histoire, comme le saxophoniste <strong>Chris White<\/strong>.<\/p>\n\n\n\n<p>Aujourd\u2019hui, de jeunes fans d\u00e9couvrent leur musique et rejoignent l\u2019immense communaut\u00e9 de fans \u00e0 travers le monde. Face \u00e0 une demande croissante de r\u00e9\u00e9couter en live l\u2019un des r\u00e9pertoires les plus embl\u00e9matiques de l\u2019histoire du rock, Chris White a fait appel au chanteur-compositeur <strong>Terence Reis<\/strong> pour reprendre le r\u00f4le de Mark Knopfler.<\/p>\n\n\n\n<p>Ils sont accompagn\u00e9s d\u2019un groupe exceptionnel compos\u00e9 de certains des meilleurs musiciens professionnels du Royaume-Uni. Et gr\u00e2ce \u00e0 cette nouvelle distribution, le groupe continue d\u2019\u00eatre une r\u00e9f\u00e9rence, voire pour certains un v\u00e9ritable mythe, notamment \u00e0 l\u2019ext\u00e9rieur de l&rsquo;Occident<\/p>\n\n\n\n<p>Depuis une dizaine d&rsquo;ann\u00e9es, le groupe hommage, perp\u00e9tue l\u2019h\u00e9ritage de Dire Straits et fait revivre cette musique embl\u00e9matique avec une intensit\u00e9 intacte.<\/p>\n\n\n\n<p>Reconnu \u00e0 travers le monde comme l\u2019hommage le plus fid\u00e8le \u00e0 Dire Straits, <strong>The Dire Straits<\/strong> <strong>Experience<\/strong> restitue l\u2019esprit et la puissance de ce groupe mythique avec une authenticit\u00e9 saisissante.<\/p>\n\n\n\n<p><em>D\u00e8s la premi\u00e8re note qui sort de ses l\u00e8vres, d\u00e8s le premier coup de doigt sur les cordes de la guitare, on sait qu\u2019il accomplit l\u2019impossible. Terence Reis fait revivre Dire Straits \u00e0 la perfection. Son souhait, transmettre l\u2019h\u00e9ritage de Dire Straits !<\/em><\/p>\n\n\n\n<p><strong>Chris White<\/strong>, saxophones, fl\u00fbte, percussions et chant<br><strong>Terence Reis<\/strong>, chant principal et guitares<br><strong>Richard Barrett<\/strong>, guitares et chant<br><strong>John Maul<\/strong>, piano, orgue et claviers<br><strong>Michael Bramwell<\/strong>, piano, orgue et claviers<br><strong>YoYo Achete<\/strong>, basses et chant<br><strong>Luke Naimi<\/strong>, batterie<\/p>\n\n\n\n<p class=\"has-text-align-center has-white-color has-text-color has-background has-link-color wp-elements-cfee4b45e5bed2d526bf075ebedfd3f8\" style=\"background-color:#312783\">Restez connect\u00e9s : la billetterie ouvre prochainement !<\/p>\n\n\n\n<p><\/p>\n","protected":false},"excerpt":{"rendered":"<p>Grand moment de nostalgie vivifiante !The Dire Straits Experience fait escale \u00e0 Dinard \u00e0 l\u2019occasion de la tourn\u00e9e mondiale \u00ab\u00a0The Long Highway Tour \u00ab\u00a0! Avec Chris White, ancien membre de Dire Straits. 14 ao\u00fbt 2026 &#8211; 21 hParvis de Port-Breton Quarante-cinq ans se sont \u00e9coul\u00e9s depuis la premi\u00e8re diffusion mondiale des premi\u00e8res notes de \u00ab\u00a0Sultans [&hellip;]<\/p>\n","protected":false},"author":1,"featured_media":2972,"parent":0,"menu_order":0,"comment_status":"closed","ping_status":"closed","template":"","meta":{"footnotes":""},"class_list":["post-2969","page","type-page","status-publish","has-post-thumbnail","hentry"],"yoast_head":"<!-- This site is optimized with the Yoast SEO plugin v19.2 - https:\/\/yoast.com\/wordpress\/plugins\/seo\/ -->\n<title>Dire Straits Experience - Festival Dinard Opening<\/title>\n<meta name=\"description\" content=\"The Dire Straits Experience fait escale \u00e0 Dinard \u00e0 l\u2019occasion de la tourn\u00e9e mondiale &quot;The Long Highway Tour &quot;!\" \/>\n<meta name=\"robots\" content=\"index, follow, max-snippet:-1, max-image-preview:large, max-video-preview:-1\" \/>\n<link rel=\"canonical\" href=\"https:\/\/www.dinardopeningfestival.fr\/index.php\/dire-straits-experience\/\" \/>\n<meta property=\"og:locale\" content=\"fr_FR\" \/>\n<meta property=\"og:type\" content=\"article\" \/>\n<meta property=\"og:title\" content=\"Dire Straits Experience - Festival Dinard Opening\" \/>\n<meta property=\"og:description\" content=\"The Dire Straits Experience fait escale \u00e0 Dinard \u00e0 l\u2019occasion de la tourn\u00e9e mondiale &quot;The Long Highway Tour &quot;!\" \/>\n<meta property=\"og:url\" content=\"https:\/\/www.dinardopeningfestival.fr\/index.php\/dire-straits-experience\/\" \/>\n<meta property=\"og:site_name\" content=\"Festival Dinard Opening\" \/>\n<meta property=\"article:publisher\" content=\"https:\/\/www.facebook.com\/DinardOpeningFestival\" \/>\n<meta property=\"article:modified_time\" content=\"2026-04-16T10:40:57+00:00\" \/>\n<meta property=\"og:image\" content=\"http:\/\/www.dinardopeningfestival.fr\/wp-content\/uploads\/2026\/03\/Dire-Straits-Experience.png\" \/>\n\t<meta property=\"og:image:width\" content=\"1584\" \/>\n\t<meta property=\"og:image:height\" content=\"396\" \/>\n\t<meta property=\"og:image:type\" content=\"image\/png\" \/>\n<meta name=\"author\" content=\"admin4235\" \/>\n<meta name=\"twitter:card\" content=\"summary_large_image\" \/>\n<meta name=\"twitter:label1\" content=\"Dur\u00e9e de lecture estim\u00e9e\" \/>\n\t<meta name=\"twitter:data1\" content=\"3 minutes\" \/>\n<script type=\"application\/ld+json\" class=\"yoast-schema-graph\">{\"@context\":\"https:\/\/schema.org\",\"@graph\":[{\"@type\":\"Organization\",\"@id\":\"http:\/\/www.dinardopeningfestival.fr\/#organization\",\"name\":\"Festival Dinard Opening\",\"url\":\"http:\/\/www.dinardopeningfestival.fr\/\",\"sameAs\":[\"https:\/\/www.instagram.com\/dinardopening\/\",\"https:\/\/www.facebook.com\/DinardOpeningFestival\"],\"logo\":{\"@type\":\"ImageObject\",\"inLanguage\":\"fr-FR\",\"@id\":\"http:\/\/www.dinardopeningfestival.fr\/#\/schema\/logo\/image\/\",\"url\":\"https:\/\/www.dinardopeningfestival.fr\/wp-content\/uploads\/2021\/06\/Logo-Dinard-bleu-opening-rouge-1-scaled.jpg\",\"contentUrl\":\"https:\/\/www.dinardopeningfestival.fr\/wp-content\/uploads\/2021\/06\/Logo-Dinard-bleu-opening-rouge-1-scaled.jpg\",\"width\":2560,\"height\":1810,\"caption\":\"Festival Dinard Opening\"},\"image\":{\"@id\":\"http:\/\/www.dinardopeningfestival.fr\/#\/schema\/logo\/image\/\"}},{\"@type\":\"WebSite\",\"@id\":\"http:\/\/www.dinardopeningfestival.fr\/#website\",\"url\":\"http:\/\/www.dinardopeningfestival.fr\/\",\"name\":\"Festival Dinard Opening\",\"description\":\"Le Festival des Musiques Britanniques\",\"publisher\":{\"@id\":\"http:\/\/www.dinardopeningfestival.fr\/#organization\"},\"potentialAction\":[{\"@type\":\"SearchAction\",\"target\":{\"@type\":\"EntryPoint\",\"urlTemplate\":\"http:\/\/www.dinardopeningfestival.fr\/?s={search_term_string}\"},\"query-input\":\"required name=search_term_string\"}],\"inLanguage\":\"fr-FR\"},{\"@type\":\"ImageObject\",\"inLanguage\":\"fr-FR\",\"@id\":\"https:\/\/www.dinardopeningfestival.fr\/index.php\/dire-straits-experience\/#primaryimage\",\"url\":\"https:\/\/www.dinardopeningfestival.fr\/wp-content\/uploads\/2026\/03\/Dire-Straits-Experience.png\",\"contentUrl\":\"https:\/\/www.dinardopeningfestival.fr\/wp-content\/uploads\/2026\/03\/Dire-Straits-Experience.png\",\"width\":1584,\"height\":396,\"caption\":\"\u00a9Steven Hendrix\"},{\"@type\":\"WebPage\",\"@id\":\"https:\/\/www.dinardopeningfestival.fr\/index.php\/dire-straits-experience\/#webpage\",\"url\":\"https:\/\/www.dinardopeningfestival.fr\/index.php\/dire-straits-experience\/\",\"name\":\"Dire Straits Experience - Festival Dinard Opening\",\"isPartOf\":{\"@id\":\"http:\/\/www.dinardopeningfestival.fr\/#website\"},\"primaryImageOfPage\":{\"@id\":\"https:\/\/www.dinardopeningfestival.fr\/index.php\/dire-straits-experience\/#primaryimage\"},\"datePublished\":\"2026-04-16T10:40:56+00:00\",\"dateModified\":\"2026-04-16T10:40:57+00:00\",\"description\":\"The Dire Straits Experience fait escale \u00e0 Dinard \u00e0 l\u2019occasion de la tourn\u00e9e mondiale \\\"The Long Highway Tour \\\"!\",\"breadcrumb\":{\"@id\":\"https:\/\/www.dinardopeningfestival.fr\/index.php\/dire-straits-experience\/#breadcrumb\"},\"inLanguage\":\"fr-FR\",\"potentialAction\":[{\"@type\":\"ReadAction\",\"target\":[\"https:\/\/www.dinardopeningfestival.fr\/index.php\/dire-straits-experience\/\"]}]},{\"@type\":\"BreadcrumbList\",\"@id\":\"https:\/\/www.dinardopeningfestival.fr\/index.php\/dire-straits-experience\/#breadcrumb\",\"itemListElement\":[{\"@type\":\"ListItem\",\"position\":1,\"name\":\"Accueil\",\"item\":\"http:\/\/www.dinardopeningfestival.fr\/\"},{\"@type\":\"ListItem\",\"position\":2,\"name\":\"Dire Straits Experience\"}]}]}<\/script>\n<!-- \/ Yoast SEO plugin. -->","yoast_head_json":{"title":"Dire Straits Experience - Festival Dinard Opening","description":"The Dire Straits Experience fait escale \u00e0 Dinard \u00e0 l\u2019occasion de la tourn\u00e9e mondiale \"The Long Highway Tour \"!","robots":{"index":"index","follow":"follow","max-snippet":"max-snippet:-1","max-image-preview":"max-image-preview:large","max-video-preview":"max-video-preview:-1"},"canonical":"https:\/\/www.dinardopeningfestival.fr\/index.php\/dire-straits-experience\/","og_locale":"fr_FR","og_type":"article","og_title":"Dire Straits Experience - Festival Dinard Opening","og_description":"The Dire Straits Experience fait escale \u00e0 Dinard \u00e0 l\u2019occasion de la tourn\u00e9e mondiale \"The Long Highway Tour \"!","og_url":"https:\/\/www.dinardopeningfestival.fr\/index.php\/dire-straits-experience\/","og_site_name":"Festival Dinard Opening","article_publisher":"https:\/\/www.facebook.com\/DinardOpeningFestival","article_modified_time":"2026-04-16T10:40:57+00:00","og_image":[{"width":1584,"height":396,"url":"http:\/\/www.dinardopeningfestival.fr\/wp-content\/uploads\/2026\/03\/Dire-Straits-Experience.png","type":"image\/png"}],"author":"admin4235","twitter_card":"summary_large_image","twitter_misc":{"Dur\u00e9e de lecture estim\u00e9e":"3 minutes"},"schema":{"@context":"https:\/\/schema.org","@graph":[{"@type":"Organization","@id":"http:\/\/www.dinardopeningfestival.fr\/#organization","name":"Festival Dinard Opening","url":"http:\/\/www.dinardopeningfestival.fr\/","sameAs":["https:\/\/www.instagram.com\/dinardopening\/","https:\/\/www.facebook.com\/DinardOpeningFestival"],"logo":{"@type":"ImageObject","inLanguage":"fr-FR","@id":"http:\/\/www.dinardopeningfestival.fr\/#\/schema\/logo\/image\/","url":"https:\/\/www.dinardopeningfestival.fr\/wp-content\/uploads\/2021\/06\/Logo-Dinard-bleu-opening-rouge-1-scaled.jpg","contentUrl":"https:\/\/www.dinardopeningfestival.fr\/wp-content\/uploads\/2021\/06\/Logo-Dinard-bleu-opening-rouge-1-scaled.jpg","width":2560,"height":1810,"caption":"Festival Dinard Opening"},"image":{"@id":"http:\/\/www.dinardopeningfestival.fr\/#\/schema\/logo\/image\/"}},{"@type":"WebSite","@id":"http:\/\/www.dinardopeningfestival.fr\/#website","url":"http:\/\/www.dinardopeningfestival.fr\/","name":"Festival Dinard Opening","description":"Le Festival des Musiques Britanniques","publisher":{"@id":"http:\/\/www.dinardopeningfestival.fr\/#organization"},"potentialAction":[{"@type":"SearchAction","target":{"@type":"EntryPoint","urlTemplate":"http:\/\/www.dinardopeningfestival.fr\/?s={search_term_string}"},"query-input":"required name=search_term_string"}],"inLanguage":"fr-FR"},{"@type":"ImageObject","inLanguage":"fr-FR","@id":"https:\/\/www.dinardopeningfestival.fr\/index.php\/dire-straits-experience\/#primaryimage","url":"https:\/\/www.dinardopeningfestival.fr\/wp-content\/uploads\/2026\/03\/Dire-Straits-Experience.png","contentUrl":"https:\/\/www.dinardopeningfestival.fr\/wp-content\/uploads\/2026\/03\/Dire-Straits-Experience.png","width":1584,"height":396,"caption":"\u00a9Steven Hendrix"},{"@type":"WebPage","@id":"https:\/\/www.dinardopeningfestival.fr\/index.php\/dire-straits-experience\/#webpage","url":"https:\/\/www.dinardopeningfestival.fr\/index.php\/dire-straits-experience\/","name":"Dire Straits Experience - Festival Dinard Opening","isPartOf":{"@id":"http:\/\/www.dinardopeningfestival.fr\/#website"},"primaryImageOfPage":{"@id":"https:\/\/www.dinardopeningfestival.fr\/index.php\/dire-straits-experience\/#primaryimage"},"datePublished":"2026-04-16T10:40:56+00:00","dateModified":"2026-04-16T10:40:57+00:00","description":"The Dire Straits Experience fait escale \u00e0 Dinard \u00e0 l\u2019occasion de la tourn\u00e9e mondiale \"The Long Highway Tour \"!","breadcrumb":{"@id":"https:\/\/www.dinardopeningfestival.fr\/index.php\/dire-straits-experience\/#breadcrumb"},"inLanguage":"fr-FR","potentialAction":[{"@type":"ReadAction","target":["https:\/\/www.dinardopeningfestival.fr\/index.php\/dire-straits-experience\/"]}]},{"@type":"BreadcrumbList","@id":"https:\/\/www.dinardopeningfestival.fr\/index.php\/dire-straits-experience\/#breadcrumb","itemListElement":[{"@type":"ListItem","position":1,"name":"Accueil","item":"http:\/\/www.dinardopeningfestival.fr\/"},{"@type":"ListItem","position":2,"name":"Dire Straits Experience"}]}]}},"_links":{"self":[{"href":"https:\/\/www.dinardopeningfestival.fr\/index.php\/wp-json\/wp\/v2\/pages\/2969","targetHints":{"allow":["GET"]}}],"collection":[{"href":"https:\/\/www.dinardopeningfestival.fr\/index.php\/wp-json\/wp\/v2\/pages"}],"about":[{"href":"https:\/\/www.dinardopeningfestival.fr\/index.php\/wp-json\/wp\/v2\/types\/page"}],"author":[{"embeddable":true,"href":"https:\/\/www.dinardopeningfestival.fr\/index.php\/wp-json\/wp\/v2\/users\/1"}],"replies":[{"embeddable":true,"href":"https:\/\/www.dinardopeningfestival.fr\/index.php\/wp-json\/wp\/v2\/comments?post=2969"}],"version-history":[{"count":8,"href":"https:\/\/www.dinardopeningfestival.fr\/index.php\/wp-json\/wp\/v2\/pages\/2969\/revisions"}],"predecessor-version":[{"id":3017,"href":"https:\/\/www.dinardopeningfestival.fr\/index.php\/wp-json\/wp\/v2\/pages\/2969\/revisions\/3017"}],"wp:featuredmedia":[{"embeddable":true,"href":"https:\/\/www.dinardopeningfestival.fr\/index.php\/wp-json\/wp\/v2\/media\/2972"}],"wp:attachment":[{"href":"https:\/\/www.dinardopeningfestival.fr\/index.php\/wp-json\/wp\/v2\/media?parent=2969"}],"curies":[{"name":"wp","href":"https:\/\/api.w.org\/{rel}","templated":true}]}}