{"id":2976,"date":"2026-04-16T12:39:31","date_gmt":"2026-04-16T10:39:31","guid":{"rendered":"https:\/\/www.dinardopeningfestival.fr\/?page_id=2976"},"modified":"2026-04-16T12:46:33","modified_gmt":"2026-04-16T10:46:33","slug":"2026-2","status":"publish","type":"page","link":"https:\/\/www.dinardopeningfestival.fr\/index.php\/2026-2\/","title":{"rendered":"2026"},"content":{"rendered":"\n<h2 class=\"wp-block-heading has-text-align-center\"><mark style=\"background-color:rgba(0, 0, 0, 0)\" class=\"has-inline-color has-vivid-red-color\">C<\/mark><mark style=\"background-color:rgba(0, 0, 0, 0)\" class=\"has-inline-color has-black-color\">ONCERTS<\/mark><\/h2>\n\n\n\n<h3 class=\"wp-block-heading has-text-align-center\">Parc du Ch\u00e2teau H\u00e9bert \/ Concert pique-nique<br><br><mark style=\"background-color:rgba(0, 0, 0, 0);color:#312783\" class=\"has-inline-color\">10 ao\u00fbt<\/mark> &#8211; <mark style=\"background-color:rgba(0, 0, 0, 0)\" class=\"has-inline-color has-vivid-red-color\"><a href=\"https:\/\/www.dinardopeningfestival.fr\/index.php\/tankus\/\" data-type=\"page\" data-id=\"2902\">TANKUS<\/a><\/mark><\/h3>\n\n\n\n<hr class=\"wp-block-separator has-alpha-channel-opacity\"\/>\n\n\n\n<h3 class=\"wp-block-heading has-text-align-center\">\u00c9glise anglicane<br><br><mark style=\"background-color:rgba(0, 0, 0, 0);color:#312783\" class=\"has-inline-color\">11 ao\u00fbt<\/mark> &#8211; <mark style=\"background-color:rgba(0, 0, 0, 0)\" class=\"has-inline-color has-vivid-red-color\"><mark style=\"background-color:rgba(0, 0, 0, 0)\" class=\"has-inline-color has-vivid-red-color\">MELISSA ANGOT, MAYA-ROSE Drdak &amp; NOAM ANGLOMA<\/mark><\/mark><br><sub><mark style=\"background-color:rgba(0, 0, 0, 0)\" class=\"has-inline-color has-vivid-red-color\"><a href=\"https:\/\/www.dinardopeningfestival.fr\/index.php\/tea-time-trio-flute-alto-harpe\/\" data-type=\"page\" data-id=\"2924\">Concert tea-time<\/a><\/mark> <mark style=\"background-color:rgba(0, 0, 0, 0);color:#312783\" class=\"has-inline-color\">\u00e0 17 h <\/mark><br><mark style=\"background-color:rgba(0, 0, 0, 0)\" class=\"has-inline-color has-vivid-red-color\"><a href=\"https:\/\/www.dinardopeningfestival.fr\/index.php\/trio-flute-alto-et-harpe\/\" data-type=\"page\" data-id=\"2996\">Trio fl\u00fbte, alto et harpe<\/a><\/mark> <mark style=\"background-color:rgba(0, 0, 0, 0);color:#312783\" class=\"has-inline-color\">\u00c0 20 h 30<\/mark><\/sub><\/h3>\n\n\n\n<hr class=\"wp-block-separator has-alpha-channel-opacity\"\/>\n\n\n\n<h3 class=\"wp-block-heading has-text-align-center\">Parvis de port-breton<br><br><mark style=\"background-color:rgba(0, 0, 0, 0);color:#312783\" class=\"has-inline-color\">12 ao\u00fbt \u00e0 20 h<\/mark> &#8211; <mark style=\"background-color:rgba(0, 0, 0, 0)\" class=\"has-inline-color has-vivid-red-color\"><a href=\"https:\/\/www.dinardopeningfestival.fr\/index.php\/laurie-wright\/\" data-type=\"page\" data-id=\"2933\">Laurie wright<\/a> <sub>(1\u00e8rE PARTIE Brooke Sharkey)<\/sub><\/mark><br><mark style=\"background-color:rgba(0, 0, 0, 0);color:#312783\" class=\"has-inline-color\">13 ao\u00fbt \u00c0 20 H<\/mark> &#8211; <mark style=\"background-color:rgba(0, 0, 0, 0)\" class=\"has-inline-color has-vivid-red-color\"><a href=\"https:\/\/www.dinardopeningfestival.fr\/index.php\/murray-head\/\" data-type=\"page\" data-id=\"2951\">Murray HEAD<\/a> <sub>(1\u00e8rE PARTIE Chloe foy)<\/sub><\/mark><br><mark style=\"background-color:rgba(0, 0, 0, 0);color:#312783\" class=\"has-inline-color\">14 ao\u00fbt \u00c0 21 H<\/mark> &#8211; <mark style=\"background-color:rgba(0, 0, 0, 0)\" class=\"has-inline-color has-vivid-red-color\"><a href=\"https:\/\/www.dinardopeningfestival.fr\/index.php\/dire-straits-experience\/\" data-type=\"page\" data-id=\"2969\">The dire straits experience<\/a><\/mark> <br><sub><mark style=\"background-color:rgba(0, 0, 0, 0)\" class=\"has-inline-color has-vivid-red-color\">(avec Chris White, ancien membre de Dire Straits)<\/mark><\/sub><\/h3>\n\n\n\n<p class=\"has-text-align-center has-white-color has-text-color has-background has-link-color wp-elements-cfee4b45e5bed2d526bf075ebedfd3f8\" style=\"background-color:#312783\">Restez connect\u00e9s : la billetterie ouvre prochainement !<\/p>\n\n\n\n<hr class=\"wp-block-separator has-alpha-channel-opacity\"\/>\n","protected":false},"excerpt":{"rendered":"<p>CONCERTS Parc du Ch\u00e2teau H\u00e9bert \/ Concert pique-nique 10 ao\u00fbt &#8211; TANKUS \u00c9glise anglicane 11 ao\u00fbt &#8211; MELISSA ANGOT, MAYA-ROSE Drdak &amp; NOAM ANGLOMAConcert tea-time \u00e0 17 h Trio fl\u00fbte, alto et harpe \u00c0 20 h 30 Parvis de port-breton 12 ao\u00fbt \u00e0 20 h &#8211; Laurie wright (1\u00e8rE PARTIE Brooke Sharkey)13 ao\u00fbt \u00c0 20 [&hellip;]<\/p>\n","protected":false},"author":1,"featured_media":0,"parent":0,"menu_order":0,"comment_status":"closed","ping_status":"closed","template":"","meta":{"footnotes":""},"class_list":["post-2976","page","type-page","status-publish","hentry"],"yoast_head":"<!-- This site is optimized with the Yoast SEO plugin v19.2 - https:\/\/yoast.com\/wordpress\/plugins\/seo\/ -->\n<title>2026 - Festival Dinard Opening<\/title>\n<meta name=\"description\" content=\"Les concerts Dinard Opening de l&#039;\u00e9t\u00e9 2026 : The Dire Straits Experience, Murray Head, Laurie Wright, Tankus...\" \/>\n<meta name=\"robots\" content=\"index, follow, max-snippet:-1, max-image-preview:large, max-video-preview:-1\" \/>\n<link rel=\"canonical\" href=\"https:\/\/www.dinardopeningfestival.fr\/index.php\/2026-2\/\" \/>\n<meta property=\"og:locale\" content=\"fr_FR\" \/>\n<meta property=\"og:type\" content=\"article\" \/>\n<meta property=\"og:title\" content=\"2026 - Festival Dinard Opening\" \/>\n<meta property=\"og:description\" content=\"Les concerts Dinard Opening de l&#039;\u00e9t\u00e9 2026 : The Dire Straits Experience, Murray Head, Laurie Wright, Tankus...\" \/>\n<meta property=\"og:url\" content=\"https:\/\/www.dinardopeningfestival.fr\/index.php\/2026-2\/\" \/>\n<meta property=\"og:site_name\" content=\"Festival Dinard Opening\" \/>\n<meta property=\"article:publisher\" content=\"https:\/\/www.facebook.com\/DinardOpeningFestival\" \/>\n<meta property=\"article:modified_time\" content=\"2026-04-16T10:46:33+00:00\" \/>\n<meta name=\"author\" content=\"admin4235\" \/>\n<meta name=\"twitter:card\" content=\"summary_large_image\" \/>\n<meta name=\"twitter:label1\" content=\"Dur\u00e9e de lecture estim\u00e9e\" \/>\n\t<meta name=\"twitter:data1\" content=\"1 minute\" \/>\n<script type=\"application\/ld+json\" class=\"yoast-schema-graph\">{\"@context\":\"https:\/\/schema.org\",\"@graph\":[{\"@type\":\"Organization\",\"@id\":\"http:\/\/www.dinardopeningfestival.fr\/#organization\",\"name\":\"Festival Dinard Opening\",\"url\":\"http:\/\/www.dinardopeningfestival.fr\/\",\"sameAs\":[\"https:\/\/www.instagram.com\/dinardopening\/\",\"https:\/\/www.facebook.com\/DinardOpeningFestival\"],\"logo\":{\"@type\":\"ImageObject\",\"inLanguage\":\"fr-FR\",\"@id\":\"http:\/\/www.dinardopeningfestival.fr\/#\/schema\/logo\/image\/\",\"url\":\"https:\/\/www.dinardopeningfestival.fr\/wp-content\/uploads\/2021\/06\/Logo-Dinard-bleu-opening-rouge-1-scaled.jpg\",\"contentUrl\":\"https:\/\/www.dinardopeningfestival.fr\/wp-content\/uploads\/2021\/06\/Logo-Dinard-bleu-opening-rouge-1-scaled.jpg\",\"width\":2560,\"height\":1810,\"caption\":\"Festival Dinard Opening\"},\"image\":{\"@id\":\"http:\/\/www.dinardopeningfestival.fr\/#\/schema\/logo\/image\/\"}},{\"@type\":\"WebSite\",\"@id\":\"http:\/\/www.dinardopeningfestival.fr\/#website\",\"url\":\"http:\/\/www.dinardopeningfestival.fr\/\",\"name\":\"Festival Dinard Opening\",\"description\":\"Le Festival des Musiques Britanniques\",\"publisher\":{\"@id\":\"http:\/\/www.dinardopeningfestival.fr\/#organization\"},\"potentialAction\":[{\"@type\":\"SearchAction\",\"target\":{\"@type\":\"EntryPoint\",\"urlTemplate\":\"http:\/\/www.dinardopeningfestival.fr\/?s={search_term_string}\"},\"query-input\":\"required name=search_term_string\"}],\"inLanguage\":\"fr-FR\"},{\"@type\":\"WebPage\",\"@id\":\"https:\/\/www.dinardopeningfestival.fr\/index.php\/2026-2\/#webpage\",\"url\":\"https:\/\/www.dinardopeningfestival.fr\/index.php\/2026-2\/\",\"name\":\"2026 - Festival Dinard Opening\",\"isPartOf\":{\"@id\":\"http:\/\/www.dinardopeningfestival.fr\/#website\"},\"datePublished\":\"2026-04-16T10:39:31+00:00\",\"dateModified\":\"2026-04-16T10:46:33+00:00\",\"description\":\"Les concerts Dinard Opening de l'\u00e9t\u00e9 2026 : The Dire Straits Experience, Murray Head, Laurie Wright, Tankus...\",\"breadcrumb\":{\"@id\":\"https:\/\/www.dinardopeningfestival.fr\/index.php\/2026-2\/#breadcrumb\"},\"inLanguage\":\"fr-FR\",\"potentialAction\":[{\"@type\":\"ReadAction\",\"target\":[\"https:\/\/www.dinardopeningfestival.fr\/index.php\/2026-2\/\"]}]},{\"@type\":\"BreadcrumbList\",\"@id\":\"https:\/\/www.dinardopeningfestival.fr\/index.php\/2026-2\/#breadcrumb\",\"itemListElement\":[{\"@type\":\"ListItem\",\"position\":1,\"name\":\"Accueil\",\"item\":\"http:\/\/www.dinardopeningfestival.fr\/\"},{\"@type\":\"ListItem\",\"position\":2,\"name\":\"2026\"}]}]}<\/script>\n<!-- \/ Yoast SEO plugin. -->","yoast_head_json":{"title":"2026 - Festival Dinard Opening","description":"Les concerts Dinard Opening de l'\u00e9t\u00e9 2026 : The Dire Straits Experience, Murray Head, Laurie Wright, Tankus...","robots":{"index":"index","follow":"follow","max-snippet":"max-snippet:-1","max-image-preview":"max-image-preview:large","max-video-preview":"max-video-preview:-1"},"canonical":"https:\/\/www.dinardopeningfestival.fr\/index.php\/2026-2\/","og_locale":"fr_FR","og_type":"article","og_title":"2026 - Festival Dinard Opening","og_description":"Les concerts Dinard Opening de l'\u00e9t\u00e9 2026 : The Dire Straits Experience, Murray Head, Laurie Wright, Tankus...","og_url":"https:\/\/www.dinardopeningfestival.fr\/index.php\/2026-2\/","og_site_name":"Festival Dinard Opening","article_publisher":"https:\/\/www.facebook.com\/DinardOpeningFestival","article_modified_time":"2026-04-16T10:46:33+00:00","author":"admin4235","twitter_card":"summary_large_image","twitter_misc":{"Dur\u00e9e de lecture estim\u00e9e":"1 minute"},"schema":{"@context":"https:\/\/schema.org","@graph":[{"@type":"Organization","@id":"http:\/\/www.dinardopeningfestival.fr\/#organization","name":"Festival Dinard Opening","url":"http:\/\/www.dinardopeningfestival.fr\/","sameAs":["https:\/\/www.instagram.com\/dinardopening\/","https:\/\/www.facebook.com\/DinardOpeningFestival"],"logo":{"@type":"ImageObject","inLanguage":"fr-FR","@id":"http:\/\/www.dinardopeningfestival.fr\/#\/schema\/logo\/image\/","url":"https:\/\/www.dinardopeningfestival.fr\/wp-content\/uploads\/2021\/06\/Logo-Dinard-bleu-opening-rouge-1-scaled.jpg","contentUrl":"https:\/\/www.dinardopeningfestival.fr\/wp-content\/uploads\/2021\/06\/Logo-Dinard-bleu-opening-rouge-1-scaled.jpg","width":2560,"height":1810,"caption":"Festival Dinard Opening"},"image":{"@id":"http:\/\/www.dinardopeningfestival.fr\/#\/schema\/logo\/image\/"}},{"@type":"WebSite","@id":"http:\/\/www.dinardopeningfestival.fr\/#website","url":"http:\/\/www.dinardopeningfestival.fr\/","name":"Festival Dinard Opening","description":"Le Festival des Musiques Britanniques","publisher":{"@id":"http:\/\/www.dinardopeningfestival.fr\/#organization"},"potentialAction":[{"@type":"SearchAction","target":{"@type":"EntryPoint","urlTemplate":"http:\/\/www.dinardopeningfestival.fr\/?s={search_term_string}"},"query-input":"required name=search_term_string"}],"inLanguage":"fr-FR"},{"@type":"WebPage","@id":"https:\/\/www.dinardopeningfestival.fr\/index.php\/2026-2\/#webpage","url":"https:\/\/www.dinardopeningfestival.fr\/index.php\/2026-2\/","name":"2026 - Festival Dinard Opening","isPartOf":{"@id":"http:\/\/www.dinardopeningfestival.fr\/#website"},"datePublished":"2026-04-16T10:39:31+00:00","dateModified":"2026-04-16T10:46:33+00:00","description":"Les concerts Dinard Opening de l'\u00e9t\u00e9 2026 : The Dire Straits Experience, Murray Head, Laurie Wright, Tankus...","breadcrumb":{"@id":"https:\/\/www.dinardopeningfestival.fr\/index.php\/2026-2\/#breadcrumb"},"inLanguage":"fr-FR","potentialAction":[{"@type":"ReadAction","target":["https:\/\/www.dinardopeningfestival.fr\/index.php\/2026-2\/"]}]},{"@type":"BreadcrumbList","@id":"https:\/\/www.dinardopeningfestival.fr\/index.php\/2026-2\/#breadcrumb","itemListElement":[{"@type":"ListItem","position":1,"name":"Accueil","item":"http:\/\/www.dinardopeningfestival.fr\/"},{"@type":"ListItem","position":2,"name":"2026"}]}]}},"_links":{"self":[{"href":"https:\/\/www.dinardopeningfestival.fr\/index.php\/wp-json\/wp\/v2\/pages\/2976","targetHints":{"allow":["GET"]}}],"collection":[{"href":"https:\/\/www.dinardopeningfestival.fr\/index.php\/wp-json\/wp\/v2\/pages"}],"about":[{"href":"https:\/\/www.dinardopeningfestival.fr\/index.php\/wp-json\/wp\/v2\/types\/page"}],"author":[{"embeddable":true,"href":"https:\/\/www.dinardopeningfestival.fr\/index.php\/wp-json\/wp\/v2\/users\/1"}],"replies":[{"embeddable":true,"href":"https:\/\/www.dinardopeningfestival.fr\/index.php\/wp-json\/wp\/v2\/comments?post=2976"}],"version-history":[{"count":7,"href":"https:\/\/www.dinardopeningfestival.fr\/index.php\/wp-json\/wp\/v2\/pages\/2976\/revisions"}],"predecessor-version":[{"id":3048,"href":"https:\/\/www.dinardopeningfestival.fr\/index.php\/wp-json\/wp\/v2\/pages\/2976\/revisions\/3048"}],"wp:attachment":[{"href":"https:\/\/www.dinardopeningfestival.fr\/index.php\/wp-json\/wp\/v2\/media?parent=2976"}],"curies":[{"name":"wp","href":"https:\/\/api.w.org\/{rel}","templated":true}]}}