{"id":2996,"date":"2026-04-16T12:40:19","date_gmt":"2026-04-16T10:40:19","guid":{"rendered":"https:\/\/www.dinardopeningfestival.fr\/?page_id=2996"},"modified":"2026-04-16T12:40:19","modified_gmt":"2026-04-16T10:40:19","slug":"trio-flute-alto-et-harpe","status":"publish","type":"page","link":"https:\/\/www.dinardopeningfestival.fr\/index.php\/trio-flute-alto-et-harpe\/","title":{"rendered":"Trio fl\u00fbte, alto et harpe"},"content":{"rendered":"\n<p><strong>Nous retrouvons \u00e0 20 h 30 les artistes du concert tea-time, Melissa Angot, Maya-Rose Drdak et Noam Angloma, dans un programme pour trio fl\u00fbte, alto et harpe.<\/strong><\/p>\n\n\n\n<figure class=\"wp-block-pullquote\"><blockquote><p><mark style=\"background-color:rgba(0, 0, 0, 0);color:#312783\" class=\"has-inline-color\">11 ao\u00fbt 2026 &#8211; 20 h 30<br>\u00c9glise anglicane Saint Bartholomew<\/mark><\/p><\/blockquote><\/figure>\n\n\n\n<p>On peut dire de la harpe qu&rsquo;elle est l&rsquo;instrument de musique embl\u00e9matique des \u00celes Britanniques. Nous la retrouvons ici, assortie de la fl\u00fbte et de l&rsquo;alto, dans un programme vari\u00e9 de musique anglaise propre \u00e0 la mettre en valeur. Des inspirations de musiques folks aux raffinements d&rsquo;une \u00e9criture plus savante, laissez-vous s\u00e9duire par les sonorit\u00e9s enchanteresses d\u2019\u0153uvres originales et d&rsquo;arrangements in\u00e9dits. Trois jeunes musiciens fran\u00e7ais, talentueux \u00e9tudiants du CNSMDP viendront vous pr\u00e9senter ces \u0153uvres peu connues pour la plupart.<\/p>\n\n\n\n<h2 class=\"wp-block-heading\">Programme<\/h2>\n\n\n\n<h4 class=\"wp-block-heading\"><strong>Trio \u2013 fl\u00fbte, alto et harpe<\/strong><\/h4>\n\n\n\n<p>Arnold Bax \u2013 Trio pour fl\u00fbte, alto et harpe<br>Grace Williams \u2013 The Cypress Curtain of the Night<br>Liza Lehmann \u2013 The Guardian Angel, arrangement pour fl\u00fbte, alto et harpe<br>Ralph Vaughan Williams \u2013 Six Studies in English Folk Song (alternance fl\u00fbte et alto avec harpe)<\/p>\n\n\n\n<h4 class=\"wp-block-heading\"><strong>Duo \u2013 alto et harpe <\/strong><\/h4>\n\n\n\n<p>Liza Lehmann \u2013 Evensong<br>Rebecca Clarke \u2013 The Cloths of Heaven<\/p>\n\n\n\n<h4 class=\"wp-block-heading\"><strong>Alto solo<\/strong><\/h4>\n\n\n\n<p>Imogen Holst \u2013 Suite pour alto seul<\/p>\n\n\n\n<p><strong>Harpe solo<\/strong><\/p>\n\n\n\n<p>Benjamin Britten \u2013 A Ceremony of Carols op28 n7<\/p>\n\n\n\n<h4 class=\"wp-block-heading\"><strong>Fl\u00fbte et harpe<\/strong><\/h4>\n\n\n\n<p>John Marson \u2013 Suite pour fl\u00fbte et harpe<\/p>\n\n\n\n<hr class=\"wp-block-separator has-alpha-channel-opacity\"\/>\n\n\n\n<h2 class=\"wp-block-heading\">Melissa Angot<\/h2>\n\n\n<div class=\"wp-block-image\">\n<figure class=\"aligncenter size-medium\"><img loading=\"lazy\" decoding=\"async\" width=\"225\" height=\"300\" src=\"https:\/\/www.dinardopeningfestival.fr\/wp-content\/uploads\/2026\/03\/Melissa-Angot-2-c-Melissa-Angot-225x300.jpeg\" alt=\"Melissa Angot\" class=\"wp-image-2985\" srcset=\"https:\/\/www.dinardopeningfestival.fr\/wp-content\/uploads\/2026\/03\/Melissa-Angot-2-c-Melissa-Angot-225x300.jpeg 225w, https:\/\/www.dinardopeningfestival.fr\/wp-content\/uploads\/2026\/03\/Melissa-Angot-2-c-Melissa-Angot-768x1024.jpeg 768w, https:\/\/www.dinardopeningfestival.fr\/wp-content\/uploads\/2026\/03\/Melissa-Angot-2-c-Melissa-Angot-1152x1536.jpeg 1152w, https:\/\/www.dinardopeningfestival.fr\/wp-content\/uploads\/2026\/03\/Melissa-Angot-2-c-Melissa-Angot-1536x2048.jpeg 1536w, https:\/\/www.dinardopeningfestival.fr\/wp-content\/uploads\/2026\/03\/Melissa-Angot-2-c-Melissa-Angot-18x24.jpeg 18w, https:\/\/www.dinardopeningfestival.fr\/wp-content\/uploads\/2026\/03\/Melissa-Angot-2-c-Melissa-Angot-27x36.jpeg 27w, https:\/\/www.dinardopeningfestival.fr\/wp-content\/uploads\/2026\/03\/Melissa-Angot-2-c-Melissa-Angot-36x48.jpeg 36w, https:\/\/www.dinardopeningfestival.fr\/wp-content\/uploads\/2026\/03\/Melissa-Angot-2-c-Melissa-Angot.jpeg 1691w\" sizes=\"auto, (max-width: 225px) 100vw, 225px\" \/><figcaption class=\"wp-element-caption\">\u00a9 Melissa Angot<\/figcaption><\/figure>\n<\/div>\n\n\n<p><strong>Melissa Angot<\/strong> d\u00e9bute la fl\u00fbte traversi\u00e8re en \u00e9cole de musique \u00e0 l\u2019\u00e2ge de 7 ans. Apr\u00e8s quelques ann\u00e9es au conservatoire d\u00e9partemental de Noisiel, elle poursuit ses \u00e9tudes au conservatoire R\u00e9gional de Paris dans la classe de Fr\u00e9d\u00e9ric Chatoux. En f\u00e9vrier 2025, elle entre au Conservatoire National Sup\u00e9rieur de Musique et de Danse de Paris (CNSMDP) admise premi\u00e8re nomm\u00e9e dans la classe de Philippe Bernold et Florence Souchard-Delepine, ainsi qu\u2019en licence de musique de chambre en sonate.<\/p>\n\n\n\n<p>Elle a eu l\u2019occasion de se produire en tant que fl\u00fbte solo au sein de diff\u00e9rents orchestres du conservatoire dans des salles parisiennes telles que le Th\u00e9\u00e2tre du Ch\u00e2telet. Depuis novembre 2023, elle participe r\u00e9guli\u00e8rement aux sessions de l\u2019Orchestre Silmaril.<\/p>\n\n\n\n<p>Passionn\u00e9e de musique de chambre, elle approfondit sa formation en abordant diverses formations : sonate avec piano, trio pour deux fl\u00fbtes et piano, quintette \u00e0 vent et \u00e9galement quintette avec harpe. Elle travaille ainsi avec diff\u00e9rents professeurs tels que Philippe Ferro, Michel Moragues, Pascal Proust, Itamar Golan, et se produit notamment au Mus\u00e9e de la Vie romantique ou encore \u00e0 l\u2019Accord Parfait.<\/p>\n\n\n\n<h2 class=\"wp-block-heading\">Maya-Rose Drdak<\/h2>\n\n\n<div class=\"wp-block-image\">\n<figure class=\"aligncenter size-medium\"><img loading=\"lazy\" decoding=\"async\" width=\"225\" height=\"300\" src=\"https:\/\/www.dinardopeningfestival.fr\/wp-content\/uploads\/2026\/03\/Maya-Rose-Drdak-2cLouise-Constant-225x300.jpg\" alt=\"Portrait de Maya-Rose Drdak\" class=\"wp-image-2986\" srcset=\"https:\/\/www.dinardopeningfestival.fr\/wp-content\/uploads\/2026\/03\/Maya-Rose-Drdak-2cLouise-Constant-225x300.jpg 225w, https:\/\/www.dinardopeningfestival.fr\/wp-content\/uploads\/2026\/03\/Maya-Rose-Drdak-2cLouise-Constant-768x1024.jpg 768w, https:\/\/www.dinardopeningfestival.fr\/wp-content\/uploads\/2026\/03\/Maya-Rose-Drdak-2cLouise-Constant-1152x1536.jpg 1152w, https:\/\/www.dinardopeningfestival.fr\/wp-content\/uploads\/2026\/03\/Maya-Rose-Drdak-2cLouise-Constant-1536x2048.jpg 1536w, https:\/\/www.dinardopeningfestival.fr\/wp-content\/uploads\/2026\/03\/Maya-Rose-Drdak-2cLouise-Constant-18x24.jpg 18w, https:\/\/www.dinardopeningfestival.fr\/wp-content\/uploads\/2026\/03\/Maya-Rose-Drdak-2cLouise-Constant-27x36.jpg 27w, https:\/\/www.dinardopeningfestival.fr\/wp-content\/uploads\/2026\/03\/Maya-Rose-Drdak-2cLouise-Constant-36x48.jpg 36w, https:\/\/www.dinardopeningfestival.fr\/wp-content\/uploads\/2026\/03\/Maya-Rose-Drdak-2cLouise-Constant-scaled.jpg 1920w\" sizes=\"auto, (max-width: 225px) 100vw, 225px\" \/><figcaption class=\"wp-element-caption\">\u00a9 Louise Constant<\/figcaption><\/figure>\n<\/div>\n\n\n<p>Baign\u00e9e dans la musique depuis l&rsquo;enfance, <strong>Maya-Rose Drdak<\/strong> commence l\u2019alto \u00e0 l\u2019\u00e2ge de 6 ans dans la classe d\u2019Yves Pruvot au CRD du Val d\u2019Yerres. Elle int\u00e8gre en 2020 le CRR de Paris dans la classe d\u2019Anne-Aurore Anstett et y obtient son DEM d\u2019instrument \u00e0 l\u2019unanimit\u00e9 en 2023. Elle int\u00e8gre en 2024 la classe de Fran\u00e7oise Gneri puis la m\u00eame ann\u00e9e le CNSMDP dans la classe de David Gaillard et Nicolas B\u00f4ne. Passionn\u00e9e de musique de chambre, elle re\u00e7oit les enseignements de Louis Fima, Philippe Ferro, Philippe Castaing, Louis Rodde et Emmanuelle Bertrand avant de se perfectionner dans la formation de quatuor \u00e0 cordes dans la classe de Fran\u00e7ois Kieffer, violoncelliste du quatuor Modigliani.<\/p>\n\n\n\n<p>Elle cr\u00e9e en 2024 \u201cl\u2019Ensemblerie\u201d, collectif musique improvis\u00e9e et improvisation g\u00e9n\u00e9rative avec lequel elle se produit en concert (Festival le Bazardier, r\u00e9sidence\u2026). Elle collabore \u00e9galement avec l\u2019ensemble Matheus lors de la production d\u2019\u00e9t\u00e9 2025.<\/p>\n\n\n\n<p>En novembre 2025, elle remporte le 1er prix du Concours des Jeunes Altistes.<\/p>\n\n\n\n<h2 class=\"wp-block-heading\">Noam Angloma<\/h2>\n\n\n<div class=\"wp-block-image\">\n<figure class=\"aligncenter size-medium\"><img loading=\"lazy\" decoding=\"async\" width=\"200\" height=\"300\" src=\"https:\/\/www.dinardopeningfestival.fr\/wp-content\/uploads\/2026\/03\/Noam-Angloma-1-c-DR-200x300.jpeg\" alt=\"Portrait du harpiste Noam Angloma\" class=\"wp-image-2987\" srcset=\"https:\/\/www.dinardopeningfestival.fr\/wp-content\/uploads\/2026\/03\/Noam-Angloma-1-c-DR-200x300.jpeg 200w, https:\/\/www.dinardopeningfestival.fr\/wp-content\/uploads\/2026\/03\/Noam-Angloma-1-c-DR-682x1024.jpeg 682w, https:\/\/www.dinardopeningfestival.fr\/wp-content\/uploads\/2026\/03\/Noam-Angloma-1-c-DR-768x1153.jpeg 768w, https:\/\/www.dinardopeningfestival.fr\/wp-content\/uploads\/2026\/03\/Noam-Angloma-1-c-DR-1023x1536.jpeg 1023w, https:\/\/www.dinardopeningfestival.fr\/wp-content\/uploads\/2026\/03\/Noam-Angloma-1-c-DR-16x24.jpeg 16w, https:\/\/www.dinardopeningfestival.fr\/wp-content\/uploads\/2026\/03\/Noam-Angloma-1-c-DR-24x36.jpeg 24w, https:\/\/www.dinardopeningfestival.fr\/wp-content\/uploads\/2026\/03\/Noam-Angloma-1-c-DR-32x48.jpeg 32w, https:\/\/www.dinardopeningfestival.fr\/wp-content\/uploads\/2026\/03\/Noam-Angloma-1-c-DR.jpeg 1066w\" sizes=\"auto, (max-width: 200px) 100vw, 200px\" \/><figcaption class=\"wp-element-caption\">\u00a9 DR<\/figcaption><\/figure>\n<\/div>\n\n\n<p><strong>Noam Angloma<\/strong>&nbsp;est form\u00e9 au Conservatoire \u00e0 Rayonnement R\u00e9gional de Paris aupr\u00e8s de Ghislaine Petit-Volta, il poursuit actuellement sa formation au Conservatoire National Sup\u00e9rieur de Musique et de Danse de Paris dans la classe d\u2019Isabelle Moretti.<\/p>\n\n\n\n<p>Chambriste engag\u00e9, il se produit r\u00e9guli\u00e8rement au sein de diff\u00e9rentes formations et collabore avec de multiples orchestres l\u2019ayant conduit \u00e0 se produire dans plusieurs salles prestigieuses telles que la Salle Gaveau, le Th\u00e9\u00e2tre du Ch\u00e2telet, la Philharmonie de Paris, La Seine Musicale\u2026<\/p>\n\n\n\n<p>Laur\u00e9at du Concours international de musique contemporaine \u00ab Collegium 21 \u00bb, il porte un int\u00e9r\u00eat particulier \u00e0 la cr\u00e9ation contemporaine et explore un tr\u00e8s large \u00e9ventail de r\u00e9pertoire.<\/p>\n\n\n\n<p class=\"has-text-align-center has-white-color has-text-color has-background has-link-color wp-elements-cfee4b45e5bed2d526bf075ebedfd3f8\" style=\"background-color:#312783\">Restez connect\u00e9s : la billetterie ouvre prochainement !<\/p>\n","protected":false},"excerpt":{"rendered":"<p>Nous retrouvons \u00e0 20 h 30 les artistes du concert tea-time, Melissa Angot, Maya-Rose Drdak et Noam Angloma, dans un programme pour trio fl\u00fbte, alto et harpe. 11 ao\u00fbt 2026 &#8211; 20 h 30\u00c9glise anglicane Saint Bartholomew On peut dire de la harpe qu&rsquo;elle est l&rsquo;instrument de musique embl\u00e9matique des \u00celes Britanniques. Nous la retrouvons [&hellip;]<\/p>\n","protected":false},"author":1,"featured_media":2991,"parent":0,"menu_order":0,"comment_status":"closed","ping_status":"closed","template":"","meta":{"footnotes":""},"class_list":["post-2996","page","type-page","status-publish","has-post-thumbnail","hentry"],"yoast_head":"<!-- This site is optimized with the Yoast SEO plugin v19.2 - https:\/\/yoast.com\/wordpress\/plugins\/seo\/ -->\n<title>Trio fl\u00fbte, alto et harpe - Festival Dinard Opening<\/title>\n<meta name=\"robots\" content=\"index, follow, max-snippet:-1, max-image-preview:large, max-video-preview:-1\" \/>\n<link rel=\"canonical\" href=\"https:\/\/www.dinardopeningfestival.fr\/index.php\/trio-flute-alto-et-harpe\/\" \/>\n<meta property=\"og:locale\" content=\"fr_FR\" \/>\n<meta property=\"og:type\" content=\"article\" \/>\n<meta property=\"og:title\" content=\"Trio fl\u00fbte, alto et harpe - Festival Dinard Opening\" \/>\n<meta property=\"og:description\" content=\"Nous retrouvons \u00e0 20 h 30 les artistes du concert tea-time, Melissa Angot, Maya-Rose Drdak et Noam Angloma, dans un programme pour trio fl\u00fbte, alto et harpe. 11 ao\u00fbt 2026 &#8211; 20 h 30\u00c9glise anglicane Saint Bartholomew On peut dire de la harpe qu&rsquo;elle est l&rsquo;instrument de musique embl\u00e9matique des \u00celes Britanniques. Nous la retrouvons [&hellip;]\" \/>\n<meta property=\"og:url\" content=\"https:\/\/www.dinardopeningfestival.fr\/index.php\/trio-flute-alto-et-harpe\/\" \/>\n<meta property=\"og:site_name\" content=\"Festival Dinard Opening\" \/>\n<meta property=\"article:publisher\" content=\"https:\/\/www.facebook.com\/DinardOpeningFestival\" \/>\n<meta property=\"og:image\" content=\"http:\/\/www.dinardopeningfestival.fr\/wp-content\/uploads\/2026\/03\/Bannie\u0300re-LinkedIn-Professionnelle-Digital-Moderne-Simple-Noir-et-Blanc-1.png\" \/>\n\t<meta property=\"og:image:width\" content=\"1584\" \/>\n\t<meta property=\"og:image:height\" content=\"396\" \/>\n\t<meta property=\"og:image:type\" content=\"image\/png\" \/>\n<meta name=\"author\" content=\"admin4235\" \/>\n<meta name=\"twitter:card\" content=\"summary_large_image\" \/>\n<meta name=\"twitter:label1\" content=\"Dur\u00e9e de lecture estim\u00e9e\" \/>\n\t<meta name=\"twitter:data1\" content=\"4 minutes\" \/>\n<script type=\"application\/ld+json\" class=\"yoast-schema-graph\">{\"@context\":\"https:\/\/schema.org\",\"@graph\":[{\"@type\":\"Organization\",\"@id\":\"http:\/\/www.dinardopeningfestival.fr\/#organization\",\"name\":\"Festival Dinard Opening\",\"url\":\"http:\/\/www.dinardopeningfestival.fr\/\",\"sameAs\":[\"https:\/\/www.instagram.com\/dinardopening\/\",\"https:\/\/www.facebook.com\/DinardOpeningFestival\"],\"logo\":{\"@type\":\"ImageObject\",\"inLanguage\":\"fr-FR\",\"@id\":\"http:\/\/www.dinardopeningfestival.fr\/#\/schema\/logo\/image\/\",\"url\":\"https:\/\/www.dinardopeningfestival.fr\/wp-content\/uploads\/2021\/06\/Logo-Dinard-bleu-opening-rouge-1-scaled.jpg\",\"contentUrl\":\"https:\/\/www.dinardopeningfestival.fr\/wp-content\/uploads\/2021\/06\/Logo-Dinard-bleu-opening-rouge-1-scaled.jpg\",\"width\":2560,\"height\":1810,\"caption\":\"Festival Dinard Opening\"},\"image\":{\"@id\":\"http:\/\/www.dinardopeningfestival.fr\/#\/schema\/logo\/image\/\"}},{\"@type\":\"WebSite\",\"@id\":\"http:\/\/www.dinardopeningfestival.fr\/#website\",\"url\":\"http:\/\/www.dinardopeningfestival.fr\/\",\"name\":\"Festival Dinard Opening\",\"description\":\"Le Festival des Musiques Britanniques\",\"publisher\":{\"@id\":\"http:\/\/www.dinardopeningfestival.fr\/#organization\"},\"potentialAction\":[{\"@type\":\"SearchAction\",\"target\":{\"@type\":\"EntryPoint\",\"urlTemplate\":\"http:\/\/www.dinardopeningfestival.fr\/?s={search_term_string}\"},\"query-input\":\"required name=search_term_string\"}],\"inLanguage\":\"fr-FR\"},{\"@type\":\"ImageObject\",\"inLanguage\":\"fr-FR\",\"@id\":\"https:\/\/www.dinardopeningfestival.fr\/index.php\/trio-flute-alto-et-harpe\/#primaryimage\",\"url\":\"https:\/\/www.dinardopeningfestival.fr\/wp-content\/uploads\/2026\/03\/Bannie\u0300re-LinkedIn-Professionnelle-Digital-Moderne-Simple-Noir-et-Blanc-1.png\",\"contentUrl\":\"https:\/\/www.dinardopeningfestival.fr\/wp-content\/uploads\/2026\/03\/Bannie\u0300re-LinkedIn-Professionnelle-Digital-Moderne-Simple-Noir-et-Blanc-1.png\",\"width\":1584,\"height\":396,\"caption\":\"\u00a9 Louise Constant \/ \u00a9 Melissa Angot \/ \u00a9 DR\"},{\"@type\":\"WebPage\",\"@id\":\"https:\/\/www.dinardopeningfestival.fr\/index.php\/trio-flute-alto-et-harpe\/#webpage\",\"url\":\"https:\/\/www.dinardopeningfestival.fr\/index.php\/trio-flute-alto-et-harpe\/\",\"name\":\"Trio fl\u00fbte, alto et harpe - Festival Dinard Opening\",\"isPartOf\":{\"@id\":\"http:\/\/www.dinardopeningfestival.fr\/#website\"},\"primaryImageOfPage\":{\"@id\":\"https:\/\/www.dinardopeningfestival.fr\/index.php\/trio-flute-alto-et-harpe\/#primaryimage\"},\"datePublished\":\"2026-04-16T10:40:19+00:00\",\"dateModified\":\"2026-04-16T10:40:19+00:00\",\"breadcrumb\":{\"@id\":\"https:\/\/www.dinardopeningfestival.fr\/index.php\/trio-flute-alto-et-harpe\/#breadcrumb\"},\"inLanguage\":\"fr-FR\",\"potentialAction\":[{\"@type\":\"ReadAction\",\"target\":[\"https:\/\/www.dinardopeningfestival.fr\/index.php\/trio-flute-alto-et-harpe\/\"]}]},{\"@type\":\"BreadcrumbList\",\"@id\":\"https:\/\/www.dinardopeningfestival.fr\/index.php\/trio-flute-alto-et-harpe\/#breadcrumb\",\"itemListElement\":[{\"@type\":\"ListItem\",\"position\":1,\"name\":\"Accueil\",\"item\":\"http:\/\/www.dinardopeningfestival.fr\/\"},{\"@type\":\"ListItem\",\"position\":2,\"name\":\"Trio fl\u00fbte, alto et harpe\"}]}]}<\/script>\n<!-- \/ Yoast SEO plugin. -->","yoast_head_json":{"title":"Trio fl\u00fbte, alto et harpe - Festival Dinard Opening","robots":{"index":"index","follow":"follow","max-snippet":"max-snippet:-1","max-image-preview":"max-image-preview:large","max-video-preview":"max-video-preview:-1"},"canonical":"https:\/\/www.dinardopeningfestival.fr\/index.php\/trio-flute-alto-et-harpe\/","og_locale":"fr_FR","og_type":"article","og_title":"Trio fl\u00fbte, alto et harpe - Festival Dinard Opening","og_description":"Nous retrouvons \u00e0 20 h 30 les artistes du concert tea-time, Melissa Angot, Maya-Rose Drdak et Noam Angloma, dans un programme pour trio fl\u00fbte, alto et harpe. 11 ao\u00fbt 2026 &#8211; 20 h 30\u00c9glise anglicane Saint Bartholomew On peut dire de la harpe qu&rsquo;elle est l&rsquo;instrument de musique embl\u00e9matique des \u00celes Britanniques. Nous la retrouvons [&hellip;]","og_url":"https:\/\/www.dinardopeningfestival.fr\/index.php\/trio-flute-alto-et-harpe\/","og_site_name":"Festival Dinard Opening","article_publisher":"https:\/\/www.facebook.com\/DinardOpeningFestival","og_image":[{"width":1584,"height":396,"url":"http:\/\/www.dinardopeningfestival.fr\/wp-content\/uploads\/2026\/03\/Bannie\u0300re-LinkedIn-Professionnelle-Digital-Moderne-Simple-Noir-et-Blanc-1.png","type":"image\/png"}],"author":"admin4235","twitter_card":"summary_large_image","twitter_misc":{"Dur\u00e9e de lecture estim\u00e9e":"4 minutes"},"schema":{"@context":"https:\/\/schema.org","@graph":[{"@type":"Organization","@id":"http:\/\/www.dinardopeningfestival.fr\/#organization","name":"Festival Dinard Opening","url":"http:\/\/www.dinardopeningfestival.fr\/","sameAs":["https:\/\/www.instagram.com\/dinardopening\/","https:\/\/www.facebook.com\/DinardOpeningFestival"],"logo":{"@type":"ImageObject","inLanguage":"fr-FR","@id":"http:\/\/www.dinardopeningfestival.fr\/#\/schema\/logo\/image\/","url":"https:\/\/www.dinardopeningfestival.fr\/wp-content\/uploads\/2021\/06\/Logo-Dinard-bleu-opening-rouge-1-scaled.jpg","contentUrl":"https:\/\/www.dinardopeningfestival.fr\/wp-content\/uploads\/2021\/06\/Logo-Dinard-bleu-opening-rouge-1-scaled.jpg","width":2560,"height":1810,"caption":"Festival Dinard Opening"},"image":{"@id":"http:\/\/www.dinardopeningfestival.fr\/#\/schema\/logo\/image\/"}},{"@type":"WebSite","@id":"http:\/\/www.dinardopeningfestival.fr\/#website","url":"http:\/\/www.dinardopeningfestival.fr\/","name":"Festival Dinard Opening","description":"Le Festival des Musiques Britanniques","publisher":{"@id":"http:\/\/www.dinardopeningfestival.fr\/#organization"},"potentialAction":[{"@type":"SearchAction","target":{"@type":"EntryPoint","urlTemplate":"http:\/\/www.dinardopeningfestival.fr\/?s={search_term_string}"},"query-input":"required name=search_term_string"}],"inLanguage":"fr-FR"},{"@type":"ImageObject","inLanguage":"fr-FR","@id":"https:\/\/www.dinardopeningfestival.fr\/index.php\/trio-flute-alto-et-harpe\/#primaryimage","url":"https:\/\/www.dinardopeningfestival.fr\/wp-content\/uploads\/2026\/03\/Bannie\u0300re-LinkedIn-Professionnelle-Digital-Moderne-Simple-Noir-et-Blanc-1.png","contentUrl":"https:\/\/www.dinardopeningfestival.fr\/wp-content\/uploads\/2026\/03\/Bannie\u0300re-LinkedIn-Professionnelle-Digital-Moderne-Simple-Noir-et-Blanc-1.png","width":1584,"height":396,"caption":"\u00a9 Louise Constant \/ \u00a9 Melissa Angot \/ \u00a9 DR"},{"@type":"WebPage","@id":"https:\/\/www.dinardopeningfestival.fr\/index.php\/trio-flute-alto-et-harpe\/#webpage","url":"https:\/\/www.dinardopeningfestival.fr\/index.php\/trio-flute-alto-et-harpe\/","name":"Trio fl\u00fbte, alto et harpe - Festival Dinard Opening","isPartOf":{"@id":"http:\/\/www.dinardopeningfestival.fr\/#website"},"primaryImageOfPage":{"@id":"https:\/\/www.dinardopeningfestival.fr\/index.php\/trio-flute-alto-et-harpe\/#primaryimage"},"datePublished":"2026-04-16T10:40:19+00:00","dateModified":"2026-04-16T10:40:19+00:00","breadcrumb":{"@id":"https:\/\/www.dinardopeningfestival.fr\/index.php\/trio-flute-alto-et-harpe\/#breadcrumb"},"inLanguage":"fr-FR","potentialAction":[{"@type":"ReadAction","target":["https:\/\/www.dinardopeningfestival.fr\/index.php\/trio-flute-alto-et-harpe\/"]}]},{"@type":"BreadcrumbList","@id":"https:\/\/www.dinardopeningfestival.fr\/index.php\/trio-flute-alto-et-harpe\/#breadcrumb","itemListElement":[{"@type":"ListItem","position":1,"name":"Accueil","item":"http:\/\/www.dinardopeningfestival.fr\/"},{"@type":"ListItem","position":2,"name":"Trio fl\u00fbte, alto et harpe"}]}]}},"_links":{"self":[{"href":"https:\/\/www.dinardopeningfestival.fr\/index.php\/wp-json\/wp\/v2\/pages\/2996","targetHints":{"allow":["GET"]}}],"collection":[{"href":"https:\/\/www.dinardopeningfestival.fr\/index.php\/wp-json\/wp\/v2\/pages"}],"about":[{"href":"https:\/\/www.dinardopeningfestival.fr\/index.php\/wp-json\/wp\/v2\/types\/page"}],"author":[{"embeddable":true,"href":"https:\/\/www.dinardopeningfestival.fr\/index.php\/wp-json\/wp\/v2\/users\/1"}],"replies":[{"embeddable":true,"href":"https:\/\/www.dinardopeningfestival.fr\/index.php\/wp-json\/wp\/v2\/comments?post=2996"}],"version-history":[{"count":5,"href":"https:\/\/www.dinardopeningfestival.fr\/index.php\/wp-json\/wp\/v2\/pages\/2996\/revisions"}],"predecessor-version":[{"id":3016,"href":"https:\/\/www.dinardopeningfestival.fr\/index.php\/wp-json\/wp\/v2\/pages\/2996\/revisions\/3016"}],"wp:featuredmedia":[{"embeddable":true,"href":"https:\/\/www.dinardopeningfestival.fr\/index.php\/wp-json\/wp\/v2\/media\/2991"}],"wp:attachment":[{"href":"https:\/\/www.dinardopeningfestival.fr\/index.php\/wp-json\/wp\/v2\/media?parent=2996"}],"curies":[{"name":"wp","href":"https:\/\/api.w.org\/{rel}","templated":true}]}}