{"id":42,"date":"2021-06-02T15:51:38","date_gmt":"2021-06-02T13:51:38","guid":{"rendered":"http:\/\/ygzvpgw.cluster030.hosting.ovh.net\/?page_id=42"},"modified":"2021-06-02T15:51:38","modified_gmt":"2021-06-02T13:51:38","slug":"local-brass-quintet","status":"publish","type":"page","link":"https:\/\/www.dinardopeningfestival.fr\/index.php\/local-brass-quintet\/","title":{"rendered":"Local Brass Quintet"},"content":{"rendered":"\n<p>Pouvait-on imaginer une premi\u00e8re \u00e9dition de Dinard Opening sans brass band ? Dipl\u00f4m\u00e9s du Conservatoire national sup\u00e9rieur de Paris, les cinq complices du Local Brass Quintet vont faire chanter leurs trompettes, cor et trombone sur tous les r\u00e9pertoires savants et populaires de la musique britannique.<\/p>\n\n\n\n<p>Laur\u00e9at du prestigieux concours international d\u2019Osaka au Japon, artiste Jeunes Talents depuis 2017 et soutenu par le M\u00e9c\u00e9nat Musical de la Caisse des d\u00e9p\u00f4ts, le Local Brass Quintet est l\u2019un des ensembles les plus dynamiques de sa g\u00e9n\u00e9ration. Depuis leur master de musique de chambre au Conservatoire National Sup\u00e9rieur de Musique de Chambre de Paris en 2018, le quintette \u0153uvre dans la cr\u00e9ation de nouveaux r\u00e9pertoires pour cette formation autour de transcriptions in\u00e9dites et commandes aupr\u00e8s de compositeurs brillants (Thomas Enhco, Jean-Claude Gengembre, Gabriel Philippot&#8230;). Leur premier CD \u00ab Stay tuned \u00bb sorti chez Klarthe en 2019 est unanimement salu\u00e9 par le public et la critique (Le Figaro, Radio Classique, cinq \u00e9toiles chez Classica, Leclic de Classiquenews, etc) et leur permet de se produire dans les festivals et \u00e9v\u00e9nements les plus prestigieux (F\u00eate de la musique \u00e0 Matignon, Surg\u00e8res Brass Festival, Eurocuivres, Epsival, Musicales de Cambrai, Musica Le Mans, Festival International de Gerardmer&#8230;), de passer r\u00e9guli\u00e8rement sur les ondes de France mais aussi de repr\u00e9senter l\u2019\u00e9cole fran\u00e7aise des cuivres \u00e0 l\u2019\u00e9tranger (tourn\u00e9es en Chine).<\/p>\n\n\n\n<p><strong>Javier Rossetto<\/strong>\u00a0: Trompette<\/p>\n\n\n\n<p><strong>Fran\u00e7ois Petitprez<\/strong>\u00a0: Trompette<\/p>\n\n\n\n<p><strong>Tancr\u00e8de Cymerman<\/strong>\u00a0: Tuba<\/p>\n\n\n\n<p><strong>Benoit Collet<\/strong>\u00a0: Cor<\/p>\n\n\n\n<p><strong>Romain Durand<\/strong>\u00a0: Trombone<\/p>\n","protected":false},"excerpt":{"rendered":"<p>Pouvait-on imaginer une premi\u00e8re \u00e9dition de Dinard Opening sans brass band ? Dipl\u00f4m\u00e9s du Conservatoire national sup\u00e9rieur de Paris, les cinq complices du Local Brass Quintet vont faire chanter leurs trompettes, cor et trombone sur tous les r\u00e9pertoires savants et populaires de la musique britannique. Laur\u00e9at du prestigieux concours international d\u2019Osaka au Japon, artiste Jeunes [&hellip;]<\/p>\n","protected":false},"author":1,"featured_media":0,"parent":0,"menu_order":0,"comment_status":"closed","ping_status":"closed","template":"","meta":{"footnotes":""},"class_list":["post-42","page","type-page","status-publish","hentry"],"yoast_head":"<!-- This site is optimized with the Yoast SEO plugin v19.2 - https:\/\/yoast.com\/wordpress\/plugins\/seo\/ -->\n<title>Local Brass Quintet - Festival Dinard Opening<\/title>\n<meta name=\"robots\" content=\"index, follow, max-snippet:-1, max-image-preview:large, max-video-preview:-1\" \/>\n<link rel=\"canonical\" href=\"https:\/\/www.dinardopeningfestival.fr\/index.php\/local-brass-quintet\/\" \/>\n<meta property=\"og:locale\" content=\"fr_FR\" \/>\n<meta property=\"og:type\" content=\"article\" \/>\n<meta property=\"og:title\" content=\"Local Brass Quintet - Festival Dinard Opening\" \/>\n<meta property=\"og:description\" content=\"Pouvait-on imaginer une premi\u00e8re \u00e9dition de Dinard Opening sans brass band ? Dipl\u00f4m\u00e9s du Conservatoire national sup\u00e9rieur de Paris, les cinq complices du Local Brass Quintet vont faire chanter leurs trompettes, cor et trombone sur tous les r\u00e9pertoires savants et populaires de la musique britannique. Laur\u00e9at du prestigieux concours international d\u2019Osaka au Japon, artiste Jeunes [&hellip;]\" \/>\n<meta property=\"og:url\" content=\"https:\/\/www.dinardopeningfestival.fr\/index.php\/local-brass-quintet\/\" \/>\n<meta property=\"og:site_name\" content=\"Festival Dinard Opening\" \/>\n<meta property=\"article:publisher\" content=\"https:\/\/www.facebook.com\/DinardOpeningFestival\" \/>\n<meta name=\"author\" content=\"admin4235\" \/>\n<meta name=\"twitter:card\" content=\"summary_large_image\" \/>\n<meta name=\"twitter:label1\" content=\"Dur\u00e9e de lecture estim\u00e9e\" \/>\n\t<meta name=\"twitter:data1\" content=\"1 minute\" \/>\n<script type=\"application\/ld+json\" class=\"yoast-schema-graph\">{\"@context\":\"https:\/\/schema.org\",\"@graph\":[{\"@type\":\"Organization\",\"@id\":\"http:\/\/www.dinardopeningfestival.fr\/#organization\",\"name\":\"Festival Dinard Opening\",\"url\":\"http:\/\/www.dinardopeningfestival.fr\/\",\"sameAs\":[\"https:\/\/www.instagram.com\/dinardopening\/\",\"https:\/\/www.facebook.com\/DinardOpeningFestival\"],\"logo\":{\"@type\":\"ImageObject\",\"inLanguage\":\"fr-FR\",\"@id\":\"http:\/\/www.dinardopeningfestival.fr\/#\/schema\/logo\/image\/\",\"url\":\"https:\/\/www.dinardopeningfestival.fr\/wp-content\/uploads\/2021\/06\/Logo-Dinard-bleu-opening-rouge-1-scaled.jpg\",\"contentUrl\":\"https:\/\/www.dinardopeningfestival.fr\/wp-content\/uploads\/2021\/06\/Logo-Dinard-bleu-opening-rouge-1-scaled.jpg\",\"width\":2560,\"height\":1810,\"caption\":\"Festival Dinard Opening\"},\"image\":{\"@id\":\"http:\/\/www.dinardopeningfestival.fr\/#\/schema\/logo\/image\/\"}},{\"@type\":\"WebSite\",\"@id\":\"http:\/\/www.dinardopeningfestival.fr\/#website\",\"url\":\"http:\/\/www.dinardopeningfestival.fr\/\",\"name\":\"Festival Dinard Opening\",\"description\":\"Le Festival des Musiques Britanniques\",\"publisher\":{\"@id\":\"http:\/\/www.dinardopeningfestival.fr\/#organization\"},\"potentialAction\":[{\"@type\":\"SearchAction\",\"target\":{\"@type\":\"EntryPoint\",\"urlTemplate\":\"http:\/\/www.dinardopeningfestival.fr\/?s={search_term_string}\"},\"query-input\":\"required name=search_term_string\"}],\"inLanguage\":\"fr-FR\"},{\"@type\":\"WebPage\",\"@id\":\"https:\/\/www.dinardopeningfestival.fr\/index.php\/local-brass-quintet\/#webpage\",\"url\":\"https:\/\/www.dinardopeningfestival.fr\/index.php\/local-brass-quintet\/\",\"name\":\"Local Brass Quintet - Festival Dinard Opening\",\"isPartOf\":{\"@id\":\"http:\/\/www.dinardopeningfestival.fr\/#website\"},\"datePublished\":\"2021-06-02T13:51:38+00:00\",\"dateModified\":\"2021-06-02T13:51:38+00:00\",\"breadcrumb\":{\"@id\":\"https:\/\/www.dinardopeningfestival.fr\/index.php\/local-brass-quintet\/#breadcrumb\"},\"inLanguage\":\"fr-FR\",\"potentialAction\":[{\"@type\":\"ReadAction\",\"target\":[\"https:\/\/www.dinardopeningfestival.fr\/index.php\/local-brass-quintet\/\"]}]},{\"@type\":\"BreadcrumbList\",\"@id\":\"https:\/\/www.dinardopeningfestival.fr\/index.php\/local-brass-quintet\/#breadcrumb\",\"itemListElement\":[{\"@type\":\"ListItem\",\"position\":1,\"name\":\"Accueil\",\"item\":\"http:\/\/www.dinardopeningfestival.fr\/\"},{\"@type\":\"ListItem\",\"position\":2,\"name\":\"Local Brass Quintet\"}]}]}<\/script>\n<!-- \/ Yoast SEO plugin. -->","yoast_head_json":{"title":"Local Brass Quintet - Festival Dinard Opening","robots":{"index":"index","follow":"follow","max-snippet":"max-snippet:-1","max-image-preview":"max-image-preview:large","max-video-preview":"max-video-preview:-1"},"canonical":"https:\/\/www.dinardopeningfestival.fr\/index.php\/local-brass-quintet\/","og_locale":"fr_FR","og_type":"article","og_title":"Local Brass Quintet - Festival Dinard Opening","og_description":"Pouvait-on imaginer une premi\u00e8re \u00e9dition de Dinard Opening sans brass band ? Dipl\u00f4m\u00e9s du Conservatoire national sup\u00e9rieur de Paris, les cinq complices du Local Brass Quintet vont faire chanter leurs trompettes, cor et trombone sur tous les r\u00e9pertoires savants et populaires de la musique britannique. Laur\u00e9at du prestigieux concours international d\u2019Osaka au Japon, artiste Jeunes [&hellip;]","og_url":"https:\/\/www.dinardopeningfestival.fr\/index.php\/local-brass-quintet\/","og_site_name":"Festival Dinard Opening","article_publisher":"https:\/\/www.facebook.com\/DinardOpeningFestival","author":"admin4235","twitter_card":"summary_large_image","twitter_misc":{"Dur\u00e9e de lecture estim\u00e9e":"1 minute"},"schema":{"@context":"https:\/\/schema.org","@graph":[{"@type":"Organization","@id":"http:\/\/www.dinardopeningfestival.fr\/#organization","name":"Festival Dinard Opening","url":"http:\/\/www.dinardopeningfestival.fr\/","sameAs":["https:\/\/www.instagram.com\/dinardopening\/","https:\/\/www.facebook.com\/DinardOpeningFestival"],"logo":{"@type":"ImageObject","inLanguage":"fr-FR","@id":"http:\/\/www.dinardopeningfestival.fr\/#\/schema\/logo\/image\/","url":"https:\/\/www.dinardopeningfestival.fr\/wp-content\/uploads\/2021\/06\/Logo-Dinard-bleu-opening-rouge-1-scaled.jpg","contentUrl":"https:\/\/www.dinardopeningfestival.fr\/wp-content\/uploads\/2021\/06\/Logo-Dinard-bleu-opening-rouge-1-scaled.jpg","width":2560,"height":1810,"caption":"Festival Dinard Opening"},"image":{"@id":"http:\/\/www.dinardopeningfestival.fr\/#\/schema\/logo\/image\/"}},{"@type":"WebSite","@id":"http:\/\/www.dinardopeningfestival.fr\/#website","url":"http:\/\/www.dinardopeningfestival.fr\/","name":"Festival Dinard Opening","description":"Le Festival des Musiques Britanniques","publisher":{"@id":"http:\/\/www.dinardopeningfestival.fr\/#organization"},"potentialAction":[{"@type":"SearchAction","target":{"@type":"EntryPoint","urlTemplate":"http:\/\/www.dinardopeningfestival.fr\/?s={search_term_string}"},"query-input":"required name=search_term_string"}],"inLanguage":"fr-FR"},{"@type":"WebPage","@id":"https:\/\/www.dinardopeningfestival.fr\/index.php\/local-brass-quintet\/#webpage","url":"https:\/\/www.dinardopeningfestival.fr\/index.php\/local-brass-quintet\/","name":"Local Brass Quintet - Festival Dinard Opening","isPartOf":{"@id":"http:\/\/www.dinardopeningfestival.fr\/#website"},"datePublished":"2021-06-02T13:51:38+00:00","dateModified":"2021-06-02T13:51:38+00:00","breadcrumb":{"@id":"https:\/\/www.dinardopeningfestival.fr\/index.php\/local-brass-quintet\/#breadcrumb"},"inLanguage":"fr-FR","potentialAction":[{"@type":"ReadAction","target":["https:\/\/www.dinardopeningfestival.fr\/index.php\/local-brass-quintet\/"]}]},{"@type":"BreadcrumbList","@id":"https:\/\/www.dinardopeningfestival.fr\/index.php\/local-brass-quintet\/#breadcrumb","itemListElement":[{"@type":"ListItem","position":1,"name":"Accueil","item":"http:\/\/www.dinardopeningfestival.fr\/"},{"@type":"ListItem","position":2,"name":"Local Brass Quintet"}]}]}},"_links":{"self":[{"href":"https:\/\/www.dinardopeningfestival.fr\/index.php\/wp-json\/wp\/v2\/pages\/42","targetHints":{"allow":["GET"]}}],"collection":[{"href":"https:\/\/www.dinardopeningfestival.fr\/index.php\/wp-json\/wp\/v2\/pages"}],"about":[{"href":"https:\/\/www.dinardopeningfestival.fr\/index.php\/wp-json\/wp\/v2\/types\/page"}],"author":[{"embeddable":true,"href":"https:\/\/www.dinardopeningfestival.fr\/index.php\/wp-json\/wp\/v2\/users\/1"}],"replies":[{"embeddable":true,"href":"https:\/\/www.dinardopeningfestival.fr\/index.php\/wp-json\/wp\/v2\/comments?post=42"}],"version-history":[{"count":1,"href":"https:\/\/www.dinardopeningfestival.fr\/index.php\/wp-json\/wp\/v2\/pages\/42\/revisions"}],"predecessor-version":[{"id":44,"href":"https:\/\/www.dinardopeningfestival.fr\/index.php\/wp-json\/wp\/v2\/pages\/42\/revisions\/44"}],"wp:attachment":[{"href":"https:\/\/www.dinardopeningfestival.fr\/index.php\/wp-json\/wp\/v2\/media?parent=42"}],"curies":[{"name":"wp","href":"https:\/\/api.w.org\/{rel}","templated":true}]}}