{"id":49,"date":"2021-06-02T15:56:17","date_gmt":"2021-06-02T13:56:17","guid":{"rendered":"http:\/\/ygzvpgw.cluster030.hosting.ovh.net\/?page_id=49"},"modified":"2021-07-16T16:31:11","modified_gmt":"2021-07-16T14:31:11","slug":"calum-stewart","status":"publish","type":"page","link":"https:\/\/www.dinardopeningfestival.fr\/index.php\/calum-stewart\/","title":{"rendered":"Calum Stewart Quartet"},"content":{"rendered":"\n<h2 class=\"wp-block-heading\"><strong>Phare de la sc\u00e8ne traditionnelle \u00e9cossaise.<\/strong><\/h2>\n\n\n\n<h4 class=\"wp-block-heading\">Reconnu comme un \u00e9l\u00e9ment moteur de la musique traditionnelle&nbsp;en Europe, l\u2019\u00e9cossais <strong>Calum Stewart<\/strong> propose un style unique, puissant et m\u00e9lodique, <br>fruit de son travail sur son uilleann pipes. Son originalit\u00e9 musicale est d\u00e9velopp\u00e9e \u00e0 travers ses multiples collaborations avec des musiciens et des projets d\u2019Ecosse, d\u2019Irlande et de Bretagne.<\/h4>\n\n\n\n<h4 class=\"wp-block-heading\"><strong>Calum Stewart<\/strong> a jou\u00e9 ou enregistr\u00e9 avec des artistes comme Julie Fowlis, <br>Gilles Servat, Angelo Kelly, M\u00e0nran, Lauren McCall, London Philarmonic Orchestra, Jamie Smith\u2019 Mabon, Heikki Bourgault, \u2026.<\/h4>\n\n\n\n<h4 class=\"wp-block-heading\">Son spectacle \u00ab&nbsp;<strong><em>Tales from the North<\/em><\/strong>&nbsp;\u00bb emm\u00e8ne le spectateur \u00e0 travers les histoires et l\u00e9gendes des territoires d\u2019Ecosse d\u2019o\u00f9 est originaire <strong>Calum<\/strong>. Compositions et morceaux traditionnels se m\u00e9langent pour illustrer le propos <br>et l\u2019univers musical de ce musicien de talent ! <br><br>Le tout arrang\u00e9 et port\u00e9 par des accompagnateurs de renom, accompagn\u00e9s sur sc\u00e8ne par la danseuse <strong>Mathilde Rio<\/strong> (tap-dance).<\/h4>\n\n\n\n<figure class=\"wp-block-embed is-type-video is-provider-youtube wp-block-embed-youtube wp-embed-aspect-16-9 wp-has-aspect-ratio\"><div class=\"wp-block-embed__wrapper\">\n<iframe loading=\"lazy\" title=\"Calum Stewart (Uilleann Pipes)  &quot;Tales from the North&quot;\" width=\"720\" height=\"405\" src=\"https:\/\/www.youtube.com\/embed\/SsGfuNybc74?feature=oembed\" frameborder=\"0\" allow=\"accelerometer; autoplay; clipboard-write; encrypted-media; gyroscope; picture-in-picture\" allowfullscreen><\/iframe>\n<\/div><\/figure>\n\n\n\n<hr class=\"wp-block-separator is-style-wide\"\/>\n\n\n\n<p><strong><u>La presse en parle&nbsp;:<\/u><\/strong><\/p>\n\n\n\n<blockquote class=\"wp-block-quote is-layout-flow wp-block-quote-is-layout-flow\"><p><em>\u00ab Calum Stewart, artiste phare de la sc\u00e8ne traditionnelle \u00e9cossaise \u00bb <strong>\u2013 France Musique<\/strong><\/em><\/p><\/blockquote>\n\n\n\n<blockquote class=\"wp-block-quote is-layout-flow wp-block-quote-is-layout-flow\"><p><em>\u00ab An astounding Uilleann Piper \u2026 Music that runs as pure as a Highland stream. \u00bb <strong>\u2013 ACOUSTIC Magazine<\/strong><\/em><\/p><\/blockquote>\n\n\n\n<blockquote class=\"wp-block-quote is-layout-flow wp-block-quote-is-layout-flow\"><p><em>\u00ab Seriously class playing.\u00bb <strong>\u2013 BBC Radio Scotland<\/strong><\/em><\/p><\/blockquote>\n\n\n\n<blockquote class=\"wp-block-quote is-layout-flow wp-block-quote-is-layout-flow\"><p><em>\u00ab A musician of outstanding virtuosity\u2026 Mountain-air piping clarity. \u00bb <strong>\u2013 Irish Music Magazine<\/strong><\/em><\/p><\/blockquote>\n\n\n\n<blockquote class=\"wp-block-quote is-layout-flow wp-block-quote-is-layout-flow\"><p><em>\u00ab Hits you right between the eyes.&nbsp; Outstanding \u00bb <strong>\u2013 The Living Tradition<\/strong><\/em> <\/p><\/blockquote>\n\n\n\n<blockquote class=\"wp-block-quote is-layout-flow wp-block-quote-is-layout-flow\"><p><em>\u00ab Calum Stewart joins the ranks of thoroughly modern Uilleann Pipers, who are steeped in their own tradition but cross borders to bring in other influences, and can write a damned fine tune\u00bb <strong>\u2013 Folk Radio<\/strong><\/em><\/p><\/blockquote>\n\n\n\n<hr class=\"wp-block-separator is-style-wide\"\/>\n\n\n\n<h3 class=\"wp-block-heading\"><strong><u>Musiciens :<\/u><\/strong><br><strong>Calum Stewart : <\/strong>Uilleann Pipes, Fl\u00fbte traversi\u00e8re<br><strong>Sylvain Le Qu\u00e9r\u00e9 : <\/strong>Guitare<br><strong>Yann Le Bozec : <\/strong>Contrebasse<br><strong>Mathilde Rio : <\/strong>Tap dancing<\/h3>\n\n\n\n<h4 class=\"wp-block-heading\"><strong><u>Discographie&nbsp;:<br><\/u>2017<\/strong> \u2013 Tales From The North <br><strong>2014<\/strong> \u2013 Hunter\u2019s Moon \u2013 Coop Breizh<br><strong>2011<\/strong> \u2013 Album \u00e9ponyme \u2013 Coop Breizh<\/h4>\n\n\n\n<ul class=\"wp-block-social-links aligncenter is-layout-flex wp-block-social-links-is-layout-flex\"><li class=\"wp-social-link wp-social-link-chain  wp-block-social-link\"><a href=\"https:\/\/www.calum-stewart.com\/\" class=\"wp-block-social-link-anchor\"><svg width=\"24\" height=\"24\" viewBox=\"0 0 24 24\" version=\"1.1\" xmlns=\"http:\/\/www.w3.org\/2000\/svg\" aria-hidden=\"true\" focusable=\"false\"><path d=\"M15.6,7.2H14v1.5h1.6c2,0,3.7,1.7,3.7,3.7s-1.7,3.7-3.7,3.7H14v1.5h1.6c2.8,0,5.2-2.3,5.2-5.2,0-2.9-2.3-5.2-5.2-5.2zM4.7,12.4c0-2,1.7-3.7,3.7-3.7H10V7.2H8.4c-2.9,0-5.2,2.3-5.2,5.2,0,2.9,2.3,5.2,5.2,5.2H10v-1.5H8.4c-2,0-3.7-1.7-3.7-3.7zm4.6.9h5.3v-1.5H9.3v1.5z\"><\/path><\/svg><span class=\"wp-block-social-link-label screen-reader-text\">Lien<\/span><\/a><\/li>\n\n<li class=\"wp-social-link wp-social-link-facebook  wp-block-social-link\"><a href=\"https:\/\/www.facebook.com\/CalumStewartMUSIC\/\" class=\"wp-block-social-link-anchor\"><svg width=\"24\" height=\"24\" viewBox=\"0 0 24 24\" version=\"1.1\" xmlns=\"http:\/\/www.w3.org\/2000\/svg\" aria-hidden=\"true\" focusable=\"false\"><path d=\"M12 2C6.5 2 2 6.5 2 12c0 5 3.7 9.1 8.4 9.9v-7H7.9V12h2.5V9.8c0-2.5 1.5-3.9 3.8-3.9 1.1 0 2.2.2 2.2.2v2.5h-1.3c-1.2 0-1.6.8-1.6 1.6V12h2.8l-.4 2.9h-2.3v7C18.3 21.1 22 17 22 12c0-5.5-4.5-10-10-10z\"><\/path><\/svg><span class=\"wp-block-social-link-label screen-reader-text\">Facebook<\/span><\/a><\/li>\n\n<li class=\"wp-social-link wp-social-link-instagram  wp-block-social-link\"><a href=\"https:\/\/www.instagram.com\/calumstewartmusic\/\" class=\"wp-block-social-link-anchor\"><svg width=\"24\" height=\"24\" viewBox=\"0 0 24 24\" version=\"1.1\" xmlns=\"http:\/\/www.w3.org\/2000\/svg\" aria-hidden=\"true\" focusable=\"false\"><path d=\"M12,4.622c2.403,0,2.688,0.009,3.637,0.052c0.877,0.04,1.354,0.187,1.671,0.31c0.42,0.163,0.72,0.358,1.035,0.673 c0.315,0.315,0.51,0.615,0.673,1.035c0.123,0.317,0.27,0.794,0.31,1.671c0.043,0.949,0.052,1.234,0.052,3.637 s-0.009,2.688-0.052,3.637c-0.04,0.877-0.187,1.354-0.31,1.671c-0.163,0.42-0.358,0.72-0.673,1.035 c-0.315,0.315-0.615,0.51-1.035,0.673c-0.317,0.123-0.794,0.27-1.671,0.31c-0.949,0.043-1.233,0.052-3.637,0.052 s-2.688-0.009-3.637-0.052c-0.877-0.04-1.354-0.187-1.671-0.31c-0.42-0.163-0.72-0.358-1.035-0.673 c-0.315-0.315-0.51-0.615-0.673-1.035c-0.123-0.317-0.27-0.794-0.31-1.671C4.631,14.688,4.622,14.403,4.622,12 s0.009-2.688,0.052-3.637c0.04-0.877,0.187-1.354,0.31-1.671c0.163-0.42,0.358-0.72,0.673-1.035 c0.315-0.315,0.615-0.51,1.035-0.673c0.317-0.123,0.794-0.27,1.671-0.31C9.312,4.631,9.597,4.622,12,4.622 M12,3 C9.556,3,9.249,3.01,8.289,3.054C7.331,3.098,6.677,3.25,6.105,3.472C5.513,3.702,5.011,4.01,4.511,4.511 c-0.5,0.5-0.808,1.002-1.038,1.594C3.25,6.677,3.098,7.331,3.054,8.289C3.01,9.249,3,9.556,3,12c0,2.444,0.01,2.751,0.054,3.711 c0.044,0.958,0.196,1.612,0.418,2.185c0.23,0.592,0.538,1.094,1.038,1.594c0.5,0.5,1.002,0.808,1.594,1.038 c0.572,0.222,1.227,0.375,2.185,0.418C9.249,20.99,9.556,21,12,21s2.751-0.01,3.711-0.054c0.958-0.044,1.612-0.196,2.185-0.418 c0.592-0.23,1.094-0.538,1.594-1.038c0.5-0.5,0.808-1.002,1.038-1.594c0.222-0.572,0.375-1.227,0.418-2.185 C20.99,14.751,21,14.444,21,12s-0.01-2.751-0.054-3.711c-0.044-0.958-0.196-1.612-0.418-2.185c-0.23-0.592-0.538-1.094-1.038-1.594 c-0.5-0.5-1.002-0.808-1.594-1.038c-0.572-0.222-1.227-0.375-2.185-0.418C14.751,3.01,14.444,3,12,3L12,3z M12,7.378 c-2.552,0-4.622,2.069-4.622,4.622S9.448,16.622,12,16.622s4.622-2.069,4.622-4.622S14.552,7.378,12,7.378z M12,15 c-1.657,0-3-1.343-3-3s1.343-3,3-3s3,1.343,3,3S13.657,15,12,15z M16.804,6.116c-0.596,0-1.08,0.484-1.08,1.08 s0.484,1.08,1.08,1.08c0.596,0,1.08-0.484,1.08-1.08S17.401,6.116,16.804,6.116z\"><\/path><\/svg><span class=\"wp-block-social-link-label screen-reader-text\">Instagram<\/span><\/a><\/li>\n\n<li class=\"wp-social-link wp-social-link-youtube  wp-block-social-link\"><a href=\"https:\/\/www.youtube.com\/user\/calumfrancisstewart\" class=\"wp-block-social-link-anchor\"><svg width=\"24\" height=\"24\" viewBox=\"0 0 24 24\" version=\"1.1\" xmlns=\"http:\/\/www.w3.org\/2000\/svg\" aria-hidden=\"true\" focusable=\"false\"><path d=\"M21.8,8.001c0,0-0.195-1.378-0.795-1.985c-0.76-0.797-1.613-0.801-2.004-0.847c-2.799-0.202-6.997-0.202-6.997-0.202 h-0.009c0,0-4.198,0-6.997,0.202C4.608,5.216,3.756,5.22,2.995,6.016C2.395,6.623,2.2,8.001,2.2,8.001S2,9.62,2,11.238v1.517 c0,1.618,0.2,3.237,0.2,3.237s0.195,1.378,0.795,1.985c0.761,0.797,1.76,0.771,2.205,0.855c1.6,0.153,6.8,0.201,6.8,0.201 s4.203-0.006,7.001-0.209c0.391-0.047,1.243-0.051,2.004-0.847c0.6-0.607,0.795-1.985,0.795-1.985s0.2-1.618,0.2-3.237v-1.517 C22,9.62,21.8,8.001,21.8,8.001z M9.935,14.594l-0.001-5.62l5.404,2.82L9.935,14.594z\"><\/path><\/svg><span class=\"wp-block-social-link-label screen-reader-text\">YouTube<\/span><\/a><\/li><\/ul>\n\n\n\n<h4 class=\"has-text-align-right wp-block-heading\"><a href=\"http:\/\/www.dinardopeningfestival.fr\/index.php\/informations-pratiques\/\">Tarifs B \/ C<\/a><\/h4>\n\n\n\n<h4 class=\"has-text-align-right wp-block-heading\">> <strong><a href=\"https:\/\/bit.ly\/3gGK439\">Achetez votre billet<\/a><\/strong> &lt;<\/h4>\n\n\n\n<hr class=\"wp-block-separator is-style-wide\"\/>\n\n\n\n<div class=\"wp-block-image\"><figure class=\"aligncenter size-large is-resized\"><img loading=\"lazy\" decoding=\"async\" src=\"http:\/\/www.dinardopeningfestival.fr\/wp-content\/uploads\/2021\/06\/drapeau-royaume-uni.png\" alt=\"\" class=\"wp-image-574\" width=\"92\" height=\"92\" srcset=\"https:\/\/www.dinardopeningfestival.fr\/wp-content\/uploads\/2021\/06\/drapeau-royaume-uni.png 360w, https:\/\/www.dinardopeningfestival.fr\/wp-content\/uploads\/2021\/06\/drapeau-royaume-uni-300x300.png 300w, https:\/\/www.dinardopeningfestival.fr\/wp-content\/uploads\/2021\/06\/drapeau-royaume-uni-150x150.png 150w, https:\/\/www.dinardopeningfestival.fr\/wp-content\/uploads\/2021\/06\/drapeau-royaume-uni-24x24.png 24w, https:\/\/www.dinardopeningfestival.fr\/wp-content\/uploads\/2021\/06\/drapeau-royaume-uni-36x36.png 36w, https:\/\/www.dinardopeningfestival.fr\/wp-content\/uploads\/2021\/06\/drapeau-royaume-uni-48x48.png 48w\" sizes=\"auto, (max-width: 92px) 100vw, 92px\" \/><\/figure><\/div>\n\n\n\n<h4 class=\"wp-block-heading\">A perfect ending\u2026 Sunday 15th of August a musical brunch with <strong>Calum Stewart <\/strong>and his group. A Scot who plays the Irish bagpipes?<br><br>Calum Stewart is a virtuoso prodigy, unlike anyone else, influenced by both <strong>Ireland &amp; Scotland<\/strong>. He became very much in demand after recording with the London Symphony, the London Philharmonic and the BBC Scottish Symphony. <br>His music will transport you to <strong>the Highlands and the Lowlands<\/strong>.<\/h4>\n","protected":false},"excerpt":{"rendered":"<p>Phare de la sc\u00e8ne traditionnelle \u00e9cossaise. Reconnu comme un \u00e9l\u00e9ment moteur de la musique traditionnelle&nbsp;en Europe, l\u2019\u00e9cossais Calum Stewart propose un style unique, puissant et m\u00e9lodique, fruit de son travail sur son uilleann pipes. Son originalit\u00e9 musicale est d\u00e9velopp\u00e9e \u00e0 travers ses multiples collaborations avec des musiciens et des projets d\u2019Ecosse, d\u2019Irlande et de Bretagne. [&hellip;]<\/p>\n","protected":false},"author":1,"featured_media":52,"parent":0,"menu_order":0,"comment_status":"closed","ping_status":"closed","template":"","meta":{"footnotes":""},"class_list":["post-49","page","type-page","status-publish","has-post-thumbnail","hentry"],"yoast_head":"<!-- This site is optimized with the Yoast SEO plugin v19.2 - https:\/\/yoast.com\/wordpress\/plugins\/seo\/ -->\n<title>Calum Stewart Quartet - Festival Dinard Opening<\/title>\n<meta name=\"robots\" content=\"index, follow, max-snippet:-1, max-image-preview:large, max-video-preview:-1\" \/>\n<link rel=\"canonical\" href=\"https:\/\/www.dinardopeningfestival.fr\/index.php\/calum-stewart\/\" \/>\n<meta property=\"og:locale\" content=\"fr_FR\" \/>\n<meta property=\"og:type\" content=\"article\" \/>\n<meta property=\"og:title\" content=\"Calum Stewart Quartet - Festival Dinard Opening\" \/>\n<meta property=\"og:description\" content=\"Phare de la sc\u00e8ne traditionnelle \u00e9cossaise. Reconnu comme un \u00e9l\u00e9ment moteur de la musique traditionnelle&nbsp;en Europe, l\u2019\u00e9cossais Calum Stewart propose un style unique, puissant et m\u00e9lodique, fruit de son travail sur son uilleann pipes. Son originalit\u00e9 musicale est d\u00e9velopp\u00e9e \u00e0 travers ses multiples collaborations avec des musiciens et des projets d\u2019Ecosse, d\u2019Irlande et de Bretagne. [&hellip;]\" \/>\n<meta property=\"og:url\" content=\"https:\/\/www.dinardopeningfestival.fr\/index.php\/calum-stewart\/\" \/>\n<meta property=\"og:site_name\" content=\"Festival Dinard Opening\" \/>\n<meta property=\"article:publisher\" content=\"https:\/\/www.facebook.com\/DinardOpeningFestival\" \/>\n<meta property=\"article:modified_time\" content=\"2021-07-16T14:31:11+00:00\" \/>\n<meta property=\"og:image\" content=\"https:\/\/www.dinardopeningfestival.fr\/wp-content\/uploads\/2021\/06\/calum-stewart-e1622705990604.jpg\" \/>\n\t<meta property=\"og:image:width\" content=\"1375\" \/>\n\t<meta property=\"og:image:height\" content=\"739\" \/>\n\t<meta property=\"og:image:type\" content=\"image\/jpeg\" \/>\n<meta name=\"author\" content=\"admin4235\" \/>\n<meta name=\"twitter:card\" content=\"summary_large_image\" \/>\n<meta name=\"twitter:label1\" content=\"Dur\u00e9e de lecture estim\u00e9e\" \/>\n\t<meta name=\"twitter:data1\" content=\"2 minutes\" \/>\n<script type=\"application\/ld+json\" class=\"yoast-schema-graph\">{\"@context\":\"https:\/\/schema.org\",\"@graph\":[{\"@type\":\"Organization\",\"@id\":\"http:\/\/www.dinardopeningfestival.fr\/#organization\",\"name\":\"Festival Dinard Opening\",\"url\":\"http:\/\/www.dinardopeningfestival.fr\/\",\"sameAs\":[\"https:\/\/www.instagram.com\/dinardopening\/\",\"https:\/\/www.facebook.com\/DinardOpeningFestival\"],\"logo\":{\"@type\":\"ImageObject\",\"inLanguage\":\"fr-FR\",\"@id\":\"http:\/\/www.dinardopeningfestival.fr\/#\/schema\/logo\/image\/\",\"url\":\"https:\/\/www.dinardopeningfestival.fr\/wp-content\/uploads\/2021\/06\/Logo-Dinard-bleu-opening-rouge-1-scaled.jpg\",\"contentUrl\":\"https:\/\/www.dinardopeningfestival.fr\/wp-content\/uploads\/2021\/06\/Logo-Dinard-bleu-opening-rouge-1-scaled.jpg\",\"width\":2560,\"height\":1810,\"caption\":\"Festival Dinard Opening\"},\"image\":{\"@id\":\"http:\/\/www.dinardopeningfestival.fr\/#\/schema\/logo\/image\/\"}},{\"@type\":\"WebSite\",\"@id\":\"http:\/\/www.dinardopeningfestival.fr\/#website\",\"url\":\"http:\/\/www.dinardopeningfestival.fr\/\",\"name\":\"Festival Dinard Opening\",\"description\":\"Le Festival des Musiques Britanniques\",\"publisher\":{\"@id\":\"http:\/\/www.dinardopeningfestival.fr\/#organization\"},\"potentialAction\":[{\"@type\":\"SearchAction\",\"target\":{\"@type\":\"EntryPoint\",\"urlTemplate\":\"http:\/\/www.dinardopeningfestival.fr\/?s={search_term_string}\"},\"query-input\":\"required name=search_term_string\"}],\"inLanguage\":\"fr-FR\"},{\"@type\":\"ImageObject\",\"inLanguage\":\"fr-FR\",\"@id\":\"https:\/\/www.dinardopeningfestival.fr\/index.php\/calum-stewart\/#primaryimage\",\"url\":\"https:\/\/www.dinardopeningfestival.fr\/wp-content\/uploads\/2021\/06\/calum-stewart-e1622705990604.jpg\",\"contentUrl\":\"https:\/\/www.dinardopeningfestival.fr\/wp-content\/uploads\/2021\/06\/calum-stewart-e1622705990604.jpg\",\"width\":1375,\"height\":739},{\"@type\":\"WebPage\",\"@id\":\"https:\/\/www.dinardopeningfestival.fr\/index.php\/calum-stewart\/#webpage\",\"url\":\"https:\/\/www.dinardopeningfestival.fr\/index.php\/calum-stewart\/\",\"name\":\"Calum Stewart Quartet - Festival Dinard Opening\",\"isPartOf\":{\"@id\":\"http:\/\/www.dinardopeningfestival.fr\/#website\"},\"primaryImageOfPage\":{\"@id\":\"https:\/\/www.dinardopeningfestival.fr\/index.php\/calum-stewart\/#primaryimage\"},\"datePublished\":\"2021-06-02T13:56:17+00:00\",\"dateModified\":\"2021-07-16T14:31:11+00:00\",\"breadcrumb\":{\"@id\":\"https:\/\/www.dinardopeningfestival.fr\/index.php\/calum-stewart\/#breadcrumb\"},\"inLanguage\":\"fr-FR\",\"potentialAction\":[{\"@type\":\"ReadAction\",\"target\":[\"https:\/\/www.dinardopeningfestival.fr\/index.php\/calum-stewart\/\"]}]},{\"@type\":\"BreadcrumbList\",\"@id\":\"https:\/\/www.dinardopeningfestival.fr\/index.php\/calum-stewart\/#breadcrumb\",\"itemListElement\":[{\"@type\":\"ListItem\",\"position\":1,\"name\":\"Accueil\",\"item\":\"http:\/\/www.dinardopeningfestival.fr\/\"},{\"@type\":\"ListItem\",\"position\":2,\"name\":\"Calum Stewart Quartet\"}]}]}<\/script>\n<!-- \/ Yoast SEO plugin. -->","yoast_head_json":{"title":"Calum Stewart Quartet - Festival Dinard Opening","robots":{"index":"index","follow":"follow","max-snippet":"max-snippet:-1","max-image-preview":"max-image-preview:large","max-video-preview":"max-video-preview:-1"},"canonical":"https:\/\/www.dinardopeningfestival.fr\/index.php\/calum-stewart\/","og_locale":"fr_FR","og_type":"article","og_title":"Calum Stewart Quartet - Festival Dinard Opening","og_description":"Phare de la sc\u00e8ne traditionnelle \u00e9cossaise. Reconnu comme un \u00e9l\u00e9ment moteur de la musique traditionnelle&nbsp;en Europe, l\u2019\u00e9cossais Calum Stewart propose un style unique, puissant et m\u00e9lodique, fruit de son travail sur son uilleann pipes. Son originalit\u00e9 musicale est d\u00e9velopp\u00e9e \u00e0 travers ses multiples collaborations avec des musiciens et des projets d\u2019Ecosse, d\u2019Irlande et de Bretagne. [&hellip;]","og_url":"https:\/\/www.dinardopeningfestival.fr\/index.php\/calum-stewart\/","og_site_name":"Festival Dinard Opening","article_publisher":"https:\/\/www.facebook.com\/DinardOpeningFestival","article_modified_time":"2021-07-16T14:31:11+00:00","og_image":[{"width":1375,"height":739,"url":"https:\/\/www.dinardopeningfestival.fr\/wp-content\/uploads\/2021\/06\/calum-stewart-e1622705990604.jpg","type":"image\/jpeg"}],"author":"admin4235","twitter_card":"summary_large_image","twitter_misc":{"Dur\u00e9e de lecture estim\u00e9e":"2 minutes"},"schema":{"@context":"https:\/\/schema.org","@graph":[{"@type":"Organization","@id":"http:\/\/www.dinardopeningfestival.fr\/#organization","name":"Festival Dinard Opening","url":"http:\/\/www.dinardopeningfestival.fr\/","sameAs":["https:\/\/www.instagram.com\/dinardopening\/","https:\/\/www.facebook.com\/DinardOpeningFestival"],"logo":{"@type":"ImageObject","inLanguage":"fr-FR","@id":"http:\/\/www.dinardopeningfestival.fr\/#\/schema\/logo\/image\/","url":"https:\/\/www.dinardopeningfestival.fr\/wp-content\/uploads\/2021\/06\/Logo-Dinard-bleu-opening-rouge-1-scaled.jpg","contentUrl":"https:\/\/www.dinardopeningfestival.fr\/wp-content\/uploads\/2021\/06\/Logo-Dinard-bleu-opening-rouge-1-scaled.jpg","width":2560,"height":1810,"caption":"Festival Dinard Opening"},"image":{"@id":"http:\/\/www.dinardopeningfestival.fr\/#\/schema\/logo\/image\/"}},{"@type":"WebSite","@id":"http:\/\/www.dinardopeningfestival.fr\/#website","url":"http:\/\/www.dinardopeningfestival.fr\/","name":"Festival Dinard Opening","description":"Le Festival des Musiques Britanniques","publisher":{"@id":"http:\/\/www.dinardopeningfestival.fr\/#organization"},"potentialAction":[{"@type":"SearchAction","target":{"@type":"EntryPoint","urlTemplate":"http:\/\/www.dinardopeningfestival.fr\/?s={search_term_string}"},"query-input":"required name=search_term_string"}],"inLanguage":"fr-FR"},{"@type":"ImageObject","inLanguage":"fr-FR","@id":"https:\/\/www.dinardopeningfestival.fr\/index.php\/calum-stewart\/#primaryimage","url":"https:\/\/www.dinardopeningfestival.fr\/wp-content\/uploads\/2021\/06\/calum-stewart-e1622705990604.jpg","contentUrl":"https:\/\/www.dinardopeningfestival.fr\/wp-content\/uploads\/2021\/06\/calum-stewart-e1622705990604.jpg","width":1375,"height":739},{"@type":"WebPage","@id":"https:\/\/www.dinardopeningfestival.fr\/index.php\/calum-stewart\/#webpage","url":"https:\/\/www.dinardopeningfestival.fr\/index.php\/calum-stewart\/","name":"Calum Stewart Quartet - Festival Dinard Opening","isPartOf":{"@id":"http:\/\/www.dinardopeningfestival.fr\/#website"},"primaryImageOfPage":{"@id":"https:\/\/www.dinardopeningfestival.fr\/index.php\/calum-stewart\/#primaryimage"},"datePublished":"2021-06-02T13:56:17+00:00","dateModified":"2021-07-16T14:31:11+00:00","breadcrumb":{"@id":"https:\/\/www.dinardopeningfestival.fr\/index.php\/calum-stewart\/#breadcrumb"},"inLanguage":"fr-FR","potentialAction":[{"@type":"ReadAction","target":["https:\/\/www.dinardopeningfestival.fr\/index.php\/calum-stewart\/"]}]},{"@type":"BreadcrumbList","@id":"https:\/\/www.dinardopeningfestival.fr\/index.php\/calum-stewart\/#breadcrumb","itemListElement":[{"@type":"ListItem","position":1,"name":"Accueil","item":"http:\/\/www.dinardopeningfestival.fr\/"},{"@type":"ListItem","position":2,"name":"Calum Stewart Quartet"}]}]}},"_links":{"self":[{"href":"https:\/\/www.dinardopeningfestival.fr\/index.php\/wp-json\/wp\/v2\/pages\/49","targetHints":{"allow":["GET"]}}],"collection":[{"href":"https:\/\/www.dinardopeningfestival.fr\/index.php\/wp-json\/wp\/v2\/pages"}],"about":[{"href":"https:\/\/www.dinardopeningfestival.fr\/index.php\/wp-json\/wp\/v2\/types\/page"}],"author":[{"embeddable":true,"href":"https:\/\/www.dinardopeningfestival.fr\/index.php\/wp-json\/wp\/v2\/users\/1"}],"replies":[{"embeddable":true,"href":"https:\/\/www.dinardopeningfestival.fr\/index.php\/wp-json\/wp\/v2\/comments?post=49"}],"version-history":[{"count":24,"href":"https:\/\/www.dinardopeningfestival.fr\/index.php\/wp-json\/wp\/v2\/pages\/49\/revisions"}],"predecessor-version":[{"id":661,"href":"https:\/\/www.dinardopeningfestival.fr\/index.php\/wp-json\/wp\/v2\/pages\/49\/revisions\/661"}],"wp:featuredmedia":[{"embeddable":true,"href":"https:\/\/www.dinardopeningfestival.fr\/index.php\/wp-json\/wp\/v2\/media\/52"}],"wp:attachment":[{"href":"https:\/\/www.dinardopeningfestival.fr\/index.php\/wp-json\/wp\/v2\/media?parent=49"}],"curies":[{"name":"wp","href":"https:\/\/api.w.org\/{rel}","templated":true}]}}