{"id":54,"date":"2021-06-02T16:01:51","date_gmt":"2021-06-02T14:01:51","guid":{"rendered":"http:\/\/ygzvpgw.cluster030.hosting.ovh.net\/?page_id=54"},"modified":"2021-07-16T16:33:00","modified_gmt":"2021-07-16T14:33:00","slug":"lorchestre-de-chambre-de-lile-de-groix-et-lorchestre-national-de-bretagne","status":"publish","type":"page","link":"https:\/\/www.dinardopeningfestival.fr\/index.php\/lorchestre-de-chambre-de-lile-de-groix-et-lorchestre-national-de-bretagne\/","title":{"rendered":"L\u2019Orchestre de chambre de l\u2019Ile de Groix"},"content":{"rendered":"\n<figure class=\"wp-block-image alignfull size-large\"><img loading=\"lazy\" decoding=\"async\" width=\"1024\" height=\"488\" src=\"http:\/\/ygzvpgw.cluster030.hosting.ovh.net\/wp-content\/uploads\/2021\/06\/Groix-1024x488.jpg\" alt=\"\" class=\"wp-image-318\" srcset=\"https:\/\/www.dinardopeningfestival.fr\/wp-content\/uploads\/2021\/06\/Groix-1024x488.jpg 1024w, https:\/\/www.dinardopeningfestival.fr\/wp-content\/uploads\/2021\/06\/Groix-300x143.jpg 300w, https:\/\/www.dinardopeningfestival.fr\/wp-content\/uploads\/2021\/06\/Groix-768x366.jpg 768w, https:\/\/www.dinardopeningfestival.fr\/wp-content\/uploads\/2021\/06\/Groix-24x11.jpg 24w, https:\/\/www.dinardopeningfestival.fr\/wp-content\/uploads\/2021\/06\/Groix-36x17.jpg 36w, https:\/\/www.dinardopeningfestival.fr\/wp-content\/uploads\/2021\/06\/Groix-48x23.jpg 48w, https:\/\/www.dinardopeningfestival.fr\/wp-content\/uploads\/2021\/06\/Groix.jpg 1240w\" sizes=\"auto, (max-width: 1024px) 100vw, 1024px\" \/><\/figure>\n\n\n\n<h2 class=\"wp-block-heading\"><strong>Embarquons pour un voyage romantique sur les terres anglaises.<\/strong><\/h2>\n\n\n\n<div class=\"wp-block-columns is-layout-flex wp-container-core-columns-is-layout-9d6595d7 wp-block-columns-is-layout-flex\">\n<div class=\"wp-block-column is-layout-flow wp-block-column-is-layout-flow\" style=\"flex-basis:100%\">\n<h4 class=\"wp-block-heading\">\u00c0 l\u2019\u00e9t\u00e9 2021, un nouvel orchestre verra le jour en Bretagne, <br>l\u2019Orchestre de Chambre de l\u2019Ile de Groix. <br><br><strong>Dirig\u00e9 par Ariane Matiakh<\/strong> et compos\u00e9 de <strong>28 jeunes musiciens<\/strong>, dont beaucoup sont bretons, l\u2019orchestre est inspir\u00e9 de l\u2019Orchestre des Si\u00e8cles de <br>Fran\u00e7ois-Xavier Roth et de l\u2019Orchestre des Dissonances de David Grimal. <br><br>De nombreux musiciens ont d\u00e9j\u00e0 commenc\u00e9 leur carri\u00e8re professionnelle <br>dans divers orchestres \u00e0 travers l\u2019Europe et ont tous \u00e9tudi\u00e9 <strong>les styles baroques et classiques, ainsi que les styles de musiques traditionnelles<\/strong>.<br><br><strong>L\u2019ONB<\/strong> est fier de soutenir les premiers concerts de l\u2019Orchestre de Chambre de l\u2019Ile de Groix. Ils repr\u00e9sentent <strong>une nouvelle g\u00e9n\u00e9ration de jeunes musiciens<\/strong> sur les traces d\u2019un style de programmation ouvert \u00e0 toutes les influences, similaire \u00e0 la d\u00e9marche de l\u2019ONB. <br><br>C\u2019est pourquoi, sous l\u2019impulsion de<strong> Fabien Boudot<\/strong>, premier violon de l\u2019ONB, <br>nous vous proposons notre premier concert conjoint en ouverture de Dinard Opening.<\/h4>\n<\/div>\n<\/div>\n\n\n\n<h4 class=\"has-text-align-right wp-block-heading\">Marc Feldman<br>Administrateur G\u00e9n\u00e9ral de l\u2019ONB<\/h4>\n\n\n\n<hr class=\"wp-block-separator aligncenter is-style-wide\"\/>\n\n\n\n<h3 class=\"wp-block-heading\">PROGRAMME<\/h3>\n\n\n\n<h4 class=\"wp-block-heading\">Benjamin BRITTEN (1913-1976)<br>Rhapsodie pour quatuor \u00e0 cordes<br>Ralph VAUGHAN WILLIAMS (1872-1958)<br>Fantasy Quintet, pour cordes : 2 violons, 2 altos, 1 violoncelle<br>Samuel COLERIDGE-TAYLOR (1875-1912)<br>Quintette pour clarinette et cordes<\/h4>\n\n\n\n<div class=\"wp-block-columns is-layout-flex wp-container-core-columns-is-layout-9d6595d7 wp-block-columns-is-layout-flex\">\n<div class=\"wp-block-column is-layout-flow wp-block-column-is-layout-flow\" style=\"flex-basis:100%\">\n<hr class=\"wp-block-separator alignfull is-style-wide\"\/>\n<\/div>\n<\/div>\n\n\n\n<h3 class=\"wp-block-heading\">Fabien BOUDOT, premier violon (violon super-solo de l\u2019ONB)<br>Julie HARDELIN, violon<br>\u00c9lise VASCHALDE, alto<br>Salom\u00e9 KIRKLAR, alto<br>Imane MAHROUG, violoncelle<br>Th\u00e9o F\u00dcHRER, clarinette<\/h3>\n\n\n\n<ul class=\"wp-block-social-links aligncenter is-layout-flex wp-block-social-links-is-layout-flex\"><li class=\"wp-social-link wp-social-link-facebook  wp-block-social-link\"><a href=\"https:\/\/www.facebook.com\/Orchestre-de-chambre-de-l%C3%8Ele-de-Groix-102375095332225\" class=\"wp-block-social-link-anchor\"><svg width=\"24\" height=\"24\" viewBox=\"0 0 24 24\" version=\"1.1\" xmlns=\"http:\/\/www.w3.org\/2000\/svg\" aria-hidden=\"true\" focusable=\"false\"><path d=\"M12 2C6.5 2 2 6.5 2 12c0 5 3.7 9.1 8.4 9.9v-7H7.9V12h2.5V9.8c0-2.5 1.5-3.9 3.8-3.9 1.1 0 2.2.2 2.2.2v2.5h-1.3c-1.2 0-1.6.8-1.6 1.6V12h2.8l-.4 2.9h-2.3v7C18.3 21.1 22 17 22 12c0-5.5-4.5-10-10-10z\"><\/path><\/svg><span class=\"wp-block-social-link-label screen-reader-text\">Facebook<\/span><\/a><\/li>\n\n<li class=\"wp-social-link wp-social-link-instagram  wp-block-social-link\"><a href=\"https:\/\/www.instagram.com\/orchestredechambreiledegroix\/\" class=\"wp-block-social-link-anchor\"><svg width=\"24\" height=\"24\" viewBox=\"0 0 24 24\" version=\"1.1\" xmlns=\"http:\/\/www.w3.org\/2000\/svg\" aria-hidden=\"true\" focusable=\"false\"><path d=\"M12,4.622c2.403,0,2.688,0.009,3.637,0.052c0.877,0.04,1.354,0.187,1.671,0.31c0.42,0.163,0.72,0.358,1.035,0.673 c0.315,0.315,0.51,0.615,0.673,1.035c0.123,0.317,0.27,0.794,0.31,1.671c0.043,0.949,0.052,1.234,0.052,3.637 s-0.009,2.688-0.052,3.637c-0.04,0.877-0.187,1.354-0.31,1.671c-0.163,0.42-0.358,0.72-0.673,1.035 c-0.315,0.315-0.615,0.51-1.035,0.673c-0.317,0.123-0.794,0.27-1.671,0.31c-0.949,0.043-1.233,0.052-3.637,0.052 s-2.688-0.009-3.637-0.052c-0.877-0.04-1.354-0.187-1.671-0.31c-0.42-0.163-0.72-0.358-1.035-0.673 c-0.315-0.315-0.51-0.615-0.673-1.035c-0.123-0.317-0.27-0.794-0.31-1.671C4.631,14.688,4.622,14.403,4.622,12 s0.009-2.688,0.052-3.637c0.04-0.877,0.187-1.354,0.31-1.671c0.163-0.42,0.358-0.72,0.673-1.035 c0.315-0.315,0.615-0.51,1.035-0.673c0.317-0.123,0.794-0.27,1.671-0.31C9.312,4.631,9.597,4.622,12,4.622 M12,3 C9.556,3,9.249,3.01,8.289,3.054C7.331,3.098,6.677,3.25,6.105,3.472C5.513,3.702,5.011,4.01,4.511,4.511 c-0.5,0.5-0.808,1.002-1.038,1.594C3.25,6.677,3.098,7.331,3.054,8.289C3.01,9.249,3,9.556,3,12c0,2.444,0.01,2.751,0.054,3.711 c0.044,0.958,0.196,1.612,0.418,2.185c0.23,0.592,0.538,1.094,1.038,1.594c0.5,0.5,1.002,0.808,1.594,1.038 c0.572,0.222,1.227,0.375,2.185,0.418C9.249,20.99,9.556,21,12,21s2.751-0.01,3.711-0.054c0.958-0.044,1.612-0.196,2.185-0.418 c0.592-0.23,1.094-0.538,1.594-1.038c0.5-0.5,0.808-1.002,1.038-1.594c0.222-0.572,0.375-1.227,0.418-2.185 C20.99,14.751,21,14.444,21,12s-0.01-2.751-0.054-3.711c-0.044-0.958-0.196-1.612-0.418-2.185c-0.23-0.592-0.538-1.094-1.038-1.594 c-0.5-0.5-1.002-0.808-1.594-1.038c-0.572-0.222-1.227-0.375-2.185-0.418C14.751,3.01,14.444,3,12,3L12,3z M12,7.378 c-2.552,0-4.622,2.069-4.622,4.622S9.448,16.622,12,16.622s4.622-2.069,4.622-4.622S14.552,7.378,12,7.378z M12,15 c-1.657,0-3-1.343-3-3s1.343-3,3-3s3,1.343,3,3S13.657,15,12,15z M16.804,6.116c-0.596,0-1.08,0.484-1.08,1.08 s0.484,1.08,1.08,1.08c0.596,0,1.08-0.484,1.08-1.08S17.401,6.116,16.804,6.116z\"><\/path><\/svg><span class=\"wp-block-social-link-label screen-reader-text\">Instagram<\/span><\/a><\/li><\/ul>\n\n\n\n<hr class=\"wp-block-separator is-style-wide\"\/>\n\n\n\n<h4 class=\"has-text-align-right wp-block-heading\"><a href=\"http:\/\/www.dinardopeningfestival.fr\/index.php\/informations-pratiques\/\">Tarifs B \/ C<\/a><\/h4>\n\n\n\n<h4 class=\"has-text-align-right wp-block-heading\">> <strong><a href=\"https:\/\/bit.ly\/3iL6aUT\">Achetez votre billet<\/a><\/strong> &lt;<\/h4>\n\n\n\n<p><\/p>\n","protected":false},"excerpt":{"rendered":"<p>Embarquons pour un voyage romantique sur les terres anglaises. \u00c0 l\u2019\u00e9t\u00e9 2021, un nouvel orchestre verra le jour en Bretagne, l\u2019Orchestre de Chambre de l\u2019Ile de Groix. Dirig\u00e9 par Ariane Matiakh et compos\u00e9 de 28 jeunes musiciens, dont beaucoup sont bretons, l\u2019orchestre est inspir\u00e9 de l\u2019Orchestre des Si\u00e8cles de Fran\u00e7ois-Xavier Roth et de l\u2019Orchestre des [&hellip;]<\/p>\n","protected":false},"author":1,"featured_media":0,"parent":0,"menu_order":0,"comment_status":"closed","ping_status":"closed","template":"","meta":{"footnotes":""},"class_list":["post-54","page","type-page","status-publish","hentry"],"yoast_head":"<!-- This site is optimized with the Yoast SEO plugin v19.2 - https:\/\/yoast.com\/wordpress\/plugins\/seo\/ -->\n<title>L\u2019Orchestre de chambre de l\u2019Ile de Groix - Festival Dinard Opening<\/title>\n<meta name=\"robots\" content=\"index, follow, max-snippet:-1, max-image-preview:large, max-video-preview:-1\" \/>\n<link rel=\"canonical\" href=\"http:\/\/www.dinardopeningfestival.fr\/index.php\/lorchestre-de-chambre-de-lile-de-groix-et-lorchestre-national-de-bretagne\/\" \/>\n<meta property=\"og:locale\" content=\"fr_FR\" \/>\n<meta property=\"og:type\" content=\"article\" \/>\n<meta property=\"og:title\" content=\"L\u2019Orchestre de chambre de l\u2019Ile de Groix - Festival Dinard Opening\" \/>\n<meta property=\"og:description\" content=\"Embarquons pour un voyage romantique sur les terres anglaises. \u00c0 l\u2019\u00e9t\u00e9 2021, un nouvel orchestre verra le jour en Bretagne, l\u2019Orchestre de Chambre de l\u2019Ile de Groix. Dirig\u00e9 par Ariane Matiakh et compos\u00e9 de 28 jeunes musiciens, dont beaucoup sont bretons, l\u2019orchestre est inspir\u00e9 de l\u2019Orchestre des Si\u00e8cles de Fran\u00e7ois-Xavier Roth et de l\u2019Orchestre des [&hellip;]\" \/>\n<meta property=\"og:url\" content=\"http:\/\/www.dinardopeningfestival.fr\/index.php\/lorchestre-de-chambre-de-lile-de-groix-et-lorchestre-national-de-bretagne\/\" \/>\n<meta property=\"og:site_name\" content=\"Festival Dinard Opening\" \/>\n<meta property=\"article:publisher\" content=\"https:\/\/www.facebook.com\/DinardOpeningFestival\" \/>\n<meta property=\"article:modified_time\" content=\"2021-07-16T14:33:00+00:00\" \/>\n<meta property=\"og:image\" content=\"http:\/\/ygzvpgw.cluster030.hosting.ovh.net\/wp-content\/uploads\/2021\/06\/Groix-1024x488.jpg\" \/>\n<meta name=\"author\" content=\"admin4235\" \/>\n<meta name=\"twitter:card\" content=\"summary_large_image\" \/>\n<meta name=\"twitter:label1\" content=\"Dur\u00e9e de lecture estim\u00e9e\" \/>\n\t<meta name=\"twitter:data1\" content=\"1 minute\" \/>\n<script type=\"application\/ld+json\" class=\"yoast-schema-graph\">{\"@context\":\"https:\/\/schema.org\",\"@graph\":[{\"@type\":\"Organization\",\"@id\":\"http:\/\/www.dinardopeningfestival.fr\/#organization\",\"name\":\"Festival Dinard Opening\",\"url\":\"http:\/\/www.dinardopeningfestival.fr\/\",\"sameAs\":[\"https:\/\/www.instagram.com\/dinardopening\/\",\"https:\/\/www.facebook.com\/DinardOpeningFestival\"],\"logo\":{\"@type\":\"ImageObject\",\"inLanguage\":\"fr-FR\",\"@id\":\"http:\/\/www.dinardopeningfestival.fr\/#\/schema\/logo\/image\/\",\"url\":\"https:\/\/www.dinardopeningfestival.fr\/wp-content\/uploads\/2021\/06\/Logo-Dinard-bleu-opening-rouge-1-scaled.jpg\",\"contentUrl\":\"https:\/\/www.dinardopeningfestival.fr\/wp-content\/uploads\/2021\/06\/Logo-Dinard-bleu-opening-rouge-1-scaled.jpg\",\"width\":2560,\"height\":1810,\"caption\":\"Festival Dinard Opening\"},\"image\":{\"@id\":\"http:\/\/www.dinardopeningfestival.fr\/#\/schema\/logo\/image\/\"}},{\"@type\":\"WebSite\",\"@id\":\"http:\/\/www.dinardopeningfestival.fr\/#website\",\"url\":\"http:\/\/www.dinardopeningfestival.fr\/\",\"name\":\"Festival Dinard Opening\",\"description\":\"Le Festival des Musiques Britanniques\",\"publisher\":{\"@id\":\"http:\/\/www.dinardopeningfestival.fr\/#organization\"},\"potentialAction\":[{\"@type\":\"SearchAction\",\"target\":{\"@type\":\"EntryPoint\",\"urlTemplate\":\"http:\/\/www.dinardopeningfestival.fr\/?s={search_term_string}\"},\"query-input\":\"required name=search_term_string\"}],\"inLanguage\":\"fr-FR\"},{\"@type\":\"ImageObject\",\"inLanguage\":\"fr-FR\",\"@id\":\"http:\/\/www.dinardopeningfestival.fr\/index.php\/lorchestre-de-chambre-de-lile-de-groix-et-lorchestre-national-de-bretagne\/#primaryimage\",\"url\":\"http:\/\/ygzvpgw.cluster030.hosting.ovh.net\/wp-content\/uploads\/2021\/06\/Groix-1024x488.jpg\",\"contentUrl\":\"http:\/\/ygzvpgw.cluster030.hosting.ovh.net\/wp-content\/uploads\/2021\/06\/Groix-1024x488.jpg\"},{\"@type\":\"WebPage\",\"@id\":\"http:\/\/www.dinardopeningfestival.fr\/index.php\/lorchestre-de-chambre-de-lile-de-groix-et-lorchestre-national-de-bretagne\/#webpage\",\"url\":\"http:\/\/www.dinardopeningfestival.fr\/index.php\/lorchestre-de-chambre-de-lile-de-groix-et-lorchestre-national-de-bretagne\/\",\"name\":\"L\u2019Orchestre de chambre de l\u2019Ile de Groix - Festival Dinard Opening\",\"isPartOf\":{\"@id\":\"http:\/\/www.dinardopeningfestival.fr\/#website\"},\"primaryImageOfPage\":{\"@id\":\"http:\/\/www.dinardopeningfestival.fr\/index.php\/lorchestre-de-chambre-de-lile-de-groix-et-lorchestre-national-de-bretagne\/#primaryimage\"},\"datePublished\":\"2021-06-02T14:01:51+00:00\",\"dateModified\":\"2021-07-16T14:33:00+00:00\",\"breadcrumb\":{\"@id\":\"http:\/\/www.dinardopeningfestival.fr\/index.php\/lorchestre-de-chambre-de-lile-de-groix-et-lorchestre-national-de-bretagne\/#breadcrumb\"},\"inLanguage\":\"fr-FR\",\"potentialAction\":[{\"@type\":\"ReadAction\",\"target\":[\"http:\/\/www.dinardopeningfestival.fr\/index.php\/lorchestre-de-chambre-de-lile-de-groix-et-lorchestre-national-de-bretagne\/\"]}]},{\"@type\":\"BreadcrumbList\",\"@id\":\"http:\/\/www.dinardopeningfestival.fr\/index.php\/lorchestre-de-chambre-de-lile-de-groix-et-lorchestre-national-de-bretagne\/#breadcrumb\",\"itemListElement\":[{\"@type\":\"ListItem\",\"position\":1,\"name\":\"Accueil\",\"item\":\"http:\/\/www.dinardopeningfestival.fr\/\"},{\"@type\":\"ListItem\",\"position\":2,\"name\":\"L\u2019Orchestre de chambre de l\u2019Ile de Groix\"}]}]}<\/script>\n<!-- \/ Yoast SEO plugin. -->","yoast_head_json":{"title":"L\u2019Orchestre de chambre de l\u2019Ile de Groix - Festival Dinard Opening","robots":{"index":"index","follow":"follow","max-snippet":"max-snippet:-1","max-image-preview":"max-image-preview:large","max-video-preview":"max-video-preview:-1"},"canonical":"http:\/\/www.dinardopeningfestival.fr\/index.php\/lorchestre-de-chambre-de-lile-de-groix-et-lorchestre-national-de-bretagne\/","og_locale":"fr_FR","og_type":"article","og_title":"L\u2019Orchestre de chambre de l\u2019Ile de Groix - Festival Dinard Opening","og_description":"Embarquons pour un voyage romantique sur les terres anglaises. \u00c0 l\u2019\u00e9t\u00e9 2021, un nouvel orchestre verra le jour en Bretagne, l\u2019Orchestre de Chambre de l\u2019Ile de Groix. Dirig\u00e9 par Ariane Matiakh et compos\u00e9 de 28 jeunes musiciens, dont beaucoup sont bretons, l\u2019orchestre est inspir\u00e9 de l\u2019Orchestre des Si\u00e8cles de Fran\u00e7ois-Xavier Roth et de l\u2019Orchestre des [&hellip;]","og_url":"http:\/\/www.dinardopeningfestival.fr\/index.php\/lorchestre-de-chambre-de-lile-de-groix-et-lorchestre-national-de-bretagne\/","og_site_name":"Festival Dinard Opening","article_publisher":"https:\/\/www.facebook.com\/DinardOpeningFestival","article_modified_time":"2021-07-16T14:33:00+00:00","og_image":[{"url":"http:\/\/ygzvpgw.cluster030.hosting.ovh.net\/wp-content\/uploads\/2021\/06\/Groix-1024x488.jpg"}],"author":"admin4235","twitter_card":"summary_large_image","twitter_misc":{"Dur\u00e9e de lecture estim\u00e9e":"1 minute"},"schema":{"@context":"https:\/\/schema.org","@graph":[{"@type":"Organization","@id":"http:\/\/www.dinardopeningfestival.fr\/#organization","name":"Festival Dinard Opening","url":"http:\/\/www.dinardopeningfestival.fr\/","sameAs":["https:\/\/www.instagram.com\/dinardopening\/","https:\/\/www.facebook.com\/DinardOpeningFestival"],"logo":{"@type":"ImageObject","inLanguage":"fr-FR","@id":"http:\/\/www.dinardopeningfestival.fr\/#\/schema\/logo\/image\/","url":"https:\/\/www.dinardopeningfestival.fr\/wp-content\/uploads\/2021\/06\/Logo-Dinard-bleu-opening-rouge-1-scaled.jpg","contentUrl":"https:\/\/www.dinardopeningfestival.fr\/wp-content\/uploads\/2021\/06\/Logo-Dinard-bleu-opening-rouge-1-scaled.jpg","width":2560,"height":1810,"caption":"Festival Dinard Opening"},"image":{"@id":"http:\/\/www.dinardopeningfestival.fr\/#\/schema\/logo\/image\/"}},{"@type":"WebSite","@id":"http:\/\/www.dinardopeningfestival.fr\/#website","url":"http:\/\/www.dinardopeningfestival.fr\/","name":"Festival Dinard Opening","description":"Le Festival des Musiques Britanniques","publisher":{"@id":"http:\/\/www.dinardopeningfestival.fr\/#organization"},"potentialAction":[{"@type":"SearchAction","target":{"@type":"EntryPoint","urlTemplate":"http:\/\/www.dinardopeningfestival.fr\/?s={search_term_string}"},"query-input":"required name=search_term_string"}],"inLanguage":"fr-FR"},{"@type":"ImageObject","inLanguage":"fr-FR","@id":"http:\/\/www.dinardopeningfestival.fr\/index.php\/lorchestre-de-chambre-de-lile-de-groix-et-lorchestre-national-de-bretagne\/#primaryimage","url":"http:\/\/ygzvpgw.cluster030.hosting.ovh.net\/wp-content\/uploads\/2021\/06\/Groix-1024x488.jpg","contentUrl":"http:\/\/ygzvpgw.cluster030.hosting.ovh.net\/wp-content\/uploads\/2021\/06\/Groix-1024x488.jpg"},{"@type":"WebPage","@id":"http:\/\/www.dinardopeningfestival.fr\/index.php\/lorchestre-de-chambre-de-lile-de-groix-et-lorchestre-national-de-bretagne\/#webpage","url":"http:\/\/www.dinardopeningfestival.fr\/index.php\/lorchestre-de-chambre-de-lile-de-groix-et-lorchestre-national-de-bretagne\/","name":"L\u2019Orchestre de chambre de l\u2019Ile de Groix - Festival Dinard Opening","isPartOf":{"@id":"http:\/\/www.dinardopeningfestival.fr\/#website"},"primaryImageOfPage":{"@id":"http:\/\/www.dinardopeningfestival.fr\/index.php\/lorchestre-de-chambre-de-lile-de-groix-et-lorchestre-national-de-bretagne\/#primaryimage"},"datePublished":"2021-06-02T14:01:51+00:00","dateModified":"2021-07-16T14:33:00+00:00","breadcrumb":{"@id":"http:\/\/www.dinardopeningfestival.fr\/index.php\/lorchestre-de-chambre-de-lile-de-groix-et-lorchestre-national-de-bretagne\/#breadcrumb"},"inLanguage":"fr-FR","potentialAction":[{"@type":"ReadAction","target":["http:\/\/www.dinardopeningfestival.fr\/index.php\/lorchestre-de-chambre-de-lile-de-groix-et-lorchestre-national-de-bretagne\/"]}]},{"@type":"BreadcrumbList","@id":"http:\/\/www.dinardopeningfestival.fr\/index.php\/lorchestre-de-chambre-de-lile-de-groix-et-lorchestre-national-de-bretagne\/#breadcrumb","itemListElement":[{"@type":"ListItem","position":1,"name":"Accueil","item":"http:\/\/www.dinardopeningfestival.fr\/"},{"@type":"ListItem","position":2,"name":"L\u2019Orchestre de chambre de l\u2019Ile de Groix"}]}]}},"_links":{"self":[{"href":"https:\/\/www.dinardopeningfestival.fr\/index.php\/wp-json\/wp\/v2\/pages\/54","targetHints":{"allow":["GET"]}}],"collection":[{"href":"https:\/\/www.dinardopeningfestival.fr\/index.php\/wp-json\/wp\/v2\/pages"}],"about":[{"href":"https:\/\/www.dinardopeningfestival.fr\/index.php\/wp-json\/wp\/v2\/types\/page"}],"author":[{"embeddable":true,"href":"https:\/\/www.dinardopeningfestival.fr\/index.php\/wp-json\/wp\/v2\/users\/1"}],"replies":[{"embeddable":true,"href":"https:\/\/www.dinardopeningfestival.fr\/index.php\/wp-json\/wp\/v2\/comments?post=54"}],"version-history":[{"count":21,"href":"https:\/\/www.dinardopeningfestival.fr\/index.php\/wp-json\/wp\/v2\/pages\/54\/revisions"}],"predecessor-version":[{"id":663,"href":"https:\/\/www.dinardopeningfestival.fr\/index.php\/wp-json\/wp\/v2\/pages\/54\/revisions\/663"}],"wp:attachment":[{"href":"https:\/\/www.dinardopeningfestival.fr\/index.php\/wp-json\/wp\/v2\/media?parent=54"}],"curies":[{"name":"wp","href":"https:\/\/api.w.org\/{rel}","templated":true}]}}