{"id":95,"date":"2021-06-04T14:54:00","date_gmt":"2021-06-04T12:54:00","guid":{"rendered":"http:\/\/ygzvpgw.cluster030.hosting.ovh.net\/?page_id=95"},"modified":"2021-07-16T16:29:14","modified_gmt":"2021-07-16T14:29:14","slug":"jane-birkin","status":"publish","type":"page","link":"https:\/\/www.dinardopeningfestival.fr\/index.php\/jane-birkin\/","title":{"rendered":"Jane Birkin"},"content":{"rendered":"\n<h2 class=\"wp-block-heading\"><strong>Marraine de Dinard Opening<\/strong><br><strong>Ce mois de juillet 2020, Jane Birkin vient d&rsquo;achever l&rsquo;enregistrement de \u00ab Oh ! Pardon, tu dormais\u2026 \u00bb.<\/strong><\/h2>\n\n\n\n<div class=\"wp-block-group\"><div class=\"wp-block-group__inner-container is-layout-flow wp-block-group-is-layout-flow\">\n<div class=\"wp-block-columns is-layout-flex wp-container-core-columns-is-layout-9d6595d7 wp-block-columns-is-layout-flex\"><\/div>\n<\/div><\/div>\n\n\n\n<h4 class=\"wp-block-heading\"><strong>Un \u00e9v\u00e9nement<\/strong>. Car au sommet d&rsquo;une carri\u00e8re immense, d&rsquo;une vie romanesque et tragique, au croisement de tous les arts et artistes, avec sa sensibilit\u00e9 extr\u00eame, Jane a toujours \u00e9t\u00e9 une muse, une interpr\u00e8te, et s&rsquo;est rarement expos\u00e9e comme auteure&#8230; Mais <strong>\u00c9tienne Daho<\/strong>, convaincu par son talent est enfin parvenu \u00e0 <br>la d\u00e9cider \u00e0 enregistrer ses propres textes, \u00e0 partir de la pi\u00e8ce qu&rsquo;elle \u00e9crivit <br>il y a 20 ans. <\/h4>\n\n\n\n<h4 class=\"wp-block-heading\">Alors l&rsquo;id\u00e9e de cet album a pris corps et \u00c9tienne a commenc\u00e9 \u00e0 accompagner les compositions de Jane avec la certitude de son talent d&rsquo;auteure avec autant de force et d\u2019intensit\u00e9\u2026<\/h4>\n\n\n\n<h4 class=\"wp-block-heading\">\u00ab Oh ! Pardon, tu dormais&#8230; \u00bb (l&rsquo;album) est un projet musical con\u00e7u par <br><strong>Etienne Daho<\/strong>, \u00e9crit par <strong>Jane Birkin<\/strong> et <strong>Etienne Daho<\/strong> pour certains textes, <br>et compos\u00e9 et r\u00e9alis\u00e9 par <strong>Etienne Daho<\/strong> et <strong>Jean-Louis Pi\u00e9rot<\/strong>.<\/h4>\n\n\n\n<figure class=\"wp-block-embed is-type-video is-provider-youtube wp-block-embed-youtube wp-embed-aspect-16-9 wp-has-aspect-ratio\"><div class=\"wp-block-embed__wrapper\">\n<iframe loading=\"lazy\" title=\"Jane Birkin - Les Jeux Interdits (Clip Officiel)\" width=\"720\" height=\"405\" src=\"https:\/\/www.youtube.com\/embed\/yRIvExTlvqk?feature=oembed\" frameborder=\"0\" allow=\"accelerometer; autoplay; clipboard-write; encrypted-media; gyroscope; picture-in-picture\" allowfullscreen><\/iframe>\n<\/div><\/figure>\n\n\n\n<p><\/p>\n\n\n\n<h4 class=\"wp-block-heading\"><em>\u00ab J\u2019ai h\u00e2te d\u2019\u00eatre sur les routes\u2026 C\u2019est un nouveau d\u00e9part vers un paysage tout juste d\u00e9couvert&#8230;mon sac \u00e0 dos empli de souvenirs et de cet album nouveau n\u00e9. Je m\u2019avance vers vous\u2026 \u00bb<\/em> <strong>Jane Birkin<\/strong><\/h4>\n\n\n\n<h4 class=\"wp-block-heading\">\u00ab Oh! Pardon tu dormais\u2026 \u00bb est devenu un album avec lequel Jane partira bient\u00f4t sur les routes. <em>Lorsqu\u2019elle apparaitra sur sc\u00e8ne, elle sera telle une reine, par\u00e9e de ses textes d\u00e9chirants. Elle d\u00e9roulera de sa voix et de son interpr\u00e9tation uniques, la bande son de notre vie. \u00bb<\/em> <strong>Etienne Daho<\/strong><\/h4>\n\n\n\n<hr class=\"wp-block-separator is-style-wide\"\/>\n\n\n\n<h3 class=\"wp-block-heading\">Jane BIRKIN, chant<br>Colin RUSSEIL, batterie<br>Marcello GIULIANI, basse<br>Fran\u00e7ois POGGIO, guitare<br>Jean-Louis PIEROT, piano, keyboard<\/h3>\n\n\n\n<ul class=\"wp-block-social-links aligncenter is-layout-flex wp-block-social-links-is-layout-flex\"><li class=\"wp-social-link wp-social-link-chain  wp-block-social-link\"><a href=\"http:\/\/janebirkin.fr\/\" class=\"wp-block-social-link-anchor\"><svg width=\"24\" height=\"24\" viewBox=\"0 0 24 24\" version=\"1.1\" xmlns=\"http:\/\/www.w3.org\/2000\/svg\" aria-hidden=\"true\" focusable=\"false\"><path d=\"M15.6,7.2H14v1.5h1.6c2,0,3.7,1.7,3.7,3.7s-1.7,3.7-3.7,3.7H14v1.5h1.6c2.8,0,5.2-2.3,5.2-5.2,0-2.9-2.3-5.2-5.2-5.2zM4.7,12.4c0-2,1.7-3.7,3.7-3.7H10V7.2H8.4c-2.9,0-5.2,2.3-5.2,5.2,0,2.9,2.3,5.2,5.2,5.2H10v-1.5H8.4c-2,0-3.7-1.7-3.7-3.7zm4.6.9h5.3v-1.5H9.3v1.5z\"><\/path><\/svg><span class=\"wp-block-social-link-label screen-reader-text\">Lien<\/span><\/a><\/li>\n\n<li class=\"wp-social-link wp-social-link-facebook  wp-block-social-link\"><a href=\"https:\/\/www.facebook.com\/JaneBirkinOff\/\" class=\"wp-block-social-link-anchor\"><svg width=\"24\" height=\"24\" viewBox=\"0 0 24 24\" version=\"1.1\" xmlns=\"http:\/\/www.w3.org\/2000\/svg\" aria-hidden=\"true\" focusable=\"false\"><path d=\"M12 2C6.5 2 2 6.5 2 12c0 5 3.7 9.1 8.4 9.9v-7H7.9V12h2.5V9.8c0-2.5 1.5-3.9 3.8-3.9 1.1 0 2.2.2 2.2.2v2.5h-1.3c-1.2 0-1.6.8-1.6 1.6V12h2.8l-.4 2.9h-2.3v7C18.3 21.1 22 17 22 12c0-5.5-4.5-10-10-10z\"><\/path><\/svg><span class=\"wp-block-social-link-label screen-reader-text\">Facebook<\/span><\/a><\/li>\n\n<li class=\"wp-social-link wp-social-link-instagram  wp-block-social-link\"><a href=\"https:\/\/www.instagram.com\/janebirkinoff\/?hl=fr\" class=\"wp-block-social-link-anchor\"><svg width=\"24\" height=\"24\" viewBox=\"0 0 24 24\" version=\"1.1\" xmlns=\"http:\/\/www.w3.org\/2000\/svg\" aria-hidden=\"true\" focusable=\"false\"><path d=\"M12,4.622c2.403,0,2.688,0.009,3.637,0.052c0.877,0.04,1.354,0.187,1.671,0.31c0.42,0.163,0.72,0.358,1.035,0.673 c0.315,0.315,0.51,0.615,0.673,1.035c0.123,0.317,0.27,0.794,0.31,1.671c0.043,0.949,0.052,1.234,0.052,3.637 s-0.009,2.688-0.052,3.637c-0.04,0.877-0.187,1.354-0.31,1.671c-0.163,0.42-0.358,0.72-0.673,1.035 c-0.315,0.315-0.615,0.51-1.035,0.673c-0.317,0.123-0.794,0.27-1.671,0.31c-0.949,0.043-1.233,0.052-3.637,0.052 s-2.688-0.009-3.637-0.052c-0.877-0.04-1.354-0.187-1.671-0.31c-0.42-0.163-0.72-0.358-1.035-0.673 c-0.315-0.315-0.51-0.615-0.673-1.035c-0.123-0.317-0.27-0.794-0.31-1.671C4.631,14.688,4.622,14.403,4.622,12 s0.009-2.688,0.052-3.637c0.04-0.877,0.187-1.354,0.31-1.671c0.163-0.42,0.358-0.72,0.673-1.035 c0.315-0.315,0.615-0.51,1.035-0.673c0.317-0.123,0.794-0.27,1.671-0.31C9.312,4.631,9.597,4.622,12,4.622 M12,3 C9.556,3,9.249,3.01,8.289,3.054C7.331,3.098,6.677,3.25,6.105,3.472C5.513,3.702,5.011,4.01,4.511,4.511 c-0.5,0.5-0.808,1.002-1.038,1.594C3.25,6.677,3.098,7.331,3.054,8.289C3.01,9.249,3,9.556,3,12c0,2.444,0.01,2.751,0.054,3.711 c0.044,0.958,0.196,1.612,0.418,2.185c0.23,0.592,0.538,1.094,1.038,1.594c0.5,0.5,1.002,0.808,1.594,1.038 c0.572,0.222,1.227,0.375,2.185,0.418C9.249,20.99,9.556,21,12,21s2.751-0.01,3.711-0.054c0.958-0.044,1.612-0.196,2.185-0.418 c0.592-0.23,1.094-0.538,1.594-1.038c0.5-0.5,0.808-1.002,1.038-1.594c0.222-0.572,0.375-1.227,0.418-2.185 C20.99,14.751,21,14.444,21,12s-0.01-2.751-0.054-3.711c-0.044-0.958-0.196-1.612-0.418-2.185c-0.23-0.592-0.538-1.094-1.038-1.594 c-0.5-0.5-1.002-0.808-1.594-1.038c-0.572-0.222-1.227-0.375-2.185-0.418C14.751,3.01,14.444,3,12,3L12,3z M12,7.378 c-2.552,0-4.622,2.069-4.622,4.622S9.448,16.622,12,16.622s4.622-2.069,4.622-4.622S14.552,7.378,12,7.378z M12,15 c-1.657,0-3-1.343-3-3s1.343-3,3-3s3,1.343,3,3S13.657,15,12,15z M16.804,6.116c-0.596,0-1.08,0.484-1.08,1.08 s0.484,1.08,1.08,1.08c0.596,0,1.08-0.484,1.08-1.08S17.401,6.116,16.804,6.116z\"><\/path><\/svg><span class=\"wp-block-social-link-label screen-reader-text\">Instagram<\/span><\/a><\/li>\n\n<li class=\"wp-social-link wp-social-link-youtube  wp-block-social-link\"><a href=\"https:\/\/www.youtube.com\/channel\/UC_vf_5gXL0lQC4bo_urGO8g\" class=\"wp-block-social-link-anchor\"><svg width=\"24\" height=\"24\" viewBox=\"0 0 24 24\" version=\"1.1\" xmlns=\"http:\/\/www.w3.org\/2000\/svg\" aria-hidden=\"true\" focusable=\"false\"><path d=\"M21.8,8.001c0,0-0.195-1.378-0.795-1.985c-0.76-0.797-1.613-0.801-2.004-0.847c-2.799-0.202-6.997-0.202-6.997-0.202 h-0.009c0,0-4.198,0-6.997,0.202C4.608,5.216,3.756,5.22,2.995,6.016C2.395,6.623,2.2,8.001,2.2,8.001S2,9.62,2,11.238v1.517 c0,1.618,0.2,3.237,0.2,3.237s0.195,1.378,0.795,1.985c0.761,0.797,1.76,0.771,2.205,0.855c1.6,0.153,6.8,0.201,6.8,0.201 s4.203-0.006,7.001-0.209c0.391-0.047,1.243-0.051,2.004-0.847c0.6-0.607,0.795-1.985,0.795-1.985s0.2-1.618,0.2-3.237v-1.517 C22,9.62,21.8,8.001,21.8,8.001z M9.935,14.594l-0.001-5.62l5.404,2.82L9.935,14.594z\"><\/path><\/svg><span class=\"wp-block-social-link-label screen-reader-text\">YouTube<\/span><\/a><\/li>\n\n<li class=\"wp-social-link wp-social-link-twitter  wp-block-social-link\"><a href=\"https:\/\/twitter.com\/JaneBirkinOff\" class=\"wp-block-social-link-anchor\"><svg width=\"24\" height=\"24\" viewBox=\"0 0 24 24\" version=\"1.1\" xmlns=\"http:\/\/www.w3.org\/2000\/svg\" aria-hidden=\"true\" focusable=\"false\"><path d=\"M22.23,5.924c-0.736,0.326-1.527,0.547-2.357,0.646c0.847-0.508,1.498-1.312,1.804-2.27 c-0.793,0.47-1.671,0.812-2.606,0.996C18.324,4.498,17.257,4,16.077,4c-2.266,0-4.103,1.837-4.103,4.103 c0,0.322,0.036,0.635,0.106,0.935C8.67,8.867,5.647,7.234,3.623,4.751C3.27,5.357,3.067,6.062,3.067,6.814 c0,1.424,0.724,2.679,1.825,3.415c-0.673-0.021-1.305-0.206-1.859-0.513c0,0.017,0,0.034,0,0.052c0,1.988,1.414,3.647,3.292,4.023 c-0.344,0.094-0.707,0.144-1.081,0.144c-0.264,0-0.521-0.026-0.772-0.074c0.522,1.63,2.038,2.816,3.833,2.85 c-1.404,1.1-3.174,1.756-5.096,1.756c-0.331,0-0.658-0.019-0.979-0.057c1.816,1.164,3.973,1.843,6.29,1.843 c7.547,0,11.675-6.252,11.675-11.675c0-0.178-0.004-0.355-0.012-0.531C20.985,7.47,21.68,6.747,22.23,5.924z\"><\/path><\/svg><span class=\"wp-block-social-link-label screen-reader-text\">Twitter<\/span><\/a><\/li><\/ul>\n\n\n\n<h4 class=\"has-text-align-right wp-block-heading\"><a href=\"http:\/\/www.dinardopeningfestival.fr\/index.php\/informations-pratiques\/\">Tarif A<\/a><\/h4>\n\n\n\n<h4 class=\"has-text-align-right wp-block-heading\">> <strong><a href=\"https:\/\/bit.ly\/3wvj7pT\">Achetez votre billet<\/a><\/strong> &lt;<\/h4>\n\n\n\n<hr class=\"wp-block-separator is-style-wide\"\/>\n\n\n\n<div class=\"wp-block-image\"><figure class=\"aligncenter size-large is-resized\"><img loading=\"lazy\" decoding=\"async\" src=\"http:\/\/www.dinardopeningfestival.fr\/wp-content\/uploads\/2021\/06\/drapeau-royaume-uni.png\" alt=\"\" class=\"wp-image-574\" width=\"97\" height=\"97\" srcset=\"https:\/\/www.dinardopeningfestival.fr\/wp-content\/uploads\/2021\/06\/drapeau-royaume-uni.png 360w, https:\/\/www.dinardopeningfestival.fr\/wp-content\/uploads\/2021\/06\/drapeau-royaume-uni-300x300.png 300w, https:\/\/www.dinardopeningfestival.fr\/wp-content\/uploads\/2021\/06\/drapeau-royaume-uni-150x150.png 150w, https:\/\/www.dinardopeningfestival.fr\/wp-content\/uploads\/2021\/06\/drapeau-royaume-uni-24x24.png 24w, https:\/\/www.dinardopeningfestival.fr\/wp-content\/uploads\/2021\/06\/drapeau-royaume-uni-36x36.png 36w, https:\/\/www.dinardopeningfestival.fr\/wp-content\/uploads\/2021\/06\/drapeau-royaume-uni-48x48.png 48w\" sizes=\"auto, (max-width: 97px) 100vw, 97px\" \/><\/figure><\/div>\n\n\n\n<h4 class=\"wp-block-heading\"><strong>Jane Birkin<\/strong> has described herself as \u201c<strong>the most French of British singers<\/strong>\u201c, but has she not become \u201c<strong>the most English of French singers<\/strong>\u201d? <br><br>Perhaps we like to think the latter as the story of her love affair with <br>Serge Gainsbourg, so well-known all over the world, fades in our memories.<br><br>Now, with <strong>\u00c9tienne Daho<\/strong>, she has let us into the most private and intimate aspects of her life. The anguish of jealousy, forbidden childhood games, the memories of dead loved ones and family ghosts\u2026 She sings \u201cGrandpa, grandma, mother, father,<br>daughter\u2026\u201c, drawing us into her English family\u2019s circle.<br><br>The festival <strong>Dinard Opening<\/strong> is extending a warm and friendly hand across the<br>Channel and we could not have asked for a better Patron than Jane Birkin.<\/h4>\n","protected":false},"excerpt":{"rendered":"<p>Marraine de Dinard OpeningCe mois de juillet 2020, Jane Birkin vient d&rsquo;achever l&rsquo;enregistrement de \u00ab Oh ! Pardon, tu dormais\u2026 \u00bb. Un \u00e9v\u00e9nement. Car au sommet d&rsquo;une carri\u00e8re immense, d&rsquo;une vie romanesque et tragique, au croisement de tous les arts et artistes, avec sa sensibilit\u00e9 extr\u00eame, Jane a toujours \u00e9t\u00e9 une muse, une interpr\u00e8te, et [&hellip;]<\/p>\n","protected":false},"author":1,"featured_media":216,"parent":0,"menu_order":0,"comment_status":"closed","ping_status":"closed","template":"","meta":{"footnotes":""},"class_list":["post-95","page","type-page","status-publish","has-post-thumbnail","hentry"],"yoast_head":"<!-- This site is optimized with the Yoast SEO plugin v19.2 - https:\/\/yoast.com\/wordpress\/plugins\/seo\/ -->\n<title>Jane Birkin - Festival Dinard Opening<\/title>\n<meta name=\"robots\" content=\"index, follow, max-snippet:-1, max-image-preview:large, max-video-preview:-1\" \/>\n<link rel=\"canonical\" href=\"http:\/\/www.dinardopeningfestival.fr\/index.php\/jane-birkin\/\" \/>\n<meta property=\"og:locale\" content=\"fr_FR\" \/>\n<meta property=\"og:type\" content=\"article\" \/>\n<meta property=\"og:title\" content=\"Jane Birkin - Festival Dinard Opening\" \/>\n<meta property=\"og:description\" content=\"Marraine de Dinard OpeningCe mois de juillet 2020, Jane Birkin vient d&rsquo;achever l&rsquo;enregistrement de \u00ab Oh ! Pardon, tu dormais\u2026 \u00bb. Un \u00e9v\u00e9nement. Car au sommet d&rsquo;une carri\u00e8re immense, d&rsquo;une vie romanesque et tragique, au croisement de tous les arts et artistes, avec sa sensibilit\u00e9 extr\u00eame, Jane a toujours \u00e9t\u00e9 une muse, une interpr\u00e8te, et [&hellip;]\" \/>\n<meta property=\"og:url\" content=\"http:\/\/www.dinardopeningfestival.fr\/index.php\/jane-birkin\/\" \/>\n<meta property=\"og:site_name\" content=\"Festival Dinard Opening\" \/>\n<meta property=\"article:publisher\" content=\"https:\/\/www.facebook.com\/DinardOpeningFestival\" \/>\n<meta property=\"article:modified_time\" content=\"2021-07-16T14:29:14+00:00\" \/>\n<meta property=\"og:image\" content=\"http:\/\/www.dinardopeningfestival.fr\/wp-content\/uploads\/2021\/06\/Jane-GOOOD.jpg\" \/>\n\t<meta property=\"og:image:width\" content=\"1240\" \/>\n\t<meta property=\"og:image:height\" content=\"591\" \/>\n\t<meta property=\"og:image:type\" content=\"image\/jpeg\" \/>\n<meta name=\"author\" content=\"admin4235\" \/>\n<meta name=\"twitter:card\" content=\"summary_large_image\" \/>\n<meta name=\"twitter:label1\" content=\"Dur\u00e9e de lecture estim\u00e9e\" \/>\n\t<meta name=\"twitter:data1\" content=\"2 minutes\" \/>\n<script type=\"application\/ld+json\" class=\"yoast-schema-graph\">{\"@context\":\"https:\/\/schema.org\",\"@graph\":[{\"@type\":\"Organization\",\"@id\":\"http:\/\/www.dinardopeningfestival.fr\/#organization\",\"name\":\"Festival Dinard Opening\",\"url\":\"http:\/\/www.dinardopeningfestival.fr\/\",\"sameAs\":[\"https:\/\/www.instagram.com\/dinardopening\/\",\"https:\/\/www.facebook.com\/DinardOpeningFestival\"],\"logo\":{\"@type\":\"ImageObject\",\"inLanguage\":\"fr-FR\",\"@id\":\"http:\/\/www.dinardopeningfestival.fr\/#\/schema\/logo\/image\/\",\"url\":\"https:\/\/www.dinardopeningfestival.fr\/wp-content\/uploads\/2021\/06\/Logo-Dinard-bleu-opening-rouge-1-scaled.jpg\",\"contentUrl\":\"https:\/\/www.dinardopeningfestival.fr\/wp-content\/uploads\/2021\/06\/Logo-Dinard-bleu-opening-rouge-1-scaled.jpg\",\"width\":2560,\"height\":1810,\"caption\":\"Festival Dinard Opening\"},\"image\":{\"@id\":\"http:\/\/www.dinardopeningfestival.fr\/#\/schema\/logo\/image\/\"}},{\"@type\":\"WebSite\",\"@id\":\"http:\/\/www.dinardopeningfestival.fr\/#website\",\"url\":\"http:\/\/www.dinardopeningfestival.fr\/\",\"name\":\"Festival Dinard Opening\",\"description\":\"Le Festival des Musiques Britanniques\",\"publisher\":{\"@id\":\"http:\/\/www.dinardopeningfestival.fr\/#organization\"},\"potentialAction\":[{\"@type\":\"SearchAction\",\"target\":{\"@type\":\"EntryPoint\",\"urlTemplate\":\"http:\/\/www.dinardopeningfestival.fr\/?s={search_term_string}\"},\"query-input\":\"required name=search_term_string\"}],\"inLanguage\":\"fr-FR\"},{\"@type\":\"ImageObject\",\"inLanguage\":\"fr-FR\",\"@id\":\"http:\/\/www.dinardopeningfestival.fr\/index.php\/jane-birkin\/#primaryimage\",\"url\":\"https:\/\/www.dinardopeningfestival.fr\/wp-content\/uploads\/2021\/06\/Jane-GOOOD.jpg\",\"contentUrl\":\"https:\/\/www.dinardopeningfestival.fr\/wp-content\/uploads\/2021\/06\/Jane-GOOOD.jpg\",\"width\":1240,\"height\":591},{\"@type\":\"WebPage\",\"@id\":\"http:\/\/www.dinardopeningfestival.fr\/index.php\/jane-birkin\/#webpage\",\"url\":\"http:\/\/www.dinardopeningfestival.fr\/index.php\/jane-birkin\/\",\"name\":\"Jane Birkin - Festival Dinard Opening\",\"isPartOf\":{\"@id\":\"http:\/\/www.dinardopeningfestival.fr\/#website\"},\"primaryImageOfPage\":{\"@id\":\"http:\/\/www.dinardopeningfestival.fr\/index.php\/jane-birkin\/#primaryimage\"},\"datePublished\":\"2021-06-04T12:54:00+00:00\",\"dateModified\":\"2021-07-16T14:29:14+00:00\",\"breadcrumb\":{\"@id\":\"http:\/\/www.dinardopeningfestival.fr\/index.php\/jane-birkin\/#breadcrumb\"},\"inLanguage\":\"fr-FR\",\"potentialAction\":[{\"@type\":\"ReadAction\",\"target\":[\"http:\/\/www.dinardopeningfestival.fr\/index.php\/jane-birkin\/\"]}]},{\"@type\":\"BreadcrumbList\",\"@id\":\"http:\/\/www.dinardopeningfestival.fr\/index.php\/jane-birkin\/#breadcrumb\",\"itemListElement\":[{\"@type\":\"ListItem\",\"position\":1,\"name\":\"Accueil\",\"item\":\"http:\/\/www.dinardopeningfestival.fr\/\"},{\"@type\":\"ListItem\",\"position\":2,\"name\":\"Jane Birkin\"}]}]}<\/script>\n<!-- \/ Yoast SEO plugin. -->","yoast_head_json":{"title":"Jane Birkin - Festival Dinard Opening","robots":{"index":"index","follow":"follow","max-snippet":"max-snippet:-1","max-image-preview":"max-image-preview:large","max-video-preview":"max-video-preview:-1"},"canonical":"http:\/\/www.dinardopeningfestival.fr\/index.php\/jane-birkin\/","og_locale":"fr_FR","og_type":"article","og_title":"Jane Birkin - Festival Dinard Opening","og_description":"Marraine de Dinard OpeningCe mois de juillet 2020, Jane Birkin vient d&rsquo;achever l&rsquo;enregistrement de \u00ab Oh ! Pardon, tu dormais\u2026 \u00bb. Un \u00e9v\u00e9nement. Car au sommet d&rsquo;une carri\u00e8re immense, d&rsquo;une vie romanesque et tragique, au croisement de tous les arts et artistes, avec sa sensibilit\u00e9 extr\u00eame, Jane a toujours \u00e9t\u00e9 une muse, une interpr\u00e8te, et [&hellip;]","og_url":"http:\/\/www.dinardopeningfestival.fr\/index.php\/jane-birkin\/","og_site_name":"Festival Dinard Opening","article_publisher":"https:\/\/www.facebook.com\/DinardOpeningFestival","article_modified_time":"2021-07-16T14:29:14+00:00","og_image":[{"width":1240,"height":591,"url":"http:\/\/www.dinardopeningfestival.fr\/wp-content\/uploads\/2021\/06\/Jane-GOOOD.jpg","type":"image\/jpeg"}],"author":"admin4235","twitter_card":"summary_large_image","twitter_misc":{"Dur\u00e9e de lecture estim\u00e9e":"2 minutes"},"schema":{"@context":"https:\/\/schema.org","@graph":[{"@type":"Organization","@id":"http:\/\/www.dinardopeningfestival.fr\/#organization","name":"Festival Dinard Opening","url":"http:\/\/www.dinardopeningfestival.fr\/","sameAs":["https:\/\/www.instagram.com\/dinardopening\/","https:\/\/www.facebook.com\/DinardOpeningFestival"],"logo":{"@type":"ImageObject","inLanguage":"fr-FR","@id":"http:\/\/www.dinardopeningfestival.fr\/#\/schema\/logo\/image\/","url":"https:\/\/www.dinardopeningfestival.fr\/wp-content\/uploads\/2021\/06\/Logo-Dinard-bleu-opening-rouge-1-scaled.jpg","contentUrl":"https:\/\/www.dinardopeningfestival.fr\/wp-content\/uploads\/2021\/06\/Logo-Dinard-bleu-opening-rouge-1-scaled.jpg","width":2560,"height":1810,"caption":"Festival Dinard Opening"},"image":{"@id":"http:\/\/www.dinardopeningfestival.fr\/#\/schema\/logo\/image\/"}},{"@type":"WebSite","@id":"http:\/\/www.dinardopeningfestival.fr\/#website","url":"http:\/\/www.dinardopeningfestival.fr\/","name":"Festival Dinard Opening","description":"Le Festival des Musiques Britanniques","publisher":{"@id":"http:\/\/www.dinardopeningfestival.fr\/#organization"},"potentialAction":[{"@type":"SearchAction","target":{"@type":"EntryPoint","urlTemplate":"http:\/\/www.dinardopeningfestival.fr\/?s={search_term_string}"},"query-input":"required name=search_term_string"}],"inLanguage":"fr-FR"},{"@type":"ImageObject","inLanguage":"fr-FR","@id":"http:\/\/www.dinardopeningfestival.fr\/index.php\/jane-birkin\/#primaryimage","url":"https:\/\/www.dinardopeningfestival.fr\/wp-content\/uploads\/2021\/06\/Jane-GOOOD.jpg","contentUrl":"https:\/\/www.dinardopeningfestival.fr\/wp-content\/uploads\/2021\/06\/Jane-GOOOD.jpg","width":1240,"height":591},{"@type":"WebPage","@id":"http:\/\/www.dinardopeningfestival.fr\/index.php\/jane-birkin\/#webpage","url":"http:\/\/www.dinardopeningfestival.fr\/index.php\/jane-birkin\/","name":"Jane Birkin - Festival Dinard Opening","isPartOf":{"@id":"http:\/\/www.dinardopeningfestival.fr\/#website"},"primaryImageOfPage":{"@id":"http:\/\/www.dinardopeningfestival.fr\/index.php\/jane-birkin\/#primaryimage"},"datePublished":"2021-06-04T12:54:00+00:00","dateModified":"2021-07-16T14:29:14+00:00","breadcrumb":{"@id":"http:\/\/www.dinardopeningfestival.fr\/index.php\/jane-birkin\/#breadcrumb"},"inLanguage":"fr-FR","potentialAction":[{"@type":"ReadAction","target":["http:\/\/www.dinardopeningfestival.fr\/index.php\/jane-birkin\/"]}]},{"@type":"BreadcrumbList","@id":"http:\/\/www.dinardopeningfestival.fr\/index.php\/jane-birkin\/#breadcrumb","itemListElement":[{"@type":"ListItem","position":1,"name":"Accueil","item":"http:\/\/www.dinardopeningfestival.fr\/"},{"@type":"ListItem","position":2,"name":"Jane Birkin"}]}]}},"_links":{"self":[{"href":"https:\/\/www.dinardopeningfestival.fr\/index.php\/wp-json\/wp\/v2\/pages\/95","targetHints":{"allow":["GET"]}}],"collection":[{"href":"https:\/\/www.dinardopeningfestival.fr\/index.php\/wp-json\/wp\/v2\/pages"}],"about":[{"href":"https:\/\/www.dinardopeningfestival.fr\/index.php\/wp-json\/wp\/v2\/types\/page"}],"author":[{"embeddable":true,"href":"https:\/\/www.dinardopeningfestival.fr\/index.php\/wp-json\/wp\/v2\/users\/1"}],"replies":[{"embeddable":true,"href":"https:\/\/www.dinardopeningfestival.fr\/index.php\/wp-json\/wp\/v2\/comments?post=95"}],"version-history":[{"count":18,"href":"https:\/\/www.dinardopeningfestival.fr\/index.php\/wp-json\/wp\/v2\/pages\/95\/revisions"}],"predecessor-version":[{"id":658,"href":"https:\/\/www.dinardopeningfestival.fr\/index.php\/wp-json\/wp\/v2\/pages\/95\/revisions\/658"}],"wp:featuredmedia":[{"embeddable":true,"href":"https:\/\/www.dinardopeningfestival.fr\/index.php\/wp-json\/wp\/v2\/media\/216"}],"wp:attachment":[{"href":"https:\/\/www.dinardopeningfestival.fr\/index.php\/wp-json\/wp\/v2\/media?parent=95"}],"curies":[{"name":"wp","href":"https:\/\/api.w.org\/{rel}","templated":true}]}}